{"id":1087,"date":"2020-08-13T21:14:13","date_gmt":"2020-08-14T00:14:13","guid":{"rendered":"https:\/\/sites.usp.br\/labeel\/?page_id=1087"},"modified":"2021-08-18T16:44:39","modified_gmt":"2021-08-18T19:44:39","slug":"historia-2","status":"publish","type":"page","link":"https:\/\/sites.usp.br\/abrasivelab\/lababrasivo\/historia-2\/","title":{"rendered":"Hist\u00f3ria"},"content":{"rendered":"\t\t<div data-elementor-type=\"wp-page\" data-elementor-id=\"1087\" class=\"elementor elementor-1087\" data-elementor-post-type=\"page\">\n\t\t\t\t\t\t<section class=\"elementor-section elementor-top-section elementor-element elementor-element-64db2a0b elementor-section-boxed elementor-section-height-default elementor-section-height-default\" data-id=\"64db2a0b\" data-element_type=\"section\">\n\t\t\t\t\t\t<div class=\"elementor-container elementor-column-gap-default\">\n\t\t\t\t\t<div class=\"elementor-column elementor-col-100 elementor-top-column elementor-element elementor-element-54b6a052\" data-id=\"54b6a052\" data-element_type=\"column\">\n\t\t\t<div class=\"elementor-widget-wrap elementor-element-populated\">\n\t\t\t\t\t\t<div class=\"elementor-element elementor-element-3160ed28 elementor-widget elementor-widget-text-editor\" data-id=\"3160ed28\" data-element_type=\"widget\" data-widget_type=\"text-editor.default\">\n\t\t\t\t<div class=\"elementor-widget-container\">\n\t\t\t\t\t\t\t<p style=\"text-align: justify;\">O Laborat\u00f3rio de estudos em materiais abrasivos iniciou-se em 2014 com o apoio da FAPESP por meio de um projeto de aux\u00edlio (2013\/26633-0) contemplado \u00e0 Prof. Dra. Katia Cristiane Gandolpho Candioto.<\/p><p style=\"text-align: justify;\">Seus estudos se baseiam na manufatura, caracteriza\u00e7\u00e3o e estudos de desempenho em materiais comp\u00f3sitos abrasivos.<\/p><p style=\"text-align: justify;\">A sustentabilidade e degrada\u00e7\u00e3o destes materiais tamb\u00e9m s\u00e3o considerados nos estudos e projetos.<\/p><p style=\"text-align: justify;\">Seus prop\u00f3sitos est\u00e3o em desenvolver pesquisa e conhecimento de materiais abrasivos de melhor desempenho por meio de estudos de novos materiais e processos de fabrica\u00e7\u00e3o, identificar efeitos nas propriedades mec\u00e2nicas e ciclo de vida no contento de sua aplica\u00e7\u00e3o em processos de abras\u00e3o.<\/p><p style=\"text-align: justify;\">Tamb\u00e9m tem o intuito de formar recursos humanos na \u00e1rea materiais e processos de fabrica\u00e7\u00e3o.<\/p><p style=\"text-align: justify;\"><a href=\"http:\/\/lattes.cnpq.br\/9830532822625339\" target=\"_blank\" rel=\"noopener\">CV Lattes<\/a><\/p>\t\t\t\t\t\t<\/div>\n\t\t\t\t<\/div>\n\t\t\t\t\t<\/div>\n\t\t<\/div>\n\t\t\t\t\t<\/div>\n\t\t<\/section>\n\t\t\t\t<section class=\"elementor-section elementor-top-section elementor-element elementor-element-baf0483 elementor-section-boxed elementor-section-height-default elementor-section-height-default elementor-invisible\" data-id=\"baf0483\" data-element_type=\"section\" data-settings=\"{&quot;animation&quot;:&quot;zoomIn&quot;}\">\n\t\t\t\t\t\t<div class=\"elementor-container elementor-column-gap-default\">\n\t\t\t\t\t<div class=\"elementor-column elementor-col-100 elementor-top-column elementor-element elementor-element-f501ed5\" data-id=\"f501ed5\" data-element_type=\"column\">\n\t\t\t<div class=\"elementor-widget-wrap elementor-element-populated\">\n\t\t\t\t\t\t<div class=\"elementor-element elementor-element-52d4c44 elementor-invisible elementor-widget elementor-widget-image\" data-id=\"52d4c44\" data-element_type=\"widget\" data-settings=\"{&quot;_animation&quot;:&quot;zoomIn&quot;}\" data-widget_type=\"image.default\">\n\t\t\t\t<div class=\"elementor-widget-container\">\n\t\t\t\t\t\t\t\t\t\t\t\t\t<img decoding=\"async\" src=\"https:\/\/sites.usp.br\/abrasivelab\/wp-content\/uploads\/sites\/799\/elementor\/thumbs\/katia_candioto_redonda-pbt7qnf3opwaqr8wcu36pv1szvra43edpflm5hu1vw.png\" title=\"katia_candioto_redonda\" alt=\"katia_candioto_redonda\" loading=\"lazy\" \/>\t\t\t\t\t\t\t\t\t\t\t\t\t<\/div>\n\t\t\t\t<\/div>\n\t\t\t\t\t<\/div>\n\t\t<\/div>\n\t\t\t\t\t<\/div>\n\t\t<\/section>\n\t\t\t\t<\/div>\n\t\t","protected":false},"excerpt":{"rendered":"<p>O Laborat\u00f3rio de estudos em materiais abrasivos iniciou-se em 2014 com o apoio da FAPESP por meio de um projeto de aux\u00edlio (2013\/26633-0) contemplado \u00e0 Prof. Dra. Katia Cristiane Gandolpho Candioto. Seus estudos se baseiam na manufatura, caracteriza\u00e7\u00e3o e estudos de desempenho em materiais comp\u00f3sitos abrasivos. A sustentabilidade e degrada\u00e7\u00e3o destes materiais tamb\u00e9m s\u00e3o considerados &hellip; <\/p>\n<p class=\"link-more\"><a href=\"https:\/\/sites.usp.br\/abrasivelab\/lababrasivo\/historia-2\/\" class=\"more-link\">Continue lendo<span class=\"screen-reader-text\"> &#8220;Hist\u00f3ria&#8221;<\/span><\/a><\/p>\n","protected":false},"author":22003,"featured_media":0,"parent":880,"menu_order":0,"comment_status":"closed","ping_status":"closed","template":"","meta":{"_monsterinsights_skip_tracking":false,"_monsterinsights_sitenote_active":false,"_monsterinsights_sitenote_note":"","_monsterinsights_sitenote_category":0,"footnotes":"","_links_to":"","_links_to_target":""},"class_list":["post-1087","page","type-page","status-publish","hentry"],"_links":{"self":[{"href":"https:\/\/sites.usp.br\/abrasivelab\/wp-json\/wp\/v2\/pages\/1087","targetHints":{"allow":["GET"]}}],"collection":[{"href":"https:\/\/sites.usp.br\/abrasivelab\/wp-json\/wp\/v2\/pages"}],"about":[{"href":"https:\/\/sites.usp.br\/abrasivelab\/wp-json\/wp\/v2\/types\/page"}],"author":[{"embeddable":true,"href":"https:\/\/sites.usp.br\/abrasivelab\/wp-json\/wp\/v2\/users\/22003"}],"replies":[{"embeddable":true,"href":"https:\/\/sites.usp.br\/abrasivelab\/wp-json\/wp\/v2\/comments?post=1087"}],"version-history":[{"count":4,"href":"https:\/\/sites.usp.br\/abrasivelab\/wp-json\/wp\/v2\/pages\/1087\/revisions"}],"predecessor-version":[{"id":1603,"href":"https:\/\/sites.usp.br\/abrasivelab\/wp-json\/wp\/v2\/pages\/1087\/revisions\/1603"}],"up":[{"embeddable":true,"href":"https:\/\/sites.usp.br\/abrasivelab\/wp-json\/wp\/v2\/pages\/880"}],"wp:attachment":[{"href":"https:\/\/sites.usp.br\/abrasivelab\/wp-json\/wp\/v2\/media?parent=1087"}],"curies":[{"name":"wp","href":"https:\/\/api.w.org\/{rel}","templated":true}]}}