{"id":1108,"date":"2020-08-14T15:56:50","date_gmt":"2020-08-14T18:56:50","guid":{"rendered":"https:\/\/sites.usp.br\/labeel\/?page_id=1108"},"modified":"2020-09-11T12:26:15","modified_gmt":"2020-09-11T15:26:15","slug":"acabamento","status":"publish","type":"page","link":"https:\/\/sites.usp.br\/abrasivelab\/acabamento\/","title":{"rendered":"Acabamento"},"content":{"rendered":"<p>O Lab. de Abrasivos possui estudos na \u00e1rea de acabamento com uso de materiais comp\u00f3sitos abrasivos.<\/p>\n<p>Em breve novas informa\u00e7\u00f5es ser\u00e3o inseridas nesta p\u00e1gina&#8230;..<\/p>\n","protected":false},"excerpt":{"rendered":"<p>O Lab. de Abrasivos possui estudos na \u00e1rea de acabamento com uso de materiais comp\u00f3sitos abrasivos. Em breve novas informa\u00e7\u00f5es ser\u00e3o inseridas nesta p\u00e1gina&#8230;..<\/p>\n","protected":false},"author":22003,"featured_media":0,"parent":0,"menu_order":0,"comment_status":"closed","ping_status":"closed","template":"","meta":{"_monsterinsights_skip_tracking":false,"_monsterinsights_sitenote_active":false,"_monsterinsights_sitenote_note":"","_monsterinsights_sitenote_category":0,"footnotes":"","_links_to":"","_links_to_target":""},"class_list":["post-1108","page","type-page","status-publish","hentry"],"_links":{"self":[{"href":"https:\/\/sites.usp.br\/abrasivelab\/wp-json\/wp\/v2\/pages\/1108","targetHints":{"allow":["GET"]}}],"collection":[{"href":"https:\/\/sites.usp.br\/abrasivelab\/wp-json\/wp\/v2\/pages"}],"about":[{"href":"https:\/\/sites.usp.br\/abrasivelab\/wp-json\/wp\/v2\/types\/page"}],"author":[{"embeddable":true,"href":"https:\/\/sites.usp.br\/abrasivelab\/wp-json\/wp\/v2\/users\/22003"}],"replies":[{"embeddable":true,"href":"https:\/\/sites.usp.br\/abrasivelab\/wp-json\/wp\/v2\/comments?post=1108"}],"version-history":[{"count":3,"href":"https:\/\/sites.usp.br\/abrasivelab\/wp-json\/wp\/v2\/pages\/1108\/revisions"}],"predecessor-version":[{"id":1427,"href":"https:\/\/sites.usp.br\/abrasivelab\/wp-json\/wp\/v2\/pages\/1108\/revisions\/1427"}],"wp:attachment":[{"href":"https:\/\/sites.usp.br\/abrasivelab\/wp-json\/wp\/v2\/media?parent=1108"}],"curies":[{"name":"wp","href":"https:\/\/api.w.org\/{rel}","templated":true}]}}