{"id":977,"date":"2020-08-13T12:35:22","date_gmt":"2020-08-13T15:35:22","guid":{"rendered":"https:\/\/sites.usp.br\/labeel\/?page_id=977"},"modified":"2020-09-11T12:24:34","modified_gmt":"2020-09-11T15:24:34","slug":"manufatura","status":"publish","type":"page","link":"https:\/\/sites.usp.br\/abrasivelab\/projetos\/manufatura\/","title":{"rendered":"Manufatura"},"content":{"rendered":"<p style=\"text-align: justify;\">Uma das grandes iniciativas do Lab. de Abrasivos \u00e9 promover estudos em manufatura de materiais a comp\u00f3sitos abrasivos e realizar suas caracteriza\u00e7\u00f5es por meio de projetos de pesquisa.<\/p>\n<p>Em breve novas informa\u00e7\u00f5es ser\u00e3o inseridas nesta p\u00e1gina&#8230;.<\/p>\n","protected":false},"excerpt":{"rendered":"<p>Uma das grandes iniciativas do Lab. de Abrasivos \u00e9 promover estudos em manufatura de materiais a comp\u00f3sitos abrasivos e realizar suas caracteriza\u00e7\u00f5es por meio de projetos de pesquisa. Em breve novas informa\u00e7\u00f5es ser\u00e3o inseridas nesta p\u00e1gina&#8230;.<\/p>\n","protected":false},"author":22003,"featured_media":0,"parent":989,"menu_order":0,"comment_status":"closed","ping_status":"closed","template":"","meta":{"_monsterinsights_skip_tracking":false,"_monsterinsights_sitenote_active":false,"_monsterinsights_sitenote_note":"","_monsterinsights_sitenote_category":0,"footnotes":"","_links_to":"","_links_to_target":""},"class_list":["post-977","page","type-page","status-publish","hentry"],"_links":{"self":[{"href":"https:\/\/sites.usp.br\/abrasivelab\/wp-json\/wp\/v2\/pages\/977","targetHints":{"allow":["GET"]}}],"collection":[{"href":"https:\/\/sites.usp.br\/abrasivelab\/wp-json\/wp\/v2\/pages"}],"about":[{"href":"https:\/\/sites.usp.br\/abrasivelab\/wp-json\/wp\/v2\/types\/page"}],"author":[{"embeddable":true,"href":"https:\/\/sites.usp.br\/abrasivelab\/wp-json\/wp\/v2\/users\/22003"}],"replies":[{"embeddable":true,"href":"https:\/\/sites.usp.br\/abrasivelab\/wp-json\/wp\/v2\/comments?post=977"}],"version-history":[{"count":4,"href":"https:\/\/sites.usp.br\/abrasivelab\/wp-json\/wp\/v2\/pages\/977\/revisions"}],"predecessor-version":[{"id":1426,"href":"https:\/\/sites.usp.br\/abrasivelab\/wp-json\/wp\/v2\/pages\/977\/revisions\/1426"}],"up":[{"embeddable":true,"href":"https:\/\/sites.usp.br\/abrasivelab\/wp-json\/wp\/v2\/pages\/989"}],"wp:attachment":[{"href":"https:\/\/sites.usp.br\/abrasivelab\/wp-json\/wp\/v2\/media?parent=977"}],"curies":[{"name":"wp","href":"https:\/\/api.w.org\/{rel}","templated":true}]}}