{"id":1118,"date":"2025-05-16T09:58:47","date_gmt":"2025-05-16T12:58:47","guid":{"rendered":"https:\/\/sites.usp.br\/abyayalafau\/?page_id=1118"},"modified":"2025-05-16T18:03:02","modified_gmt":"2025-05-16T21:03:02","slug":"laboratorio","status":"publish","type":"page","link":"https:\/\/sites.usp.br\/abyayalafau\/laboratorio\/","title":{"rendered":"Laborat\u00f3rio"},"content":{"rendered":"\t\t<div data-elementor-type=\"wp-page\" data-elementor-id=\"1118\" class=\"elementor elementor-1118\" data-elementor-post-type=\"page\">\n\t\t\t\t\t\t<section class=\"elementor-section elementor-top-section elementor-element elementor-element-711a315 elementor-section-boxed elementor-section-height-default elementor-section-height-default\" data-id=\"711a315\" data-element_type=\"section\">\n\t\t\t\t\t\t<div class=\"elementor-container elementor-column-gap-default\">\n\t\t\t\t\t<div class=\"elementor-column elementor-col-100 elementor-top-column elementor-element elementor-element-e806ee7\" data-id=\"e806ee7\" data-element_type=\"column\">\n\t\t\t<div class=\"elementor-widget-wrap elementor-element-populated\">\n\t\t\t\t\t\t<div class=\"elementor-element elementor-element-3f51100 elementor-widget elementor-widget-image\" data-id=\"3f51100\" data-element_type=\"widget\" data-widget_type=\"image.default\">\n\t\t\t\t<div class=\"elementor-widget-container\">\n\t\t\t\t\t\t\t\t\t\t\t\t\t<img fetchpriority=\"high\" decoding=\"async\" width=\"1024\" height=\"348\" src=\"https:\/\/sites.usp.br\/abyayalafau\/wp-content\/uploads\/sites\/1189\/2025\/04\/Labya-Yala-1024x348.png\" class=\"attachment-large size-large wp-image-831\" alt=\"\" srcset=\"https:\/\/sites.usp.br\/abyayalafau\/wp-content\/uploads\/sites\/1189\/2025\/04\/Labya-Yala-1024x348.png 1024w, https:\/\/sites.usp.br\/abyayalafau\/wp-content\/uploads\/sites\/1189\/2025\/04\/Labya-Yala-300x102.png 300w, https:\/\/sites.usp.br\/abyayalafau\/wp-content\/uploads\/sites\/1189\/2025\/04\/Labya-Yala-768x261.png 768w, https:\/\/sites.usp.br\/abyayalafau\/wp-content\/uploads\/sites\/1189\/2025\/04\/Labya-Yala-1536x522.png 1536w, https:\/\/sites.usp.br\/abyayalafau\/wp-content\/uploads\/sites\/1189\/2025\/04\/Labya-Yala-2048x696.png 2048w, https:\/\/sites.usp.br\/abyayalafau\/wp-content\/uploads\/sites\/1189\/2025\/04\/Labya-Yala-400x136.png 400w\" sizes=\"(max-width: 1024px) 100vw, 1024px\" \/>\t\t\t\t\t\t\t\t\t\t\t\t\t<\/div>\n\t\t\t\t<\/div>\n\t\t\t\t<div class=\"elementor-element elementor-element-f0caa18 elementor-widget elementor-widget-text-editor\" data-id=\"f0caa18\" data-element_type=\"widget\" data-widget_type=\"text-editor.default\">\n\t\t\t\t<div class=\"elementor-widget-container\">\n\t\t\t\t\t\t\t<div id=\"lipsum\"><p>O LABYA-YALA \u2013\u00a0<i>Laborat\u00f3rio de Estudos Decoloniais<\/i>\u00a0visa apoiar, consolidar, continuar e ampliar as atividades de pesquisa, ensino, e cultura e extens\u00e3o j\u00e1 desenvolvidas na FAU-USP no \u00e2mbito de dois projetos Jovem Pesquisador financiados pela FAPESP, e coordenados pela Profa. Renata Martins: o Projeto JP \u201cBarroco Cifrado\u201d (2016-2021) e o Projeto JP2 \u201cBarroco-A\u00e7u\u201d (2022-2027).<\/p><p>Tais atividades envolvem pesquisadores associados, de diversas disciplinas, do Brasil e do exterior; bolsistas FAPESP, CNPq, PUB USP e pesquisas sem fomento na FAU-USP, aos n\u00edveis de Inicia\u00e7\u00e3o Cient\u00edfica, Mestrado, Doutorado e P\u00f3s-Doutorado, bem como pesquisadores e estudantes da USP e de outras universidades.<\/p><p>Em continuidade tamb\u00e9m com o Grupo de estudo Abya-yala que, desde 2019, promove na FAU-USP abordagens decoloniais e contracoloniais, a partir da perspectiva do Sul Global, sobretudo da Pan-Amaz\u00f4nia, o LABYA-YALA foi implantado no Departamento de Hist\u00f3ria e Est\u00e9tica do Projeto \u2013 AUH da FAU-USP, atuando na renova\u00e7\u00e3o de linhas de pesquisa existentes e na abertura de novas, ao promover o protagonismo e os saberes de comunidades tradicionais na hist\u00f3ria das artes, das arquiteturas e do territ\u00f3rio.<br \/><br \/><\/p><p>Atrav\u00e9s de parceirias com professores e pesquisadores de diversas universidades em \u00e2mbito nacional e internacional s\u00e3o realizados disciplinas, eventos e publica\u00e7\u00f5es que contemplam a produ\u00e7\u00e3o cient\u00edfica, cultural e saberes praticos e seus agentes plurais. Portanto, n\u00e3o privilegiando fontes visuais ou escritas, mas estimulando e ampliando a compreens\u00e3o acerca dos desafioso decoloniais e contempor\u00e2neos, humanos, culturais, artisticos e ambientais.<\/p><\/div>\t\t\t\t\t\t<\/div>\n\t\t\t\t<\/div>\n\t\t\t\t<section class=\"elementor-section elementor-inner-section elementor-element elementor-element-7779852 elementor-section-content-middle elementor-section-boxed elementor-section-height-default elementor-section-height-default\" data-id=\"7779852\" data-element_type=\"section\">\n\t\t\t\t\t\t<div class=\"elementor-container elementor-column-gap-default\">\n\t\t\t\t\t<div class=\"elementor-column elementor-col-33 elementor-inner-column elementor-element elementor-element-8894c6b\" data-id=\"8894c6b\" data-element_type=\"column\">\n\t\t\t<div class=\"elementor-widget-wrap elementor-element-populated\">\n\t\t\t\t\t\t<div class=\"elementor-element elementor-element-2b3fb85 elementor-align-center elementor-widget elementor-widget-button\" data-id=\"2b3fb85\" data-element_type=\"widget\" data-widget_type=\"button.default\">\n\t\t\t\t<div class=\"elementor-widget-container\">\n\t\t\t\t\t\t\t<div class=\"elementor-button-wrapper\">\n\t\t\t\t\t<a class=\"elementor-button elementor-button-link elementor-size-sm elementor-animation-bob\" href=\"https:\/\/sites.usp.br\/abyayalafau\/laboratorio\/linhas-de-pesquisa\/\">\n\t\t\t\t\t\t<span class=\"elementor-button-content-wrapper\">\n\t\t\t\t\t\t\t\t\t<span class=\"elementor-button-text\">Linhas de Pesquisa<\/span>\n\t\t\t\t\t<\/span>\n\t\t\t\t\t<\/a>\n\t\t\t\t<\/div>\n\t\t\t\t\t\t<\/div>\n\t\t\t\t<\/div>\n\t\t\t\t\t<\/div>\n\t\t<\/div>\n\t\t\t\t<div class=\"elementor-column elementor-col-33 elementor-inner-column elementor-element elementor-element-a06af1a\" data-id=\"a06af1a\" data-element_type=\"column\">\n\t\t\t<div class=\"elementor-widget-wrap elementor-element-populated\">\n\t\t\t\t\t\t<div class=\"elementor-element elementor-element-f451280 elementor-align-center elementor-widget elementor-widget-button\" data-id=\"f451280\" data-element_type=\"widget\" data-widget_type=\"button.default\">\n\t\t\t\t<div class=\"elementor-widget-container\">\n\t\t\t\t\t\t\t<div class=\"elementor-button-wrapper\">\n\t\t\t\t\t<a class=\"elementor-button elementor-button-link elementor-size-sm elementor-animation-bob\" href=\"https:\/\/sites.usp.br\/abyayalafau\/laboratorio\/compartilhantes\/\">\n\t\t\t\t\t\t<span class=\"elementor-button-content-wrapper\">\n\t\t\t\t\t\t\t\t\t<span class=\"elementor-button-text\">Compartilhantes<\/span>\n\t\t\t\t\t<\/span>\n\t\t\t\t\t<\/a>\n\t\t\t\t<\/div>\n\t\t\t\t\t\t<\/div>\n\t\t\t\t<\/div>\n\t\t\t\t\t<\/div>\n\t\t<\/div>\n\t\t\t\t<div class=\"elementor-column elementor-col-33 elementor-inner-column elementor-element elementor-element-6337521\" data-id=\"6337521\" data-element_type=\"column\">\n\t\t\t<div class=\"elementor-widget-wrap elementor-element-populated\">\n\t\t\t\t\t\t<div class=\"elementor-element elementor-element-35df533 elementor-align-center elementor-widget elementor-widget-button\" data-id=\"35df533\" data-element_type=\"widget\" data-widget_type=\"button.default\">\n\t\t\t\t<div class=\"elementor-widget-container\">\n\t\t\t\t\t\t\t<div class=\"elementor-button-wrapper\">\n\t\t\t\t\t<a class=\"elementor-button elementor-button-link elementor-size-sm elementor-animation-bob\" href=\"https:\/\/sites.usp.br\/abyayalafau\/laboratorio\/parceiros\/\">\n\t\t\t\t\t\t<span class=\"elementor-button-content-wrapper\">\n\t\t\t\t\t\t\t\t\t<span class=\"elementor-button-text\">Parceiros<\/span>\n\t\t\t\t\t<\/span>\n\t\t\t\t\t<\/a>\n\t\t\t\t<\/div>\n\t\t\t\t\t\t<\/div>\n\t\t\t\t<\/div>\n\t\t\t\t\t<\/div>\n\t\t<\/div>\n\t\t\t\t\t<\/div>\n\t\t<\/section>\n\t\t\t\t\t<\/div>\n\t\t<\/div>\n\t\t\t\t\t<\/div>\n\t\t<\/section>\n\t\t\t\t<\/div>\n\t\t","protected":false},"excerpt":{"rendered":"<p>O LABYA-YALA \u2013\u00a0Laborat\u00f3rio de Estudos Decoloniais\u00a0visa apoiar, consolidar, continuar e ampliar as atividades de pesquisa, ensino, e cultura e extens\u00e3o j\u00e1 desenvolvidas na FAU-USP no \u00e2mbito de dois projetos Jovem Pesquisador financiados pela FAPESP, e coordenados pela Profa. Renata Martins: o Projeto JP \u201cBarroco Cifrado\u201d (2016-2021) e o Projeto JP2 \u201cBarroco-A\u00e7u\u201d (2022-2027). Tais atividades envolvem [&hellip;]<\/p>\n","protected":false},"author":23281,"featured_media":0,"parent":0,"menu_order":2,"comment_status":"closed","ping_status":"closed","template":"elementor_theme","meta":{"footnotes":"","_links_to":"","_links_to_target":""},"class_list":["post-1118","page","type-page","status-publish","hentry","entry"],"_links":{"self":[{"href":"https:\/\/sites.usp.br\/abyayalafau\/wp-json\/wp\/v2\/pages\/1118","targetHints":{"allow":["GET"]}}],"collection":[{"href":"https:\/\/sites.usp.br\/abyayalafau\/wp-json\/wp\/v2\/pages"}],"about":[{"href":"https:\/\/sites.usp.br\/abyayalafau\/wp-json\/wp\/v2\/types\/page"}],"author":[{"embeddable":true,"href":"https:\/\/sites.usp.br\/abyayalafau\/wp-json\/wp\/v2\/users\/23281"}],"replies":[{"embeddable":true,"href":"https:\/\/sites.usp.br\/abyayalafau\/wp-json\/wp\/v2\/comments?post=1118"}],"version-history":[{"count":4,"href":"https:\/\/sites.usp.br\/abyayalafau\/wp-json\/wp\/v2\/pages\/1118\/revisions"}],"predecessor-version":[{"id":1296,"href":"https:\/\/sites.usp.br\/abyayalafau\/wp-json\/wp\/v2\/pages\/1118\/revisions\/1296"}],"wp:attachment":[{"href":"https:\/\/sites.usp.br\/abyayalafau\/wp-json\/wp\/v2\/media?parent=1118"}],"curies":[{"name":"wp","href":"https:\/\/api.w.org\/{rel}","templated":true}]}}