{"id":1134,"date":"2025-05-16T10:05:02","date_gmt":"2025-05-16T13:05:02","guid":{"rendered":"https:\/\/sites.usp.br\/abyayalafau\/?page_id=1134"},"modified":"2025-05-16T10:07:32","modified_gmt":"2025-05-16T13:07:32","slug":"ic","status":"publish","type":"page","link":"https:\/\/sites.usp.br\/abyayalafau\/pesquisa\/ic\/","title":{"rendered":"Inicia\u00e7\u00e3o Cient\u00edfica"},"content":{"rendered":"","protected":false},"excerpt":{"rendered":"","protected":false},"author":23281,"featured_media":0,"parent":1128,"menu_order":2,"comment_status":"closed","ping_status":"closed","template":"elementor_theme","meta":{"footnotes":"","_links_to":"","_links_to_target":""},"class_list":["post-1134","page","type-page","status-publish","hentry","entry"],"_links":{"self":[{"href":"https:\/\/sites.usp.br\/abyayalafau\/wp-json\/wp\/v2\/pages\/1134","targetHints":{"allow":["GET"]}}],"collection":[{"href":"https:\/\/sites.usp.br\/abyayalafau\/wp-json\/wp\/v2\/pages"}],"about":[{"href":"https:\/\/sites.usp.br\/abyayalafau\/wp-json\/wp\/v2\/types\/page"}],"author":[{"embeddable":true,"href":"https:\/\/sites.usp.br\/abyayalafau\/wp-json\/wp\/v2\/users\/23281"}],"replies":[{"embeddable":true,"href":"https:\/\/sites.usp.br\/abyayalafau\/wp-json\/wp\/v2\/comments?post=1134"}],"version-history":[{"count":1,"href":"https:\/\/sites.usp.br\/abyayalafau\/wp-json\/wp\/v2\/pages\/1134\/revisions"}],"predecessor-version":[{"id":1135,"href":"https:\/\/sites.usp.br\/abyayalafau\/wp-json\/wp\/v2\/pages\/1134\/revisions\/1135"}],"up":[{"embeddable":true,"href":"https:\/\/sites.usp.br\/abyayalafau\/wp-json\/wp\/v2\/pages\/1128"}],"wp:attachment":[{"href":"https:\/\/sites.usp.br\/abyayalafau\/wp-json\/wp\/v2\/media?parent=1134"}],"curies":[{"name":"wp","href":"https:\/\/api.w.org\/{rel}","templated":true}]}}