{"id":1307,"date":"2025-05-16T18:41:02","date_gmt":"2025-05-16T21:41:02","guid":{"rendered":"https:\/\/sites.usp.br\/abyayalafau\/?page_id=1307"},"modified":"2025-05-16T18:56:22","modified_gmt":"2025-05-16T21:56:22","slug":"contato-2","status":"publish","type":"page","link":"https:\/\/sites.usp.br\/abyayalafau\/contato-2\/","title":{"rendered":"Contato"},"content":{"rendered":"\t\t<div data-elementor-type=\"wp-page\" data-elementor-id=\"1307\" class=\"elementor elementor-1307\" data-elementor-post-type=\"page\">\n\t\t\t\t\t\t<section class=\"elementor-section elementor-top-section elementor-element elementor-element-1847ada elementor-section-boxed elementor-section-height-default elementor-section-height-default\" data-id=\"1847ada\" data-element_type=\"section\">\n\t\t\t\t\t\t<div class=\"elementor-container elementor-column-gap-default\">\n\t\t\t\t\t<div class=\"elementor-column elementor-col-100 elementor-top-column elementor-element elementor-element-0d7892a\" data-id=\"0d7892a\" data-element_type=\"column\">\n\t\t\t<div class=\"elementor-widget-wrap elementor-element-populated\">\n\t\t\t\t\t\t<div class=\"elementor-element elementor-element-bf75905 elementor-widget elementor-widget-text-editor\" data-id=\"bf75905\" data-element_type=\"widget\" data-widget_type=\"text-editor.default\">\n\t\t\t\t<div class=\"elementor-widget-container\">\n\t\t\t\t\t\t\t<p><strong>Coordenadores projeto JP2 Barroco-A\u00e7u (2022-2027):<\/strong> <br \/>Renata Maria de Almeida Martins (FAU-USP), Luciano Migliaccio (FAU-USP_<br \/><strong>E-mail:<\/strong>\u00a0<a href=\"mailto:renatamartins@usp.br\">renatamartins@usp.br<\/a>\u00a0\/\u00a0<a href=\"mailto:migliac@usp.br\">migliac@usp.br<\/a><\/p><p><strong>Coordenadora Instagram @abyayala.fauusp<br \/><\/strong>Anna Heloisa Segatta (FFLCH-USP, LABYA-YALA)<br \/><br \/><strong>Coordenador Design Gr\u00e1fico<br \/><\/strong>Christian Mascarenha (UNICAMP, Senac, FAU-USP, LABYA-YALA)<br \/>Victor Salgado (UNIFAP, FAU-USP, EC, LABYA-YALA)<br \/><br \/><strong>Coordenador Playlist<\/strong> <strong>Quintas Amer\u00edndias:\u00a0<\/strong><br \/>FAU-USP, FotoVideo-FAU<br \/>Coordena\u00e7\u00e3o Acad\u00eamica Prof\u00aa. Dra. Beatriz Piccolotto Siqueira Bueno (FAU-USP)<br \/>Supervis\u00e3o Geral Rose Moraes Pan<br \/>Assistente T\u00e9cnico Di\u00f3genes dos Santos Miranda<br \/>B\u00e1rbara Carneiro (FAU-USP, LABYA-YALA)<br \/><strong>E-mail:<\/strong> videofau@usp.br<br \/><br \/><strong>Coordena\u00e7\u00e3o UX-UI Site Labya-yala | Atualiza\u00e7\u00f5es:<\/strong><br \/>B\u00e1rbara Carneiro (FAU-USP, LABYA-YALA)<br \/>Carolina Akemi (FAU-USP, LABYA-YALA, \u00c1sia Global)<br \/>Ricardo Makino (FAU-USP, LABYA-YALA, \u00c1sia Global)<br \/>Victor Salgado (UNIFAP, FAU-USP, EC, LABYA-YALA)<br \/><br \/><\/p>\t\t\t\t\t\t<\/div>\n\t\t\t\t<\/div>\n\t\t\t\t\t<\/div>\n\t\t<\/div>\n\t\t\t\t\t<\/div>\n\t\t<\/section>\n\t\t\t\t<\/div>\n\t\t","protected":false},"excerpt":{"rendered":"<p>Coordenadores projeto JP2 Barroco-A\u00e7u (2022-2027): Renata Maria de Almeida Martins (FAU-USP), Luciano Migliaccio (FAU-USP_E-mail:\u00a0renatamartins@usp.br\u00a0\/\u00a0migliac@usp.br Coordenadora Instagram @abyayala.fauuspAnna Heloisa Segatta (FFLCH-USP, LABYA-YALA) Coordenador Design Gr\u00e1ficoChristian Mascarenha (UNICAMP, Senac, FAU-USP, LABYA-YALA)Victor Salgado (UNIFAP, FAU-USP, EC, LABYA-YALA) Coordenador Playlist Quintas Amer\u00edndias:\u00a0FAU-USP, FotoVideo-FAUCoordena\u00e7\u00e3o Acad\u00eamica Prof\u00aa. Dra. Beatriz Piccolotto Siqueira Bueno (FAU-USP)Supervis\u00e3o Geral Rose Moraes PanAssistente T\u00e9cnico Di\u00f3genes dos Santos [&hellip;]<\/p>\n","protected":false},"author":23281,"featured_media":0,"parent":0,"menu_order":0,"comment_status":"closed","ping_status":"closed","template":"","meta":{"footnotes":"","_links_to":"","_links_to_target":""},"class_list":["post-1307","page","type-page","status-publish","hentry","entry"],"_links":{"self":[{"href":"https:\/\/sites.usp.br\/abyayalafau\/wp-json\/wp\/v2\/pages\/1307","targetHints":{"allow":["GET"]}}],"collection":[{"href":"https:\/\/sites.usp.br\/abyayalafau\/wp-json\/wp\/v2\/pages"}],"about":[{"href":"https:\/\/sites.usp.br\/abyayalafau\/wp-json\/wp\/v2\/types\/page"}],"author":[{"embeddable":true,"href":"https:\/\/sites.usp.br\/abyayalafau\/wp-json\/wp\/v2\/users\/23281"}],"replies":[{"embeddable":true,"href":"https:\/\/sites.usp.br\/abyayalafau\/wp-json\/wp\/v2\/comments?post=1307"}],"version-history":[{"count":3,"href":"https:\/\/sites.usp.br\/abyayalafau\/wp-json\/wp\/v2\/pages\/1307\/revisions"}],"predecessor-version":[{"id":1311,"href":"https:\/\/sites.usp.br\/abyayalafau\/wp-json\/wp\/v2\/pages\/1307\/revisions\/1311"}],"wp:attachment":[{"href":"https:\/\/sites.usp.br\/abyayalafau\/wp-json\/wp\/v2\/media?parent=1307"}],"curies":[{"name":"wp","href":"https:\/\/api.w.org\/{rel}","templated":true}]}}