{"id":291,"date":"2019-05-20T17:48:44","date_gmt":"2019-05-20T19:48:44","guid":{"rendered":"http:\/\/sites.usp.br\/abyayalafau\/?page_id=291"},"modified":"2025-05-16T15:14:03","modified_gmt":"2025-05-16T18:14:03","slug":"pagina-inicial-elementor","status":"publish","type":"page","link":"https:\/\/sites.usp.br\/abyayalafau\/","title":{"rendered":"Laborat\u00f3rio de Estudos Decoloniais"},"content":{"rendered":"\t\t<div data-elementor-type=\"wp-post\" data-elementor-id=\"291\" class=\"elementor elementor-291\" data-elementor-post-type=\"page\">\n\t\t\t\t\t\t<section class=\"elementor-section elementor-top-section elementor-element elementor-element-d267f67 elementor-section-boxed elementor-section-height-default elementor-section-height-default\" data-id=\"d267f67\" data-element_type=\"section\">\n\t\t\t\t\t\t<div class=\"elementor-container elementor-column-gap-default\">\n\t\t\t\t\t<div class=\"elementor-column elementor-col-100 elementor-top-column elementor-element elementor-element-2cca18a\" data-id=\"2cca18a\" data-element_type=\"column\">\n\t\t\t<div class=\"elementor-widget-wrap elementor-element-populated\">\n\t\t\t\t\t\t<div class=\"elementor-element elementor-element-b67644d elementor-widget elementor-widget-heading\" data-id=\"b67644d\" data-element_type=\"widget\" data-widget_type=\"heading.default\">\n\t\t\t\t<div class=\"elementor-widget-container\">\n\t\t\t<h1 class=\"elementor-heading-title elementor-size-default\">LABYA-YALA | Laborat\u00f3rio de Estudos Decoloniais | FAU-USP<\/h1>\t\t<\/div>\n\t\t\t\t<\/div>\n\t\t\t\t<div class=\"elementor-element elementor-element-92a8b52 elementor-skin-carousel elementor-arrows-yes elementor-pagination-type-bullets elementor-pagination-position-outside elementor-widget elementor-widget-media-carousel\" data-id=\"92a8b52\" data-element_type=\"widget\" data-settings=\"{&quot;skin&quot;:&quot;carousel&quot;,&quot;effect&quot;:&quot;slide&quot;,&quot;show_arrows&quot;:&quot;yes&quot;,&quot;pagination&quot;:&quot;bullets&quot;,&quot;speed&quot;:500,&quot;autoplay&quot;:&quot;yes&quot;,&quot;autoplay_speed&quot;:5000,&quot;loop&quot;:&quot;yes&quot;,&quot;pause_on_hover&quot;:&quot;yes&quot;,&quot;pause_on_interaction&quot;:&quot;yes&quot;,&quot;space_between&quot;:{&quot;unit&quot;:&quot;px&quot;,&quot;size&quot;:10,&quot;sizes&quot;:[]},&quot;space_between_tablet&quot;:{&quot;unit&quot;:&quot;px&quot;,&quot;size&quot;:10,&quot;sizes&quot;:[]},&quot;space_between_mobile&quot;:{&quot;unit&quot;:&quot;px&quot;,&quot;size&quot;:10,&quot;sizes&quot;:[]}}\" data-widget_type=\"media-carousel.default\">\n\t\t\t\t<div class=\"elementor-widget-container\">\n\t\t\t\t\t<div class=\"elementor-swiper\">\n\t\t\t<div class=\"elementor-main-swiper swiper\">\n\t\t\t\t<div class=\"swiper-wrapper\">\n\t\t\t\t\t\t\t\t\t\t\t<div class=\"swiper-slide\">\n\t\t\t\t\t\t\t\t\t<div class=\"elementor-carousel-image\" role=\"img\" aria-label=\"IMG_2130\" style=\"background-image: url(&#039;https:\/\/sites.usp.br\/abyayalafau\/wp-content\/uploads\/sites\/1189\/2025\/04\/IMG_2130-scaled.jpg&#039;)\">\n\n\t\t\t\n\t\t\t\t\t<\/div>\n\t\t\t\t\t\t\t\t<\/div>\n\t\t\t\t\t\t\t\t\t\t\t<div class=\"swiper-slide\">\n\t\t\t\t\t\t\t\t\t<div class=\"elementor-carousel-image\" role=\"img\" aria-label=\"IMG_2106\" style=\"background-image: url(&#039;https:\/\/sites.usp.br\/abyayalafau\/wp-content\/uploads\/sites\/1189\/2025\/04\/IMG_2106-scaled.jpg&#039;)\">\n\n\t\t\t\n\t\t\t\t\t<\/div>\n\t\t\t\t\t\t\t\t<\/div>\n\t\t\t\t\t\t\t\t\t\t\t<div class=\"swiper-slide\">\n\t\t\t\t\t\t\t\t\t<div class=\"elementor-carousel-image\" role=\"img\" aria-label=\"Imagem do WhatsApp de 2024-08-19 \u00e0(s) 13.45.14_954d5021\" style=\"background-image: url(&#039;https:\/\/sites.usp.br\/abyayalafau\/wp-content\/uploads\/sites\/1189\/2025\/04\/Imagem-do-WhatsApp-de-2024-08-19-as-13.45.14_954d5021.jpg&#039;)\">\n\n\t\t\t\n\t\t\t\t\t<\/div>\n\t\t\t\t\t\t\t\t<\/div>\n\t\t\t\t\t\t\t\t\t\t\t<div class=\"swiper-slide\">\n\t\t\t\t\t\t\t\t\t<div class=\"elementor-carousel-image\" role=\"img\" aria-label=\"Imagem do WhatsApp de 2024-08-19 \u00e0(s) 13.45.14_5ae70dd3\" style=\"background-image: url(&#039;https:\/\/sites.usp.br\/abyayalafau\/wp-content\/uploads\/sites\/1189\/2025\/04\/Imagem-do-WhatsApp-de-2024-08-19-as-13.45.14_5ae70dd3.jpg&#039;)\">\n\n\t\t\t\n\t\t\t\t\t<\/div>\n\t\t\t\t\t\t\t\t<\/div>\n\t\t\t\t\t\t\t\t\t\t\t<div class=\"swiper-slide\">\n\t\t\t\t\t\t\t\t\t<div class=\"elementor-carousel-image\" role=\"img\" aria-label=\"Imagem do WhatsApp de 2024-08-19 \u00e0(s) 13.45.13_6f138990\" style=\"background-image: url(&#039;https:\/\/sites.usp.br\/abyayalafau\/wp-content\/uploads\/sites\/1189\/2025\/04\/Imagem-do-WhatsApp-de-2024-08-19-as-13.45.13_6f138990-scaled.jpg&#039;)\">\n\n\t\t\t\n\t\t\t\t\t<\/div>\n\t\t\t\t\t\t\t\t<\/div>\n\t\t\t\t\t\t\t\t\t\t\t<div class=\"swiper-slide\">\n\t\t\t\t\t\t\t\t\t<div class=\"elementor-carousel-image\" role=\"img\" aria-label=\"IMG_4934\" style=\"background-image: url(&#039;https:\/\/sites.usp.br\/abyayalafau\/wp-content\/uploads\/sites\/1189\/2025\/05\/IMG_4934-scaled.jpg&#039;)\">\n\n\t\t\t\n\t\t\t\t\t<\/div>\n\t\t\t\t\t\t\t\t<\/div>\n\t\t\t\t\t\t\t\t\t\t\t<div class=\"swiper-slide\">\n\t\t\t\t\t\t\t\t\t<div class=\"elementor-carousel-image\" role=\"img\" aria-label=\"IMG_4949\" style=\"background-image: url(&#039;https:\/\/sites.usp.br\/abyayalafau\/wp-content\/uploads\/sites\/1189\/2025\/05\/IMG_4949-scaled.jpg&#039;)\">\n\n\t\t\t\n\t\t\t\t\t<\/div>\n\t\t\t\t\t\t\t\t<\/div>\n\t\t\t\t\t\t\t\t\t\t\t<div class=\"swiper-slide\">\n\t\t\t\t\t\t\t\t\t<div class=\"elementor-carousel-image\" role=\"img\" aria-label=\"Imagem do WhatsApp de 2025-05-14 \u00e0(s) 20.00.55_0a2b6baa\" style=\"background-image: url(&#039;https:\/\/sites.usp.br\/abyayalafau\/wp-content\/uploads\/sites\/1189\/2025\/05\/Imagem-do-WhatsApp-de-2025-05-14-as-20.00.55_0a2b6baa.jpg&#039;)\">\n\n\t\t\t\n\t\t\t\t\t<\/div>\n\t\t\t\t\t\t\t\t<\/div>\n\t\t\t\t\t\t\t\t\t<\/div>\n\t\t\t\t\t\t\t\t\t\t\t\t\t\t\t<div class=\"swiper-pagination\"><\/div>\n\t\t\t\t\t\t\t\t\t\t\t\t\t\t\t\t<div class=\"elementor-swiper-button elementor-swiper-button-prev\" role=\"button\" tabindex=\"0\">\n\t\t\t\t\t\t\t<i aria-hidden=\"true\" class=\"eicon-chevron-left\"><\/i>\t\t\t\t\t\t\t<span class=\"elementor-screen-only\">Anterior<\/span>\n\t\t\t\t\t\t<\/div>\n\t\t\t\t\t\t<div class=\"elementor-swiper-button elementor-swiper-button-next\" role=\"button\" tabindex=\"0\">\n\t\t\t\t\t\t\t<i aria-hidden=\"true\" class=\"eicon-chevron-right\"><\/i>\t\t\t\t\t\t\t<span class=\"elementor-screen-only\">Pr\u00f3ximo<\/span>\n\t\t\t\t\t\t<\/div>\n\t\t\t\t\t\t\t\t\t\t\t\t<\/div>\n\t\t<\/div>\n\t\t\t\t<\/div>\n\t\t\t\t<\/div>\n\t\t\t\t<div class=\"elementor-element elementor-element-5fa99ef elementor-widget elementor-widget-text-editor\" data-id=\"5fa99ef\" data-element_type=\"widget\" data-widget_type=\"text-editor.default\">\n\t\t\t\t<div class=\"elementor-widget-container\">\n\t\t\t\t\t\t\t<div id=\"lipsum\"><p><strong>Coordenadores:<\/strong> Renata Maria de Almeida Martins, Luciano Migliaccio<br \/><strong>E-mail:<\/strong> <a href=\"mailto:renatamartins@usp.br\">renatamartins@usp.br<\/a> \/ <a href=\"mailto:migliac@usp.br\">migliac@usp.br<\/a><\/p><p>O LABYA-YALA &#8211; <i>Laborat\u00f3rio de Estudos Decoloniais<\/i> visa apoiar, consolidar, continuar e ampliar as atividades de pesquisa, ensino, e cultura e extens\u00e3o j\u00e1 desenvolvidas na FAU-USP no \u00e2mbito de dois projetos Jovem Pesquisador financiados pela FAPESP, e coordenados pela Profa. Renata Martins: o Projeto JP \u201cBarroco Cifrado\u201d (2016-2021) e o Projeto JP2 \u201cBarroco-A\u00e7u\u201d (2022-2027). Tais atividades envolvem pesquisadores associados, de diversas disciplinas, do Brasil e do exterior; bolsistas FAPESP, CNPq, PUB USP e pesquisas sem fomento na FAU-USP, aos n\u00edveis de Inicia\u00e7\u00e3o Cient\u00edfica, Mestrado, Doutorado e P\u00f3s-Doutorado, bem como pesquisadores e estudantes da USP e de outras universidades. Em continuidade tamb\u00e9m com o Grupo de estudo Abya-yala que, desde 2019, promove na FAU-USP abordagens decoloniais e contracoloniais, a partir da perspectiva do Sul Global, sobretudo da Pan-Amaz\u00f4nia, o LABYA-YALA foi implantado no Departamento de Hist\u00f3ria e Est\u00e9tica do Projeto &#8211; AUH da FAU-USP, atuando na renova\u00e7\u00e3o de linhas de pesquisa existentes e na abertura de novas, ao promover o protagonismo e os saberes de comunidades tradicionais na hist\u00f3ria das artes, das arquiteturas e do territ\u00f3rio.<\/p><\/div>\t\t\t\t\t\t<\/div>\n\t\t\t\t<\/div>\n\t\t\t\t<div class=\"elementor-element elementor-element-5020241 elementor-widget elementor-widget-html\" data-id=\"5020241\" data-element_type=\"widget\" data-widget_type=\"html.default\">\n\t\t\t\t<div class=\"elementor-widget-container\">\n\t\t\t<iframe width=\"560\" height=\"315\" src=\"https:\/\/www.youtube.com\/embed\/videoseries?si=MxH_rcA75VOyRpla&amp;list=PLmZ9kzvVJW88gq2opWnnnbYzZTgm7ZnT1\" title=\"YouTube video player\" frameborder=\"0\" allow=\"accelerometer; autoplay; clipboard-write; encrypted-media; gyroscope; picture-in-picture; web-share\" referrerpolicy=\"strict-origin-when-cross-origin\" allowfullscreen><\/iframe>\t\t<\/div>\n\t\t\t\t<\/div>\n\t\t\t\t\t<\/div>\n\t\t<\/div>\n\t\t\t\t\t<\/div>\n\t\t<\/section>\n\t\t\t\t<\/div>\n\t\t","protected":false},"excerpt":{"rendered":"<p>LABYA-YALA | Laborat\u00f3rio de Estudos Decoloniais | FAU-USP Anterior Pr\u00f3ximo Coordenadores: Renata Maria de Almeida Martins, Luciano MigliaccioE-mail: renatamartins@usp.br \/ migliac@usp.br O LABYA-YALA &#8211; Laborat\u00f3rio de Estudos Decoloniais visa apoiar, consolidar, continuar e ampliar as atividades de pesquisa, ensino, e cultura e extens\u00e3o j\u00e1 desenvolvidas na FAU-USP no \u00e2mbito de dois projetos Jovem Pesquisador financiados [&hellip;]<\/p>\n","protected":false},"author":1,"featured_media":0,"parent":0,"menu_order":1,"comment_status":"closed","ping_status":"closed","template":"","meta":{"footnotes":"","_links_to":"","_links_to_target":""},"class_list":["post-291","page","type-page","status-publish","hentry","entry"],"_links":{"self":[{"href":"https:\/\/sites.usp.br\/abyayalafau\/wp-json\/wp\/v2\/pages\/291","targetHints":{"allow":["GET"]}}],"collection":[{"href":"https:\/\/sites.usp.br\/abyayalafau\/wp-json\/wp\/v2\/pages"}],"about":[{"href":"https:\/\/sites.usp.br\/abyayalafau\/wp-json\/wp\/v2\/types\/page"}],"author":[{"embeddable":true,"href":"https:\/\/sites.usp.br\/abyayalafau\/wp-json\/wp\/v2\/users\/1"}],"replies":[{"embeddable":true,"href":"https:\/\/sites.usp.br\/abyayalafau\/wp-json\/wp\/v2\/comments?post=291"}],"version-history":[{"count":4,"href":"https:\/\/sites.usp.br\/abyayalafau\/wp-json\/wp\/v2\/pages\/291\/revisions"}],"predecessor-version":[{"id":1283,"href":"https:\/\/sites.usp.br\/abyayalafau\/wp-json\/wp\/v2\/pages\/291\/revisions\/1283"}],"wp:attachment":[{"href":"https:\/\/sites.usp.br\/abyayalafau\/wp-json\/wp\/v2\/media?parent=291"}],"curies":[{"name":"wp","href":"https:\/\/api.w.org\/{rel}","templated":true}]}}