{"id":1299,"date":"2022-10-27T15:18:30","date_gmt":"2022-10-27T18:18:30","guid":{"rendered":"https:\/\/acaua.info\/?page_id=1299"},"modified":"2026-03-01T11:07:46","modified_gmt":"2026-03-01T14:07:46","slug":"membros","status":"publish","type":"page","link":"https:\/\/sites.usp.br\/acaua\/membros\/","title":{"rendered":"Membros"},"content":{"rendered":"\t\t<div data-elementor-type=\"wp-page\" data-elementor-id=\"1299\" class=\"elementor elementor-1299\" data-elementor-post-type=\"page\">\n\t\t\t\t\t\t<section class=\"elementor-section elementor-top-section elementor-element elementor-element-26114dd elementor-section-boxed elementor-section-height-default elementor-section-height-default\" data-id=\"26114dd\" data-element_type=\"section\">\n\t\t\t\t\t\t<div class=\"elementor-container elementor-column-gap-default\">\n\t\t\t\t\t<div class=\"elementor-column elementor-col-100 elementor-top-column elementor-element elementor-element-5874647\" data-id=\"5874647\" data-element_type=\"column\">\n\t\t\t<div class=\"elementor-widget-wrap elementor-element-populated\">\n\t\t\t\t\t\t<div class=\"elementor-element elementor-element-063c0a9 elementor-widget elementor-widget-spacer\" data-id=\"063c0a9\" data-element_type=\"widget\" data-widget_type=\"spacer.default\">\n\t\t\t\t<div class=\"elementor-widget-container\">\n\t\t\t\t\t<div class=\"elementor-spacer\">\n\t\t\t<div class=\"elementor-spacer-inner\"><\/div>\n\t\t<\/div>\n\t\t\t\t<\/div>\n\t\t\t\t<\/div>\n\t\t\t\t<div class=\"elementor-element elementor-element-de8742b elementor-widget elementor-widget-heading\" data-id=\"de8742b\" data-element_type=\"widget\" data-widget_type=\"heading.default\">\n\t\t\t\t<div class=\"elementor-widget-container\">\n\t\t\t<h2 class=\"elementor-heading-title elementor-size-default\">Membros<\/h2>\t\t<\/div>\n\t\t\t\t<\/div>\n\t\t\t\t<div class=\"elementor-element elementor-element-d3fecb2 elementor-widget elementor-widget-spacer\" data-id=\"d3fecb2\" data-element_type=\"widget\" data-widget_type=\"spacer.default\">\n\t\t\t\t<div class=\"elementor-widget-container\">\n\t\t\t\t\t<div class=\"elementor-spacer\">\n\t\t\t<div class=\"elementor-spacer-inner\"><\/div>\n\t\t<\/div>\n\t\t\t\t<\/div>\n\t\t\t\t<\/div>\n\t\t\t\t\t<\/div>\n\t\t<\/div>\n\t\t\t\t\t<\/div>\n\t\t<\/section>\n\t\t\t\t<section class=\"elementor-section elementor-top-section elementor-element elementor-element-4ad681d elementor-section-boxed elementor-section-height-default elementor-section-height-default\" data-id=\"4ad681d\" data-element_type=\"section\">\n\t\t\t\t\t\t<div class=\"elementor-container elementor-column-gap-default\">\n\t\t\t\t\t<div class=\"elementor-column elementor-col-100 elementor-top-column elementor-element elementor-element-b3fef04\" data-id=\"b3fef04\" data-element_type=\"column\">\n\t\t\t<div class=\"elementor-widget-wrap elementor-element-populated\">\n\t\t\t\t\t\t<div class=\"elementor-element elementor-element-90fee7e elementor-widget elementor-widget-heading\" data-id=\"90fee7e\" data-element_type=\"widget\" data-widget_type=\"heading.default\">\n\t\t\t\t<div class=\"elementor-widget-container\">\n\t\t\t<h2 class=\"elementor-heading-title elementor-size-default\">Equipe do Boletim<\/h2>\t\t<\/div>\n\t\t\t\t<\/div>\n\t\t\t\t<div class=\"elementor-element elementor-element-fd35ebf elementor-widget elementor-widget-spacer\" data-id=\"fd35ebf\" data-element_type=\"widget\" data-widget_type=\"spacer.default\">\n\t\t\t\t<div class=\"elementor-widget-container\">\n\t\t\t\t\t<div class=\"elementor-spacer\">\n\t\t\t<div class=\"elementor-spacer-inner\"><\/div>\n\t\t<\/div>\n\t\t\t\t<\/div>\n\t\t\t\t<\/div>\n\t\t\t\t<div class=\"elementor-element elementor-element-406b557 elementor--v-position-bottom elementor-arrows-position-outside elementor-pagination-position-outside elementor--h-position-center elementor-invisible elementor-widget elementor-widget-slides\" data-id=\"406b557\" data-element_type=\"widget\" data-settings=\"{&quot;_animation&quot;:&quot;zoomIn&quot;,&quot;navigation&quot;:&quot;both&quot;,&quot;infinite&quot;:&quot;yes&quot;,&quot;transition&quot;:&quot;slide&quot;,&quot;transition_speed&quot;:500}\" data-widget_type=\"slides.default\">\n\t\t\t\t<div class=\"elementor-widget-container\">\n\t\t\t\t\t<div class=\"elementor-swiper\">\n\t\t\t<div class=\"elementor-slides-wrapper elementor-main-swiper swiper\" dir=\"ltr\" data-animation=\"fadeInRight\">\n\t\t\t\t<div class=\"swiper-wrapper elementor-slides\">\n\t\t\t\t\t\t\t\t\t\t<div class=\"elementor-repeater-item-b68bfc7 swiper-slide\"><div class=\"swiper-slide-bg\" role=\"img\"><\/div><a class=\"swiper-slide-inner\" href=\"http:\/\/lattes.cnpq.br\/4365661511320432\" target=\"_blank\" rel=\"noopener\"><div class=\"swiper-slide-contents\"><div class=\"elementor-slide-heading\">Cristiane Lucena<\/div><div class=\"elementor-slide-description\">Editora do Boletim Acau\u00e3. Professora Associada do Instituto de Rela\u00e7\u00f5es Internacionais da USP e pesquisadora do CAENI. Possui doutorado em Ci\u00eancia Pol\u00edtica.<\/div><\/div><\/a><\/div><div class=\"elementor-repeater-item-e71b697 swiper-slide\"><div class=\"swiper-slide-bg\" role=\"img\"><\/div><a class=\"swiper-slide-inner\" href=\"http:\/\/lattes.cnpq.br\/3005504663313782\" target=\"_blank\" rel=\"noopener\"><div class=\"swiper-slide-contents\"><div class=\"elementor-slide-heading\">Ana Paula Tostes<\/div><div class=\"elementor-slide-description\">Editora do Boletim Acau\u00e3. Professora titular e coordenadora do projeto de extens\u00e3o Boletim de Rela\u00e7\u00f5es Internacionais junto \u00e0 Universidade do Estado do Rio de Janeiro (UERJ). Possui doutorado em Ci\u00eancia Pol\u00edtica (IUPERJ).<\/div><\/div><\/a><\/div><div class=\"elementor-repeater-item-5ad3f93 swiper-slide\"><div class=\"swiper-slide-bg\" role=\"img\"><\/div><a class=\"swiper-slide-inner\" href=\"http:\/\/lattes.cnpq.br\/4365661511320432\" target=\"_blank\" rel=\"noopener\"><div class=\"swiper-slide-contents\"><div class=\"elementor-slide-heading\">Elia Cia<\/div><div class=\"elementor-slide-description\">Editora do Boletim Acau\u00e3. Professora no Departamento de Rela\u00e7\u00f5es Internacionais (DRI) e no Programa de P\u00f3s-Gradua\u00e7\u00e3o em Governan\u00e7a P\u00fablica e Coopera\u00e7\u00e3o Internacional (PGPCI) da Universidade Federal da Para\u00edba - UFPB (Brasil).<\/div><\/div><\/a><\/div><div class=\"elementor-repeater-item-3da9560 swiper-slide\"><div class=\"swiper-slide-bg\" role=\"img\"><\/div><div class=\"swiper-slide-inner\" ><div class=\"swiper-slide-contents\"><div class=\"elementor-slide-heading\">Alexsandro Eugenio Pereira<\/div><div class=\"elementor-slide-description\">Editor do Boletim Acau\u00e3 e Professor Associado do Departamento de Ci\u00eancia Pol\u00edtica da Universidade Federal do Paran\u00e1 (UFPR). Doutor em Ci\u00eancia Pol\u00edtica pela Universidade de S\u00e3o Paulo (USP).<\/div><div  class=\"elementor-button elementor-slide-button elementor-size-xs\">Clique aqui<\/div><\/div><\/div><\/div><div class=\"elementor-repeater-item-ef2eb44 swiper-slide\"><div class=\"swiper-slide-bg\" role=\"img\"><\/div><div class=\"swiper-slide-inner\" ><div class=\"swiper-slide-contents\"><div class=\"elementor-slide-heading\">Juliana Viggiano<\/div><div class=\"elementor-slide-description\">Editora do Boletim Acau\u00e3. Professora Adjunta do Departamento de Economia e Rela\u00e7\u00f5es Internacionais da UFSC e Pesquisadora do NUPRI e do IMDH. Possui doutorado em Ci\u00eancia Pol\u00edtica.<\/div><\/div><\/div><\/div><div class=\"elementor-repeater-item-a40a2f5 swiper-slide\"><div class=\"swiper-slide-bg\" role=\"img\"><\/div><a class=\"swiper-slide-inner\" href=\"http:\/\/lattes.cnpq.br\/2986573450358373\" target=\"_blank\" rel=\"noopener\"><div class=\"swiper-slide-contents\"><div class=\"elementor-slide-heading\">Marcelo de Almeida Medeiros<\/div><div class=\"elementor-slide-description\">Editor em\u00e9rito do Boletim Acau\u00e3. Professor Titular do Departamento de Ci\u00eancia Pol\u00edtica da UFPE e Pesquisador PQ-1C do CNPq. Possui doutorado em Ci\u00eancia Pol\u00edtica.\n<\/div><\/div><\/a><\/div><div class=\"elementor-repeater-item-0a6a7d1 swiper-slide\"><div class=\"swiper-slide-bg\" role=\"img\"><\/div><div class=\"swiper-slide-inner\" ><div class=\"swiper-slide-contents\"><div class=\"elementor-slide-heading\">Enzo Vignone<\/div><div class=\"elementor-slide-description\">Assistente Editorial do Boletim Acau\u00e3. Cursa Rela\u00e7\u00f5es Internacionais na USP. Volunt\u00e1rio Acau\u00e3.<\/div><div  class=\"elementor-button elementor-slide-button elementor-size-xs\">Clique aqui<\/div><\/div><\/div><\/div><div class=\"elementor-repeater-item-4e954c6 swiper-slide\"><div class=\"swiper-slide-bg\" role=\"img\"><\/div><a class=\"swiper-slide-inner\" href=\"https:\/\/www.linkedin.com\/in\/juliaaralima\/\" target=\"_blank\" rel=\"noopener\"><div class=\"swiper-slide-contents\"><div class=\"elementor-slide-heading\">J\u00falia Ara Lima<\/div><div class=\"elementor-slide-description\">Assistente editorial do Boletim Acau\u00e3 e Gestora do website; Cursa Rela\u00e7\u00f5es Internacionais na USP.<\/div><div  class=\"elementor-button elementor-slide-button elementor-size-xs\">Linkedin<\/div><\/div><\/a><\/div><div class=\"elementor-repeater-item-c9dedfa swiper-slide\"><div class=\"swiper-slide-bg\" role=\"img\"><\/div><div class=\"swiper-slide-inner\" ><div class=\"swiper-slide-contents\"><div class=\"elementor-slide-heading\">Maria Luiza Rossetto Corr\u00eaa<\/div><div class=\"elementor-slide-description\">Assistente Editorial do Boletim Acau\u00e3. Cursa Rela\u00e7\u00f5es Internacionais na USP. Volunt\u00e1ria Acau\u00e3.<\/div><div  class=\"elementor-button elementor-slide-button elementor-size-xs\">Clique aqui<\/div><\/div><\/div><\/div><div class=\"elementor-repeater-item-87f244b swiper-slide\"><div class=\"swiper-slide-bg\" role=\"img\"><\/div><div class=\"swiper-slide-inner\" ><div class=\"swiper-slide-contents\"><div class=\"elementor-slide-heading\">Dominique Laudino<\/div><div class=\"elementor-slide-description\">Assistente Editorial do Boletim Acau\u00e3. Cursa Rela\u00e7\u00f5es Internacionais na UERJ,  Bolsista do Acau\u00e3.<\/div><\/div><\/div><\/div><div class=\"elementor-repeater-item-f18bdb7 swiper-slide\"><div class=\"swiper-slide-bg\" role=\"img\"><\/div><div class=\"swiper-slide-inner\" ><div class=\"swiper-slide-contents\"><div class=\"elementor-slide-heading\">Maur\u00edcio Eleut\u00e9rio<\/div><div class=\"elementor-slide-description\">Assistente Editorial do Boletim Acau\u00e3. Cursa Rela\u00e7\u00f5es Internacionais na USP. Volunt\u00e1rio Acau\u00e3.<\/div><div  class=\"elementor-button elementor-slide-button elementor-size-xs\">Clique aqui<\/div><\/div><\/div><\/div><div class=\"elementor-repeater-item-8e43bdc swiper-slide\"><div class=\"swiper-slide-bg\" role=\"img\"><\/div><div class=\"swiper-slide-inner\" ><div class=\"swiper-slide-contents\"><div class=\"elementor-slide-heading\">Mariane Monteiro<\/div><div class=\"elementor-slide-description\"> Assistente Editorial. Doutoranda em Demografia (UFMG). Possui Mestrado em Rela\u00e7\u00f5es (IRI\/USP) Internacionais e cursos sobre m\u00eddias sociais.<\/div><\/div><\/div><\/div><div class=\"elementor-repeater-item-1083f99 swiper-slide\"><div class=\"swiper-slide-bg\" role=\"img\"><\/div><div class=\"swiper-slide-inner\" ><div class=\"swiper-slide-contents\"><div class=\"elementor-slide-heading\">Fernanda Amorim<\/div><div class=\"elementor-slide-description\">Assistente Editorial do Boletim Acau\u00e3. Cursa Rela\u00e7\u00f5es Internacionais na USP. Bolsista Acau\u00e3<\/div><\/div><\/div><\/div><div class=\"elementor-repeater-item-03a7a3b swiper-slide\"><div class=\"swiper-slide-bg\" role=\"img\"><\/div><div class=\"swiper-slide-inner\" ><div class=\"swiper-slide-contents\"><div class=\"elementor-slide-heading\">Vitor Nicoletti<\/div><div class=\"elementor-slide-description\">Assistente Editorial do Boletim Acau\u00e3. Cursa Rela\u00e7\u00f5es Internacionais na USP. Bolsista Acau\u00e3<\/div><\/div><\/div><\/div><div class=\"elementor-repeater-item-04bb884 swiper-slide\"><div class=\"swiper-slide-bg\" role=\"img\"><\/div><div class=\"swiper-slide-inner\" ><div class=\"swiper-slide-contents\"><div class=\"elementor-slide-heading\">Marcos Paulo Komatsu<\/div><div class=\"elementor-slide-description\">Assistente Editorial do Boletim Acau\u00e3. Possui Mestrado em Rela\u00e7\u00f5es Internacionais (IRI\/USP) e MBA (FGV).<\/div><\/div><\/div><\/div>\t\t\t\t<\/div>\n\t\t\t\t\t\t\t\t\t\t\t\t\t\t\t<div class=\"swiper-pagination\"><\/div>\n\t\t\t\t\t\t\t\t\t\t\t\t\t\t\t\t<div class=\"elementor-swiper-button elementor-swiper-button-prev\" role=\"button\" tabindex=\"0\">\n\t\t\t\t\t\t\t<i aria-hidden=\"true\" class=\"eicon-chevron-left\"><\/i>\t\t\t\t\t\t\t<span class=\"elementor-screen-only\">Previous slide<\/span>\n\t\t\t\t\t\t<\/div>\n\t\t\t\t\t\t<div class=\"elementor-swiper-button elementor-swiper-button-next\" role=\"button\" tabindex=\"0\">\n\t\t\t\t\t\t\t<i aria-hidden=\"true\" class=\"eicon-chevron-right\"><\/i>\t\t\t\t\t\t\t<span class=\"elementor-screen-only\">Next slide<\/span>\n\t\t\t\t\t\t<\/div>\n\t\t\t\t\t\t\t\t\t\t\t\t<\/div>\n\t\t<\/div>\n\t\t\t\t<\/div>\n\t\t\t\t<\/div>\n\t\t\t\t\t<\/div>\n\t\t<\/div>\n\t\t\t\t\t<\/div>\n\t\t<\/section>\n\t\t\t\t<section class=\"elementor-section elementor-top-section elementor-element elementor-element-044525c elementor-hidden-desktop elementor-hidden-tablet elementor-hidden-phone elementor-section-boxed elementor-section-height-default elementor-section-height-default\" data-id=\"044525c\" data-element_type=\"section\">\n\t\t\t\t\t\t<div class=\"elementor-container elementor-column-gap-default\">\n\t\t\t\t\t<div class=\"elementor-column elementor-col-100 elementor-top-column elementor-element elementor-element-eb320f6\" data-id=\"eb320f6\" data-element_type=\"column\">\n\t\t\t<div class=\"elementor-widget-wrap elementor-element-populated\">\n\t\t\t\t\t\t<div class=\"elementor-element elementor-element-6e88070 elementor-widget elementor-widget-spacer\" data-id=\"6e88070\" data-element_type=\"widget\" data-widget_type=\"spacer.default\">\n\t\t\t\t<div class=\"elementor-widget-container\">\n\t\t\t\t\t<div class=\"elementor-spacer\">\n\t\t\t<div class=\"elementor-spacer-inner\"><\/div>\n\t\t<\/div>\n\t\t\t\t<\/div>\n\t\t\t\t<\/div>\n\t\t\t\t<div class=\"elementor-element elementor-element-b6bf386 elementor--v-position-bottom elementor-arrows-position-outside elementor-pagination-position-outside elementor--h-position-center elementor-invisible elementor-widget elementor-widget-slides\" data-id=\"b6bf386\" data-element_type=\"widget\" data-settings=\"{&quot;motion_fx_motion_fx_scrolling&quot;:&quot;yes&quot;,&quot;motion_fx_translateY_effect&quot;:&quot;yes&quot;,&quot;motion_fx_translateY_affectedRange&quot;:{&quot;unit&quot;:&quot;%&quot;,&quot;size&quot;:&quot;&quot;,&quot;sizes&quot;:{&quot;start&quot;:0,&quot;end&quot;:61}},&quot;_animation&quot;:&quot;zoomIn&quot;,&quot;navigation&quot;:&quot;both&quot;,&quot;infinite&quot;:&quot;yes&quot;,&quot;transition&quot;:&quot;slide&quot;,&quot;transition_speed&quot;:500,&quot;motion_fx_translateY_speed&quot;:{&quot;unit&quot;:&quot;px&quot;,&quot;size&quot;:4,&quot;sizes&quot;:[]},&quot;motion_fx_devices&quot;:[&quot;desktop&quot;,&quot;tablet&quot;,&quot;mobile&quot;]}\" data-widget_type=\"slides.default\">\n\t\t\t\t<div class=\"elementor-widget-container\">\n\t\t\t\t\t<div class=\"elementor-swiper\">\n\t\t\t<div class=\"elementor-slides-wrapper elementor-main-swiper swiper\" dir=\"ltr\" data-animation=\"fadeInUp\">\n\t\t\t\t<div class=\"swiper-wrapper elementor-slides\">\n\t\t\t\t\t\t\t\t\t\t<div class=\"elementor-repeater-item-4504e50 swiper-slide\"><div class=\"swiper-slide-bg\" role=\"img\"><\/div><div class=\"swiper-slide-inner\" ><div class=\"swiper-slide-contents\"><div class=\"elementor-slide-heading\">Equipe Boletim Acau\u00e3<\/div><\/div><\/div><\/div><div class=\"elementor-repeater-item-c319ecf swiper-slide\"><div class=\"swiper-slide-bg\" role=\"img\"><\/div><div class=\"swiper-slide-inner\" ><div class=\"swiper-slide-contents\"><div class=\"elementor-slide-heading\">Allan Guimar\u00e3es<\/div><div class=\"elementor-slide-description\">Assistente Editorial. Bacharel em Rela\u00e7\u00f5es Internacionais (FECAP). Editor e produtor do blog \u201cUm olhar Internacional.\u201d\n<\/div><\/div><\/div><\/div><div class=\"elementor-repeater-item-16f4451 swiper-slide\"><div class=\"swiper-slide-bg\" role=\"img\"><\/div><div class=\"swiper-slide-inner\" ><div class=\"swiper-slide-contents\"><div class=\"elementor-slide-heading\">Yasmin Lohmann<\/div><div class=\"elementor-slide-description\">Assistente Editorial. Graduanda em Rela\u00e7\u00f5es Internacionais pela UERJ. Bolsista de extens\u00e3o do Laborat\u00f3rio de Ensino e Pesquisa em Rela\u00e7\u00f5es Internacionais (LabRI)<\/div><\/div><\/div><\/div>\t\t\t\t<\/div>\n\t\t\t\t\t\t\t\t\t\t\t\t\t\t\t<div class=\"swiper-pagination\"><\/div>\n\t\t\t\t\t\t\t\t\t\t\t\t\t\t\t\t<div class=\"elementor-swiper-button elementor-swiper-button-prev\" role=\"button\" tabindex=\"0\">\n\t\t\t\t\t\t\t<i aria-hidden=\"true\" class=\"eicon-chevron-left\"><\/i>\t\t\t\t\t\t\t<span class=\"elementor-screen-only\">Previous slide<\/span>\n\t\t\t\t\t\t<\/div>\n\t\t\t\t\t\t<div class=\"elementor-swiper-button elementor-swiper-button-next\" role=\"button\" tabindex=\"0\">\n\t\t\t\t\t\t\t<i aria-hidden=\"true\" class=\"eicon-chevron-right\"><\/i>\t\t\t\t\t\t\t<span class=\"elementor-screen-only\">Next slide<\/span>\n\t\t\t\t\t\t<\/div>\n\t\t\t\t\t\t\t\t\t\t\t\t<\/div>\n\t\t<\/div>\n\t\t\t\t<\/div>\n\t\t\t\t<\/div>\n\t\t\t\t\t<\/div>\n\t\t<\/div>\n\t\t\t\t\t<\/div>\n\t\t<\/section>\n\t\t\t\t<section class=\"elementor-section elementor-top-section elementor-element elementor-element-a7e5d17 elementor-section-boxed elementor-section-height-default elementor-section-height-default\" data-id=\"a7e5d17\" data-element_type=\"section\" data-settings=\"{&quot;background_background&quot;:&quot;classic&quot;}\">\n\t\t\t\t\t\t<div class=\"elementor-container elementor-column-gap-default\">\n\t\t\t\t\t<div class=\"elementor-column elementor-col-100 elementor-top-column elementor-element elementor-element-e5dad48\" data-id=\"e5dad48\" data-element_type=\"column\">\n\t\t\t<div class=\"elementor-widget-wrap elementor-element-populated\">\n\t\t\t\t\t\t<div class=\"elementor-element elementor-element-1de082b elementor-widget elementor-widget-spacer\" data-id=\"1de082b\" data-element_type=\"widget\" data-widget_type=\"spacer.default\">\n\t\t\t\t<div class=\"elementor-widget-container\">\n\t\t\t\t\t<div class=\"elementor-spacer\">\n\t\t\t<div class=\"elementor-spacer-inner\"><\/div>\n\t\t<\/div>\n\t\t\t\t<\/div>\n\t\t\t\t<\/div>\n\t\t\t\t<div class=\"elementor-element elementor-element-95b15a8 elementor-widget elementor-widget-heading\" data-id=\"95b15a8\" data-element_type=\"widget\" data-widget_type=\"heading.default\">\n\t\t\t\t<div class=\"elementor-widget-container\">\n\t\t\t<h2 class=\"elementor-heading-title elementor-size-default\">Nossa Motiva\u00e7\u00e3o<\/h2>\t\t<\/div>\n\t\t\t\t<\/div>\n\t\t\t\t<div class=\"elementor-element elementor-element-30c7ace elementor-widget elementor-widget-spacer\" data-id=\"30c7ace\" data-element_type=\"widget\" data-widget_type=\"spacer.default\">\n\t\t\t\t<div class=\"elementor-widget-container\">\n\t\t\t\t\t<div class=\"elementor-spacer\">\n\t\t\t<div class=\"elementor-spacer-inner\"><\/div>\n\t\t<\/div>\n\t\t\t\t<\/div>\n\t\t\t\t<\/div>\n\t\t\t\t<section class=\"elementor-section elementor-inner-section elementor-element elementor-element-78fd6c3 elementor-section-full_width elementor-section-height-default elementor-section-height-default\" data-id=\"78fd6c3\" data-element_type=\"section\">\n\t\t\t\t\t\t<div class=\"elementor-container elementor-column-gap-default\">\n\t\t\t\t\t<div class=\"elementor-column elementor-col-33 elementor-inner-column elementor-element elementor-element-b050209\" data-id=\"b050209\" data-element_type=\"column\">\n\t\t\t<div class=\"elementor-widget-wrap elementor-element-populated\">\n\t\t\t\t\t\t<div class=\"elementor-element elementor-element-c02d621 elementor-view-default elementor-position-top elementor-mobile-position-top elementor-widget elementor-widget-icon-box\" data-id=\"c02d621\" data-element_type=\"widget\" data-widget_type=\"icon-box.default\">\n\t\t\t\t<div class=\"elementor-widget-container\">\n\t\t\t\t\t<div class=\"elementor-icon-box-wrapper\">\n\n\t\t\t\t\t\t<div class=\"elementor-icon-box-icon\">\n\t\t\t\t<span  class=\"elementor-icon elementor-animation-\">\n\t\t\t\t<i aria-hidden=\"true\" class=\"far fa-building\"><\/i>\t\t\t\t<\/span>\n\t\t\t<\/div>\n\t\t\t\n\t\t\t\t\t\t<div class=\"elementor-icon-box-content\">\n\n\t\t\t\t\t\t\t\t\t<h3 class=\"elementor-icon-box-title\">\n\t\t\t\t\t\t<span  >\n\t\t\t\t\t\t\tMiss\u00e3o\t\t\t\t\t\t<\/span>\n\t\t\t\t\t<\/h3>\n\t\t\t\t\n\t\t\t\t\t\t\t\t\t<p class=\"elementor-icon-box-description\">\n\t\t\t\t\t\tPromover a divulga\u00e7\u00e3o de conte\u00fados acad\u00eamicos da \u00e1rea de Rela\u00e7\u00f5es Internacionais para o p\u00fablico de fora da universidade e que tem interesse em saber mais sobre esse campo do conhecimento.\t\t\t\t\t<\/p>\n\t\t\t\t\n\t\t\t<\/div>\n\t\t\t\n\t\t<\/div>\n\t\t\t\t<\/div>\n\t\t\t\t<\/div>\n\t\t\t\t\t<\/div>\n\t\t<\/div>\n\t\t\t\t<div class=\"elementor-column elementor-col-33 elementor-inner-column elementor-element elementor-element-0c2236f\" data-id=\"0c2236f\" data-element_type=\"column\">\n\t\t\t<div class=\"elementor-widget-wrap elementor-element-populated\">\n\t\t\t\t\t\t<div class=\"elementor-element elementor-element-2e6009c elementor-view-default elementor-position-top elementor-mobile-position-top elementor-widget elementor-widget-icon-box\" data-id=\"2e6009c\" data-element_type=\"widget\" data-widget_type=\"icon-box.default\">\n\t\t\t\t<div class=\"elementor-widget-container\">\n\t\t\t\t\t<div class=\"elementor-icon-box-wrapper\">\n\n\t\t\t\t\t\t<div class=\"elementor-icon-box-icon\">\n\t\t\t\t<span  class=\"elementor-icon elementor-animation-\">\n\t\t\t\t<i aria-hidden=\"true\" class=\"far fa-eye\"><\/i>\t\t\t\t<\/span>\n\t\t\t<\/div>\n\t\t\t\n\t\t\t\t\t\t<div class=\"elementor-icon-box-content\">\n\n\t\t\t\t\t\t\t\t\t<h3 class=\"elementor-icon-box-title\">\n\t\t\t\t\t\t<span  >\n\t\t\t\t\t\t\tVis\u00e3o\t\t\t\t\t\t<\/span>\n\t\t\t\t\t<\/h3>\n\t\t\t\t\n\t\t\t\t\t\t\t\t\t<p class=\"elementor-icon-box-description\">\n\t\t\t\t\t\tAlcan\u00e7ar o maior p\u00fablico poss\u00edvel, tornando o impacto do projeto cada vez maior. Fazer do boletim um ve\u00edculo autossuficiente de dissemina\u00e7\u00e3o de informa\u00e7\u00f5es.\t\t\t\t\t<\/p>\n\t\t\t\t\n\t\t\t<\/div>\n\t\t\t\n\t\t<\/div>\n\t\t\t\t<\/div>\n\t\t\t\t<\/div>\n\t\t\t\t\t<\/div>\n\t\t<\/div>\n\t\t\t\t<div class=\"elementor-column elementor-col-33 elementor-inner-column elementor-element elementor-element-c2bb1dc\" data-id=\"c2bb1dc\" data-element_type=\"column\">\n\t\t\t<div class=\"elementor-widget-wrap elementor-element-populated\">\n\t\t\t\t\t\t<div class=\"elementor-element elementor-element-65d4df1 elementor-view-default elementor-position-top elementor-mobile-position-top elementor-widget elementor-widget-icon-box\" data-id=\"65d4df1\" data-element_type=\"widget\" data-widget_type=\"icon-box.default\">\n\t\t\t\t<div class=\"elementor-widget-container\">\n\t\t\t\t\t<div class=\"elementor-icon-box-wrapper\">\n\n\t\t\t\t\t\t<div class=\"elementor-icon-box-icon\">\n\t\t\t\t<span  class=\"elementor-icon elementor-animation-\">\n\t\t\t\t<i aria-hidden=\"true\" class=\"far fa-gem\"><\/i>\t\t\t\t<\/span>\n\t\t\t<\/div>\n\t\t\t\n\t\t\t\t\t\t<div class=\"elementor-icon-box-content\">\n\n\t\t\t\t\t\t\t\t\t<h3 class=\"elementor-icon-box-title\">\n\t\t\t\t\t\t<span  >\n\t\t\t\t\t\t\tValores\t\t\t\t\t\t<\/span>\n\t\t\t\t\t<\/h3>\n\t\t\t\t\n\t\t\t\t\t\t\t\t\t<p class=\"elementor-icon-box-description\">\n\t\t\t\t\t\tPromover o desenvolvimento dos membros que atuam no Boletim. Compromisso com a verdade e com a excel\u00eancia. Produ\u00e7\u00e3o \u00e9tica e  recorrente de conte\u00fados. \t\t\t\t\t<\/p>\n\t\t\t\t\n\t\t\t<\/div>\n\t\t\t\n\t\t<\/div>\n\t\t\t\t<\/div>\n\t\t\t\t<\/div>\n\t\t\t\t\t<\/div>\n\t\t<\/div>\n\t\t\t\t\t<\/div>\n\t\t<\/section>\n\t\t\t\t<div class=\"elementor-element elementor-element-5349d65 elementor-widget elementor-widget-spacer\" data-id=\"5349d65\" data-element_type=\"widget\" data-widget_type=\"spacer.default\">\n\t\t\t\t<div class=\"elementor-widget-container\">\n\t\t\t\t\t<div class=\"elementor-spacer\">\n\t\t\t<div class=\"elementor-spacer-inner\"><\/div>\n\t\t<\/div>\n\t\t\t\t<\/div>\n\t\t\t\t<\/div>\n\t\t\t\t\t<\/div>\n\t\t<\/div>\n\t\t\t\t\t<\/div>\n\t\t<\/section>\n\t\t\t\t<\/div>\n\t\t","protected":false},"excerpt":{"rendered":"<p>Membros Equipe do Boletim Cristiane LucenaEditora do Boletim Acau\u00e3. Professora Associada do Instituto de Rela\u00e7\u00f5es Internacionais da USP e pesquisadora do CAENI. Possui doutorado em Ci\u00eancia Pol\u00edtica.Ana Paula TostesEditora do Boletim Acau\u00e3. Professora titular e coordenadora do projeto de extens\u00e3o Boletim de Rela\u00e7\u00f5es Internacionais junto \u00e0 Universidade do Estado do Rio de Janeiro (UERJ). Possui [&hellip;]<\/p>\n","protected":false},"author":24211,"featured_media":0,"parent":0,"menu_order":0,"comment_status":"closed","ping_status":"closed","template":"elementor_header_footer","meta":{"footnotes":"","_links_to":"","_links_to_target":""},"class_list":["post-1299","page","type-page","status-publish","hentry"],"_links":{"self":[{"href":"https:\/\/sites.usp.br\/acaua\/wp-json\/wp\/v2\/pages\/1299","targetHints":{"allow":["GET"]}}],"collection":[{"href":"https:\/\/sites.usp.br\/acaua\/wp-json\/wp\/v2\/pages"}],"about":[{"href":"https:\/\/sites.usp.br\/acaua\/wp-json\/wp\/v2\/types\/page"}],"author":[{"embeddable":true,"href":"https:\/\/sites.usp.br\/acaua\/wp-json\/wp\/v2\/users\/24211"}],"replies":[{"embeddable":true,"href":"https:\/\/sites.usp.br\/acaua\/wp-json\/wp\/v2\/comments?post=1299"}],"version-history":[{"count":4,"href":"https:\/\/sites.usp.br\/acaua\/wp-json\/wp\/v2\/pages\/1299\/revisions"}],"predecessor-version":[{"id":2512,"href":"https:\/\/sites.usp.br\/acaua\/wp-json\/wp\/v2\/pages\/1299\/revisions\/2512"}],"wp:attachment":[{"href":"https:\/\/sites.usp.br\/acaua\/wp-json\/wp\/v2\/media?parent=1299"}],"curies":[{"name":"wp","href":"https:\/\/api.w.org\/{rel}","templated":true}]}}