{"id":1341,"date":"2022-11-12T21:01:38","date_gmt":"2022-11-13T00:01:38","guid":{"rendered":"https:\/\/acaua.info\/?page_id=1341"},"modified":"2026-02-25T15:54:42","modified_gmt":"2026-02-25T18:54:42","slug":"expediente","status":"publish","type":"page","link":"https:\/\/sites.usp.br\/acaua\/expediente\/","title":{"rendered":"Expediente"},"content":{"rendered":"\t\t<div data-elementor-type=\"wp-page\" data-elementor-id=\"1341\" class=\"elementor elementor-1341\" data-elementor-post-type=\"page\">\n\t\t\t\t\t\t<section class=\"elementor-section elementor-top-section elementor-element elementor-element-1f78aeb elementor-section-full_width elementor-section-height-default elementor-section-height-default\" data-id=\"1f78aeb\" data-element_type=\"section\" data-settings=\"{&quot;background_background&quot;:&quot;gradient&quot;}\">\n\t\t\t\t\t\t<div class=\"elementor-container elementor-column-gap-default\">\n\t\t\t\t\t<div class=\"elementor-column elementor-col-100 elementor-top-column elementor-element elementor-element-c65bf05\" data-id=\"c65bf05\" data-element_type=\"column\">\n\t\t\t<div class=\"elementor-widget-wrap elementor-element-populated\">\n\t\t\t\t\t\t<section class=\"elementor-section elementor-inner-section elementor-element elementor-element-06921bb elementor-section-boxed elementor-section-height-default elementor-section-height-default\" data-id=\"06921bb\" data-element_type=\"section\">\n\t\t\t\t\t\t<div class=\"elementor-container elementor-column-gap-default\">\n\t\t\t\t\t<div class=\"elementor-column elementor-col-100 elementor-inner-column elementor-element elementor-element-bca4d4f\" data-id=\"bca4d4f\" data-element_type=\"column\">\n\t\t\t<div class=\"elementor-widget-wrap elementor-element-populated\">\n\t\t\t\t\t\t<div class=\"elementor-element elementor-element-6d1c764 elementor-widget elementor-widget-heading\" data-id=\"6d1c764\" data-element_type=\"widget\" data-widget_type=\"heading.default\">\n\t\t\t\t<div class=\"elementor-widget-container\">\n\t\t\t<h2 class=\"elementor-heading-title elementor-size-default\">Equipe<\/h2>\t\t<\/div>\n\t\t\t\t<\/div>\n\t\t\t\t\t<\/div>\n\t\t<\/div>\n\t\t\t\t\t<\/div>\n\t\t<\/section>\n\t\t\t\t\t<\/div>\n\t\t<\/div>\n\t\t\t\t\t<\/div>\n\t\t<\/section>\n\t\t\t\t<section class=\"elementor-section elementor-top-section elementor-element elementor-element-f0f07b7 elementor-section-boxed elementor-section-height-default elementor-section-height-default\" data-id=\"f0f07b7\" data-element_type=\"section\">\n\t\t\t\t\t\t<div class=\"elementor-container elementor-column-gap-default\">\n\t\t\t\t\t<div class=\"elementor-column elementor-col-100 elementor-top-column elementor-element elementor-element-0ecf0e1\" data-id=\"0ecf0e1\" data-element_type=\"column\">\n\t\t\t<div class=\"elementor-widget-wrap elementor-element-populated\">\n\t\t\t\t\t\t<div class=\"elementor-element elementor-element-f6acb61 elementor-widget elementor-widget-text-editor\" data-id=\"f6acb61\" data-element_type=\"widget\" data-widget_type=\"text-editor.default\">\n\t\t\t\t<div class=\"elementor-widget-container\">\n\t\t\t\t\t\t\t<p><span style=\"color: #d5c067; font-size: 30pt;\">Editores:<\/span><\/p><p><strong>Ana Paula Tostes: <\/strong>Professora do Instituto de Estudos Sociais e Pol\u00edticos (IESP-UERJ) e do Departamento de Rela\u00e7\u00f5es Internacionais da UERJ. <span style=\"color: var( --e-global-color-text ); font-family: var( --e-global-typography-text-font-family ), Sans-serif; font-weight: var( --e-global-typography-text-font-weight ); font-size: 1rem;\">\u00a0<\/span><span style=\"color: var( --e-global-color-text ); font-family: var( --e-global-typography-text-font-family ), Sans-serif; font-weight: var( --e-global-typography-text-font-weight ); font-size: 1rem;\">\u00c9 atualmente Senior Fellow\u00a0 do Programa EUROPA do Centro Brasileiro de Rela\u00e7\u00f5es Internacionais (CEBRI) e<\/span><span style=\"color: var( --e-global-color-text ); font-family: var( --e-global-typography-text-font-family ), Sans-serif; font-size: 1rem;\"><span style=\"font-weight: var( --e-global-typography-text-font-weight );\"> pesquisadora da FAPERJ e CNPq (PQ-N\u00edvel 2). \u00c9 membro do Observat\u00f3rio Multidisciplinar das Mudan\u00e7as Clim\u00e1ticas (OIMC), do Acau\u00e3 (Boletim de Rela\u00e7\u00f5es Internacionais) e coordenadora do LabRI\/UERJ. <\/span><em><b>Curr\u00edculo Lattes: <a href=\"http:\/\/lattes.cnpq.br\/3005504663313782\" target=\"_blank\" rel=\"noopener\">http:\/\/lattes.cnpq.br\/3005504663313782<\/a><\/b><\/em><\/span><\/p><p><b> Elia Elisa Cia Alves:\u00a0<\/b><span style=\"color: var( --e-global-color-text );\">Professora no Departamento de Rela\u00e7\u00f5es Internacionais (DRI) e no Programa de P\u00f3s-Gradua\u00e7\u00e3o em Governan\u00e7a P\u00fablica e Coopera\u00e7\u00e3o Internacional (PGPCI) da Universidade Federal da Para\u00edba &#8211; UFPB (Brasil). Sua produ\u00e7\u00e3o cient\u00edfica abrange mais de 30 artigos e cap\u00edtulos publicados em revistas e livros de alto impacto internacional. Seus interesses de pesquisa concentram-se nas \u00e1reas de economia pol\u00edtica ambiental internacional, com foco nos temas de energia e governan\u00e7a marinha, al\u00e9m de m\u00e9todos de ensino e pesquisa.\u00a0<\/span><strong style=\"color: var( --e-global-color-text );\"><em>Curr\u00edculo Lattes: <a href=\"http:\/\/lattes.cnpq.br\/0278206814842433\" target=\"_blank\" rel=\"noopener\">http:\/\/lattes.cnpq.br\/0278206814842433<\/a><\/em><\/strong><\/p><p><strong>Cristiane de Andrade Lucena Carneiro:<\/strong> \u00c9 professora associada do Instituto de Rela\u00e7\u00f5es Internacionais da Universidade de S\u00e3o Paulo.\u00a0 Atualmente \u00e9 membro da Rede sobre a Regula\u00e7\u00e3o do Com\u00e9rcio Internacional (associada \u00e0 C\u00e1tedra da OMC) e do Inter-American Human Rights Network. \u00c9 pesquisadora do NECI e do CAENI, na Universidade de S\u00e3o Paulo. <strong><em>Curr\u00edculo Lattes: <a href=\"http:\/\/lattes.cnpq.br\/4365661511320432\" target=\"_blank\" rel=\"noopener\">http:\/\/lattes.cnpq.br\/4365661511320432<\/a><\/em><\/strong><\/p><p><strong>Juliana Viggiano: <\/strong>Professora Adjunta do Departamento de Economia e Rela\u00e7\u00f5es Internacionais da Universidade Federal de Santa Catarina (UFSC), pesquisadora do Grupo de Pesquisa e Extens\u00e3o em Seguran\u00e7a Internacional e Defesa (GESED) da UFSC, do N\u00facleo de Pesquisa em Rela\u00e7\u00f5es Internacionais (NUPRI) da Universidade de S\u00e3o Paulo e do Observat\u00f3rio de Direitos Humanos do Instituto Mem\u00f3ria e Direitos Humanos da UFSC<strong>. <em>Curr\u00edculo Lattes: <a href=\"http:\/\/lattes.cnpq.br\/4212738313620714\" target=\"_blank\" rel=\"noopener\">http:\/\/lattes.cnpq.br\/4212738313620714<\/a><\/em><\/strong><\/p><p><strong>Marcelo de Almeida Medeiros: <\/strong>Professor Titular de Pol\u00edtica Internacional Comparada do Departamento de Ci\u00eancia Pol\u00edtica da Universidade Federal de Pernambuco. Atua como Docente Permanente no Programa de P\u00f3s-gradua\u00e7\u00e3o em Ci\u00eancia Pol\u00edtica &#8211; PPGCP\/UFPE e no Programa de P\u00f3s-Gradua\u00e7\u00e3o em Direito &#8211; PPGD\/UFPE. \u00c9 L\u00edder do N\u00facleo de Estudos de Pol\u00edtica Comparada e Rela\u00e7\u00f5es Internacionais &#8211; NEPI\/UFPE\/CNPq. <strong><em>Curr\u00edculo Lattes: <a href=\"http:\/\/lattes.cnpq.br\/2986573450358373\" target=\"_blank\" rel=\"noopener\">http:\/\/lattes.cnpq.br\/2986573450358373<\/a><\/em><\/strong><\/p><p><strong>Alexsandro Eug\u00eanio Pereira<\/strong>: Professor Associado do Departamento de Ci\u00eancia Pol\u00edtica da universidade Federal do Paran\u00e1 (UFPR). Foi Coordenador do Programa de P\u00f3s-Gradua\u00e7\u00e3o em Ci\u00eancia Pol\u00edtica da Universidade Federal do Paran\u00e1 (2015-2017) e Chefe do Departamento de Ci\u00eancia Pol\u00edtica (2020-2022). Orientou 38 disserta\u00e7\u00f5es de mestrado e 11 teses de doutorado. Atualmente, junto com a Professora Andrea Ribeiro Hoffmann (PUC\/RJ), coordenou a \u00c1rea Tem\u00e1tica de Pol\u00edtica Internacional da Associa\u00e7\u00e3o Brasileira de Ci\u00eancia Pol\u00edtica (ABCP) (2022-2024). Foi membro do Conselho Fiscal da Associa\u00e7\u00e3o Brasileira de Ci\u00eancia Pol\u00edtica (2022-2024). Coordena o N\u00facleo de Pesquisa em Rela\u00e7\u00f5es Internacionais (<a href=\"http:\/\/www.humanas.ufpr.br\/portal\/nepri\/\" target=\"_blank\" rel=\"noopener\">NEPRI\/UFPR<\/a>) e \u00e9 Editor-Chefe da <a href=\"https:\/\/revistas.ufpr.br\/conjgloblal\" target=\"_blank\" rel=\"noopener\">Revista Conjuntura Global<\/a>. \u00c9 pesquisador da \u00e1rea de Ci\u00eancia Pol\u00edtica, com \u00eanfase em Rela\u00e7\u00f5es Internacionais.\u00a0<strong><em>Curr\u00edculo Lattes: <a href=\"http:\/\/lattes.cnpq.br\/5016812257747289\" target=\"_blank\" rel=\"noopener\">http:\/\/lattes.cnpq.br\/5016812257747289<\/a><\/em><\/strong><\/p><p><span style=\"color: #d5c067; font-size: 27pt;\"><strong>Assistentes editoriais:<\/strong><\/span><\/p><p><strong>Anna Carolina K\u00e4hler:<\/strong> Mestranda em Rela\u00e7\u00f5es Internacionais pelo IRI-USP e advogada.<\/p><p><strong>Ana Luiza:<\/strong> \u00a0Cursa Rela\u00e7\u00f5es Internacionais na UERJ; Bolsista do Acau\u00e3.<\/p><p><strong>Dominique Laudino:<\/strong> \u00a0Cursa Rela\u00e7\u00f5es Internacionais na UERJ; Bolsista do Acau\u00e3.<\/p><p><strong>Enzo Vignone:<\/strong> \u00a0Cursa Rela\u00e7\u00f5es Internacionais na USP; Volunt\u00e1rio no Acau\u00e3.<\/p><p><strong>Fernanda Amorim:<\/strong> Cursa Rela\u00e7\u00f5es Internacionais na USP; Bolsista Acau\u00e3.<\/p><p><strong>J\u00falia Roberta Ara de Lima<\/strong>: Cursa rela\u00e7\u00f5es Internacionais na USP; Gestora do website; Bolsista Acau\u00e3.<\/p><p><strong>Vitor Nicoletti:<\/strong> Cursa Rela\u00e7\u00f5es Internacionais na USP; Bolsista Acau\u00e3.<\/p><p><strong>Marcos Paulo Komatsu:<\/strong> Possui Mestrado em Rela\u00e7\u00f5es Internacionais (IRI\/USP) e MBA (FGV).<\/p><p><strong>Rafael Miranda:<\/strong> Aluno do Programa de P\u00f3s-gradua\u00e7\u00e3o em em Rela\u00e7\u00f5es Internacionais da USP.<\/p><p><strong>Mariane Monteiro:<\/strong> Doutoranda em Demografia (UFMG).<\/p><p><strong>Maria Luiza Rosetto Corr\u00eaa<\/strong>: Cursa Rela\u00e7\u00f5es Internacionais na USP; Bolsista Acau\u00e3.<\/p><p><strong>Maur\u00edcio Eleut\u00e9rio<\/strong>: Cursa Rela\u00e7\u00f5es Internacionais na USP; Volunt\u00e1rio no Acau\u00e3.<\/p><p><strong>Giseli Adornato:<\/strong> Atualmente \u00e9 Chefe da Biblioteca do IRI\/USP.<\/p><p><strong>Maria Marta Nascimento:<\/strong> Trabalha na Biblioteca do IRI\/USP.<\/p><p><b>\u00a0<\/b><\/p><p><span style=\"color: #d5c067; font-size: 30pt;\"><strong>Per\u00edodicidade da Publica\u00e7\u00e3o:<\/strong><\/span><\/p><p><strong>Trimestral ( meses de mar\u00e7o, junho, setembro e dezembro).<\/strong><\/p><p><strong>Cada n\u00famero \u00e9 produzido por um\u00a0 dos 5 editores em um esquema de rotatividade. Ap\u00f3s concluir e publicar o seu n\u00famero, o editor s\u00f3 voltar\u00e1 a publicar um novo n\u00famero ap\u00f3s todos os outros publicarem, seguindo o esquema trimestral de publica\u00e7\u00f5es.<\/strong><\/p><p><span style=\"color: #d5c067; font-size: 30pt;\"><strong>Autor Corporativo:<\/strong><\/span><\/p><p>Instituto de Rela\u00e7\u00f5es Internacionais da Universidade de S\u00e3o Paulo:<br \/>Av. Prof. L\u00facio Martins Rodrigues, s\/n, travessas 4 e 5 &#8211; Cidade Universit\u00e1ria &#8211; CEP: 05508-<br \/>020 &#8211; S\u00e3o Paulo-SP &#8211; Brasil<\/p><p><span style=\"color: #d5c067; font-size: 30pt;\"><strong>Contato:<\/strong><\/span><\/p><p>Pode ser feito atrav\u00e9s de nosso <a href=\"https:\/\/www.instagram.com\/boletimacaua\/\" target=\"_blank\" rel=\"noopener\">instagram<\/a> ou por meio do endere\u00e7o de email: editoracaua@gmail.com<\/p>\t\t\t\t\t\t<\/div>\n\t\t\t\t<\/div>\n\t\t\t\t\t<\/div>\n\t\t<\/div>\n\t\t\t\t\t<\/div>\n\t\t<\/section>\n\t\t\t\t<\/div>\n\t\t","protected":false},"excerpt":{"rendered":"<p>Equipe Editores: Ana Paula Tostes: Professora do Instituto de Estudos Sociais e Pol\u00edticos (IESP-UERJ) e do Departamento de Rela\u00e7\u00f5es Internacionais da UERJ. \u00a0\u00c9 atualmente Senior Fellow\u00a0 do Programa EUROPA do Centro Brasileiro de Rela\u00e7\u00f5es Internacionais (CEBRI) e pesquisadora da FAPERJ e CNPq (PQ-N\u00edvel 2). \u00c9 membro do Observat\u00f3rio Multidisciplinar das Mudan\u00e7as Clim\u00e1ticas (OIMC), do Acau\u00e3 [&hellip;]<\/p>\n","protected":false},"author":24211,"featured_media":0,"parent":0,"menu_order":0,"comment_status":"closed","ping_status":"closed","template":"elementor_header_footer","meta":{"footnotes":"","_links_to":"","_links_to_target":""},"class_list":["post-1341","page","type-page","status-publish","hentry"],"_links":{"self":[{"href":"https:\/\/sites.usp.br\/acaua\/wp-json\/wp\/v2\/pages\/1341","targetHints":{"allow":["GET"]}}],"collection":[{"href":"https:\/\/sites.usp.br\/acaua\/wp-json\/wp\/v2\/pages"}],"about":[{"href":"https:\/\/sites.usp.br\/acaua\/wp-json\/wp\/v2\/types\/page"}],"author":[{"embeddable":true,"href":"https:\/\/sites.usp.br\/acaua\/wp-json\/wp\/v2\/users\/24211"}],"replies":[{"embeddable":true,"href":"https:\/\/sites.usp.br\/acaua\/wp-json\/wp\/v2\/comments?post=1341"}],"version-history":[{"count":4,"href":"https:\/\/sites.usp.br\/acaua\/wp-json\/wp\/v2\/pages\/1341\/revisions"}],"predecessor-version":[{"id":2493,"href":"https:\/\/sites.usp.br\/acaua\/wp-json\/wp\/v2\/pages\/1341\/revisions\/2493"}],"wp:attachment":[{"href":"https:\/\/sites.usp.br\/acaua\/wp-json\/wp\/v2\/media?parent=1341"}],"curies":[{"name":"wp","href":"https:\/\/api.w.org\/{rel}","templated":true}]}}