{"id":348,"date":"2021-03-15T09:23:58","date_gmt":"2021-03-15T12:23:58","guid":{"rendered":"https:\/\/acaua.info\/?page_id=348"},"modified":"2026-02-25T15:59:48","modified_gmt":"2026-02-25T18:59:48","slug":"quem-somos","status":"publish","type":"page","link":"https:\/\/sites.usp.br\/acaua\/quem-somos\/","title":{"rendered":"Apresenta\u00e7\u00e3o"},"content":{"rendered":"\t\t<div data-elementor-type=\"wp-page\" data-elementor-id=\"348\" class=\"elementor elementor-348\" data-elementor-post-type=\"page\">\n\t\t\t\t\t\t<section class=\"elementor-section elementor-top-section elementor-element elementor-element-4ba2bcd4 elementor-section-boxed elementor-section-height-default elementor-section-height-default\" data-id=\"4ba2bcd4\" data-element_type=\"section\">\n\t\t\t\t\t\t<div class=\"elementor-container elementor-column-gap-default\">\n\t\t\t\t\t<div class=\"elementor-column elementor-col-100 elementor-top-column elementor-element elementor-element-35abd8ad\" data-id=\"35abd8ad\" data-element_type=\"column\">\n\t\t\t<div class=\"elementor-widget-wrap elementor-element-populated\">\n\t\t\t\t\t\t<div class=\"elementor-element elementor-element-e18ba1b elementor-widget elementor-widget-heading\" data-id=\"e18ba1b\" data-element_type=\"widget\" data-widget_type=\"heading.default\">\n\t\t\t\t<div class=\"elementor-widget-container\">\n\t\t\t<h2 class=\"elementor-heading-title elementor-size-default\"><div data-id=\"e17cd34\" data-element_type=\"widget\" data-widget_type=\"theme-archive-title.default\" style=\"display: var(--page-title-display);width: 1120px;, sans-serif;font-size: 16px;font-weight: 400;white-space: normal\"><div style=\"margin: 30px 0px 26px\"><h1 style=\"font-family: var( --e-global-typography-primary-font-family ), Sans-serif;font-weight: var( --e-global-typography-primary-font-weight )\">Apresenta\u00e7\u00e3o<\/h1><\/div><\/div><div data-id=\"ebd3f64\" data-element_type=\"widget\" data-settings=\"{&quot;archive_cards_columns&quot;:&quot;3&quot;,&quot;archive_cards_columns_tablet&quot;:&quot;2&quot;,&quot;archive_cards_columns_mobile&quot;:&quot;1&quot;,&quot;archive_cards_row_gap&quot;:{&quot;unit&quot;:&quot;px&quot;,&quot;size&quot;:35,&quot;sizes&quot;:[]}}\" data-widget_type=\"archive-posts.archive_cards\" style=\"width: 1120px;--grid-column-gap:30px;--grid-row-gap:35px;, sans-serif;font-size: 16px;font-weight: 400;white-space: normal\"><div><div><article><div style=\"width: 353.328px\"><a href=\"https:\/\/sites.usp.br\/acaua\/existem-muitas-variacoes-das-passagens-do-lorem-ipsum-disponiveis\/\" style=\"width: 353.328px\"><\/a><\/div><\/article><\/div><\/div><\/div><\/h2>\t\t<\/div>\n\t\t\t\t<\/div>\n\t\t\t\t\t<\/div>\n\t\t<\/div>\n\t\t\t\t\t<\/div>\n\t\t<\/section>\n\t\t\t\t<section class=\"elementor-section elementor-top-section elementor-element elementor-element-2b7cfd1 elementor-section-boxed elementor-section-height-default elementor-section-height-default\" data-id=\"2b7cfd1\" data-element_type=\"section\">\n\t\t\t\t\t\t<div class=\"elementor-container elementor-column-gap-default\">\n\t\t\t\t\t<div class=\"elementor-column elementor-col-100 elementor-top-column elementor-element elementor-element-f8ca10d\" data-id=\"f8ca10d\" data-element_type=\"column\">\n\t\t\t<div class=\"elementor-widget-wrap elementor-element-populated\">\n\t\t\t\t\t\t<div class=\"elementor-element elementor-element-4f40973 elementor-widget elementor-widget-text-editor\" data-id=\"4f40973\" data-element_type=\"widget\" data-settings=\"{&quot;motion_fx_motion_fx_scrolling&quot;:&quot;yes&quot;,&quot;motion_fx_translateY_effect&quot;:&quot;yes&quot;,&quot;motion_fx_translateY_affectedRange&quot;:{&quot;unit&quot;:&quot;%&quot;,&quot;size&quot;:&quot;&quot;,&quot;sizes&quot;:{&quot;start&quot;:9,&quot;end&quot;:53}},&quot;motion_fx_translateY_speed&quot;:{&quot;unit&quot;:&quot;px&quot;,&quot;size&quot;:4,&quot;sizes&quot;:[]},&quot;motion_fx_devices&quot;:[&quot;desktop&quot;,&quot;tablet&quot;,&quot;mobile&quot;]}\" data-widget_type=\"text-editor.default\">\n\t\t\t\t<div class=\"elementor-widget-container\">\n\t\t\t\t\t\t\t<p>O Acau\u00e3 \u00e9 um ve\u00edculo de divulga\u00e7\u00e3o cient\u00edfica na \u00e1rea de Rela\u00e7\u00f5es Internacionais. Somos uma plataforma virtual que comenta produ\u00e7\u00e3o acad\u00eamica de maneira acess\u00edvel para indiv\u00edduos que t\u00eam interesse por temas de pol\u00edtica internacional, pol\u00edtica externa, rela\u00e7\u00f5es internacionais. Estamos comprometidos com a aproxima\u00e7\u00e3o entre a ci\u00eancia e a sociedade.<\/p>\n<p>Aqui voc\u00ea tamb\u00e9m encontra informa\u00e7\u00e3o sobre oportunidades de pesquisa, est\u00e1gio, interc\u00e2mbio, bolsas de estudo. O Boletim Acau\u00e3 cont\u00e9m um reposit\u00f3rio de relatos de experi\u00eancias na \u00e1rea de Rela\u00e7\u00f5es Internacionais, a exemplo de estudantes que fizeram interc\u00e2mbio e participaram de cursos de extens\u00e3o.<\/p>\n<p>A equipe do Acau\u00e3 conta com cinco editores, seis assistentes editoriais, e duas colaboradoras. A curadoria e produ\u00e7\u00e3o dos editoriais, das entrevistas, e do rol de oportunidades e experi\u00eancias \u00e9 feita pelos membros da Equipe Acau\u00e3. Esta plataforma virtual foi pensada como um destino para quem busca informa\u00e7\u00e3o na \u00e1rea de Rela\u00e7\u00f5es Internacionais, enquanto disciplina acad\u00eamica, \u00e1rea de estudos e campo de trabalho.<\/p>\n<p>O projeto \u00e9 o resultado de uma parceria entre a UFPB, a UERJ, a UFPE, a UFPR, a UFSC e a USP, com o apoio do Santander Universidades e da Pr\u00f3-Reitoria de Cultura e Extens\u00e3o Universit\u00e1ria da USP.<\/p>\t\t\t\t\t\t<\/div>\n\t\t\t\t<\/div>\n\t\t\t\t\t<\/div>\n\t\t<\/div>\n\t\t\t\t\t<\/div>\n\t\t<\/section>\n\t\t\t\t<section class=\"elementor-section elementor-top-section elementor-element elementor-element-ee05c0b elementor-hidden-desktop elementor-hidden-tablet elementor-hidden-mobile elementor-section-boxed elementor-section-height-default elementor-section-height-default\" data-id=\"ee05c0b\" data-element_type=\"section\">\n\t\t\t\t\t\t<div class=\"elementor-container elementor-column-gap-default\">\n\t\t\t\t\t<div class=\"elementor-column elementor-col-100 elementor-top-column elementor-element elementor-element-907e5a7\" data-id=\"907e5a7\" data-element_type=\"column\">\n\t\t\t<div class=\"elementor-widget-wrap elementor-element-populated\">\n\t\t\t\t\t\t<div class=\"elementor-element elementor-element-1c10bcc elementor--v-position-bottom elementor-arrows-position-outside elementor-pagination-position-outside elementor--h-position-center elementor-widget elementor-widget-slides\" data-id=\"1c10bcc\" data-element_type=\"widget\" data-settings=\"{&quot;motion_fx_motion_fx_scrolling&quot;:&quot;yes&quot;,&quot;motion_fx_translateY_effect&quot;:&quot;yes&quot;,&quot;motion_fx_translateY_affectedRange&quot;:{&quot;unit&quot;:&quot;%&quot;,&quot;size&quot;:&quot;&quot;,&quot;sizes&quot;:{&quot;start&quot;:0,&quot;end&quot;:61}},&quot;navigation&quot;:&quot;both&quot;,&quot;infinite&quot;:&quot;yes&quot;,&quot;transition&quot;:&quot;slide&quot;,&quot;transition_speed&quot;:500,&quot;motion_fx_translateY_speed&quot;:{&quot;unit&quot;:&quot;px&quot;,&quot;size&quot;:4,&quot;sizes&quot;:[]},&quot;motion_fx_devices&quot;:[&quot;desktop&quot;,&quot;tablet&quot;,&quot;mobile&quot;]}\" data-widget_type=\"slides.default\">\n\t\t\t\t<div class=\"elementor-widget-container\">\n\t\t\t\t\t<div class=\"elementor-swiper\">\n\t\t\t<div class=\"elementor-slides-wrapper elementor-main-swiper swiper\" dir=\"ltr\" data-animation=\"fadeInUp\">\n\t\t\t\t<div class=\"swiper-wrapper elementor-slides\">\n\t\t\t\t\t\t\t\t\t\t<div class=\"elementor-repeater-item-4504e50 swiper-slide\"><div class=\"swiper-slide-bg\" role=\"img\"><\/div><div class=\"swiper-slide-inner\" ><div class=\"swiper-slide-contents\"><div class=\"elementor-slide-heading\">Equipe Boletim Acau\u00e3<\/div><\/div><\/div><\/div><div class=\"elementor-repeater-item-b68bfc7 swiper-slide\"><div class=\"swiper-slide-bg\" role=\"img\"><\/div><div class=\"swiper-slide-inner\" ><div class=\"swiper-slide-contents\"><div class=\"elementor-slide-heading\">Cristiane Lucena<\/div><div class=\"elementor-slide-description\">Editora do Boletim Acau\u00e3. Professora Associada do Instituto de Rela\u00e7\u00f5es Internacionais da USP e pesquisadora do CAENI. Possui doutorado em Ci\u00eancia Pol\u00edtica.<\/div><\/div><\/div><\/div><div class=\"elementor-repeater-item-d15c0df swiper-slide\"><div class=\"swiper-slide-bg\" role=\"img\"><\/div><div class=\"swiper-slide-inner\" ><div class=\"swiper-slide-contents\"><div class=\"elementor-slide-heading\">Cl\u00e1udia Marconi<\/div><div class=\"elementor-slide-description\">Editora do Boletim Acau\u00e3. Professora da FECAP e da PUC\/SP. Titular da C\u00e1tedra Jean Monnet, coordena o Instituto Brasil - Uni\u00e3o Europeia. Possui doutorado em Ci\u00eancia Pol\u00edtica.<\/div><\/div><\/div><\/div><div class=\"elementor-repeater-item-a40a2f5 swiper-slide\"><div class=\"swiper-slide-bg\" role=\"img\"><\/div><div class=\"swiper-slide-inner\" ><div class=\"swiper-slide-contents\"><div class=\"elementor-slide-heading\">Marcelo de Almeida Medeiros<\/div><div class=\"elementor-slide-description\">Editor do Boletim Acau\u00e3. Professor Titular do Departamento de Ci\u00eancia Pol\u00edtica da UFPE e Pesquisador PQ-1C do CNPq. Possui doutorado em Ci\u00eancia Pol\u00edtica.\n<\/div><\/div><\/div><\/div><div class=\"elementor-repeater-item-e71b697 swiper-slide\"><div class=\"swiper-slide-bg\" role=\"img\"><\/div><div class=\"swiper-slide-inner\" ><div class=\"swiper-slide-contents\"><div class=\"elementor-slide-heading\">Ana Paula Tostes<\/div><div class=\"elementor-slide-description\">Editora do Boletim Acau\u00e3. Professora Associada do Departamento de Rela\u00e7\u00f5es Internacionais da UERJ e Membro Senior do N\u00facleo Europa do CEBRI.  Possui doutorado em Ci\u00eancia Pol\u00edtica.<\/div><\/div><\/div><\/div><div class=\"elementor-repeater-item-ef2eb44 swiper-slide\"><div class=\"swiper-slide-bg\" role=\"img\"><\/div><div class=\"swiper-slide-inner\" ><div class=\"swiper-slide-contents\"><div class=\"elementor-slide-heading\">Juliana Viggiano<\/div><div class=\"elementor-slide-description\">Editora do Boletim Acau\u00e3. Professora Adjunta do Departamento de Economia e Rela\u00e7\u00f5es Internacionais da UFSC e Pesquisadora do NUPRI e do IMDH. Possui doutorado em Ci\u00eancia Pol\u00edtica.<\/div><\/div><\/div><\/div><div class=\"elementor-repeater-item-b5d67b0 swiper-slide\"><div class=\"swiper-slide-bg\" role=\"img\"><\/div><div class=\"swiper-slide-inner\" ><div class=\"swiper-slide-contents\"><div class=\"elementor-slide-heading\">Iana Maria da Hora<\/div><div class=\"elementor-slide-description\">Assistente Editorial do Boletim Acau\u00e3. Cursa Rela\u00e7\u00f5es Internacionais na USP, onde dirige o N\u00facleo de Ensino do LAI - Laborat\u00f3rio Bertha Lutz. Bolsista do Acau\u00e3, possui treinamento em divulga\u00e7\u00e3o cient\u00edfica.<\/div><\/div><\/div><\/div><div class=\"elementor-repeater-item-04bb884 swiper-slide\"><div class=\"swiper-slide-bg\" role=\"img\"><\/div><div class=\"swiper-slide-inner\" ><div class=\"swiper-slide-contents\"><div class=\"elementor-slide-heading\">Marcos Paulo Komatsu<\/div><div class=\"elementor-slide-description\">Assistente Editorial do Boletim Acau\u00e3. Possui Mestrado em Rela\u00e7\u00f5es Internacionais (IRI\/USP) e MBA (FGV).<\/div><\/div><\/div><\/div><div class=\"elementor-repeater-item-ae01fdc swiper-slide\"><div class=\"swiper-slide-bg\" role=\"img\"><\/div><div class=\"swiper-slide-inner\" ><div class=\"swiper-slide-contents\"><div class=\"elementor-slide-heading\">Rafael Miranda<\/div><div class=\"elementor-slide-description\">Assistente Editorial do Boletim Acau\u00e3 Aluno do Programa de P\u00f3s-gradua\u00e7\u00e3o em em Rela\u00e7\u00f5es Internacionais da USP e Coordenador Administrativo do Instituto Brasil - Uni\u00e3o Europeia na FECAP.<\/div><\/div><\/div><\/div><div class=\"elementor-repeater-item-8e43bdc swiper-slide\"><div class=\"swiper-slide-bg\" role=\"img\"><\/div><div class=\"swiper-slide-inner\" ><div class=\"swiper-slide-contents\"><div class=\"elementor-slide-heading\">Mariane Monteiro<\/div><div class=\"elementor-slide-description\"> Assistente Editorial. Doutoranda em Demografia (UFMG). Possui Mestrado em Rela\u00e7\u00f5es (IRI\/USP) Internacionais e cursos sobre m\u00eddias sociais.<\/div><\/div><\/div><\/div><div class=\"elementor-repeater-item-c319ecf swiper-slide\"><div class=\"swiper-slide-bg\" role=\"img\"><\/div><div class=\"swiper-slide-inner\" ><div class=\"swiper-slide-contents\"><div class=\"elementor-slide-heading\">Allan Guimar\u00e3es<\/div><div class=\"elementor-slide-description\">Assistente Editorial. Bacharel em Rela\u00e7\u00f5es Internacionais (FECAP). Editor e produtor do blog \u201cUm olhar Internacional.\u201d\n<\/div><\/div><\/div><\/div><div class=\"elementor-repeater-item-16f4451 swiper-slide\"><div class=\"swiper-slide-bg\" role=\"img\"><\/div><div class=\"swiper-slide-inner\" ><div class=\"swiper-slide-contents\"><div class=\"elementor-slide-heading\">Yasmin Lohmann<\/div><div class=\"elementor-slide-description\">Assistente Editorial. Graduanda em Rela\u00e7\u00f5es Internacionais pela UERJ. Bolsista de extens\u00e3o do Laborat\u00f3rio de Ensino e Pesquisa em Rela\u00e7\u00f5es Internacionais (LabRI)<\/div><\/div><\/div><\/div><div class=\"elementor-repeater-item-a9b2c8a swiper-slide\"><div class=\"swiper-slide-bg\" role=\"img\"><\/div><div class=\"swiper-slide-inner\" ><div class=\"swiper-slide-contents\"><div class=\"elementor-slide-heading\">Giseli Adornato<\/div><div class=\"elementor-slide-description\">Colaboradora do Boletim Acau\u00e3. Possui curso  de especializa\u00e7\u00e3o em divulga\u00e7\u00e3o cient\u00edfica e Mestrado em Ci\u00eancia da Informa\u00e7\u00e3o. Atualmente \u00e9 Chefe da Biblioteca do IRI\/USP<\/div><\/div><\/div><\/div><div class=\"elementor-repeater-item-11d76ef swiper-slide\"><div class=\"swiper-slide-bg\" role=\"img\"><\/div><div class=\"swiper-slide-inner\" ><div class=\"swiper-slide-contents\"><div class=\"elementor-slide-heading\">Maria Marta Nascimento<\/div><div class=\"elementor-slide-description\">Colaboradora  do Boletim Acau\u00e3. Possui curso  de especializa\u00e7\u00e3o em divulga\u00e7\u00e3o cient\u00edfica e Mestrado em Divulga\u00e7\u00e3o Cient\u00edfica e Cultural. Trabalha na Biblioteca do IRI\/USP<\/div><\/div><\/div><\/div>\t\t\t\t<\/div>\n\t\t\t\t\t\t\t\t\t\t\t\t\t\t\t<div class=\"swiper-pagination\"><\/div>\n\t\t\t\t\t\t\t\t\t\t\t\t\t\t\t\t<div class=\"elementor-swiper-button elementor-swiper-button-prev\" role=\"button\" tabindex=\"0\">\n\t\t\t\t\t\t\t<i aria-hidden=\"true\" class=\"eicon-chevron-left\"><\/i>\t\t\t\t\t\t\t<span class=\"elementor-screen-only\">Previous slide<\/span>\n\t\t\t\t\t\t<\/div>\n\t\t\t\t\t\t<div class=\"elementor-swiper-button elementor-swiper-button-next\" role=\"button\" tabindex=\"0\">\n\t\t\t\t\t\t\t<i aria-hidden=\"true\" class=\"eicon-chevron-right\"><\/i>\t\t\t\t\t\t\t<span class=\"elementor-screen-only\">Next slide<\/span>\n\t\t\t\t\t\t<\/div>\n\t\t\t\t\t\t\t\t\t\t\t\t<\/div>\n\t\t<\/div>\n\t\t\t\t<\/div>\n\t\t\t\t<\/div>\n\t\t\t\t\t<\/div>\n\t\t<\/div>\n\t\t\t\t\t<\/div>\n\t\t<\/section>\n\t\t\t\t<section class=\"elementor-section elementor-top-section elementor-element elementor-element-8cf8f33 elementor-section-boxed elementor-section-height-default elementor-section-height-default\" data-id=\"8cf8f33\" data-element_type=\"section\">\n\t\t\t\t\t\t<div class=\"elementor-container elementor-column-gap-default\">\n\t\t\t\t\t<div class=\"elementor-column elementor-col-100 elementor-top-column elementor-element elementor-element-51cee46\" data-id=\"51cee46\" data-element_type=\"column\">\n\t\t\t<div class=\"elementor-widget-wrap elementor-element-populated\">\n\t\t\t\t\t\t<div class=\"elementor-element elementor-element-f6d0de5 elementor-widget elementor-widget-text-editor\" data-id=\"f6d0de5\" data-element_type=\"widget\" data-widget_type=\"text-editor.default\">\n\t\t\t\t<div class=\"elementor-widget-container\">\n\t\t\t\t\t\t\t<h3><em><strong><span style=\"color: #d5c067; font-size: 14pt;\">Curr\u00edculo Lattes dos editores:<\/span><\/strong><\/em><\/h3>\n<p><span style=\"color: #728b8d;\">Cristiane:<\/span>&nbsp;<span style=\"color: #d5c067;\"><a style=\"color: #d5c067;\" href=\"http:\/\/lattes.cnpq.br\/3005504663313782\" target=\"_blank\" rel=\"noopener\">http:\/\/lattes.cnpq.br\/4365661511320432<\/a><\/span><\/p>\n<p><span style=\"color: #728b8d;\">Elia:<\/span> <span style=\"color: #d5c067;\"><a style=\"color: #d5c067;\" href=\"http:\/\/lattes.cnpq.br\/0278206814842433\" target=\"_blank\" rel=\"noopener\">http:\/\/lattes.cnpq.br\/2840351689041445<\/a><\/span><\/p>\n<p><span style=\"color: #728b8d;\">Marcelo:<\/span> <span style=\"color: #d5c067;\"><a style=\"color: #d5c067;\" href=\"http:\/\/lattes.cnpq.br\/2986573450358373\" target=\"_blank\" rel=\"noopener\">http:\/\/lattes.cnpq.br\/2986573450358373&nbsp; &nbsp;<\/a> &nbsp; &nbsp;<\/span><\/p>\n<p><span style=\"color: #728b8d;\">Ana Paula:<\/span> <span style=\"color: #d5c067;\"><a style=\"color: #d5c067;\" href=\"http:\/\/lattes.cnpq.br\/3005504663313782\" target=\"_blank\" rel=\"noopener\">http:\/\/lattes.cnpq.br\/3005504663313782<\/a><\/span><\/p>\n<p><span style=\"color: #728b8d;\">Juliana:<\/span> <span style=\"color: #d5c067;\"><a style=\"color: #d5c067;\" href=\"http:\/\/lattes.cnpq.br\/4212738313620714\" target=\"_blank\" rel=\"noopener\">http:\/\/lattes.cnpq.br\/4212738313620714<\/a><\/span><\/p>\n<p><span style=\"color: rgb(114, 139, 141);\">Alexsandro:&nbsp;<\/span><a href=\"http:\/\/lattes.cnpq.br\/5016812257747289\" target=\"_blank\" style=\"background-color: rgb(255, 255, 255); font-size: 1rem;\" rel=\"noopener\">http:\/\/lattes.cnpq.br\/5016812257747289<\/a><\/p>\t\t\t\t\t\t<\/div>\n\t\t\t\t<\/div>\n\t\t\t\t\t<\/div>\n\t\t<\/div>\n\t\t\t\t\t<\/div>\n\t\t<\/section>\n\t\t\t\t<\/div>\n\t\t","protected":false},"excerpt":{"rendered":"<p>Apresenta\u00e7\u00e3o O Acau\u00e3 \u00e9 um ve\u00edculo de divulga\u00e7\u00e3o cient\u00edfica na \u00e1rea de Rela\u00e7\u00f5es Internacionais. Somos uma plataforma virtual que comenta produ\u00e7\u00e3o acad\u00eamica de maneira acess\u00edvel para indiv\u00edduos que t\u00eam interesse por temas de pol\u00edtica internacional, pol\u00edtica externa, rela\u00e7\u00f5es internacionais. Estamos comprometidos com a aproxima\u00e7\u00e3o entre a ci\u00eancia e a sociedade. Aqui voc\u00ea tamb\u00e9m encontra informa\u00e7\u00e3o [&hellip;]<\/p>\n","protected":false},"author":24210,"featured_media":0,"parent":0,"menu_order":0,"comment_status":"closed","ping_status":"closed","template":"elementor_header_footer","meta":{"footnotes":"","_links_to":"","_links_to_target":""},"class_list":["post-348","page","type-page","status-publish","hentry"],"_links":{"self":[{"href":"https:\/\/sites.usp.br\/acaua\/wp-json\/wp\/v2\/pages\/348","targetHints":{"allow":["GET"]}}],"collection":[{"href":"https:\/\/sites.usp.br\/acaua\/wp-json\/wp\/v2\/pages"}],"about":[{"href":"https:\/\/sites.usp.br\/acaua\/wp-json\/wp\/v2\/types\/page"}],"author":[{"embeddable":true,"href":"https:\/\/sites.usp.br\/acaua\/wp-json\/wp\/v2\/users\/24210"}],"replies":[{"embeddable":true,"href":"https:\/\/sites.usp.br\/acaua\/wp-json\/wp\/v2\/comments?post=348"}],"version-history":[{"count":4,"href":"https:\/\/sites.usp.br\/acaua\/wp-json\/wp\/v2\/pages\/348\/revisions"}],"predecessor-version":[{"id":2496,"href":"https:\/\/sites.usp.br\/acaua\/wp-json\/wp\/v2\/pages\/348\/revisions\/2496"}],"wp:attachment":[{"href":"https:\/\/sites.usp.br\/acaua\/wp-json\/wp\/v2\/media?parent=348"}],"curies":[{"name":"wp","href":"https:\/\/api.w.org\/{rel}","templated":true}]}}