{"id":123,"date":"2016-09-06T13:46:16","date_gmt":"2016-09-06T15:46:16","guid":{"rendered":"http:\/\/sites.usp.br\/acolhe\/?page_id=123"},"modified":"2019-10-30T13:20:52","modified_gmt":"2019-10-30T15:20:52","slug":"cartilha","status":"publish","type":"page","link":"https:\/\/sites.usp.br\/acolhe\/publicacoes\/cartilha\/","title":{"rendered":"Cartilhas"},"content":{"rendered":"<p><a href=\"https:\/\/sites.usp.br\/acolhe\/wp-content\/uploads\/sites\/169\/2018\/01\/Acolhe-USP-Cartilha-para-chefias.pdf\"><img loading=\"lazy\" decoding=\"async\" class=\"aligncenter wp-image-681 size-medium\" src=\"https:\/\/sites.usp.br\/acolhe\/wp-content\/uploads\/sites\/169\/2019\/05\/cartilha1-183x300.png\" alt=\"\" width=\"183\" height=\"300\" srcset=\"https:\/\/sites.usp.br\/acolhe\/wp-content\/uploads\/sites\/169\/2019\/05\/cartilha1-183x300.png 183w, https:\/\/sites.usp.br\/acolhe\/wp-content\/uploads\/sites\/169\/2019\/05\/cartilha1.png 309w\" sizes=\"auto, (max-width: 183px) 100vw, 183px\" \/><\/a><\/p>\n<h5 style=\"text-align: center;\"><span style=\"color: #ff6600;\"><a style=\"color: #ff6600;\" href=\"http:\/\/sites.usp.br\/acolhe\/wp-content\/uploads\/sites\/169\/2018\/01\/Acolhe-USP-Cartilha-para-chefias.pdf\">&#8220;Falando sobre drogas e trabalho &#8211; Cartilha para chefias&#8221;<\/a><\/span><\/h5>\n<p style=\"text-align: left;\">Nessa publica\u00e7\u00e3o o\u00a0Acolhe USP apresenta a tem\u00e1tica &#8220;\u00e1lcool e outras drogas&#8221; em sua rela\u00e7\u00e3o com o mundo do trabalho. O material busca dar subs\u00eddio a chefias para lidar com situa\u00e7\u00f5es dif\u00edceis relacionadas ao uso de subst\u00e2ncias psicoativas, de maneira profissional, bem informada e humanizada. Ao mesmo tempo, ensina sobre direitos e deveres no trabalho das pessoas que possuem uso problem\u00e1tico de \u00e1lcool ou outras drogas.<\/p>\n","protected":false},"excerpt":{"rendered":"<p>&#8220;Falando sobre drogas e trabalho &#8211; Cartilha para chefias&#8221; Nessa publica\u00e7\u00e3o o\u00a0Acolhe USP apresenta a tem\u00e1tica &#8220;\u00e1lcool e outras drogas&#8221; em sua rela\u00e7\u00e3o com o mundo do trabalho. O material busca dar subs\u00eddio a chefias para lidar com situa\u00e7\u00f5es dif\u00edceis relacionadas ao uso de subst\u00e2ncias psicoativas, de maneira profissional, bem informada e humanizada. Ao mesmo [&hellip;]<\/p>\n","protected":false},"author":291,"featured_media":0,"parent":120,"menu_order":0,"comment_status":"closed","ping_status":"closed","template":"","meta":{"footnotes":"","_links_to":"","_links_to_target":""},"class_list":["post-123","page","type-page","status-publish","hentry"],"_links":{"self":[{"href":"https:\/\/sites.usp.br\/acolhe\/wp-json\/wp\/v2\/pages\/123","targetHints":{"allow":["GET"]}}],"collection":[{"href":"https:\/\/sites.usp.br\/acolhe\/wp-json\/wp\/v2\/pages"}],"about":[{"href":"https:\/\/sites.usp.br\/acolhe\/wp-json\/wp\/v2\/types\/page"}],"author":[{"embeddable":true,"href":"https:\/\/sites.usp.br\/acolhe\/wp-json\/wp\/v2\/users\/291"}],"replies":[{"embeddable":true,"href":"https:\/\/sites.usp.br\/acolhe\/wp-json\/wp\/v2\/comments?post=123"}],"version-history":[{"count":5,"href":"https:\/\/sites.usp.br\/acolhe\/wp-json\/wp\/v2\/pages\/123\/revisions"}],"predecessor-version":[{"id":695,"href":"https:\/\/sites.usp.br\/acolhe\/wp-json\/wp\/v2\/pages\/123\/revisions\/695"}],"up":[{"embeddable":true,"href":"https:\/\/sites.usp.br\/acolhe\/wp-json\/wp\/v2\/pages\/120"}],"wp:attachment":[{"href":"https:\/\/sites.usp.br\/acolhe\/wp-json\/wp\/v2\/media?parent=123"}],"curies":[{"name":"wp","href":"https:\/\/api.w.org\/{rel}","templated":true}]}}