{"id":132,"date":"2016-09-06T14:10:31","date_gmt":"2016-09-06T16:10:31","guid":{"rendered":"http:\/\/sites.usp.br\/acolhe\/?page_id=132"},"modified":"2018-12-19T16:35:36","modified_gmt":"2018-12-19T18:35:36","slug":"assistencia","status":"publish","type":"page","link":"https:\/\/sites.usp.br\/acolhe\/assistencia\/","title":{"rendered":"Assist\u00eancia"},"content":{"rendered":"<p><strong>O Programa Acolhe USP \u00e9 formado por uma\u00a0equipe de profissionais do Servi\u00e7o Social, Psicologia e Enfermagem e presta, no \u00e2mbito da assist\u00eancia, os\u00a0seguintes atendimentos:<\/strong><\/p>\n<ul style=\"text-align: justify;\">\n<li><span style=\"color: #ff6600;\"><strong>Individual<\/strong>:<\/span> atendimentos regulares para acompanhamento das quest\u00f5es relacionadas ao uso problem\u00e1tico de \u00e1lcool e outras drogas. Pode ser realizado por qualquer das especialidades que comp\u00f5em a equipe;<\/li>\n<\/ul>\n<ul style=\"text-align: justify;\">\n<li><span style=\"color: #000080;\"><strong>De grupo<\/strong>:<\/span> atendimento psicol\u00f3gico de grupo, promovendo\u00a0apoio m\u00fatuo e troca de experi\u00eancias;<\/li>\n<\/ul>\n<ul style=\"text-align: justify;\">\n<li><span style=\"color: #ff6600;\"><strong>De enfermagem<\/strong>:<\/span> acompanhamento e orienta\u00e7\u00e3o relativa a quest\u00f5es cl\u00ednicas e de sa\u00fade;<\/li>\n<\/ul>\n<ul style=\"text-align: justify;\">\n<li><span style=\"color: #000080;\"><strong>Familiar<\/strong>:<\/span> acompanhamento, suporte e orienta\u00e7\u00e3o familiar;<\/li>\n<\/ul>\n<ul style=\"text-align: justify;\">\n<li><span style=\"color: #ff6600;\"><strong>Orienta\u00e7\u00e3o a chefias:<\/strong><\/span>\u00a0 espec\u00edfica para dificuldades vividas no local de trabalho;<\/li>\n<\/ul>\n<ul>\n<li style=\"text-align: justify;\"><strong><span style=\"color: #000080;\">Visitas domiciliares e hospitalares:<\/span>\u00a0<\/strong>realizadas para atendimento\u00a0de\u00a0pessoas\u00a0em acompanhamento no Acolhe e com dificuldades de comparecer ao nosso servi\u00e7o.<\/li>\n<\/ul>\n<p>&nbsp;<\/p>\n","protected":false},"excerpt":{"rendered":"<p>O Programa Acolhe USP \u00e9 formado por uma\u00a0equipe de profissionais do Servi\u00e7o Social, Psicologia e Enfermagem e presta, no \u00e2mbito da assist\u00eancia, os\u00a0seguintes atendimentos: Individual: atendimentos regulares para acompanhamento das quest\u00f5es relacionadas ao uso problem\u00e1tico de \u00e1lcool e outras drogas. Pode ser realizado por qualquer das especialidades que comp\u00f5em a equipe; De grupo: atendimento psicol\u00f3gico [&hellip;]<\/p>\n","protected":false},"author":291,"featured_media":0,"parent":0,"menu_order":0,"comment_status":"closed","ping_status":"closed","template":"","meta":{"footnotes":"","_links_to":"","_links_to_target":""},"class_list":["post-132","page","type-page","status-publish","hentry"],"_links":{"self":[{"href":"https:\/\/sites.usp.br\/acolhe\/wp-json\/wp\/v2\/pages\/132","targetHints":{"allow":["GET"]}}],"collection":[{"href":"https:\/\/sites.usp.br\/acolhe\/wp-json\/wp\/v2\/pages"}],"about":[{"href":"https:\/\/sites.usp.br\/acolhe\/wp-json\/wp\/v2\/types\/page"}],"author":[{"embeddable":true,"href":"https:\/\/sites.usp.br\/acolhe\/wp-json\/wp\/v2\/users\/291"}],"replies":[{"embeddable":true,"href":"https:\/\/sites.usp.br\/acolhe\/wp-json\/wp\/v2\/comments?post=132"}],"version-history":[{"count":5,"href":"https:\/\/sites.usp.br\/acolhe\/wp-json\/wp\/v2\/pages\/132\/revisions"}],"predecessor-version":[{"id":607,"href":"https:\/\/sites.usp.br\/acolhe\/wp-json\/wp\/v2\/pages\/132\/revisions\/607"}],"wp:attachment":[{"href":"https:\/\/sites.usp.br\/acolhe\/wp-json\/wp\/v2\/media?parent=132"}],"curies":[{"name":"wp","href":"https:\/\/api.w.org\/{rel}","templated":true}]}}