{"id":135,"date":"2016-09-06T14:12:16","date_gmt":"2016-09-06T16:12:16","guid":{"rendered":"http:\/\/sites.usp.br\/acolhe\/?page_id=135"},"modified":"2016-12-23T18:07:20","modified_gmt":"2016-12-23T20:07:20","slug":"historia","status":"publish","type":"page","link":"https:\/\/sites.usp.br\/acolhe\/sobre\/historia\/","title":{"rendered":"Hist\u00f3ria"},"content":{"rendered":"<p style=\"text-align: justify\">Em 2007, por solicita\u00e7\u00e3o da Reitoria da Universidade de S\u00e3o Paulo (USP), iniciou-se um trabalho de planejamento e constru\u00e7\u00e3o de uma a\u00e7\u00e3o chamada, \u00e0 \u00e9poca, de\u00a0Programa de Enfrentamento ao Uso de Drogas na USP. Foi realizado, por meio de question\u00e1rio enviado a todas as unidades, um levantamento de todos os servi\u00e7os e atividades em andamento na USP relacionados \u00e0 tem\u00e1tica do uso problem\u00e1tico de \u00e1lcool e outras drogas. Em 2008, com base nos resultados, foi organizado um evento onde representantes desses servi\u00e7os e atividades j\u00e1 existentes puderam apresentar seus projetos e participar da elabora\u00e7\u00e3o de propostas, juntos \u00e0 Reitoria, relacionadas ao desenvolvimento\u00a0de um programa que atendesse as necessidades da\u00a0comunidade USP ligadas \u00e0 tem\u00e1tica.<\/p>\n<p style=\"text-align: justify\">Em 2009, atrav\u00e9s da Portaria GR 4387, a Reitoria criou a Comiss\u00e3o de Pol\u00edticas de Enfrentamento ao Uso de \u00c1lcool e Drogas na USP. Faziam parte do grupo representantes de servi\u00e7os e unidades da USP interessadas e com atividades relacionadas \u00e0 tem\u00e1tica: Hospital Universit\u00e1rio (HU), Coordenadoria de Assist\u00eancia Social (Coseas) &#8211; atual Superintend\u00eancia de Assist\u00eancia Social (SAS) -, Instituto de Psicologia (IP), Departamento de Fonoaudiologia da Faculdade de Medicina (FOFITO), Programa Interdisciplinar de Estudos de \u00c1lcool e Drogas (GREA) do Instituto de Psiquiatria do Hospital das Cl\u00ednicas da Faculdade de Medicina (IPQ &#8211; HCFMUSP), e Departamento de Sa\u00fade da Reitoria. O grupo se reuniu regularmente durante os anos de 2011, 2012 e 2013, e,\u00a0 como resultado desse trabalho, foi criado em 2012 o Acolhe USP &#8211; Programa de Acolhimento Relacionado ao Uso de \u00c1lcool e Outras Drogas, servi\u00e7o que pretende expressar as proposi\u00e7\u00f5es da comunidade USP no campo do cuidado em sa\u00fade relacionado ao uso problem\u00e1tico de \u00e1lcool e outras drogas.<\/p>\n","protected":false},"excerpt":{"rendered":"<p>Em 2007, por solicita\u00e7\u00e3o da Reitoria da Universidade de S\u00e3o Paulo (USP), iniciou-se um trabalho de planejamento e constru\u00e7\u00e3o de uma a\u00e7\u00e3o chamada, \u00e0 \u00e9poca, de\u00a0Programa de Enfrentamento ao Uso de Drogas na USP. Foi realizado, por meio de question\u00e1rio enviado a todas as unidades, um levantamento de todos os servi\u00e7os e atividades em andamento [&hellip;]<\/p>\n","protected":false},"author":291,"featured_media":0,"parent":354,"menu_order":0,"comment_status":"closed","ping_status":"closed","template":"","meta":{"footnotes":"","_links_to":"","_links_to_target":""},"class_list":["post-135","page","type-page","status-publish","hentry"],"_links":{"self":[{"href":"https:\/\/sites.usp.br\/acolhe\/wp-json\/wp\/v2\/pages\/135","targetHints":{"allow":["GET"]}}],"collection":[{"href":"https:\/\/sites.usp.br\/acolhe\/wp-json\/wp\/v2\/pages"}],"about":[{"href":"https:\/\/sites.usp.br\/acolhe\/wp-json\/wp\/v2\/types\/page"}],"author":[{"embeddable":true,"href":"https:\/\/sites.usp.br\/acolhe\/wp-json\/wp\/v2\/users\/291"}],"replies":[{"embeddable":true,"href":"https:\/\/sites.usp.br\/acolhe\/wp-json\/wp\/v2\/comments?post=135"}],"version-history":[{"count":6,"href":"https:\/\/sites.usp.br\/acolhe\/wp-json\/wp\/v2\/pages\/135\/revisions"}],"predecessor-version":[{"id":402,"href":"https:\/\/sites.usp.br\/acolhe\/wp-json\/wp\/v2\/pages\/135\/revisions\/402"}],"up":[{"embeddable":true,"href":"https:\/\/sites.usp.br\/acolhe\/wp-json\/wp\/v2\/pages\/354"}],"wp:attachment":[{"href":"https:\/\/sites.usp.br\/acolhe\/wp-json\/wp\/v2\/media?parent=135"}],"curies":[{"name":"wp","href":"https:\/\/api.w.org\/{rel}","templated":true}]}}