{"id":138,"date":"2016-09-06T14:13:57","date_gmt":"2016-09-06T16:13:57","guid":{"rendered":"http:\/\/sites.usp.br\/acolhe\/?page_id=138"},"modified":"2019-10-30T13:36:17","modified_gmt":"2019-10-30T15:36:17","slug":"links","status":"publish","type":"page","link":"https:\/\/sites.usp.br\/acolhe\/links\/","title":{"rendered":"Links"},"content":{"rendered":"<ul>\n<li><a href=\"https:\/\/www5.usp.br\/\"><strong><span style=\"color: #000080;\">Universidade de S\u00e3o Paulo &#8211; Site oficial<\/span><\/strong><\/a><\/li>\n<li><a href=\"http:\/\/sites.usp.br\/esm\/prevencao\/\" target=\"_blank\" rel=\"noopener noreferrer\"><strong><span style=\"color: #ff6600;\">Escrit\u00f3rio de Sa\u00fade Mental da USP<\/span><\/strong><\/a><\/li>\n<li><strong><strong><strong><a href=\"https:\/\/www.usp.br\/coseas\/COSEASHP\/COSEAS2010.html\" target=\"_blank\" rel=\"noopener noreferrer\"><span style=\"color: #000080;\">Superintend\u00eancia de Assist\u00eancia Social da USP (SAS \/ USP)<\/span><\/a><\/strong><\/strong><\/strong><\/li>\n<li><a href=\"http:\/\/www.tabagismo.hu.usp.br\/\" target=\"_blank\" rel=\"noopener noreferrer\"><span style=\"color: #ff6600;\"><strong><span style=\"color: #ff6600;\">Grupo para tratamento do tabagismo do Hospital Universit\u00e1rio da USP (HU \/ USP)<\/span><\/strong><\/span><\/a><\/li>\n<li><span style=\"color: #ff6600;\"><span style=\"color: #ff6600;\"><span style=\"color: #ff6600;\"><strong><a style=\"color: #ff6600;\" href=\"http:\/\/www.cepe.usp.br\/\" target=\"_blank\" rel=\"noopener noreferrer\"><span style=\"color: #000080;\">Centro de Pr\u00e1ticas Esportivas da USP (CEPEUSP)<\/span><\/a><\/strong><\/span><\/span><\/span><\/li>\n<li><a href=\"https:\/\/jornal.usp.br\/\"><strong><span style=\"color: #ff6600;\">Jornal da USP<\/span><\/strong><\/a><\/li>\n<li><a href=\"http:\/\/www.jornaldocampus.usp.br\/\"><strong><span style=\"color: #000080;\">Jornal do Campus &#8211; Jornal produzido por alunos da Escola de Comunica\u00e7\u00f5es e Artes (ECA)<\/span><\/strong><\/a><\/li>\n<li><a href=\"https:\/\/jornal.usp.br\/universidade\/setembroamarelo\/\"><strong><span style=\"color: #ff6600;\">Mapa da Sa\u00fade Mental USP &#8211; Lista de servi\u00e7os de sa\u00fade mental da universidade<\/span><\/strong><\/a><\/li>\n<li><span style=\"color: #ff6600;\"><span style=\"color: #ff6600;\"><span style=\"color: #ff6600;\"><strong><a style=\"color: #ff6600;\" href=\"http:\/\/buscasaude.prefeitura.sp.gov.br\/\" target=\"_blank\" rel=\"noopener noreferrer\"><span style=\"color: #000080;\">Busca Sa\u00fade &#8211;\u00a0Sistema de Localiza\u00e7\u00e3o de Estabelecimentos de Sa\u00fade da Rede SUS do Munic\u00edpio de S\u00e3o Paulo<\/span><\/a><\/strong><\/span><\/span><\/span><\/li>\n<li><strong><strong><strong><a href=\"http:\/\/www.prefeitura.sp.gov.br\/cidade\/secretarias\/saude\/autarquia_hospitalar_municipal\/unidades_da_ahm\/index.php?p=17069\" target=\"_blank\" rel=\"noopener noreferrer\"><span style=\"color: #ff6600;\">Pronto Socorro da Lapa\u00a0&#8211; refer\u00eancia para atendimento de emerg\u00eancias psiqui\u00e1tricas na regi\u00e3o oeste de S\u00e3o Paulo.<\/span><\/a><\/strong><\/strong><\/strong><\/li>\n<li><span style=\"color: #ff6600;\"><span style=\"color: #ff6600;\"><strong><strong><a style=\"color: #ff6600;\" href=\"http:\/\/edelei.org\/home\/\" target=\"_blank\" rel=\"noopener noreferrer\"><span style=\"color: #000080;\">\u00c9 de Lei &#8211; ONG de S\u00e3o Paulo, refer\u00eancia no campo da redu\u00e7\u00e3o de danos no Brasil<\/span><\/a><\/strong><\/strong><\/span><\/span><\/li>\n<li><span style=\"color: #000080;\"><strong><a style=\"color: #000080;\" href=\"https:\/\/www.unodc.org\/lpo-brazil\/pt\/index.html\" target=\"_blank\" rel=\"noopener noreferrer\"><span style=\"color: #ff6600;\">UNODC &#8211; Escrit\u00f3rio das Na\u00e7\u00f5es Unidas sobre Drogas e Crime<\/span><\/a><\/strong><\/span><\/li>\n<li><span style=\"color: #000080;\"><strong><a style=\"color: #000080;\" href=\"https:\/\/www.cebrid.com.br\/\">CEBRID &#8211; Centro Brasileiro de Informa\u00e7\u00f5es sobre Drogas Psicotr\u00f3picas<\/a><\/strong><\/span><\/li>\n<\/ul>\n<p>&nbsp;<\/p>\n<p>&nbsp;<\/p>\n","protected":false},"excerpt":{"rendered":"<p>Universidade de S\u00e3o Paulo &#8211; Site oficial Escrit\u00f3rio de Sa\u00fade Mental da USP Superintend\u00eancia de Assist\u00eancia Social da USP (SAS \/ USP) Grupo para tratamento do tabagismo do Hospital Universit\u00e1rio da USP (HU \/ USP) Centro de Pr\u00e1ticas Esportivas da USP (CEPEUSP) Jornal da USP Jornal do Campus &#8211; Jornal produzido por alunos da Escola [&hellip;]<\/p>\n","protected":false},"author":291,"featured_media":0,"parent":0,"menu_order":0,"comment_status":"closed","ping_status":"closed","template":"","meta":{"footnotes":"","_links_to":"","_links_to_target":""},"class_list":["post-138","page","type-page","status-publish","hentry"],"_links":{"self":[{"href":"https:\/\/sites.usp.br\/acolhe\/wp-json\/wp\/v2\/pages\/138","targetHints":{"allow":["GET"]}}],"collection":[{"href":"https:\/\/sites.usp.br\/acolhe\/wp-json\/wp\/v2\/pages"}],"about":[{"href":"https:\/\/sites.usp.br\/acolhe\/wp-json\/wp\/v2\/types\/page"}],"author":[{"embeddable":true,"href":"https:\/\/sites.usp.br\/acolhe\/wp-json\/wp\/v2\/users\/291"}],"replies":[{"embeddable":true,"href":"https:\/\/sites.usp.br\/acolhe\/wp-json\/wp\/v2\/comments?post=138"}],"version-history":[{"count":4,"href":"https:\/\/sites.usp.br\/acolhe\/wp-json\/wp\/v2\/pages\/138\/revisions"}],"predecessor-version":[{"id":698,"href":"https:\/\/sites.usp.br\/acolhe\/wp-json\/wp\/v2\/pages\/138\/revisions\/698"}],"wp:attachment":[{"href":"https:\/\/sites.usp.br\/acolhe\/wp-json\/wp\/v2\/media?parent=138"}],"curies":[{"name":"wp","href":"https:\/\/api.w.org\/{rel}","templated":true}]}}