{"id":142,"date":"2016-09-20T13:31:09","date_gmt":"2016-09-20T15:31:09","guid":{"rendered":"http:\/\/sites.usp.br\/acolhe\/?page_id=142"},"modified":"2018-12-19T16:51:18","modified_gmt":"2018-12-19T18:51:18","slug":"avalie-seu-consumo","status":"publish","type":"page","link":"https:\/\/sites.usp.br\/acolhe\/avalie-seu-consumo\/","title":{"rendered":"Avalie seu consumo"},"content":{"rendered":"<p style=\"text-align: justify;\">Nesta se\u00e7\u00e3o est\u00e3o dispon\u00edveis testes e question\u00e1rio para avaliar o \u00a0n\u00edvel de consumo de algumas drogas. Lembrando que os resultados destes testes n\u00e3o indicam necessariamente uma depend\u00eancia de drogas, por\u00e9m sinaliza a necessidade de conversar com um profissional da sa\u00fade.<\/p>\n<p style=\"text-align: justify;\">O <span style=\"color: #ff6600;\"><strong><a style=\"color: #ff6600;\" href=\"http:\/\/sites.usp.br\/acolhe\/avalie-seu-consumo\/questionario-cage\/\">Question\u00e1rio CAGE<\/a><\/strong><\/span> \u00e9 utilizado para fazer uma triagem relacionado a problemas com \u00e1lcool, ele \u00e9 composto por quatro perguntas de resposta sim ou n\u00e3o.<\/p>\n<p style=\"text-align: justify;\">O <span style=\"color: #000080;\"><strong><a style=\"color: #000080;\" href=\"http:\/\/sites.usp.br\/acolhe\/avalie-seu-consumo\/questionario-audit\/\">Question\u00e1rio Audit<\/a><\/strong><\/span> \u00e9 mais extenso, composto por dez quest\u00f5es de m\u00faltiplas alternativas, \u00a0e busca identificar o n\u00edvel de consumo de \u00e1lcool e o poss\u00edvel n\u00edvel de preju\u00edzos.<\/p>\n<p style=\"text-align: justify;\">O <span style=\"color: #ff6600;\"><strong><a style=\"color: #ff6600;\" href=\"http:\/\/sites.usp.br\/acolhe\/avalie-seu-consumo\/teste-de-fargestrom\/\">Teste de Fagestrom<\/a><\/strong><\/span> \u00e9 utilizado para estimar\u00a0o grau de depend\u00eancia \u00e0 nicotina. Ele \u00e9 composto por 6 quest\u00f5es, sendo apenas duas delas de m\u00faltipla escolha.<\/p>\n","protected":false},"excerpt":{"rendered":"<p>Nesta se\u00e7\u00e3o est\u00e3o dispon\u00edveis testes e question\u00e1rio para avaliar o \u00a0n\u00edvel de consumo de algumas drogas. Lembrando que os resultados destes testes n\u00e3o indicam necessariamente uma depend\u00eancia de drogas, por\u00e9m sinaliza a necessidade de conversar com um profissional da sa\u00fade. O Question\u00e1rio CAGE \u00e9 utilizado para fazer uma triagem relacionado a problemas com \u00e1lcool, ele [&hellip;]<\/p>\n","protected":false},"author":291,"featured_media":0,"parent":0,"menu_order":0,"comment_status":"closed","ping_status":"closed","template":"","meta":{"footnotes":"","_links_to":"","_links_to_target":""},"class_list":["post-142","page","type-page","status-publish","hentry"],"_links":{"self":[{"href":"https:\/\/sites.usp.br\/acolhe\/wp-json\/wp\/v2\/pages\/142","targetHints":{"allow":["GET"]}}],"collection":[{"href":"https:\/\/sites.usp.br\/acolhe\/wp-json\/wp\/v2\/pages"}],"about":[{"href":"https:\/\/sites.usp.br\/acolhe\/wp-json\/wp\/v2\/types\/page"}],"author":[{"embeddable":true,"href":"https:\/\/sites.usp.br\/acolhe\/wp-json\/wp\/v2\/users\/291"}],"replies":[{"embeddable":true,"href":"https:\/\/sites.usp.br\/acolhe\/wp-json\/wp\/v2\/comments?post=142"}],"version-history":[{"count":4,"href":"https:\/\/sites.usp.br\/acolhe\/wp-json\/wp\/v2\/pages\/142\/revisions"}],"predecessor-version":[{"id":615,"href":"https:\/\/sites.usp.br\/acolhe\/wp-json\/wp\/v2\/pages\/142\/revisions\/615"}],"wp:attachment":[{"href":"https:\/\/sites.usp.br\/acolhe\/wp-json\/wp\/v2\/media?parent=142"}],"curies":[{"name":"wp","href":"https:\/\/api.w.org\/{rel}","templated":true}]}}