{"id":147,"date":"2016-09-20T13:41:00","date_gmt":"2016-09-20T15:41:00","guid":{"rendered":"http:\/\/sites.usp.br\/acolhe\/?page_id=147"},"modified":"2020-05-28T18:52:17","modified_gmt":"2020-05-28T20:52:17","slug":"equipe","status":"publish","type":"page","link":"https:\/\/sites.usp.br\/acolhe\/sobre\/equipe\/","title":{"rendered":"Equipe"},"content":{"rendered":"<h5 style=\"text-align: left;\"><span style=\"color: #ff6600;\"><strong>Equipe T\u00e9cnica<\/strong><\/span><\/h5>\n<p style=\"text-align: left;\"><strong>Enfermagem<\/strong><br \/>\nRenato Kazuhiro Ozeki<\/p>\n<p style=\"text-align: left;\"><strong>Psicologia<\/strong><br \/>\nFilipe Rebelo Buchmann<br \/>\nJulio Henrique Leite Fondora<\/p>\n<p style=\"text-align: left;\"><strong>Servi\u00e7o Social<\/strong><br \/>\nGreice Cristina de Oliveira<br \/>\nRodrigo Mendes Barbosa<\/p>\n<h5 style=\"text-align: left;\"><span style=\"color: #ff6600;\"><strong>Equipe de Apoio<\/strong><\/span><\/h5>\n<p style=\"text-align: left;\"><strong>Auxiliar Administrativa<\/strong><br \/>\nDulcin\u00e9ia dos Santos Leite<\/p>\n<h5 style=\"text-align: left;\"><strong><span style=\"color: #ff6600;\">Gest\u00e3o<\/span><\/strong><\/h5>\n<p style=\"text-align: left;\"><strong>Coordena\u00e7\u00e3o<\/strong><br \/>\nMar\u00edlia Rita Ribeiro Zalaf<\/p>\n<p style=\"text-align: left;\"><strong>Superintendente de Assist\u00eancia Social<\/strong><br \/>\nProf. Dr. Gerson Yukio Tomanari<\/p>\n","protected":false},"excerpt":{"rendered":"<p>Equipe T\u00e9cnica Enfermagem Renato Kazuhiro Ozeki Psicologia Filipe Rebelo Buchmann Julio Henrique Leite Fondora Servi\u00e7o Social Greice Cristina de Oliveira Rodrigo Mendes Barbosa Equipe de Apoio Auxiliar Administrativa Dulcin\u00e9ia dos Santos Leite Gest\u00e3o Coordena\u00e7\u00e3o Mar\u00edlia Rita Ribeiro Zalaf Superintendente de Assist\u00eancia Social Prof. Dr. Gerson Yukio Tomanari<\/p>\n","protected":false},"author":291,"featured_media":0,"parent":354,"menu_order":0,"comment_status":"closed","ping_status":"closed","template":"","meta":{"footnotes":"","_links_to":"","_links_to_target":""},"class_list":["post-147","page","type-page","status-publish","hentry"],"_links":{"self":[{"href":"https:\/\/sites.usp.br\/acolhe\/wp-json\/wp\/v2\/pages\/147","targetHints":{"allow":["GET"]}}],"collection":[{"href":"https:\/\/sites.usp.br\/acolhe\/wp-json\/wp\/v2\/pages"}],"about":[{"href":"https:\/\/sites.usp.br\/acolhe\/wp-json\/wp\/v2\/types\/page"}],"author":[{"embeddable":true,"href":"https:\/\/sites.usp.br\/acolhe\/wp-json\/wp\/v2\/users\/291"}],"replies":[{"embeddable":true,"href":"https:\/\/sites.usp.br\/acolhe\/wp-json\/wp\/v2\/comments?post=147"}],"version-history":[{"count":8,"href":"https:\/\/sites.usp.br\/acolhe\/wp-json\/wp\/v2\/pages\/147\/revisions"}],"predecessor-version":[{"id":738,"href":"https:\/\/sites.usp.br\/acolhe\/wp-json\/wp\/v2\/pages\/147\/revisions\/738"}],"up":[{"embeddable":true,"href":"https:\/\/sites.usp.br\/acolhe\/wp-json\/wp\/v2\/pages\/354"}],"wp:attachment":[{"href":"https:\/\/sites.usp.br\/acolhe\/wp-json\/wp\/v2\/media?parent=147"}],"curies":[{"name":"wp","href":"https:\/\/api.w.org\/{rel}","templated":true}]}}