{"id":158,"date":"2016-09-20T13:53:36","date_gmt":"2016-09-20T15:53:36","guid":{"rendered":"http:\/\/sites.usp.br\/acolhe\/?page_id=158"},"modified":"2019-10-30T14:44:55","modified_gmt":"2019-10-30T16:44:55","slug":"outras-acoes","status":"publish","type":"page","link":"https:\/\/sites.usp.br\/acolhe\/prevencao\/outras-acoes\/","title":{"rendered":"Outras a\u00e7\u00f5es"},"content":{"rendered":"\r\n\t<div class=\"slideshow_container slideshow_container_style-light\" style=\"height: 292px; \" data-slideshow-id=\"219\" data-style-name=\"style-light\" data-style-version=\"2.3.1\" >\r\n\r\n\t\t\t\t\t<div class=\"slideshow_loading_icon\"><\/div>\r\n\t\t\r\n\t\t<div class=\"slideshow_content\" style=\"display: none;\">\r\n\r\n\t\t\t<div class=\"slideshow_view\">\r\n\t\t\t\t<div class=\"slideshow_slide slideshow_slide_image\">\r\n\t\t\t\t\t\t\t\t\t\t\t<img src=\"https:\/\/sites.usp.br\/acolhe\/wp-content\/uploads\/sites\/169\/2018\/12\/WhatsApp-Image-2018-08-22-at-17.39.53.jpeg\" alt=\"WhatsApp Image 2018-08-22 at 17.39.53\" width=\"1032\" height=\"581\" \/>\r\n\t\t\t\t\t\t\t\t\t\t<div class=\"slideshow_description_box slideshow_transparent\">\r\n\t\t\t\t\t\t<div class=\"slideshow_title\">WhatsApp Image 2018-08-22 at 17.39.53<\/div>\t\t\t\t\t\t\t\t\t\t\t<\/div>\r\n\t\t\t\t<\/div>\r\n\r\n\t\t\t\t\t\t<div style=\"clear: both;\"><\/div><\/div><div class=\"slideshow_view\">\r\n\t\t\t\t<div class=\"slideshow_slide slideshow_slide_image\">\r\n\t\t\t\t\t\t\t\t\t\t\t<img src=\"https:\/\/sites.usp.br\/acolhe\/wp-content\/uploads\/sites\/169\/2018\/12\/Lan\u00e7amento-UEPG-Abra\u00e7a-1.jpeg\" alt=\"Lan\u00e7amento UEPG Abra\u00e7a (1)\" width=\"1032\" height=\"581\" \/>\r\n\t\t\t\t\t\t\t\t\t\t<div class=\"slideshow_description_box slideshow_transparent\">\r\n\t\t\t\t\t\t<div class=\"slideshow_title\">Lan\u00e7amento UEPG Abra\u00e7a (1)<\/div>\t\t\t\t\t\t\t\t\t\t\t<\/div>\r\n\t\t\t\t<\/div>\r\n\r\n\t\t\t\t\t\t<div style=\"clear: both;\"><\/div><\/div><div class=\"slideshow_view\">\r\n\t\t\t\t<div class=\"slideshow_slide slideshow_slide_image\">\r\n\t\t\t\t\t\t\t\t\t\t\t<img src=\"https:\/\/sites.usp.br\/acolhe\/wp-content\/uploads\/sites\/169\/2018\/12\/Game-Show-Jandira-14.jpeg\" alt=\"Game Show Jandira (14)\" width=\"1152\" height=\"864\" \/>\r\n\t\t\t\t\t\t\t\t\t\t<div class=\"slideshow_description_box slideshow_transparent\">\r\n\t\t\t\t\t\t<div class=\"slideshow_title\">Game Show Jandira (14)<\/div>\t\t\t\t\t\t\t\t\t\t\t<\/div>\r\n\t\t\t\t<\/div>\r\n\r\n\t\t\t\t\t\t<div style=\"clear: both;\"><\/div><\/div><div class=\"slideshow_view\">\r\n\t\t\t\t<div class=\"slideshow_slide slideshow_slide_image\">\r\n\t\t\t\t\t\t\t\t\t\t\t<img src=\"https:\/\/sites.usp.br\/acolhe\/wp-content\/uploads\/sites\/169\/2016\/11\/IMG_20161104_135742211.jpg\" alt=\"IMG_20161104_135742211\" width=\"1152\" height=\"648\" \/>\r\n\t\t\t\t\t\t\t\t\t\t<div class=\"slideshow_description_box slideshow_transparent\">\r\n\t\t\t\t\t\t<div class=\"slideshow_title\">IMG_20161104_135742211<\/div>\t\t\t\t\t\t\t\t\t\t\t<\/div>\r\n\t\t\t\t<\/div>\r\n\r\n\t\t\t\t\t\t<div style=\"clear: both;\"><\/div><\/div><div class=\"slideshow_view\">\r\n\t\t\t\t<div class=\"slideshow_slide slideshow_slide_image\">\r\n\t\t\t\t\t\t\t\t\t\t\t<img src=\"https:\/\/sites.usp.br\/acolhe\/wp-content\/uploads\/sites\/169\/2018\/12\/IMG_1935.jpg\" alt=\"IMG_1935\" width=\"1296\" height=\"864\" \/>\r\n\t\t\t\t\t\t\t\t\t\t<div class=\"slideshow_description_box slideshow_transparent\">\r\n\t\t\t\t\t\t<div class=\"slideshow_title\">IMG_1935<\/div>\t\t\t\t\t\t\t\t\t\t\t<\/div>\r\n\t\t\t\t<\/div>\r\n\r\n\t\t\t\t\t\t<div style=\"clear: both;\"><\/div><\/div><div class=\"slideshow_view\">\r\n\t\t\t\t<div class=\"slideshow_slide slideshow_slide_image\">\r\n\t\t\t\t\t\t\t\t\t\t\t<img src=\"https:\/\/sites.usp.br\/acolhe\/wp-content\/uploads\/sites\/169\/2019\/10\/c2d622ea-94bc-4f8e-8857-2210ce6906fd.jpg\" alt=\"c2d622ea-94bc-4f8e-8857-2210ce6906fd\" width=\"1040\" height=\"585\" \/>\r\n\t\t\t\t\t\t\t\t\t\t<div class=\"slideshow_description_box slideshow_transparent\">\r\n\t\t\t\t\t\t<div class=\"slideshow_title\">c2d622ea-94bc-4f8e-8857-2210ce6906fd<\/div>\t\t\t\t\t\t\t\t\t\t\t<\/div>\r\n\t\t\t\t<\/div>\r\n\r\n\t\t\t\t\t\t<div style=\"clear: both;\"><\/div><\/div><div class=\"slideshow_view\">\r\n\t\t\t\t<div class=\"slideshow_slide slideshow_slide_image\">\r\n\t\t\t\t\t\t\t\t\t\t\t<img src=\"https:\/\/sites.usp.br\/acolhe\/wp-content\/uploads\/sites\/169\/2018\/12\/WhatsApp-Image-2018-07-24-at-22.30.09-4.jpeg\" alt=\"WhatsApp Image 2018-07-24 at 22.30.09 (4)\" width=\"1024\" height=\"768\" \/>\r\n\t\t\t\t\t\t\t\t\t\t<div class=\"slideshow_description_box slideshow_transparent\">\r\n\t\t\t\t\t\t<div class=\"slideshow_title\">WhatsApp Image 2018-07-24 at 22.30.09 (4)<\/div>\t\t\t\t\t\t\t\t\t\t\t<\/div>\r\n\t\t\t\t<\/div>\r\n\r\n\t\t\t\t\t\t<div style=\"clear: both;\"><\/div><\/div><div class=\"slideshow_view\">\r\n\t\t\t\t<div class=\"slideshow_slide slideshow_slide_image\">\r\n\t\t\t\t\t\t\t\t\t\t\t<img src=\"https:\/\/sites.usp.br\/acolhe\/wp-content\/uploads\/sites\/169\/2018\/12\/Game-Show-Jandira-24.jpeg\" alt=\"Game Show Jandira (24)\" width=\"1152\" height=\"864\" \/>\r\n\t\t\t\t\t\t\t\t\t\t<div class=\"slideshow_description_box slideshow_transparent\">\r\n\t\t\t\t\t\t<div class=\"slideshow_title\">Game Show Jandira (24)<\/div>\t\t\t\t\t\t\t\t\t\t\t<\/div>\r\n\t\t\t\t<\/div>\r\n\r\n\t\t\t\t\t\t<div style=\"clear: both;\"><\/div><\/div><div class=\"slideshow_view\">\r\n\t\t\t\t<div class=\"slideshow_slide slideshow_slide_image\">\r\n\t\t\t\t\t\t\t\t\t\t\t<img src=\"https:\/\/sites.usp.br\/acolhe\/wp-content\/uploads\/sites\/169\/2018\/12\/20171215_094117.jpg\" alt=\"20171215_094117\" width=\"4032\" height=\"2268\" \/>\r\n\t\t\t\t\t\t\t\t\t\t<div class=\"slideshow_description_box slideshow_transparent\">\r\n\t\t\t\t\t\t<div class=\"slideshow_title\">20171215_094117<\/div>\t\t\t\t\t\t\t\t\t\t\t<\/div>\r\n\t\t\t\t<\/div>\r\n\r\n\t\t\t\t\t\t<div style=\"clear: both;\"><\/div><\/div><div class=\"slideshow_view\">\r\n\t\t\t\t<div class=\"slideshow_slide slideshow_slide_image\">\r\n\t\t\t\t\t\t\t\t\t\t\t<img src=\"https:\/\/sites.usp.br\/acolhe\/wp-content\/uploads\/sites\/169\/2018\/12\/WhatsApp-Image-2018-06-28-at-14.05.42.jpeg\" alt=\"WhatsApp Image 2018-06-28 at 14.05.42\" width=\"1032\" height=\"581\" \/>\r\n\t\t\t\t\t\t\t\t\t\t<div class=\"slideshow_description_box slideshow_transparent\">\r\n\t\t\t\t\t\t<div class=\"slideshow_title\">WhatsApp Image 2018-06-28 at 14.05.42<\/div>\t\t\t\t\t\t\t\t\t\t\t<\/div>\r\n\t\t\t\t<\/div>\r\n\r\n\t\t\t\t\t\t<div style=\"clear: both;\"><\/div><\/div><div class=\"slideshow_view\">\r\n\t\t\t\t<div class=\"slideshow_slide slideshow_slide_image\">\r\n\t\t\t\t\t\t\t\t\t\t\t<img src=\"https:\/\/sites.usp.br\/acolhe\/wp-content\/uploads\/sites\/169\/2018\/12\/IMG_0038.jpg\" alt=\"IMG_0038\" width=\"2048\" height=\"1536\" \/>\r\n\t\t\t\t\t\t\t\t\t\t<div class=\"slideshow_description_box slideshow_transparent\">\r\n\t\t\t\t\t\t<div class=\"slideshow_title\">IMG_0038<\/div>\t\t\t\t\t\t\t\t\t\t\t<\/div>\r\n\t\t\t\t<\/div>\r\n\r\n\t\t\t\t\t\t<div style=\"clear: both;\"><\/div><\/div><div class=\"slideshow_view\">\r\n\t\t\t\t<div class=\"slideshow_slide slideshow_slide_image\">\r\n\t\t\t\t\t\t\t\t\t\t\t<img src=\"https:\/\/sites.usp.br\/acolhe\/wp-content\/uploads\/sites\/169\/2016\/09\/IMG_6976.jpg\" alt=\"IMG_6976\" width=\"2592\" height=\"1936\" \/>\r\n\t\t\t\t\t\t\t\t\t\t<div class=\"slideshow_description_box slideshow_transparent\">\r\n\t\t\t\t\t\t<div class=\"slideshow_title\">IMG_6976<\/div>\t\t\t\t\t\t\t\t\t\t\t<\/div>\r\n\t\t\t\t<\/div>\r\n\r\n\t\t\t\t\t\t<div style=\"clear: both;\"><\/div><\/div><div class=\"slideshow_view\">\r\n\t\t\t\t<div class=\"slideshow_slide slideshow_slide_image\">\r\n\t\t\t\t\t\t\t\t\t\t\t<img src=\"https:\/\/sites.usp.br\/acolhe\/wp-content\/uploads\/sites\/169\/2016\/09\/IMG_69631.jpg\" alt=\"IMG_6963\" width=\"2592\" height=\"1936\" \/>\r\n\t\t\t\t\t\t\t\t\t\t<div class=\"slideshow_description_box slideshow_transparent\">\r\n\t\t\t\t\t\t<div class=\"slideshow_title\">IMG_6963<\/div>\t\t\t\t\t\t\t\t\t\t\t<\/div>\r\n\t\t\t\t<\/div>\r\n\r\n\t\t\t\t\t\t<div style=\"clear: both;\"><\/div><\/div><div class=\"slideshow_view\">\r\n\t\t\t\t<div class=\"slideshow_slide slideshow_slide_image\">\r\n\t\t\t\t\t\t\t\t\t\t\t<img src=\"https:\/\/sites.usp.br\/acolhe\/wp-content\/uploads\/sites\/169\/2019\/10\/bb3c46c4-eb8f-401b-8f2a-8db23744f549-1.jpg\" alt=\"bb3c46c4-eb8f-401b-8f2a-8db23744f549\" width=\"1040\" height=\"585\" \/>\r\n\t\t\t\t\t\t\t\t\t\t<div class=\"slideshow_description_box slideshow_transparent\">\r\n\t\t\t\t\t\t<div class=\"slideshow_title\">bb3c46c4-eb8f-401b-8f2a-8db23744f549<\/div>\t\t\t\t\t\t\t\t\t\t\t<\/div>\r\n\t\t\t\t<\/div>\r\n\r\n\t\t\t\t\t\t<div style=\"clear: both;\"><\/div><\/div>\r\n\t\t<\/div>\r\n\r\n\t\t<div class=\"slideshow_controlPanel slideshow_transparent\" style=\"display: none;\"><ul><li class=\"slideshow_togglePlay\" data-play-text=\"Acionar\" data-pause-text=\"Pausar\"><\/li><\/ul><\/div>\r\n\r\n\t\t<div class=\"slideshow_button slideshow_previous slideshow_transparent\" role=\"button\" data-previous-text=\"Anterior\" style=\"display: none;\"><\/div>\r\n\t\t<div class=\"slideshow_button slideshow_next slideshow_transparent\" role=\"button\" data-next-text=\"Pr\u00f3ximo\" style=\"display: none;\"><\/div>\r\n\r\n\t\t<div class=\"slideshow_pagination\" style=\"display: none;\" data-go-to-text=\"Ir para o slide\"><div class=\"slideshow_pagination_center\"><\/div><\/div>\r\n\r\n\t\t<!-- WordPress Slideshow Version 2.3.1 -->\r\n\r\n\t\t\t<\/div>\r\n\r\n\n<p>&nbsp;<\/p>\n<p style=\"text-align: justify;\"><span style=\"color: #000080;\"><strong>Dia Mundial da Sa\u00fade na ESALQ \u2013 Piracicaba<\/strong><\/span><\/p>\n<p style=\"text-align: justify;\">Integramos as atividades promovidas pela Dire\u00e7\u00e3o da ESALQ no Dia Mundial da Sa\u00fade, no que tange a preven\u00e7\u00e3o do uso problem\u00e1tico de \u00e1lcool e outras drogas.<\/p>\n<p style=\"text-align: justify;\"><span style=\"color: #ff6600;\"><strong>Conselho Estadual de Pol\u00edticas sobre Drogas &#8211; CONED<\/strong><\/span><\/p>\n<p style=\"text-align: justify;\">Apresentamos ao CONED o Programa Acolhe USP, implantado pela Universidade de S\u00e3o Paulo, para oferecer atividades de preven\u00e7\u00e3o, acolhimento e tratamento relacionado ao uso de \u00e1lcool e outras drogas \u00e0 Comunidade USP.<\/p>\n<p style=\"text-align: justify;\"><span style=\"color: #000080;\"><strong>Programa USP Rumo ao Envelhecimento Ativo<\/strong><\/span><\/p>\n<p style=\"text-align: justify;\">O Acolhe USP passou a integrar o Projeto Envelhecimento Ativo, coordenado pelo Dr. Eg\u00eddio D\u00f3rea. O objetivo do Acolhe USP com esta parceria \u00e9 atuar na preven\u00e7\u00e3o ao uso prejudicial de \u00e1lcool e outras drogas, na perspectiva de um envelhecimento saud\u00e1vel.<\/p>\n<p style=\"text-align: justify;\"><span style=\"color: #ff6600;\"><strong>A\u00e7\u00f5es junto a servidores e crian\u00e7as moradoras de casa de acolhida do munic\u00edpio de Jandira<\/strong><\/span><\/p>\n<p style=\"text-align: justify;\">O\u00a0programa ofereceu forma\u00e7\u00e3o introdut\u00f3ria relativa \u00e0 tem\u00e1tica &#8220;\u00c1lcool e outras drogas&#8221; a servidores municipais de diversas esferas do munic\u00edpio de Jandira. Em outra ocasi\u00e3o, o Acolhe USP\u00a0realizou a\u00e7\u00e3o de preven\u00e7\u00e3o de uso problem\u00e1tico de \u00e1lcool e outras drogas junto a crian\u00e7as e adolescentes moradores de uma unidade de acolhimento do mesmo munic\u00edpio. A a\u00e7\u00e3o, totalmente formulada levando em considera\u00e7\u00e3o as idades dos\u00a0participantes, se deu na forma de um &#8220;game show&#8221; organizado pela pr\u00f3pria equipe t\u00e9cnica do Acolhe.<\/p>\n<p style=\"text-align: justify;\"><strong><span style=\"color: #000080;\">Capacita\u00e7\u00e3o de membros das CIPAs em parceria com o SESMT<\/span><\/strong><\/p>\n<p style=\"text-align: justify;\"><span style=\"color: #000000;\">O Acolhe passou a compor, a partir de 2018, o treinamento promovido pelo SESMT a todos os membros de CIPAs de unidades da USP. Ao abordar assuntos relativos a sa\u00fade mental e o uso de \u00e1lcool e outras drogas, prepara os &#8220;cipeiros&#8221; para auxiliar\u00a0em situa\u00e7\u00f5es relacionadas a essa tem\u00e1tica que surjam no ambiente de trabalho.<\/span><\/p>\n<p style=\"text-align: justify;\"><span style=\"color: #ff6600;\"><strong>Participa\u00e7\u00e3o no lan\u00e7amento do Programa Abra\u00e7a UEPG<\/strong><\/span><\/p>\n<p style=\"text-align: justify;\">O Acolhe USP foi convidado a proferir uma fala no Programa Abra\u00e7a UEPG, servi\u00e7o de sa\u00fade mental criado para promover o acolhimento da comunidade universit\u00e1ria da Universidade Estadual de Ponta Grossa em quest\u00f5es de sa\u00fade mental. A fala foi voltada ao compartilhamento da experi\u00eancia acumulada pelo Acolhe, suas potencialidades e fragilidades enquanto um servi\u00e7o de sa\u00fade oferecido por uma universidade para sua pr\u00f3pria comunidade.<\/p>\n<p><strong><span style=\"color: #000080;\">Dia Mundial sem Tabaco 2018<\/span><\/strong><\/p>\n<p>O Acolhe USP promoveu, no Instituto de F\u00edsica da USP, uma mesa redonda com especialistas de diferentes especialidades da \u00e1rea da sa\u00fade para discutir o tabagismo, incluindo sua preven\u00e7\u00e3o, seu tratamento, e outras a\u00e7\u00f5es de promo\u00e7\u00e3o de sa\u00fade.<\/p>\n<p><span style=\"color: #ff6600;\"><strong>Semana Nacional de Tr\u00e2nsito 2019<\/strong><\/span><\/p>\n<p>Em parceria com o DETRAN-SP, o Acolhe USP promoveu na ECA e na FFLCH a\u00e7\u00f5es ligadas \u00e0 preven\u00e7\u00e3o de acidentes de tr\u00e2nsito. Entre as a\u00e7\u00f5es estavam uma palestra sobre Educa\u00e7\u00e3o Emocional no Tr\u00e2nsito com o especialista Rodrigo Ramalho, a distribui\u00e7\u00e3o de materiais informativos, e a possibilidade de viver uma simula\u00e7\u00e3o de acidente utilizando \u00f3culos de realidade virtual.<\/p>\n<p>&nbsp;<\/p>\n","protected":false},"excerpt":{"rendered":"<p>&nbsp; Dia Mundial da Sa\u00fade na ESALQ \u2013 Piracicaba Integramos as atividades promovidas pela Dire\u00e7\u00e3o da ESALQ no Dia Mundial da Sa\u00fade, no que tange a preven\u00e7\u00e3o do uso problem\u00e1tico de \u00e1lcool e outras drogas. Conselho Estadual de Pol\u00edticas sobre Drogas &#8211; CONED Apresentamos ao CONED o Programa Acolhe USP, implantado pela Universidade de S\u00e3o [&hellip;]<\/p>\n","protected":false},"author":291,"featured_media":0,"parent":64,"menu_order":5,"comment_status":"closed","ping_status":"closed","template":"","meta":{"footnotes":"","_links_to":"","_links_to_target":""},"class_list":["post-158","page","type-page","status-publish","hentry"],"_links":{"self":[{"href":"https:\/\/sites.usp.br\/acolhe\/wp-json\/wp\/v2\/pages\/158","targetHints":{"allow":["GET"]}}],"collection":[{"href":"https:\/\/sites.usp.br\/acolhe\/wp-json\/wp\/v2\/pages"}],"about":[{"href":"https:\/\/sites.usp.br\/acolhe\/wp-json\/wp\/v2\/types\/page"}],"author":[{"embeddable":true,"href":"https:\/\/sites.usp.br\/acolhe\/wp-json\/wp\/v2\/users\/291"}],"replies":[{"embeddable":true,"href":"https:\/\/sites.usp.br\/acolhe\/wp-json\/wp\/v2\/comments?post=158"}],"version-history":[{"count":5,"href":"https:\/\/sites.usp.br\/acolhe\/wp-json\/wp\/v2\/pages\/158\/revisions"}],"predecessor-version":[{"id":713,"href":"https:\/\/sites.usp.br\/acolhe\/wp-json\/wp\/v2\/pages\/158\/revisions\/713"}],"up":[{"embeddable":true,"href":"https:\/\/sites.usp.br\/acolhe\/wp-json\/wp\/v2\/pages\/64"}],"wp:attachment":[{"href":"https:\/\/sites.usp.br\/acolhe\/wp-json\/wp\/v2\/media?parent=158"}],"curies":[{"name":"wp","href":"https:\/\/api.w.org\/{rel}","templated":true}]}}