{"id":163,"date":"2016-09-20T13:58:44","date_gmt":"2016-09-20T15:58:44","guid":{"rendered":"http:\/\/sites.usp.br\/acolhe\/?page_id=163"},"modified":"2019-10-30T13:41:41","modified_gmt":"2019-10-30T15:41:41","slug":"palestras-e-rodas-de-conversa","status":"publish","type":"page","link":"https:\/\/sites.usp.br\/acolhe\/prevencao\/palestras-e-rodas-de-conversa\/","title":{"rendered":"Palestras e rodas de conversa"},"content":{"rendered":"<p style=\"text-align: justify;\">Desde 2015 o Programa Acolhe USP realiza palestras e rodas de conversa sobre o tema \u00e1lcool e outras drogas, propiciando um espa\u00e7o de discuss\u00e3o com alunos e funcion\u00e1rio. Essas a\u00e7\u00f5es visam:<\/p>\n<ul>\n<li style=\"text-align: justify;\">apresentar informa\u00e7\u00f5<img loading=\"lazy\" decoding=\"async\" class=\" size-medium wp-image-201 alignright\" src=\"http:\/\/sites.usp.br\/acolhe\/wp-content\/uploads\/sites\/169\/2016\/09\/IMG_20160218_173938280-300x169.jpg\" alt=\"IMG_20160218_173938280\" width=\"300\" height=\"169\" srcset=\"https:\/\/sites.usp.br\/acolhe\/wp-content\/uploads\/sites\/169\/2016\/09\/IMG_20160218_173938280-300x169.jpg 300w, https:\/\/sites.usp.br\/acolhe\/wp-content\/uploads\/sites\/169\/2016\/09\/IMG_20160218_173938280-1024x575.jpg 1024w, https:\/\/sites.usp.br\/acolhe\/wp-content\/uploads\/sites\/169\/2016\/09\/IMG_20160218_173938280-310x174.jpg 310w, https:\/\/sites.usp.br\/acolhe\/wp-content\/uploads\/sites\/169\/2016\/09\/IMG_20160218_173938280-400x225.jpg 400w\" sizes=\"auto, (max-width: 300px) 100vw, 300px\" \/>es atualizadas sobre as drogas e seus efeitos;<\/li>\n<li style=\"text-align: justify;\">a desconstru\u00e7\u00e3o de preconceitos em rela\u00e7\u00e3o aos usu\u00e1rios de \u00e1lcool e outras drogas;<\/li>\n<li style=\"text-align: justify;\">promover a redu\u00e7\u00e3o de danos;<\/li>\n<li style=\"text-align: justify;\">favorecer a identifica\u00e7\u00e3o do uso problem\u00e1tico de \u00e1lcool e outras drogas;<\/li>\n<li style=\"text-align: justify;\">incentivar a busca por servi\u00e7os de tratamento, quando for o caso.<\/li>\n<\/ul>\n","protected":false},"excerpt":{"rendered":"<p>Desde 2015 o Programa Acolhe USP realiza palestras e rodas de conversa sobre o tema \u00e1lcool e outras drogas, propiciando um espa\u00e7o de discuss\u00e3o com alunos e funcion\u00e1rio. Essas a\u00e7\u00f5es visam: apresentar informa\u00e7\u00f5es atualizadas sobre as drogas e seus efeitos; a desconstru\u00e7\u00e3o de preconceitos em rela\u00e7\u00e3o aos usu\u00e1rios de \u00e1lcool e outras drogas; promover a [&hellip;]<\/p>\n","protected":false},"author":291,"featured_media":0,"parent":64,"menu_order":1,"comment_status":"closed","ping_status":"closed","template":"","meta":{"footnotes":"","_links_to":"","_links_to_target":""},"class_list":["post-163","page","type-page","status-publish","hentry"],"_links":{"self":[{"href":"https:\/\/sites.usp.br\/acolhe\/wp-json\/wp\/v2\/pages\/163","targetHints":{"allow":["GET"]}}],"collection":[{"href":"https:\/\/sites.usp.br\/acolhe\/wp-json\/wp\/v2\/pages"}],"about":[{"href":"https:\/\/sites.usp.br\/acolhe\/wp-json\/wp\/v2\/types\/page"}],"author":[{"embeddable":true,"href":"https:\/\/sites.usp.br\/acolhe\/wp-json\/wp\/v2\/users\/291"}],"replies":[{"embeddable":true,"href":"https:\/\/sites.usp.br\/acolhe\/wp-json\/wp\/v2\/comments?post=163"}],"version-history":[{"count":5,"href":"https:\/\/sites.usp.br\/acolhe\/wp-json\/wp\/v2\/pages\/163\/revisions"}],"predecessor-version":[{"id":700,"href":"https:\/\/sites.usp.br\/acolhe\/wp-json\/wp\/v2\/pages\/163\/revisions\/700"}],"up":[{"embeddable":true,"href":"https:\/\/sites.usp.br\/acolhe\/wp-json\/wp\/v2\/pages\/64"}],"wp:attachment":[{"href":"https:\/\/sites.usp.br\/acolhe\/wp-json\/wp\/v2\/media?parent=163"}],"curies":[{"name":"wp","href":"https:\/\/api.w.org\/{rel}","templated":true}]}}