{"id":167,"date":"2016-09-20T14:01:47","date_gmt":"2016-09-20T16:01:47","guid":{"rendered":"http:\/\/sites.usp.br\/acolhe\/?page_id=167"},"modified":"2019-10-30T13:21:13","modified_gmt":"2019-10-30T15:21:13","slug":"folderes","status":"publish","type":"page","link":"https:\/\/sites.usp.br\/acolhe\/publicacoes\/folderes\/","title":{"rendered":"F\u00f4lderes"},"content":{"rendered":"<h5 style=\"text-align: center;\"><span style=\"color: #ff6600;\">F\u00f4lder Institucional Acolhe USP<\/span><\/h5>\n<p style=\"text-align: center;\"><a href=\"http:\/\/sites.usp.br\/acolhe\/wp-content\/uploads\/sites\/169\/2016\/09\/Folder-Frente-2018.jpg\"><img loading=\"lazy\" decoding=\"async\" class=\"size-medium wp-image-576 alignnone\" src=\"http:\/\/sites.usp.br\/acolhe\/wp-content\/uploads\/sites\/169\/2016\/09\/Folder-Frente-2018-300x212.jpg\" alt=\"\" width=\"300\" height=\"212\" srcset=\"https:\/\/sites.usp.br\/acolhe\/wp-content\/uploads\/sites\/169\/2016\/09\/Folder-Frente-2018-300x212.jpg 300w, https:\/\/sites.usp.br\/acolhe\/wp-content\/uploads\/sites\/169\/2016\/09\/Folder-Frente-2018-768x543.jpg 768w, https:\/\/sites.usp.br\/acolhe\/wp-content\/uploads\/sites\/169\/2016\/09\/Folder-Frente-2018-1024x724.jpg 1024w, https:\/\/sites.usp.br\/acolhe\/wp-content\/uploads\/sites\/169\/2016\/09\/Folder-Frente-2018-400x283.jpg 400w\" sizes=\"auto, (max-width: 300px) 100vw, 300px\" \/><\/a><a href=\"http:\/\/sites.usp.br\/acolhe\/wp-content\/uploads\/sites\/169\/2016\/09\/Folder-Verso-2018.jpg\"><img loading=\"lazy\" decoding=\"async\" class=\"size-medium wp-image-577 aligncenter\" src=\"http:\/\/sites.usp.br\/acolhe\/wp-content\/uploads\/sites\/169\/2016\/09\/Folder-Verso-2018-300x212.jpg\" alt=\"\" width=\"300\" height=\"212\" srcset=\"https:\/\/sites.usp.br\/acolhe\/wp-content\/uploads\/sites\/169\/2016\/09\/Folder-Verso-2018-300x212.jpg 300w, https:\/\/sites.usp.br\/acolhe\/wp-content\/uploads\/sites\/169\/2016\/09\/Folder-Verso-2018-768x543.jpg 768w, https:\/\/sites.usp.br\/acolhe\/wp-content\/uploads\/sites\/169\/2016\/09\/Folder-Verso-2018-1024x724.jpg 1024w, https:\/\/sites.usp.br\/acolhe\/wp-content\/uploads\/sites\/169\/2016\/09\/Folder-Verso-2018-400x283.jpg 400w\" sizes=\"auto, (max-width: 300px) 100vw, 300px\" \/><\/a><\/p>\n<h5 style=\"text-align: center;\"><span style=\"color: #000080;\">F\u00f4lder &#8220;Semana de Recep\u00e7\u00e3o aos Calouros 2017&#8221;<\/span><\/h5>\n<p><a href=\"http:\/\/sites.usp.br\/acolhe\/wp-content\/uploads\/sites\/169\/2016\/09\/F\u00f4lder-Recep\u00e7\u00e3o-2017.jpg\"><img loading=\"lazy\" decoding=\"async\" class=\"size-medium wp-image-591 aligncenter\" src=\"http:\/\/sites.usp.br\/acolhe\/wp-content\/uploads\/sites\/169\/2016\/09\/F\u00f4lder-Recep\u00e7\u00e3o-2017-300x212.jpg\" alt=\"\" width=\"300\" height=\"212\" srcset=\"https:\/\/sites.usp.br\/acolhe\/wp-content\/uploads\/sites\/169\/2016\/09\/F\u00f4lder-Recep\u00e7\u00e3o-2017-300x212.jpg 300w, https:\/\/sites.usp.br\/acolhe\/wp-content\/uploads\/sites\/169\/2016\/09\/F\u00f4lder-Recep\u00e7\u00e3o-2017-768x543.jpg 768w, https:\/\/sites.usp.br\/acolhe\/wp-content\/uploads\/sites\/169\/2016\/09\/F\u00f4lder-Recep\u00e7\u00e3o-2017-1024x724.jpg 1024w, https:\/\/sites.usp.br\/acolhe\/wp-content\/uploads\/sites\/169\/2016\/09\/F\u00f4lder-Recep\u00e7\u00e3o-2017-400x283.jpg 400w, https:\/\/sites.usp.br\/acolhe\/wp-content\/uploads\/sites\/169\/2016\/09\/F\u00f4lder-Recep\u00e7\u00e3o-2017.jpg 1123w\" sizes=\"auto, (max-width: 300px) 100vw, 300px\" \/><\/a><a href=\"http:\/\/sites.usp.br\/acolhe\/wp-content\/uploads\/sites\/169\/2016\/09\/F\u00f4lder-Recep\u00e7\u00e3o-2017-2.jpg\"><img loading=\"lazy\" decoding=\"async\" class=\"size-medium wp-image-590 aligncenter\" src=\"http:\/\/sites.usp.br\/acolhe\/wp-content\/uploads\/sites\/169\/2016\/09\/F\u00f4lder-Recep\u00e7\u00e3o-2017-2-300x212.jpg\" alt=\"\" width=\"300\" height=\"212\" srcset=\"https:\/\/sites.usp.br\/acolhe\/wp-content\/uploads\/sites\/169\/2016\/09\/F\u00f4lder-Recep\u00e7\u00e3o-2017-2-300x212.jpg 300w, https:\/\/sites.usp.br\/acolhe\/wp-content\/uploads\/sites\/169\/2016\/09\/F\u00f4lder-Recep\u00e7\u00e3o-2017-2-768x543.jpg 768w, https:\/\/sites.usp.br\/acolhe\/wp-content\/uploads\/sites\/169\/2016\/09\/F\u00f4lder-Recep\u00e7\u00e3o-2017-2-1024x724.jpg 1024w, https:\/\/sites.usp.br\/acolhe\/wp-content\/uploads\/sites\/169\/2016\/09\/F\u00f4lder-Recep\u00e7\u00e3o-2017-2-400x283.jpg 400w, https:\/\/sites.usp.br\/acolhe\/wp-content\/uploads\/sites\/169\/2016\/09\/F\u00f4lder-Recep\u00e7\u00e3o-2017-2.jpg 1123w\" sizes=\"auto, (max-width: 300px) 100vw, 300px\" \/><\/a><\/p>\n","protected":false},"excerpt":{"rendered":"<p>F\u00f4lder Institucional Acolhe USP F\u00f4lder &#8220;Semana de Recep\u00e7\u00e3o aos Calouros 2017&#8221;<\/p>\n","protected":false},"author":291,"featured_media":0,"parent":120,"menu_order":0,"comment_status":"closed","ping_status":"closed","template":"","meta":{"footnotes":"","_links_to":"","_links_to_target":""},"class_list":["post-167","page","type-page","status-publish","hentry"],"_links":{"self":[{"href":"https:\/\/sites.usp.br\/acolhe\/wp-json\/wp\/v2\/pages\/167","targetHints":{"allow":["GET"]}}],"collection":[{"href":"https:\/\/sites.usp.br\/acolhe\/wp-json\/wp\/v2\/pages"}],"about":[{"href":"https:\/\/sites.usp.br\/acolhe\/wp-json\/wp\/v2\/types\/page"}],"author":[{"embeddable":true,"href":"https:\/\/sites.usp.br\/acolhe\/wp-json\/wp\/v2\/users\/291"}],"replies":[{"embeddable":true,"href":"https:\/\/sites.usp.br\/acolhe\/wp-json\/wp\/v2\/comments?post=167"}],"version-history":[{"count":6,"href":"https:\/\/sites.usp.br\/acolhe\/wp-json\/wp\/v2\/pages\/167\/revisions"}],"predecessor-version":[{"id":696,"href":"https:\/\/sites.usp.br\/acolhe\/wp-json\/wp\/v2\/pages\/167\/revisions\/696"}],"up":[{"embeddable":true,"href":"https:\/\/sites.usp.br\/acolhe\/wp-json\/wp\/v2\/pages\/120"}],"wp:attachment":[{"href":"https:\/\/sites.usp.br\/acolhe\/wp-json\/wp\/v2\/media?parent=167"}],"curies":[{"name":"wp","href":"https:\/\/api.w.org\/{rel}","templated":true}]}}