{"id":179,"date":"2016-09-23T17:29:49","date_gmt":"2016-09-23T19:29:49","guid":{"rendered":"http:\/\/sites.usp.br\/acolhe\/?page_id=179"},"modified":"2019-10-30T13:22:42","modified_gmt":"2019-10-30T15:22:42","slug":"posteres","status":"publish","type":"page","link":"https:\/\/sites.usp.br\/acolhe\/publicacoes\/posteres\/","title":{"rendered":"P\u00f4steres"},"content":{"rendered":"<h5 style=\"text-align: center;\"><span style=\"color: #ff6600;\"><strong>P\u00f4ster apresentado no\u00a0Congresso Previne 2017<\/strong><\/span><\/h5>\n<p><a href=\"http:\/\/sites.usp.br\/acolhe\/wp-content\/uploads\/sites\/169\/2016\/09\/Poster-PREVINE-versao-28-FINAL.jpg\"><img loading=\"lazy\" decoding=\"async\" class=\"size-medium wp-image-560 aligncenter\" src=\"http:\/\/sites.usp.br\/acolhe\/wp-content\/uploads\/sites\/169\/2016\/09\/Poster-PREVINE-versao-28-FINAL-225x300.jpg\" alt=\"\" width=\"225\" height=\"300\" srcset=\"https:\/\/sites.usp.br\/acolhe\/wp-content\/uploads\/sites\/169\/2016\/09\/Poster-PREVINE-versao-28-FINAL-225x300.jpg 225w, https:\/\/sites.usp.br\/acolhe\/wp-content\/uploads\/sites\/169\/2016\/09\/Poster-PREVINE-versao-28-FINAL-768x1024.jpg 768w, https:\/\/sites.usp.br\/acolhe\/wp-content\/uploads\/sites\/169\/2016\/09\/Poster-PREVINE-versao-28-FINAL-400x533.jpg 400w\" sizes=\"auto, (max-width: 225px) 100vw, 225px\" \/><\/a><\/p>\n<h5 style=\"text-align: center;\"><span style=\"color: #000080;\"><strong>P\u00f4ster &#8220;Avalie seu Consumo&#8221; (\u00c1lcool)<\/strong><\/span><\/h5>\n<p style=\"text-align: center;\"><a href=\"http:\/\/sites.usp.br\/acolhe\/wp-content\/uploads\/sites\/169\/2016\/09\/Banner-Avalie-seu-consumo-Ago2018.jpg\"><img loading=\"lazy\" decoding=\"async\" class=\"alignnone size-medium wp-image-557\" src=\"http:\/\/sites.usp.br\/acolhe\/wp-content\/uploads\/sites\/169\/2016\/09\/Banner-Avalie-seu-consumo-Ago2018-212x300.jpg\" alt=\"\" width=\"212\" height=\"300\" srcset=\"https:\/\/sites.usp.br\/acolhe\/wp-content\/uploads\/sites\/169\/2016\/09\/Banner-Avalie-seu-consumo-Ago2018-212x300.jpg 212w, https:\/\/sites.usp.br\/acolhe\/wp-content\/uploads\/sites\/169\/2016\/09\/Banner-Avalie-seu-consumo-Ago2018-768x1086.jpg 768w, https:\/\/sites.usp.br\/acolhe\/wp-content\/uploads\/sites\/169\/2016\/09\/Banner-Avalie-seu-consumo-Ago2018-724x1024.jpg 724w, https:\/\/sites.usp.br\/acolhe\/wp-content\/uploads\/sites\/169\/2016\/09\/Banner-Avalie-seu-consumo-Ago2018-400x566.jpg 400w\" sizes=\"auto, (max-width: 212px) 100vw, 212px\" \/><\/a><\/p>\n<h5 style=\"text-align: center;\"><span style=\"color: #ff6600;\"><strong>P\u00f4ster &#8220;Repensando o Consumo de Tabaco&#8221;<\/strong><\/span><\/h5>\n<p style=\"text-align: center;\"><a href=\"http:\/\/sites.usp.br\/acolhe\/wp-content\/uploads\/sites\/169\/2016\/09\/Banner-Tabagismo-Final.jpg\"><img loading=\"lazy\" decoding=\"async\" class=\"alignnone size-medium wp-image-558\" src=\"http:\/\/sites.usp.br\/acolhe\/wp-content\/uploads\/sites\/169\/2016\/09\/Banner-Tabagismo-Final-225x300.jpg\" alt=\"\" width=\"225\" height=\"300\" srcset=\"https:\/\/sites.usp.br\/acolhe\/wp-content\/uploads\/sites\/169\/2016\/09\/Banner-Tabagismo-Final-225x300.jpg 225w, https:\/\/sites.usp.br\/acolhe\/wp-content\/uploads\/sites\/169\/2016\/09\/Banner-Tabagismo-Final-768x1025.jpg 768w, https:\/\/sites.usp.br\/acolhe\/wp-content\/uploads\/sites\/169\/2016\/09\/Banner-Tabagismo-Final-767x1024.jpg 767w, https:\/\/sites.usp.br\/acolhe\/wp-content\/uploads\/sites\/169\/2016\/09\/Banner-Tabagismo-Final-400x534.jpg 400w\" sizes=\"auto, (max-width: 225px) 100vw, 225px\" \/><\/a><\/p>\n","protected":false},"excerpt":{"rendered":"<p>P\u00f4ster apresentado no\u00a0Congresso Previne 2017 P\u00f4ster &#8220;Avalie seu Consumo&#8221; (\u00c1lcool) P\u00f4ster &#8220;Repensando o Consumo de Tabaco&#8221;<\/p>\n","protected":false},"author":292,"featured_media":0,"parent":120,"menu_order":0,"comment_status":"closed","ping_status":"closed","template":"","meta":{"footnotes":"","_links_to":"","_links_to_target":""},"class_list":["post-179","page","type-page","status-publish","hentry"],"_links":{"self":[{"href":"https:\/\/sites.usp.br\/acolhe\/wp-json\/wp\/v2\/pages\/179","targetHints":{"allow":["GET"]}}],"collection":[{"href":"https:\/\/sites.usp.br\/acolhe\/wp-json\/wp\/v2\/pages"}],"about":[{"href":"https:\/\/sites.usp.br\/acolhe\/wp-json\/wp\/v2\/types\/page"}],"author":[{"embeddable":true,"href":"https:\/\/sites.usp.br\/acolhe\/wp-json\/wp\/v2\/users\/292"}],"replies":[{"embeddable":true,"href":"https:\/\/sites.usp.br\/acolhe\/wp-json\/wp\/v2\/comments?post=179"}],"version-history":[{"count":5,"href":"https:\/\/sites.usp.br\/acolhe\/wp-json\/wp\/v2\/pages\/179\/revisions"}],"predecessor-version":[{"id":697,"href":"https:\/\/sites.usp.br\/acolhe\/wp-json\/wp\/v2\/pages\/179\/revisions\/697"}],"up":[{"embeddable":true,"href":"https:\/\/sites.usp.br\/acolhe\/wp-json\/wp\/v2\/pages\/120"}],"wp:attachment":[{"href":"https:\/\/sites.usp.br\/acolhe\/wp-json\/wp\/v2\/media?parent=179"}],"curies":[{"name":"wp","href":"https:\/\/api.w.org\/{rel}","templated":true}]}}