{"id":354,"date":"2016-12-23T16:06:23","date_gmt":"2016-12-23T18:06:23","guid":{"rendered":"http:\/\/sites.usp.br\/acolhe\/?page_id=354"},"modified":"2018-12-19T16:31:15","modified_gmt":"2018-12-19T18:31:15","slug":"sobre","status":"publish","type":"page","link":"https:\/\/sites.usp.br\/acolhe\/sobre\/","title":{"rendered":"Sobre"},"content":{"rendered":"<ul>\n<li style=\"text-align: justify;\"><span style=\"color: #ff6600;\"><strong><a style=\"color: #ff6600;\" href=\"http:\/\/sites.usp.br\/acolhe\/sobre\/o-que-e\/\">O que \u00e9<\/a>\u00a0<\/strong><\/span>e como funciona o Acolhe USP?<\/li>\n<\/ul>\n<ul style=\"text-align: justify;\">\n<li><span style=\"color: #000080;\"><strong><a style=\"color: #000080;\" href=\"http:\/\/sites.usp.br\/acolhe\/sobre\/historia\/\">Conhe\u00e7a a\u00a0trajet\u00f3ria<\/a><\/strong>\u00a0<\/span>do Acolhe USP desde sua cria\u00e7\u00e3o.<\/li>\n<\/ul>\n<ul>\n<li style=\"text-align: justify;\">Saiba quem s\u00e3o\u00a0as(os) <span style=\"color: #ff6600;\"><strong><a style=\"color: #ff6600;\" href=\"http:\/\/sites.usp.br\/acolhe\/sobre\/equipe\/\">profissionais que comp\u00f5em a equipe<\/a><\/strong><\/span> do Acolhe USP.<\/li>\n<\/ul>\n","protected":false},"excerpt":{"rendered":"<p>O que \u00e9\u00a0e como funciona o Acolhe USP? Conhe\u00e7a a\u00a0trajet\u00f3ria\u00a0do Acolhe USP desde sua cria\u00e7\u00e3o. Saiba quem s\u00e3o\u00a0as(os) profissionais que comp\u00f5em a equipe do Acolhe USP.<\/p>\n","protected":false},"author":291,"featured_media":0,"parent":0,"menu_order":0,"comment_status":"closed","ping_status":"closed","template":"","meta":{"footnotes":"","_links_to":"","_links_to_target":""},"class_list":["post-354","page","type-page","status-publish","hentry"],"_links":{"self":[{"href":"https:\/\/sites.usp.br\/acolhe\/wp-json\/wp\/v2\/pages\/354","targetHints":{"allow":["GET"]}}],"collection":[{"href":"https:\/\/sites.usp.br\/acolhe\/wp-json\/wp\/v2\/pages"}],"about":[{"href":"https:\/\/sites.usp.br\/acolhe\/wp-json\/wp\/v2\/types\/page"}],"author":[{"embeddable":true,"href":"https:\/\/sites.usp.br\/acolhe\/wp-json\/wp\/v2\/users\/291"}],"replies":[{"embeddable":true,"href":"https:\/\/sites.usp.br\/acolhe\/wp-json\/wp\/v2\/comments?post=354"}],"version-history":[{"count":5,"href":"https:\/\/sites.usp.br\/acolhe\/wp-json\/wp\/v2\/pages\/354\/revisions"}],"predecessor-version":[{"id":603,"href":"https:\/\/sites.usp.br\/acolhe\/wp-json\/wp\/v2\/pages\/354\/revisions\/603"}],"wp:attachment":[{"href":"https:\/\/sites.usp.br\/acolhe\/wp-json\/wp\/v2\/media?parent=354"}],"curies":[{"name":"wp","href":"https:\/\/api.w.org\/{rel}","templated":true}]}}