{"id":64,"date":"2014-02-12T11:28:54","date_gmt":"2014-02-12T13:28:54","guid":{"rendered":"http:\/\/sites.usp.br\/acolhe\/?page_id=64"},"modified":"2019-10-30T14:45:55","modified_gmt":"2019-10-30T16:45:55","slug":"prevencao","status":"publish","type":"page","link":"https:\/\/sites.usp.br\/acolhe\/prevencao\/","title":{"rendered":"Preven\u00e7\u00e3o"},"content":{"rendered":"<p style=\"text-align: justify;\">O Programa Acolhe USP realiza atividades no campo da preven\u00e7\u00e3o do uso problem\u00e1tico e \u00e1lcool e outras drogas, como:<\/p>\n<ul>\n<li><strong><span style=\"color: #ff6600;\"><a style=\"color: #ff6600;\" href=\"http:\/\/sites.usp.br\/acolhe\/palestras-e-rodas-de-conversa\/\">Palestras e rodas de conversa<\/a><\/span>\u00a0<\/strong>voltadas a alunos, funcion\u00e1rios e docentes de\u00a0diferentes unidades e institutos da Universidade;<\/li>\n<li><a href=\"http:\/\/sites.usp.br\/acolhe\/prevencao\/cine-debates\/\"><strong><span style=\"color: #000080;\">Cine-debates<\/span><\/strong><\/a>, buscando fomentar discuss\u00f5es relevantes sobre \u00e1lcool e outras drogas e sa\u00fade mental de maneira l\u00fadica;<\/li>\n<li><span style=\"color: #ff6600;\"><strong><a style=\"color: #ff6600;\" href=\"http:\/\/sites.usp.br\/acolhe\/recepcao-aos-calouros-2\/\">Recep\u00e7\u00e3o aos Calouros<\/a><\/strong><\/span>, momento em que damos as boas vindas aos alunos ingressantes na USP;<\/li>\n<li><a href=\"http:\/\/sites.usp.br\/acolhe\/workshop-falando-sobre-drogas-e-trabalho\/\"><span style=\"color: #ff6600;\"><strong><span style=\"color: #000080;\">Workshop &#8220;Falando sobre drogas e trabalho &#8211; Cartilha para chefias&#8221;<\/span><\/strong><\/span><\/a>, trabalho de capacita\u00e7\u00e3o\u00a0voltado a funcion\u00e1rios com cargos de chefia e de chefia substituta e funcion\u00e1rios de se\u00e7\u00f5es de pessoal, desenvolvido a partir da cartilha de mesmo nome publicada pelo Acolhe USP;<\/li>\n<li><span style=\"color: #ff6600;\"><strong><a style=\"color: #ff6600;\" href=\"http:\/\/sites.usp.br\/acolhe\/prevencao\/outras-acoes\/\">Outras a\u00e7\u00f5es<\/a><\/strong><\/span>, como apresenta\u00e7\u00e3o do Programa Acolhe USP, articula\u00e7\u00f5es com outras inst\u00e2ncias da rede socioassistencial no que diz respeito \u00e0 tem\u00e1tica \u00e1lcool e outras drogas, al\u00e9m de participa\u00e7\u00f5es especiais em eventos do campo da sa\u00fade.<\/li>\n<\/ul>\n<p>&nbsp;<\/p>\n<p>&nbsp;<\/p>\n","protected":false},"excerpt":{"rendered":"<p>O Programa Acolhe USP realiza atividades no campo da preven\u00e7\u00e3o do uso problem\u00e1tico e \u00e1lcool e outras drogas, como: Palestras e rodas de conversa\u00a0voltadas a alunos, funcion\u00e1rios e docentes de\u00a0diferentes unidades e institutos da Universidade; Cine-debates, buscando fomentar discuss\u00f5es relevantes sobre \u00e1lcool e outras drogas e sa\u00fade mental de maneira l\u00fadica; Recep\u00e7\u00e3o aos Calouros, momento [&hellip;]<\/p>\n","protected":false},"author":1,"featured_media":0,"parent":0,"menu_order":0,"comment_status":"closed","ping_status":"closed","template":"","meta":{"footnotes":"","_links_to":"","_links_to_target":""},"class_list":["post-64","page","type-page","status-publish","hentry"],"_links":{"self":[{"href":"https:\/\/sites.usp.br\/acolhe\/wp-json\/wp\/v2\/pages\/64","targetHints":{"allow":["GET"]}}],"collection":[{"href":"https:\/\/sites.usp.br\/acolhe\/wp-json\/wp\/v2\/pages"}],"about":[{"href":"https:\/\/sites.usp.br\/acolhe\/wp-json\/wp\/v2\/types\/page"}],"author":[{"embeddable":true,"href":"https:\/\/sites.usp.br\/acolhe\/wp-json\/wp\/v2\/users\/1"}],"replies":[{"embeddable":true,"href":"https:\/\/sites.usp.br\/acolhe\/wp-json\/wp\/v2\/comments?post=64"}],"version-history":[{"count":6,"href":"https:\/\/sites.usp.br\/acolhe\/wp-json\/wp\/v2\/pages\/64\/revisions"}],"predecessor-version":[{"id":715,"href":"https:\/\/sites.usp.br\/acolhe\/wp-json\/wp\/v2\/pages\/64\/revisions\/715"}],"wp:attachment":[{"href":"https:\/\/sites.usp.br\/acolhe\/wp-json\/wp\/v2\/media?parent=64"}],"curies":[{"name":"wp","href":"https:\/\/api.w.org\/{rel}","templated":true}]}}