{"id":644,"date":"2018-12-21T15:32:06","date_gmt":"2018-12-21T17:32:06","guid":{"rendered":"http:\/\/sites.usp.br\/acolhe\/?page_id=644"},"modified":"2019-01-04T16:22:29","modified_gmt":"2019-01-04T18:22:29","slug":"workshop-falando-sobre-drogas-e-trabalho","status":"publish","type":"page","link":"https:\/\/sites.usp.br\/acolhe\/prevencao\/workshop-falando-sobre-drogas-e-trabalho\/","title":{"rendered":"Workshop &#8220;Falando sobre drogas e trabalho&#8221;"},"content":{"rendered":"<p>Desde o lan\u00e7amento da publica\u00e7\u00e3o original do Acolhe USP &#8220;Falando sobre drogas e trabalho &#8211; Cartilha para chefias&#8221;, a equipe t\u00e9cnica do programa produziu um &#8220;workshop&#8221; sobre a tem\u00e1tica e percorreu\u00a0diversas unidades do Campus da Capital e outras localizadas em campi da USP do interior do estado, como nas cidades de S\u00e3o Carlos, Bauru e Ribeir\u00e3o Preto.<\/p>\n<p>A atividade visa capacitar chefias, chefias substitutas e funcion\u00e1rios de se\u00e7\u00f5es de pessoal\u00a0a lidar mais adequadamente com situa\u00e7\u00f5es que\u00a0envolvam\u00a0o uso de \u00e1lcool e outras drogas e o ambiente de trabalho. O &#8220;workshop&#8221;\u00a0tem como foco\u00a0abrir espa\u00e7o para\u00a0o di\u00e1logo sobre as d\u00favidas mais comuns relativas ao tema, muitas vezes surgidas a partir de situa\u00e7\u00f5es vividas\u00a0em cada unidade.<\/p>\n<p><a href=\"http:\/\/sites.usp.br\/acolhe\/wp-content\/uploads\/sites\/169\/2018\/12\/IMG_4179.jpg\"><img loading=\"lazy\" decoding=\"async\" class=\"size-medium wp-image-653 aligncenter\" src=\"http:\/\/sites.usp.br\/acolhe\/wp-content\/uploads\/sites\/169\/2018\/12\/IMG_4179-300x200.jpg\" alt=\"\" width=\"300\" height=\"200\" srcset=\"https:\/\/sites.usp.br\/acolhe\/wp-content\/uploads\/sites\/169\/2018\/12\/IMG_4179-300x200.jpg 300w, https:\/\/sites.usp.br\/acolhe\/wp-content\/uploads\/sites\/169\/2018\/12\/IMG_4179-768x512.jpg 768w, https:\/\/sites.usp.br\/acolhe\/wp-content\/uploads\/sites\/169\/2018\/12\/IMG_4179-1024x683.jpg 1024w, https:\/\/sites.usp.br\/acolhe\/wp-content\/uploads\/sites\/169\/2018\/12\/IMG_4179-400x267.jpg 400w\" sizes=\"auto, (max-width: 300px) 100vw, 300px\" \/><\/a><\/p>\n","protected":false},"excerpt":{"rendered":"<p>Desde o lan\u00e7amento da publica\u00e7\u00e3o original do Acolhe USP &#8220;Falando sobre drogas e trabalho &#8211; Cartilha para chefias&#8221;, a equipe t\u00e9cnica do programa produziu um &#8220;workshop&#8221; sobre a tem\u00e1tica e percorreu\u00a0diversas unidades do Campus da Capital e outras localizadas em campi da USP do interior do estado, como nas cidades de S\u00e3o Carlos, Bauru e [&hellip;]<\/p>\n","protected":false},"author":291,"featured_media":0,"parent":64,"menu_order":3,"comment_status":"closed","ping_status":"closed","template":"","meta":{"footnotes":"","_links_to":"","_links_to_target":""},"class_list":["post-644","page","type-page","status-publish","hentry"],"_links":{"self":[{"href":"https:\/\/sites.usp.br\/acolhe\/wp-json\/wp\/v2\/pages\/644","targetHints":{"allow":["GET"]}}],"collection":[{"href":"https:\/\/sites.usp.br\/acolhe\/wp-json\/wp\/v2\/pages"}],"about":[{"href":"https:\/\/sites.usp.br\/acolhe\/wp-json\/wp\/v2\/types\/page"}],"author":[{"embeddable":true,"href":"https:\/\/sites.usp.br\/acolhe\/wp-json\/wp\/v2\/users\/291"}],"replies":[{"embeddable":true,"href":"https:\/\/sites.usp.br\/acolhe\/wp-json\/wp\/v2\/comments?post=644"}],"version-history":[{"count":4,"href":"https:\/\/sites.usp.br\/acolhe\/wp-json\/wp\/v2\/pages\/644\/revisions"}],"predecessor-version":[{"id":655,"href":"https:\/\/sites.usp.br\/acolhe\/wp-json\/wp\/v2\/pages\/644\/revisions\/655"}],"up":[{"embeddable":true,"href":"https:\/\/sites.usp.br\/acolhe\/wp-json\/wp\/v2\/pages\/64"}],"wp:attachment":[{"href":"https:\/\/sites.usp.br\/acolhe\/wp-json\/wp\/v2\/media?parent=644"}],"curies":[{"name":"wp","href":"https:\/\/api.w.org\/{rel}","templated":true}]}}