{"id":79,"date":"2014-02-24T16:51:20","date_gmt":"2014-02-24T18:51:20","guid":{"rendered":"http:\/\/sites.usp.br\/acolhe\/?page_id=79"},"modified":"2022-08-18T11:00:46","modified_gmt":"2022-08-18T13:00:46","slug":"pagina-inicial","status":"publish","type":"page","link":"https:\/\/sites.usp.br\/acolhe\/","title":{"rendered":"Acolhe USP"},"content":{"rendered":"<p><a href=\"https:\/\/sites.usp.br\/acolhe\/wp-content\/uploads\/sites\/169\/2022\/08\/Logo-Programa-Ecos.png\"><img loading=\"lazy\" decoding=\"async\" class=\"aligncenter wp-image-748 size-large\" src=\"https:\/\/sites.usp.br\/acolhe\/wp-content\/uploads\/sites\/169\/2022\/08\/Logo-Programa-Ecos-1024x576.png\" alt=\"\" width=\"604\" height=\"340\" srcset=\"https:\/\/sites.usp.br\/acolhe\/wp-content\/uploads\/sites\/169\/2022\/08\/Logo-Programa-Ecos-1024x576.png 1024w, https:\/\/sites.usp.br\/acolhe\/wp-content\/uploads\/sites\/169\/2022\/08\/Logo-Programa-Ecos-300x169.png 300w, https:\/\/sites.usp.br\/acolhe\/wp-content\/uploads\/sites\/169\/2022\/08\/Logo-Programa-Ecos-768x432.png 768w, https:\/\/sites.usp.br\/acolhe\/wp-content\/uploads\/sites\/169\/2022\/08\/Logo-Programa-Ecos-1536x864.png 1536w, https:\/\/sites.usp.br\/acolhe\/wp-content\/uploads\/sites\/169\/2022\/08\/Logo-Programa-Ecos-310x174.png 310w, https:\/\/sites.usp.br\/acolhe\/wp-content\/uploads\/sites\/169\/2022\/08\/Logo-Programa-Ecos-400x225.png 400w, https:\/\/sites.usp.br\/acolhe\/wp-content\/uploads\/sites\/169\/2022\/08\/Logo-Programa-Ecos.png 1920w\" sizes=\"auto, (max-width: 604px) 100vw, 604px\" \/><\/a><\/p>\n<div style=\"text-align: center;\"><span style=\"color: #0000ff;\"><strong>Prezado(a)<\/strong><\/span><\/div>\n<div style=\"text-align: center;\"><\/div>\n<ol><\/ol>\n<div style=\"text-align: center;\"><strong><span style=\"color: #0000ff;\">Comunicamos o encerramento das atividades do Programa Acolhe USP, bem como a incorpora\u00e7\u00e3o de sua equipe t\u00e9cnico-administrativa ao Programa ECOS (Escuta, Cuidado e Orienta\u00e7\u00e3o em Sa\u00fade Mental), que comp\u00f5e a Diretoria de Sa\u00fade Mental e Bem-estar Social da Pr\u00f3-reitoria de Inclus\u00e3o e Pertencimento (PRIP).\u00a0<\/span><\/strong><\/div>\n<ol><\/ol>\n<div><\/div>\n<div style=\"text-align: center;\"><span style=\"color: #0000ff;\"><strong>No momento, o Programa ECOS est\u00e1 em constru\u00e7\u00e3o. Sua formula\u00e7\u00e3o passa pelo desejo de cuidar da sa\u00fade mental na universidade de forma ampla e coletiva, seja fortalecendo os la\u00e7os sociais, o di\u00e1logo e os espa\u00e7os de conviv\u00eancia no ambiente universit\u00e1rio, seja oferecendo espa\u00e7os de escuta e acolhimento, ou mesmo identificando e atuando sobre os determinantes de sofrimento mental na vida universit\u00e1ria.<\/strong><\/span><\/div>\n<ol><\/ol>\n<div><\/div>\n<div style=\"text-align: center;\"><span style=\"color: #0000ff;\"><strong>A proposta se d\u00e1 na esfera de escuta, acolhimento e orienta\u00e7\u00e3o com atendimentos pontuais para a reflex\u00e3o e constru\u00e7\u00e3o em conjunto de um poss\u00edvel plano terap\u00eautico.<\/strong><\/span><\/div>\n<ol><\/ol>\n<div><\/div>\n<div style=\"text-align: center;\"><span style=\"color: #0000ff;\"><strong>O programa ECOS \u00e9 refer\u00eancia para a comunidade USP (alunos, funcion\u00e1rios e docentes) no campus Butant\u00e3 e atende\u00a0 entre 08h e 17h de segunda \u00e0 sexta-feira.\u00a0<\/strong><\/span><\/div>\n<ol><\/ol>\n<div style=\"text-align: center;\"><\/div>\n<div style=\"text-align: center;\"><span style=\"color: #0000ff;\"><strong>Para os moradores do Conjunto Residencial da USP (CRUSP) a refer\u00eancia \u00e9 o Centro de Sa\u00fade Escola Butant\u00e3.<\/strong><\/span><\/div>\n<div><\/div>\n<div style=\"text-align: center;\"><span style=\"color: #0000ff;\"><strong>Para atendimento no programa ECOS n\u00e3o h\u00e1 necessidade de agendamento pr\u00e9vio.<\/strong><\/span><\/div>\n<ol><\/ol>\n<div><\/div>\n<div style=\"text-align: center;\"><span style=\"color: #0000ff;\"><strong>Para maiores informa\u00e7\u00f5es entre em contato pelo e-mail\u00a0<a style=\"color: #0000ff;\" href=\"mailto:ecos.prip@usp.br\" target=\"_blank\" rel=\"noopener\">ecos.prip@usp.br<\/a>\u00a0ou pelo telefone: (11) 3091-8345<\/strong><\/span><\/div>\n<ol><\/ol>\n<div><\/div>\n<div style=\"text-align: center;\"><span style=\"color: #0000ff;\"><strong>Att\u00a0<\/strong><\/span><\/div>\n<div style=\"text-align: center;\"><span style=\"color: #0000ff;\"><strong>Equipe ECOS<\/strong><\/span><\/div>\n<p style=\"text-align: center;\" align=\"center\">\n","protected":false},"excerpt":{"rendered":"<p>Prezado(a) Comunicamos o encerramento das atividades do Programa Acolhe USP, bem como a incorpora\u00e7\u00e3o de sua equipe t\u00e9cnico-administrativa ao Programa ECOS (Escuta, Cuidado e Orienta\u00e7\u00e3o em Sa\u00fade Mental), que comp\u00f5e a Diretoria de Sa\u00fade Mental e Bem-estar Social da Pr\u00f3-reitoria de Inclus\u00e3o e Pertencimento (PRIP).\u00a0 No momento, o Programa ECOS est\u00e1 em constru\u00e7\u00e3o. Sua formula\u00e7\u00e3o [&hellip;]<\/p>\n","protected":false},"author":1,"featured_media":0,"parent":0,"menu_order":0,"comment_status":"closed","ping_status":"closed","template":"","meta":{"footnotes":"","_links_to":"","_links_to_target":""},"class_list":["post-79","page","type-page","status-publish","hentry"],"_links":{"self":[{"href":"https:\/\/sites.usp.br\/acolhe\/wp-json\/wp\/v2\/pages\/79","targetHints":{"allow":["GET"]}}],"collection":[{"href":"https:\/\/sites.usp.br\/acolhe\/wp-json\/wp\/v2\/pages"}],"about":[{"href":"https:\/\/sites.usp.br\/acolhe\/wp-json\/wp\/v2\/types\/page"}],"author":[{"embeddable":true,"href":"https:\/\/sites.usp.br\/acolhe\/wp-json\/wp\/v2\/users\/1"}],"replies":[{"embeddable":true,"href":"https:\/\/sites.usp.br\/acolhe\/wp-json\/wp\/v2\/comments?post=79"}],"version-history":[{"count":7,"href":"https:\/\/sites.usp.br\/acolhe\/wp-json\/wp\/v2\/pages\/79\/revisions"}],"predecessor-version":[{"id":763,"href":"https:\/\/sites.usp.br\/acolhe\/wp-json\/wp\/v2\/pages\/79\/revisions\/763"}],"wp:attachment":[{"href":"https:\/\/sites.usp.br\/acolhe\/wp-json\/wp\/v2\/media?parent=79"}],"curies":[{"name":"wp","href":"https:\/\/api.w.org\/{rel}","templated":true}]}}