{"id":157,"date":"2019-06-11T13:15:56","date_gmt":"2019-06-11T15:15:56","guid":{"rendered":"http:\/\/sites.usp.br\/acredito\/?page_id=157"},"modified":"2024-07-12T19:33:37","modified_gmt":"2024-07-12T21:33:37","slug":"pagina-inicial-com-elementor","status":"publish","type":"page","link":"https:\/\/sites.usp.br\/acredito\/","title":{"rendered":"Home"},"content":{"rendered":"\n<div class=\"wp-block-columns is-layout-flex wp-container-core-columns-is-layout-9d6595d7 wp-block-columns-is-layout-flex\" style=\"line-height:1.5\">\n<div class=\"wp-block-column is-layout-flow wp-block-column-is-layout-flow\" style=\"flex-basis:95.66%\">\n<div class=\"wp-block-group\"><div class=\"wp-block-group__inner-container is-layout-constrained wp-block-group-is-layout-constrained\">\n<p><strong>O ACREDITO \u00c9 UMA THINK TANK<\/strong><\/p>\n\n\n\n<div class=\"wp-block-group\"><div class=\"wp-block-group__inner-container is-layout-constrained wp-block-group-is-layout-constrained\">\n<p>Queremos que o cr\u00e9dito seja sempre bom: para as pessoas, para a sociedade e para os bancos.<\/p>\n\n\n\n<p>Nascemos para colaborar com o di\u00e1logo mais transparente entre os tomadores de cr\u00e9dito, institui\u00e7\u00f5es financeiras, empresas de varejo que ofere\u00e7am servi\u00e7os e correspondentes banc\u00e1rios.<\/p>\n\n\n\n<p>Nossa atua\u00e7\u00e3o baseia-se nos conhecimentos mais avan\u00e7ados de Direito e Economia, big data de decis\u00f5es judiciais sobre cr\u00e9dito e economia comportamental.<\/p>\n\n\n\n<p>Nosso desejo \u00e9 fazer com que os ofertantes de cr\u00e9dito sejam capazes de mostrar sua transpar\u00eancia \u00e0s pessoas.<\/p>\n\n\n\n<p>E as pessoas acreditem nos bancos.<\/p>\n\n\n\n<p>E todos possamos botar cr\u00e9dito no futuro.<\/p>\n<\/div><\/div>\n<\/div><\/div>\n\n\n\n<p><\/p>\n<\/div>\n<\/div>\n","protected":false},"excerpt":{"rendered":"<p>O ACREDITO \u00c9 UMA THINK TANK Queremos que o cr\u00e9dito seja sempre bom: para as pessoas, para a sociedade e para os bancos. Nascemos para colaborar com o di\u00e1logo mais transparente entre os tomadores de cr\u00e9dito, institui\u00e7\u00f5es financeiras, empresas de varejo que ofere\u00e7am servi\u00e7os e correspondentes banc\u00e1rios. Nossa atua\u00e7\u00e3o baseia-se nos conhecimentos mais avan\u00e7ados de &hellip; <\/p>\n<p class=\"link-more\"><a href=\"https:\/\/sites.usp.br\/acredito\/\" class=\"more-link\">Continue lendo<span class=\"screen-reader-text\"> &#8220;Home&#8221;<\/span><\/a><\/p>\n","protected":false},"author":23829,"featured_media":0,"parent":0,"menu_order":0,"comment_status":"closed","ping_status":"closed","template":"","meta":{"footnotes":"","_links_to":"","_links_to_target":""},"class_list":["post-157","page","type-page","status-publish","hentry"],"_links":{"self":[{"href":"https:\/\/sites.usp.br\/acredito\/wp-json\/wp\/v2\/pages\/157","targetHints":{"allow":["GET"]}}],"collection":[{"href":"https:\/\/sites.usp.br\/acredito\/wp-json\/wp\/v2\/pages"}],"about":[{"href":"https:\/\/sites.usp.br\/acredito\/wp-json\/wp\/v2\/types\/page"}],"author":[{"embeddable":true,"href":"https:\/\/sites.usp.br\/acredito\/wp-json\/wp\/v2\/users\/23829"}],"replies":[{"embeddable":true,"href":"https:\/\/sites.usp.br\/acredito\/wp-json\/wp\/v2\/comments?post=157"}],"version-history":[{"count":4,"href":"https:\/\/sites.usp.br\/acredito\/wp-json\/wp\/v2\/pages\/157\/revisions"}],"predecessor-version":[{"id":548,"href":"https:\/\/sites.usp.br\/acredito\/wp-json\/wp\/v2\/pages\/157\/revisions\/548"}],"wp:attachment":[{"href":"https:\/\/sites.usp.br\/acredito\/wp-json\/wp\/v2\/media?parent=157"}],"curies":[{"name":"wp","href":"https:\/\/api.w.org\/{rel}","templated":true}]}}