{"id":111,"date":"2017-03-27T00:01:13","date_gmt":"2017-03-27T02:01:13","guid":{"rendered":"http:\/\/sites.usp.br\/adote\/?page_id=111"},"modified":"2020-10-26T19:08:15","modified_gmt":"2020-10-26T21:08:15","slug":"quem-somos","status":"publish","type":"page","link":"https:\/\/sites.usp.br\/adote\/quem-somos\/","title":{"rendered":"Quem somos"},"content":{"rendered":"<p>O Projeto #Adote foi criado em 2013 pela professora Dra. Rita de C\u00e1ssia Caf\u00e9 Ferreira, ap\u00f3s identificar a necessidade de criar um m\u00e9todo mais eficiente e inovador para o ensino de microbiologia, aproveitando-se das novas tecnologias para um aprendizado mais ativo e participativo. O projeto procura associar aulas presenciais e pr\u00e1ticas laboratoriais com a utiliza\u00e7\u00e3o de plataformas digitais para construir o conhecimento, sendo a iniciativa baseada em seis princ\u00edpios trabalhados ao longo do per\u00edodo letivo: memorizar, entender, aplicar, analisar, avaliar e criar. O docente e os moderadores tem o papel de guiar e estabelecer a estrutura sobre a qual os alunos v\u00e3o construir o conhecimento. As postagens online incentivam o aluno a aprender como buscar o conhecimento de maneira ativa, desenvolvendo independ\u00eancia e pensamento cr\u00edtico (a publica\u00e7\u00e3o completa no Brazilian Journal of Microbiology pode ser acessada <a href=\"https:\/\/www.sciencedirect.com\/science\/article\/pii\/S1517838217311243?via%3Dihub\">aqui<\/a>).<\/p>\n<p>Um v\u00eddeo institucional que ilustra o conte\u00fado deste texto pode ser acessado <a href=\"https:\/\/www.youtube.com\/watch?v=3TjhbtdH7lk&amp;t=128s\">neste link<\/a>.<\/p>\n<p>Os integrantes da equipe #Adote s\u00e3o, majoritariamente, alunos de gradua\u00e7\u00e3o, p\u00f3s-gradua\u00e7\u00e3o e professores da Universidade de S\u00e3o Paulo (USP). A lista completa encontra-se na <a href=\"https:\/\/sites.usp.br\/adote\/equipe\/\">se\u00e7\u00e3o &#8220;Equipe&#8221;<\/a><\/p>\n","protected":false},"excerpt":{"rendered":"<p>O Projeto #Adote foi criado em 2013 pela professora Dra. Rita de C\u00e1ssia Caf\u00e9 Ferreira, ap\u00f3s identificar a necessidade de criar um m\u00e9todo mais eficiente e inovador para o ensino de microbiologia, aproveitando-se das novas tecnologias para um aprendizado mais ativo e participativo. O projeto procura associar aulas presenciais e pr\u00e1ticas laboratoriais com a utiliza\u00e7\u00e3o<a href=\"https:\/\/sites.usp.br\/adote\/quem-somos\/\">[&#8230;]<\/a><\/p>\n","protected":false},"author":309,"featured_media":0,"parent":0,"menu_order":0,"comment_status":"closed","ping_status":"closed","template":"","meta":{"footnotes":"","_links_to":"","_links_to_target":""},"class_list":["post-111","page","type-page","status-publish","hentry"],"_links":{"self":[{"href":"https:\/\/sites.usp.br\/adote\/wp-json\/wp\/v2\/pages\/111","targetHints":{"allow":["GET"]}}],"collection":[{"href":"https:\/\/sites.usp.br\/adote\/wp-json\/wp\/v2\/pages"}],"about":[{"href":"https:\/\/sites.usp.br\/adote\/wp-json\/wp\/v2\/types\/page"}],"author":[{"embeddable":true,"href":"https:\/\/sites.usp.br\/adote\/wp-json\/wp\/v2\/users\/309"}],"replies":[{"embeddable":true,"href":"https:\/\/sites.usp.br\/adote\/wp-json\/wp\/v2\/comments?post=111"}],"version-history":[{"count":5,"href":"https:\/\/sites.usp.br\/adote\/wp-json\/wp\/v2\/pages\/111\/revisions"}],"predecessor-version":[{"id":539,"href":"https:\/\/sites.usp.br\/adote\/wp-json\/wp\/v2\/pages\/111\/revisions\/539"}],"wp:attachment":[{"href":"https:\/\/sites.usp.br\/adote\/wp-json\/wp\/v2\/media?parent=111"}],"curies":[{"name":"wp","href":"https:\/\/api.w.org\/{rel}","templated":true}]}}