{"id":540,"date":"2016-04-17T12:29:19","date_gmt":"2016-04-17T15:29:19","guid":{"rendered":"http:\/\/sites.usp.br\/adox\/?page_id=540"},"modified":"2023-05-09T14:01:30","modified_gmt":"2023-05-09T17:01:30","slug":"colaboracoes","status":"publish","type":"page","link":"https:\/\/sites.usp.br\/adox\/colaboracoes\/","title":{"rendered":"Colabora\u00e7\u00f5es"},"content":{"rendered":"<p style=\"font-size: 11.5pt; line-height: 150%; font-family: 'Trebuchet MS', sans-serif; color: #333333; text-align: justify;\"><strong>O Grupo de Pesquisa em Processos Oxidativos Avan\u00e7ados (Grupo AdOx) do CESQ\/PQI-EPUSP tem hist\u00f3rico de colabora\u00e7\u00e3o com equipes brasileiras, entre as quais:<\/strong><\/p>\n<div style=\"height: 20px;\"><\/div>\n<p style=\"text-align: justify;\">\u2022 <a href=\"http:\/\/cecs.ufabc.edu.br\/index.php\/docentes\/contatos\/23-docentes\/166-sergio-brochsztain.html\" target=\"_blank\" rel=\"noopener\">Centro de Engenharia, Modelagem e Cie\u0302ncias Sociais Aplicadas da Universidade Federal do ABC (UFABC)<\/a><\/p>\n<div style=\"height: 10px;\"><\/div>\n<p style=\"text-align: justify;\">\u2022 <a href=\"http:\/\/www.cepema.usp.br\/\" target=\"_blank\" rel=\"noopener\">Centro de Pesquisa e Ensino em Meio Ambiente (CEPEMA)<\/a><\/p>\n<div style=\"height: 10px;\"><\/div>\n<p style=\"text-align: justify;\">\u2022 <a href=\"http:\/\/biton.uspnet.usp.br\/cirra\/\" target=\"_blank\" rel=\"noopener\">Centro Internacional de Refer\u00eancia em Re\u00faso de \u00c1gua do Departamento de Engenharia Ambiental da Escola Polit\u00e9cnica da USP (CIRRA\/PHA-EPUSP)<\/a><\/p>\n<div style=\"height: 10px;\"><\/div>\n<p style=\"text-align: justify;\">\u2022 <a href=\"http:\/\/sites.usp.br\/dempsterlab\/\" target=\"_blank\" rel=\"noopener\">DEMPSTER <em>Mass Spectrometry Lab<\/em> da Escola Polit\u00e9cnica da USP<\/a><\/p>\n<div style=\"height: 10px;\"><\/div>\n<p style=\"text-align: justify;\">\u2022 <a href=\"https:\/\/pnipe.mctic.gov.br\/laboratory\/7630\" target=\"_blank\" rel=\"noopener\">Laborat\u00f3rio de Dosimetria de Doses Altas &#8211; Centro de Metrologia das Radia\u00e7\u00f5es (LDA\/CMR\/IPEN)<\/a><\/p>\n<div style=\"height: 10px;\"><\/div>\n<p style=\"text-align: justify;\">\u2022 <a href=\"https:\/\/www.ipen.br\/portal_por\/portal\/interna.php?secao_id=2500&amp;campo=1793\" target=\"_blank\" rel=\"noopener\">Laborat\u00f3rio de Ensaios Biol\u00f3gicos Ambientais do Instituto de Pesquisas Energ\u00e9ticas e Nucleares (LEBA\/IPEN-USP)<\/a><\/p>\n<div style=\"height: 10px;\"><\/div>\n<p style=\"text-align: justify;\">\u2022 <a href=\"https:\/\/www.facebook.com\/LAMIBIUFFSErechim\" target=\"_blank\" rel=\"noopener\">Laborat\u00f3rio de Microbiologia e Bioprocessos &#8211; Universidade Federal da Fronteira Sul (Lamibi\/UFFS-Campus Erechim)<\/a><\/p>\n<div style=\"height: 10px;\"><\/div>\n<p style=\"text-align: justify;\">\u2022 <a href=\"http:\/\/www.fec.unicamp.br\/itf\/index_1.php?pg=833.php&amp;secaoGeral=25\" target=\"_blank\" rel=\"noopener\">Laborat\u00f3rio de Processos Oxidativos (LABPOX)- Faculdade de Engenharia Civil, Arquitetura e Urbanismo &#8211; Universidade de Campinas (UNICAMP)<\/a><\/p>\n<div style=\"height: 10px;\"><\/div>\n<p style=\"text-align: justify;\">\u2022 <a href=\"https:\/\/www.ufpe.br\/litpeg\/lr\" target=\"_blank\" rel=\"noopener\">Laborat\u00f3rio de Refino e Tecnologias Limpas (LabRefino\/LATECLIM) &#8211; Instituto de Pesquisa em Petr\u00f3leo e Energia, Departamento de Engenharia Qu\u00edmica &#8211; Universidade Federal de Pernambuco (UFPE)<\/a><\/p>\n<div style=\"height: 20px;\"><\/div>\n<hr \/>\n<p style=\"font-size: 11.5pt; line-height: 150%; font-family: 'Trebuchet MS', sans-serif; color: #333333; text-align: justify;\"><strong>No caso de equipes do exterior, mencionam-se colabora\u00e7\u00f5es com:<\/strong><\/p>\n<div style=\"height: 20px;\"><\/div>\n<p style=\"font-size: 11.5pt; line-height: 150%; font-family: 'Trebuchet MS', sans-serif; color: #333333; text-align: justify;\"><em>\u2022<\/em> <a href=\"http:\/\/cqfm.ist.utl.pt\/\" target=\"_blank\" rel=\"noopener\">Centro de Qu\u00edmica-F\u00edsica Molecular (CQFM), Instituto Superior T\u00e9cnico da Universidade de Lisboa (IST-UL)<\/a> (Portugal) (Prof. Luis Filipe Vieira Ferreira)<\/p>\n<div style=\"height: 10px;\"><\/div>\n<p style=\"font-size: 11.5pt; line-height: 150%; font-family: 'Trebuchet MS', sans-serif; color: #333333; text-align: justify;\"><em>\u2022<\/em> <a href=\"http:\/\/www.colorado.edu\/ceae\/\"><em>Civil, Environmental and Architectural Engineering Department, University of Colorado<\/em><\/a> (EUA) (Prof. Fernando Rosario Ortiz)<\/p>\n<div style=\"height: 10px;\"><\/div>\n<p style=\"font-size: 11.5pt; line-height: 150%; font-family: 'Trebuchet MS', sans-serif; color: #333333; text-align: justify;\"><em>\u2022 <a href=\"http:\/\/www.unex.es\/conoce-la-uex\/departamentos\/ficha_estructura?idDpto=Y063\">Departamento de Ingenier\u00eda Qu\u00edmica y Qu\u00edmica F\u00edsica, Universidad de Extremadura<\/a> <\/em>(Espanha) (Prof. Fernando Beltr\u00e1n e Profa. Eva Maria Rodriguez)<\/p>\n<div style=\"height: 10px;\"><\/div>\n<p style=\"font-size: 11.5pt; line-height: 150%; font-family: 'Trebuchet MS', sans-serif; color: #333333; text-align: justify;\">\u2022 <a href=\"https:\/\/www.upv.es\/entidades\/DITP\/\"><em>Departamento de Ingenier\u00eda Textil y Papelera<\/em>, <em>Universitat Polit\u00e8cnica de Val\u00e8ncia<\/em><\/a> (Espanha) (Prof. Antonio Arques)<\/p>\n<div style=\"height: 10px;\"><\/div>\n<p style=\"font-size: 11.5pt; line-height: 150%; font-family: 'Trebuchet MS', sans-serif; color: #333333; text-align: justify;\"><em>\u2022 <\/em><a href=\"http:\/\/www.ce.berkeley.edu\/\"><em>Department of Civil and Environmental Engineering, University of California<\/em><\/a> (EUA) (Prof. William J. Cooper e Dra. Barbara Cottrell)<\/p>\n<div style=\"height: 10px;\"><\/div>\n<p style=\"font-size: 11.5pt; line-height: 150%; font-family: 'Trebuchet MS', sans-serif; color: #333333; text-align: justify;\"><em>\u2022 <\/em><a href=\"http:\/\/www.santafe-conicet.gov.ar\/\" target=\"_blank\" rel=\"noopener\"><em>Grupo de Ingenier\u00eda de los Fotorreactores y Tecnolog\u00edas Ambientales del INTEC<\/em><\/a> (Argentina) (Prof. Orlando Alfano)<\/p>\n<div style=\"height: 10px;\"><\/div>\n<p style=\"font-size: 11.5pt; line-height: 150%; font-family: 'Trebuchet MS', sans-serif; color: #333333; text-align: justify;\"><em>\u2022 <\/em><a href=\"http:\/\/www.instec.cu\/index.php\/en\/\"><em>Instituto Superior de Tecnolog\u00edas y Ciencias Aplicadas <\/em>(InSTEC)<\/a> (Cuba) (Prof. Ulises J. J\u00e1uregui-Haza)<\/p>\n<div style=\"height: 10px;\"><\/div>\n<p style=\"font-size: 11.5pt; line-height: 150%; font-family: 'Trebuchet MS', sans-serif; color: #333333; text-align: justify;\"><em>\u2022 <\/em><a href=\"http:\/\/www.chemeng.titech.ac.jp\/~labokawa\/member-e.html\" target=\"_blank\" rel=\"noopener\">Laborat\u00f3rio de Intensifica\u00e7\u00e3o de Processos e Microreatores <\/a><em>&#8211; Department of Chemical Science and Engineering, Tokyo Institute of Technology<\/em> (Jap\u00e3o) (Prof. Shinichi Ookawara)<\/p>\n<div style=\"height: 10px;\"><\/div>\n<p style=\"font-size: 11.5pt; line-height: 150%; font-family: 'Trebuchet MS', sans-serif; color: #333333; text-align: justify;\"><em>\u2022<\/em> <a href=\"https:\/\/lsre-lcm.fe.up.pt\/\"><em> Laboratory of Separation and Reaction Engineering-Laboratory of Catalysis and Materials (LSRE-LCM), Department of Chemical Engineering, Faculty of Engineering, University of Porto<\/em><\/a> (Portugal) (Prof. V\u00edtor J.P. Vilar)<\/p>","protected":false},"excerpt":{"rendered":"<p>O Grupo de Pesquisa em Processos Oxidativos Avan\u00e7ados (Grupo AdOx) do CESQ\/PQI-EPUSP tem hist\u00f3rico de [&hellip;]<\/p>\n","protected":false},"author":202,"featured_media":0,"parent":0,"menu_order":0,"comment_status":"closed","ping_status":"closed","template":"","meta":{"footnotes":"","_links_to":"","_links_to_target":""},"class_list":["post-540","page","type-page","status-publish","hentry"],"_links":{"self":[{"href":"https:\/\/sites.usp.br\/adox\/wp-json\/wp\/v2\/pages\/540","targetHints":{"allow":["GET"]}}],"collection":[{"href":"https:\/\/sites.usp.br\/adox\/wp-json\/wp\/v2\/pages"}],"about":[{"href":"https:\/\/sites.usp.br\/adox\/wp-json\/wp\/v2\/types\/page"}],"author":[{"embeddable":true,"href":"https:\/\/sites.usp.br\/adox\/wp-json\/wp\/v2\/users\/202"}],"replies":[{"embeddable":true,"href":"https:\/\/sites.usp.br\/adox\/wp-json\/wp\/v2\/comments?post=540"}],"version-history":[{"count":5,"href":"https:\/\/sites.usp.br\/adox\/wp-json\/wp\/v2\/pages\/540\/revisions"}],"predecessor-version":[{"id":4622,"href":"https:\/\/sites.usp.br\/adox\/wp-json\/wp\/v2\/pages\/540\/revisions\/4622"}],"wp:attachment":[{"href":"https:\/\/sites.usp.br\/adox\/wp-json\/wp\/v2\/media?parent=540"}],"curies":[{"name":"wp","href":"https:\/\/api.w.org\/{rel}","templated":true}]}}