{"id":201,"date":"2021-01-20T01:42:44","date_gmt":"2021-01-20T03:42:44","guid":{"rendered":"https:\/\/sites.usp.br\/agir\/?page_id=201"},"modified":"2021-02-04T14:36:06","modified_gmt":"2021-02-04T17:36:06","slug":"home","status":"publish","type":"page","link":"https:\/\/sites.usp.br\/agir\/","title":{"rendered":"Home"},"content":{"rendered":"<p style=\"text-align: justify;\">Projeto constru\u00eddo diante da pandemia da COVID-19 e sua designa\u00e7\u00e3o relaciona-se ao fato de AGIR significar fazer, realizar, representa a\u00e7\u00e3o, atua\u00e7\u00e3o r\u00e1pida, direta e eficiente, atitudes necess\u00e1rias diante da pandemia em curso. \u00c9 financiado pela <em>Organiza\u00e7\u00e3o Pan-americana da Sa\u00fade (OPAS)<\/em> e vincula-se as a\u00e7\u00f5es da <em>SGETS do Minist\u00e9rio da Sa\u00fade (MS) do Brasil<\/em>.<\/p>\n<p style=\"text-align: justify;\">O projeto \u201cAvalia\u00e7\u00e3o e gerenciamento dos riscos de contamina\u00e7\u00e3o de profissionais de sa\u00fade no contexto da COVID-19 em unidades de sa\u00fade brasileiras e seus poss\u00edveis desfechos: AGIR-COV-2020\u201d tem como objetivos:<\/p>\n<p style=\"text-align: justify;\">1. avaliar os riscos de exposi\u00e7\u00e3o e de contamina\u00e7\u00e3o de profissionais de sa\u00fade e de estudantes dessa \u00e1rea inseridos na a\u00e7\u00e3o estrat\u00e9gica <em>Brasil Conta Comigo (BCC) do Minist\u00e9rio da Sa\u00fade<\/em>, envolvidos no cuidado direto aos pacientes com COVID-19 e<\/p>\n<p style=\"text-align: justify;\">2. analisar a gest\u00e3o dos riscos e os poss\u00edveis desfechos do adoecimento destes profissionais e estudantes.<\/p>\n<p style=\"text-align: justify;\">O Projeto \u00e9 uma estrat\u00e9gia de um grupo de pesquisadores da Escola de Enfermagem de Ribeir\u00e3o Preto da Universidade de S\u00e3o Paulo, da Faculdade de Medicina de S\u00e3o Paulo\/USP, da Universidade Federal de Alfenas e da Universidade Federal de S\u00e3o Carlos e est\u00e1 sendo realizado no intuito de mostrar que os profissionais de sa\u00fade, ao cuidar da popula\u00e7\u00e3o adoecida por COVID-19, t\u00eam sofrido danos \u00e0 sua pr\u00f3pria sa\u00fade. Por meio da an\u00e1lise dos riscos ocupacionais de infec\u00e7\u00e3o pelo SARS-CoV-2, o estudo visa gerar evid\u00eancias cient\u00edficas que possam ser transladadas \u00e0 pr\u00e1tica nos diferentes servi\u00e7os que comp\u00f5em o <em>Sistema \u00danico de Sa\u00fade (SUS)<\/em>, mitigar a contamina\u00e7\u00e3o dos profissionais de sa\u00fade, fornecer indicadores para a gest\u00e3o de recursos humanos, para o enfrentamento da atual e de futuras emerg\u00eancias sanit\u00e1rias e oferecer maior seguran\u00e7a na assist\u00eancia prestada aos pacientes.<\/p>\n<p>&nbsp;<\/p>\n<p><a href=\"https:\/\/sites.usp.br\/agir\/wp-content\/uploads\/sites\/885\/2021\/01\/agirtitulo-.jpg\"><img loading=\"lazy\" decoding=\"async\" class=\"aligncenter wp-image-202\" src=\"https:\/\/sites.usp.br\/agir\/wp-content\/uploads\/sites\/885\/2021\/01\/agirtitulo--300x167.jpg\" alt=\"\" width=\"500\" height=\"278\" \/><\/a><\/p>\n","protected":false},"excerpt":{"rendered":"<p>Projeto constru\u00eddo diante da pandemia da COVID-19 e sua designa\u00e7\u00e3o relaciona-se ao fato de AGIR [&hellip;]<\/p>\n","protected":false},"author":22241,"featured_media":0,"parent":0,"menu_order":0,"comment_status":"closed","ping_status":"closed","template":"","meta":{"footnotes":"","_links_to":"","_links_to_target":""},"class_list":["post-201","page","type-page","status-publish","hentry"],"_links":{"self":[{"href":"https:\/\/sites.usp.br\/agir\/wp-json\/wp\/v2\/pages\/201","targetHints":{"allow":["GET"]}}],"collection":[{"href":"https:\/\/sites.usp.br\/agir\/wp-json\/wp\/v2\/pages"}],"about":[{"href":"https:\/\/sites.usp.br\/agir\/wp-json\/wp\/v2\/types\/page"}],"author":[{"embeddable":true,"href":"https:\/\/sites.usp.br\/agir\/wp-json\/wp\/v2\/users\/22241"}],"replies":[{"embeddable":true,"href":"https:\/\/sites.usp.br\/agir\/wp-json\/wp\/v2\/comments?post=201"}],"version-history":[{"count":4,"href":"https:\/\/sites.usp.br\/agir\/wp-json\/wp\/v2\/pages\/201\/revisions"}],"predecessor-version":[{"id":218,"href":"https:\/\/sites.usp.br\/agir\/wp-json\/wp\/v2\/pages\/201\/revisions\/218"}],"wp:attachment":[{"href":"https:\/\/sites.usp.br\/agir\/wp-json\/wp\/v2\/media?parent=201"}],"curies":[{"name":"wp","href":"https:\/\/api.w.org\/{rel}","templated":true}]}}