{"id":222,"date":"2021-01-22T11:18:55","date_gmt":"2021-01-22T13:18:55","guid":{"rendered":"https:\/\/sites.usp.br\/agir\/?page_id=222"},"modified":"2021-02-15T13:47:41","modified_gmt":"2021-02-15T16:47:41","slug":"equipe","status":"publish","type":"page","link":"https:\/\/sites.usp.br\/agir\/equipe\/","title":{"rendered":"Equipe de Pesquisa"},"content":{"rendered":"<h3><em><strong><u>Coordenadora Geral<\/u><\/strong><\/em><\/h3>\n<p style=\"padding-left: 40px;\"><strong>Maria Helena Palucci Marziale<\/strong><br \/>\nEscola de Enfermagem de Ribeir\u00e3o Preto da Universidade de S\u00e3o Paulo<\/p>\n<p>&nbsp;<\/p>\n<h3><em><strong><u>Coordenador Adjunto<\/u><\/strong><\/em><\/h3>\n<p style=\"padding-left: 40px;\"><strong>Alex Jones Flores Cassenote<\/strong><br \/>\nFaculdade de Medicina da Universidade de S\u00e3o Paulo<\/p>\n<p>&nbsp;<\/p>\n<h3><strong><em><u>Equipe do Minist\u00e9rio da Sa\u00fade<\/u><\/em><\/strong><\/h3>\n<p style=\"padding-left: 40px;\"><strong>Marcelo Marques de Lima<\/strong><\/p>\n<p style=\"padding-left: 40px;\"><strong>Juliana Ferreira Costa Lima<\/strong><\/p>\n<p style=\"padding-left: 40px;\"><strong>Arthur de Oliveira e Oliveira<\/strong><\/p>\n<p>&nbsp;<\/p>\n<h3><em><u><strong>Equipe da Organiza\u00e7\u00e3o Pan-Americana da Sa\u00fade<\/strong><\/u><\/em><\/h3>\n<p style=\"padding-left: 40px;\"><strong>Monica Yolanda Padilla D\u00edaz<\/strong><\/p>\n<p style=\"padding-left: 40px;\"><strong>Maria Alice Barbosa Fortunato<\/strong><\/p>\n<p>&nbsp;<\/p>\n<h3><em><u><strong>Pesquisadores<\/strong><\/u><\/em><\/h3>\n<p style=\"padding-left: 40px;\"><strong>Pedro Fredemir Palha<\/strong><br \/>\nEscola de Enfermagem de Ribeir\u00e3o Preto da Universidade de S\u00e3o Paulo<\/p>\n<p style=\"padding-left: 40px;\"><strong>Fernanda Ludmilla Rossi Rocha<\/strong><br \/>\nEscola de Enfermagem de Ribeir\u00e3o Preto da Universidade de S\u00e3o Paulo<\/p>\n<p style=\"padding-left: 40px;\"><strong>Maria L\u00facia do Carmo Cruz Robazzi<\/strong><br \/>\nEscola de Enfermagem de Ribeir\u00e3o Preto da Universidade de S\u00e3o Paulo<\/p>\n<p style=\"padding-left: 40px;\"><strong>Jaqueline Garcia de Almeida Ballestero<\/strong><br \/>\nEscola de Enfermagem de Ribeir\u00e3o Preto da Universidade de S\u00e3o Paulo<\/p>\n<p style=\"padding-left: 40px;\"><strong>Vivian Aline Mininel<\/strong><br \/>\nDepartamento de Enfermagem da Universidade Federal de S\u00e3o Carlos<\/p>\n<p style=\"padding-left: 40px;\"><strong>F\u00e1bio de Souza Terra<\/strong><br \/>\nUniversidade Federal de Alfenas<\/p>\n<p style=\"padding-left: 40px;\"><strong>Heloisa Ehmke Cardoso dos Santos<\/strong><br \/>\nEscola de Enfermagem de Ribeir\u00e3o Preto da Universidade de S\u00e3o Paulo<\/p>\n<p style=\"padding-left: 40px;\"><strong>Isabela Fernanda Larios Fracarolli<\/strong><br \/>\nEscola de Enfermagem de Ribeir\u00e3o Preto da Universidade de S\u00e3o Paulo<\/p>\n<p style=\"padding-left: 40px;\"><strong>Gracielle Pereira Aires Garcia<\/strong><br \/>\nEscola de Enfermagem de Ribeir\u00e3o Preto da Universidade de S\u00e3o Paulo<\/p>\n","protected":false},"excerpt":{"rendered":"<p>Coordenadora Geral Maria Helena Palucci Marziale Escola de Enfermagem de Ribeir\u00e3o Preto da Universidade de [&hellip;]<\/p>\n","protected":false},"author":22262,"featured_media":0,"parent":0,"menu_order":0,"comment_status":"closed","ping_status":"closed","template":"","meta":{"footnotes":"","_links_to":"","_links_to_target":""},"class_list":["post-222","page","type-page","status-publish","hentry"],"_links":{"self":[{"href":"https:\/\/sites.usp.br\/agir\/wp-json\/wp\/v2\/pages\/222","targetHints":{"allow":["GET"]}}],"collection":[{"href":"https:\/\/sites.usp.br\/agir\/wp-json\/wp\/v2\/pages"}],"about":[{"href":"https:\/\/sites.usp.br\/agir\/wp-json\/wp\/v2\/types\/page"}],"author":[{"embeddable":true,"href":"https:\/\/sites.usp.br\/agir\/wp-json\/wp\/v2\/users\/22262"}],"replies":[{"embeddable":true,"href":"https:\/\/sites.usp.br\/agir\/wp-json\/wp\/v2\/comments?post=222"}],"version-history":[{"count":3,"href":"https:\/\/sites.usp.br\/agir\/wp-json\/wp\/v2\/pages\/222\/revisions"}],"predecessor-version":[{"id":370,"href":"https:\/\/sites.usp.br\/agir\/wp-json\/wp\/v2\/pages\/222\/revisions\/370"}],"wp:attachment":[{"href":"https:\/\/sites.usp.br\/agir\/wp-json\/wp\/v2\/media?parent=222"}],"curies":[{"name":"wp","href":"https:\/\/api.w.org\/{rel}","templated":true}]}}