{"id":246,"date":"2021-01-23T07:21:43","date_gmt":"2021-01-23T10:21:43","guid":{"rendered":"https:\/\/sites.usp.br\/agir\/?page_id=246"},"modified":"2021-01-23T15:05:11","modified_gmt":"2021-01-23T18:05:11","slug":"objetivos","status":"publish","type":"page","link":"https:\/\/sites.usp.br\/agir\/objetivos\/","title":{"rendered":"Objetivos"},"content":{"rendered":"<ul>\n<li><span style=\"font-size: large;\"><strong>Objetivo Geral: <\/strong><\/span><\/li>\n<\/ul>\n<p>&nbsp;<\/p>\n<p style=\"padding-left: 40px; text-align: justify;\">Avaliar os riscos de exposi\u00e7\u00e3o de contamina\u00e7\u00e3o de profissionais de sa\u00fade e de estudantes ao SARS-COV-2, a gest\u00e3o dos riscos empregada e os desfechos de adoecimento de profissionais e estudantes inseridos na a\u00e7\u00e3o estrat\u00e9gica <em>Brasil Conta Comigo (BCC)<\/em> que prestam cuidado a portadores de COVID-19.<\/p>\n<p>&nbsp;<\/p>\n<ul>\n<li><span style=\"font-size: large;\"><strong>Objetivos espec\u00edficos:<\/strong><\/span><\/li>\n<\/ul>\n<p>&nbsp;<\/p>\n<p style=\"padding-left: 40px; text-aling: justify;\"><strong>&#8211;<\/strong> Traduzir e adaptar culturalmente para o contexto brasileiro o instrumento <em><strong>&#8220;<a href=\"https:\/\/sites.usp.br\/agir\/wp-content\/uploads\/sites\/885\/2021\/01\/risk_assessment-2020.2-eng.pdf\" target=\"_blank\" rel=\"noopener\">Risk assessment and management of exposure of health care workers in the context of COVID-19<\/a>&#8221; <\/strong><\/em>para a identifica\u00e7\u00e3o e gest\u00e3o dos riscos de exposi\u00e7\u00e3o dos profissionais e estudantes no cuidado aos pacientes com COVID-19, indicadores que podem ser utilizados na gest\u00e3o do servi\u00e7o de sa\u00fade no enfrentamento de emerg\u00eancias sanit\u00e1rias atual e futuras;<\/p>\n<p style=\"padding-left: 40px; text-aling: justify;\"><strong>&#8211;<\/strong> Caracterizar os profissionais de sa\u00fade e os estudantes contaminados pelo v\u00edrus SARS-COV-2 durante a pandemia de COVID-19 no Brasil, segundo caracter\u00edsticas sociodemogr\u00e1ficas e ocupacionais para poder fazer a an\u00e1lise dessas vari\u00e1veis com o risco de contamina\u00e7\u00e3o;<\/p>\n<p style=\"padding-left: 40px; text-aling: justify;\"><strong>&#8211;<\/strong> Analisar a preval\u00eancia da morbidade pela COVID-19 em profissionais de sa\u00fade e estudantes atuantes no cuidado aos pacientes durante a pandemia no Brasil, segundo vari\u00e1veis sociodemogr\u00e1ficas, ocupacionais e risco de exposi\u00e7\u00e3o.<\/p>\n","protected":false},"excerpt":{"rendered":"<p>Objetivo Geral: &nbsp; Avaliar os riscos de exposi\u00e7\u00e3o de contamina\u00e7\u00e3o de profissionais de sa\u00fade e [&hellip;]<\/p>\n","protected":false},"author":22262,"featured_media":0,"parent":0,"menu_order":0,"comment_status":"closed","ping_status":"closed","template":"","meta":{"footnotes":"","_links_to":"","_links_to_target":""},"class_list":["post-246","page","type-page","status-publish","hentry"],"_links":{"self":[{"href":"https:\/\/sites.usp.br\/agir\/wp-json\/wp\/v2\/pages\/246","targetHints":{"allow":["GET"]}}],"collection":[{"href":"https:\/\/sites.usp.br\/agir\/wp-json\/wp\/v2\/pages"}],"about":[{"href":"https:\/\/sites.usp.br\/agir\/wp-json\/wp\/v2\/types\/page"}],"author":[{"embeddable":true,"href":"https:\/\/sites.usp.br\/agir\/wp-json\/wp\/v2\/users\/22262"}],"replies":[{"embeddable":true,"href":"https:\/\/sites.usp.br\/agir\/wp-json\/wp\/v2\/comments?post=246"}],"version-history":[{"count":5,"href":"https:\/\/sites.usp.br\/agir\/wp-json\/wp\/v2\/pages\/246\/revisions"}],"predecessor-version":[{"id":293,"href":"https:\/\/sites.usp.br\/agir\/wp-json\/wp\/v2\/pages\/246\/revisions\/293"}],"wp:attachment":[{"href":"https:\/\/sites.usp.br\/agir\/wp-json\/wp\/v2\/media?parent=246"}],"curies":[{"name":"wp","href":"https:\/\/api.w.org\/{rel}","templated":true}]}}