{"id":267,"date":"2021-01-23T10:36:31","date_gmt":"2021-01-23T13:36:31","guid":{"rendered":"https:\/\/sites.usp.br\/agir\/?page_id=267"},"modified":"2021-01-23T16:23:58","modified_gmt":"2021-01-23T19:23:58","slug":"metodologia","status":"publish","type":"page","link":"https:\/\/sites.usp.br\/agir\/metodologia\/","title":{"rendered":"Metodologia"},"content":{"rendered":"<ul>\n<li><span style=\"font-size: large;\"><strong>Primeira etapa: Estudo Metodol\u00f3gico<\/strong><\/span><\/li>\n<\/ul>\n<p>&nbsp;<\/p>\n<p style=\"padding-left: 40px; text-align: justify;\">&#8211; Tradu\u00e7\u00e3o e adapta\u00e7\u00e3o cultural para o contexto brasileiro do instrumento<em><strong> &#8220;<a href=\"https:\/\/sites.usp.br\/agir\/wp-content\/uploads\/sites\/885\/2021\/01\/risk_assessment-2020.2-eng.pdf\" target=\"_blank\" rel=\"noopener\">Risk assessment and management of exposure of health care workers in the context of COVID-19<\/a>&#8220;;<\/strong><\/em><\/p>\n<p style=\"padding-left: 40px; text-align: left;\">&#8211; &#8220;Question\u00e1rio sociodemogr\u00e1fico e ocupacional: fatores de risco para profissionais de sa\u00fade no cuidado de pacientes com COVID-19&#8221;, constru\u00eddo para este estudo.<\/p>\n<p>&nbsp;<\/p>\n<ul>\n<li><span style=\"font-size: large;\"><strong>Segunda etapa: survey explorat\u00f3rio de corte transversal<\/strong><\/span><\/li>\n<\/ul>\n<p>&nbsp;<\/p>\n<p style=\"padding-left: 40px; text-align: justify;\">&#8211; 500 profissionais de sa\u00fade e 1.000 estudantes do \u00faltimo ano de gradua\u00e7\u00e3o dos cursos de Medicina, Enfermagem, Fisioterapia e Farm\u00e1cia, contratados para atuar na estrat\u00e9gia <em>Brasil Conta Comigo (BCC)<\/em> para o cuidado de pacientes com COVID-19 nos estados de Amaz\u00f4nia, Amap\u00e1 e Rond\u00f4nia.<\/p>\n<p>&nbsp;<\/p>\n<ul>\n<li><span style=\"font-size: large;\"><strong>Coleta de Dados<\/strong><\/span><\/li>\n<\/ul>\n<p>&nbsp;<\/p>\n<p style=\"padding-left: 40px; text-align: justify;\">&#8211; Os dados ser\u00e3o coletados pelos integrantes da pesquisa por meio remoto (on-line), com uso da plataforma REDCap;<\/p>\n<p style=\"padding-left: 40px; text-align: justify;\">&#8211; Levantamento dos registros dos resultados do teste imunocromatogr\u00e1fico para detec\u00e7\u00e3o r\u00e1pida e qualitativa dos anticorpos IgG\/IgM da S\u00edndrome Respirat\u00f3ria Aguda Grave para COVID-19 ser\u00e1 realizado, com aquiesc\u00eancia do Minist\u00e9rio da Sa\u00fade, no banco de dados da estrat\u00e9gia BCC para identifica\u00e7\u00e3o dos profissionais e estudantes contaminados ap\u00f3s a exposi\u00e7\u00e3o ocupacional ao novo coronav\u00edrus.<\/p>\n","protected":false},"excerpt":{"rendered":"<p>Primeira etapa: Estudo Metodol\u00f3gico &nbsp; &#8211; Tradu\u00e7\u00e3o e adapta\u00e7\u00e3o cultural para o contexto brasileiro do [&hellip;]<\/p>\n","protected":false},"author":22262,"featured_media":0,"parent":0,"menu_order":0,"comment_status":"closed","ping_status":"closed","template":"","meta":{"footnotes":"","_links_to":"","_links_to_target":""},"class_list":["post-267","page","type-page","status-publish","hentry"],"_links":{"self":[{"href":"https:\/\/sites.usp.br\/agir\/wp-json\/wp\/v2\/pages\/267","targetHints":{"allow":["GET"]}}],"collection":[{"href":"https:\/\/sites.usp.br\/agir\/wp-json\/wp\/v2\/pages"}],"about":[{"href":"https:\/\/sites.usp.br\/agir\/wp-json\/wp\/v2\/types\/page"}],"author":[{"embeddable":true,"href":"https:\/\/sites.usp.br\/agir\/wp-json\/wp\/v2\/users\/22262"}],"replies":[{"embeddable":true,"href":"https:\/\/sites.usp.br\/agir\/wp-json\/wp\/v2\/comments?post=267"}],"version-history":[{"count":5,"href":"https:\/\/sites.usp.br\/agir\/wp-json\/wp\/v2\/pages\/267\/revisions"}],"predecessor-version":[{"id":389,"href":"https:\/\/sites.usp.br\/agir\/wp-json\/wp\/v2\/pages\/267\/revisions\/389"}],"wp:attachment":[{"href":"https:\/\/sites.usp.br\/agir\/wp-json\/wp\/v2\/media?parent=267"}],"curies":[{"name":"wp","href":"https:\/\/api.w.org\/{rel}","templated":true}]}}