{"id":284,"date":"2021-01-23T14:47:47","date_gmt":"2021-01-23T17:47:47","guid":{"rendered":"https:\/\/sites.usp.br\/agir\/?page_id=284"},"modified":"2021-01-23T15:24:20","modified_gmt":"2021-01-23T18:24:20","slug":"aspectos-eticos","status":"publish","type":"page","link":"https:\/\/sites.usp.br\/agir\/aspectos-eticos\/","title":{"rendered":"Aspectos \u00c9ticos"},"content":{"rendered":"<ul>\n<li><span style=\"font-size: large;\"><a href=\"https:\/\/sites.usp.br\/agir\/wp-content\/uploads\/sites\/885\/2021\/01\/Oficio_CEP_AGIR.pdf\" target=\"_blank\" rel=\"noopener\">Projeto aprovado pelo Comit\u00ea de \u00c9tica em Pesquisa da Escola de Enfermagem de Ribeir\u00e3o Preto da Universidade de S\u00e3o Paulo &#8211; CEP EERP\/USP<\/a>.<\/span><\/li>\n<\/ul>\n<p>&nbsp;<\/p>\n<ul>\n<li><span style=\"font-size: large;\"><a href=\"https:\/\/sites.usp.br\/agir\/wp-content\/uploads\/sites\/885\/2021\/01\/Oficio_CEP_paho.pdf\" target=\"_blank\" rel=\"noopener\">Projeto aprovado pelo Comit\u00ea de \u00c9tica em Pesquisa da Organiza\u00e7\u00e3o Pan-americana de Sa\u00fade<\/a>.<\/span><\/li>\n<\/ul>\n","protected":false},"excerpt":{"rendered":"<p>Projeto aprovado pelo Comit\u00ea de \u00c9tica em Pesquisa da Escola de Enfermagem de Ribeir\u00e3o Preto [&hellip;]<\/p>\n","protected":false},"author":22262,"featured_media":0,"parent":0,"menu_order":0,"comment_status":"closed","ping_status":"closed","template":"","meta":{"footnotes":"","_links_to":"","_links_to_target":""},"class_list":["post-284","page","type-page","status-publish","hentry"],"_links":{"self":[{"href":"https:\/\/sites.usp.br\/agir\/wp-json\/wp\/v2\/pages\/284","targetHints":{"allow":["GET"]}}],"collection":[{"href":"https:\/\/sites.usp.br\/agir\/wp-json\/wp\/v2\/pages"}],"about":[{"href":"https:\/\/sites.usp.br\/agir\/wp-json\/wp\/v2\/types\/page"}],"author":[{"embeddable":true,"href":"https:\/\/sites.usp.br\/agir\/wp-json\/wp\/v2\/users\/22262"}],"replies":[{"embeddable":true,"href":"https:\/\/sites.usp.br\/agir\/wp-json\/wp\/v2\/comments?post=284"}],"version-history":[{"count":4,"href":"https:\/\/sites.usp.br\/agir\/wp-json\/wp\/v2\/pages\/284\/revisions"}],"predecessor-version":[{"id":302,"href":"https:\/\/sites.usp.br\/agir\/wp-json\/wp\/v2\/pages\/284\/revisions\/302"}],"wp:attachment":[{"href":"https:\/\/sites.usp.br\/agir\/wp-json\/wp\/v2\/media?parent=284"}],"curies":[{"name":"wp","href":"https:\/\/api.w.org\/{rel}","templated":true}]}}