{"id":303,"date":"2021-01-23T15:43:33","date_gmt":"2021-01-23T18:43:33","guid":{"rendered":"https:\/\/sites.usp.br\/agir\/?page_id=303"},"modified":"2021-01-23T16:24:49","modified_gmt":"2021-01-23T19:24:49","slug":"produtos","status":"publish","type":"page","link":"https:\/\/sites.usp.br\/agir\/produtos\/","title":{"rendered":"Produtos"},"content":{"rendered":"<ul>\n<li style=\"text-align: justify;\">Revis\u00e3o sistematizada da literatura, para avalia\u00e7\u00e3o dos fatores de risco de contamina\u00e7\u00e3o dos profissionais de sa\u00fade;<\/li>\n<\/ul>\n<p>&nbsp;<\/p>\n<ul style=\"text-align: justify;\">\n<li>Disponibilizar o question\u00e1rio traduzido e adaptado para uso no Brasil, &#8220;Risk assessment and management of exposure of HCWs of Covid-19&#8221; da OMS;<\/li>\n<\/ul>\n<p>&nbsp;<\/p>\n<ul style=\"text-align: justify;\">\n<li>Produzir um protocolo com diretrizes para a gest\u00e3o do trabalho seguro em ambientes potencialmente contaminados pelo v\u00edrus SARS-COV-2, contendo recomenda\u00e7\u00f5es para o gerenciamento da exposi\u00e7\u00e3o ocupacional e dos casos suspeitos e confirmados da doen\u00e7a;<\/li>\n<\/ul>\n<p>&nbsp;<\/p>\n<ul style=\"text-align: justify;\">\n<li>Disponibilizar boletins informativos a tomada de decis\u00f5es de gestores de unidades do SUS e auxiliar na elabora\u00e7\u00e3o de Programa de Controle M\u00e9dico de Sa\u00fade Ocupacional (PPRA) das Unidades de Sa\u00fade do SUS em tempos de pandemia (atual e futuras);<\/li>\n<\/ul>\n<p>&nbsp;<\/p>\n<ul style=\"text-align: justify;\">\n<li>Produzir um relat\u00f3rio final apresentando os resultados obtidos sobre a gest\u00e3o de riscos \u00e0 exposi\u00e7\u00e3o de profissionais de sa\u00fade no cuidado de pacientes suspeitos e portadores de COVID-19 contemplando como se deu a gest\u00e3o de riscos de contamina\u00e7\u00e3o pelo v\u00edrus SARS-COV-2 durante a pandemia COVID-19, os desfecho do adoecimentos de profissionais e estudantes, como foi realizada a gest\u00e3o desses riscos (treinamento, provis\u00e3o de EPI, testagem dos profissionais e demais a\u00e7\u00f5es para mitigar os riscos);<\/li>\n<\/ul>\n<p>&nbsp;<\/p>\n<ul style=\"text-align: justify;\">\n<li>Relat\u00f3rio que ser\u00e1 apresentado ao Minist\u00e9rio da Sa\u00fade e poder\u00e1 subsidiar o aperfei\u00e7oamento de medidas de controle e preven\u00e7\u00e3o em surtos sanit\u00e1rios;<\/li>\n<\/ul>\n<p>&nbsp;<\/p>\n<ul>\n<li style=\"text-align: justify;\">2 artigos cient\u00edficos.<\/li>\n<\/ul>\n","protected":false},"excerpt":{"rendered":"<p>Revis\u00e3o sistematizada da literatura, para avalia\u00e7\u00e3o dos fatores de risco de contamina\u00e7\u00e3o dos profissionais de [&hellip;]<\/p>\n","protected":false},"author":22262,"featured_media":0,"parent":0,"menu_order":0,"comment_status":"closed","ping_status":"closed","template":"","meta":{"footnotes":"","_links_to":"","_links_to_target":""},"class_list":["post-303","page","type-page","status-publish","hentry"],"_links":{"self":[{"href":"https:\/\/sites.usp.br\/agir\/wp-json\/wp\/v2\/pages\/303","targetHints":{"allow":["GET"]}}],"collection":[{"href":"https:\/\/sites.usp.br\/agir\/wp-json\/wp\/v2\/pages"}],"about":[{"href":"https:\/\/sites.usp.br\/agir\/wp-json\/wp\/v2\/types\/page"}],"author":[{"embeddable":true,"href":"https:\/\/sites.usp.br\/agir\/wp-json\/wp\/v2\/users\/22262"}],"replies":[{"embeddable":true,"href":"https:\/\/sites.usp.br\/agir\/wp-json\/wp\/v2\/comments?post=303"}],"version-history":[{"count":5,"href":"https:\/\/sites.usp.br\/agir\/wp-json\/wp\/v2\/pages\/303\/revisions"}],"predecessor-version":[{"id":324,"href":"https:\/\/sites.usp.br\/agir\/wp-json\/wp\/v2\/pages\/303\/revisions\/324"}],"wp:attachment":[{"href":"https:\/\/sites.usp.br\/agir\/wp-json\/wp\/v2\/media?parent=303"}],"curies":[{"name":"wp","href":"https:\/\/api.w.org\/{rel}","templated":true}]}}