{"id":404,"date":"2021-03-03T17:02:00","date_gmt":"2021-03-03T20:02:00","guid":{"rendered":"https:\/\/sites.usp.br\/agir\/?page_id=404"},"modified":"2024-03-04T09:01:58","modified_gmt":"2024-03-04T12:01:58","slug":"producoes","status":"publish","type":"page","link":"https:\/\/sites.usp.br\/agir\/producoes\/","title":{"rendered":"Produ\u00e7\u00f5es"},"content":{"rendered":"<ul>\n<li><span style=\"font-size: large;\"><strong><a href=\"https:\/\/sites.usp.br\/agir\/wp-content\/uploads\/sites\/885\/2021\/03\/boletim-AGIR-n1.pdf\" target=\"_blank\" rel=\"noopener noreferrer\">Boletim Agir Nr. 01<\/a><\/strong><\/span><\/li>\n<\/ul>\n<p>&nbsp;<\/p>\n<ul>\n<li><span style=\"font-size: large;\"><strong><a href=\"https:\/\/sites.usp.br\/agir\/wp-content\/uploads\/sites\/885\/2021\/03\/boletim-AGIR-n2.pdf\" target=\"_blank\" rel=\"noopener noreferrer\">Boletim Agir Nr. 02<\/a><\/strong><\/span><\/li>\n<\/ul>\n<p>&nbsp;<\/p>\n<ul>\n<li><a href=\"https:\/\/sites.usp.br\/agir\/wp-content\/uploads\/sites\/885\/2021\/11\/boletim-AGIR-n3.pdf\" target=\"_blank\" rel=\"noopener\"><span style=\"font-size: large;\"><strong>Boletim Agir Nr. 03<\/strong><\/span><\/a><\/li>\n<\/ul>\n<p>&nbsp;<\/p>\n<ul>\n<li><a href=\"https:\/\/sites.usp.br\/agir\/wp-content\/uploads\/sites\/885\/2022\/01\/boletim-AGIR-n4.pdf\" target=\"_blank\" rel=\"noopener\"><span style=\"font-size: large;\"><strong>Boletim Agir Nr. 04<\/strong><\/span><\/a><\/li>\n<\/ul>\n<p>&nbsp;<\/p>\n<ul>\n<li><a href=\"https:\/\/sites.usp.br\/agir\/wp-content\/uploads\/sites\/885\/2022\/01\/boletim-AGIR-n5.pdf\" target=\"_blank\" rel=\"noopener\"><span style=\"font-size: large;\"><strong>Boletim Agir Nr. 05<\/strong><\/span><\/a><\/li>\n<\/ul>\n<p>&nbsp;<\/p>\n<ul>\n<li><a href=\"https:\/\/sites.usp.br\/agir\/wp-content\/uploads\/sites\/885\/2024\/03\/Boletim_n6_Enfermagem.pdf\" target=\"_blank\" rel=\"noopener\"><span style=\"font-size: large;\"><strong>Boletim Agir Nr. 06 &#8211; Enfermagem<\/strong><\/span><\/a><\/li>\n<\/ul>\n<p>&nbsp;<\/p>\n<ul>\n<li><a href=\"https:\/\/sites.usp.br\/agir\/wp-content\/uploads\/sites\/885\/2024\/03\/Boletim_n7_Medicos.pdf\" target=\"_blank\" rel=\"noopener\"><span style=\"font-size: large;\"><strong>Boletim Agir Nr. 07 &#8211; M\u00e9dicos<\/strong><\/span><\/a><\/li>\n<\/ul>\n<p>&nbsp;<\/p>\n<ul>\n<li><span style=\"font-size: large;\"><strong><a href=\"https:\/\/sites.usp.br\/agir\/wp-content\/uploads\/sites\/885\/2021\/11\/instrumento_AGIRCOV_OMS_portugues.pdf\" target=\"_blank\" rel=\"noopener noreferrer\">Vers\u00e3o em portugu\u00eas do instrumento: Avalia\u00e7\u00e3o de risco e gest\u00e3o da exposi\u00e7\u00e3o de profissionais de sa\u00fade no contexto da COVID-19<\/a><\/strong><\/span><\/li>\n<\/ul>\n<p>&nbsp;<\/p>\n<ul>\n<li><span style=\"font-size: large;\"><strong><a href=\"https:\/\/www.scielo.br\/j\/rlae\/a\/5vwxKtXv3vVwncXx3bY3dyd\/?lang=en\" target=\"_blank\" rel=\"noopener\"><strong>Artigo:\u00a0Adapta\u00e7\u00e3o cultural e atualiza\u00e7\u00e3o do question\u00e1rio\u00a0Risk assessment and management of exposure of health care workers in the context of covid-19<\/strong><\/a><\/strong><\/span><\/li>\n<\/ul>\n<p>&nbsp;<\/p>\n<ul>\n<li><a href=\"https:\/\/sites.usp.br\/agir\/wp-content\/uploads\/sites\/885\/2022\/01\/guia-do-AGIR.pdf\" target=\"_blank\" rel=\"noopener\"><span style=\"font-size: large;\"><strong><strong>Guia: Avalia\u00e7\u00e3o de Risco e Gerenciamento da Exposi\u00e7\u00e3o de Profissionais de Sa\u00fade no Contexto da COVID-19: Guia de Orienta\u00e7\u00f5es<\/strong><\/strong><\/span><\/a><\/li>\n<\/ul>\n","protected":false},"excerpt":{"rendered":"<p>Boletim Agir Nr. 01 &nbsp; Boletim Agir Nr. 02 &nbsp; Boletim Agir Nr. 03 &nbsp; [&hellip;]<\/p>\n","protected":false},"author":22262,"featured_media":0,"parent":0,"menu_order":0,"comment_status":"closed","ping_status":"closed","template":"","meta":{"footnotes":"","_links_to":"","_links_to_target":""},"class_list":["post-404","page","type-page","status-publish","hentry"],"_links":{"self":[{"href":"https:\/\/sites.usp.br\/agir\/wp-json\/wp\/v2\/pages\/404","targetHints":{"allow":["GET"]}}],"collection":[{"href":"https:\/\/sites.usp.br\/agir\/wp-json\/wp\/v2\/pages"}],"about":[{"href":"https:\/\/sites.usp.br\/agir\/wp-json\/wp\/v2\/types\/page"}],"author":[{"embeddable":true,"href":"https:\/\/sites.usp.br\/agir\/wp-json\/wp\/v2\/users\/22262"}],"replies":[{"embeddable":true,"href":"https:\/\/sites.usp.br\/agir\/wp-json\/wp\/v2\/comments?post=404"}],"version-history":[{"count":4,"href":"https:\/\/sites.usp.br\/agir\/wp-json\/wp\/v2\/pages\/404\/revisions"}],"predecessor-version":[{"id":520,"href":"https:\/\/sites.usp.br\/agir\/wp-json\/wp\/v2\/pages\/404\/revisions\/520"}],"wp:attachment":[{"href":"https:\/\/sites.usp.br\/agir\/wp-json\/wp\/v2\/media?parent=404"}],"curies":[{"name":"wp","href":"https:\/\/api.w.org\/{rel}","templated":true}]}}