{"id":322,"date":"2017-11-24T15:27:02","date_gmt":"2017-11-24T17:27:02","guid":{"rendered":"http:\/\/sites.usp.br\/agorasouifusp\/?page_id=322"},"modified":"2021-03-15T09:28:38","modified_gmt":"2021-03-15T12:28:38","slug":"semana-de-recepcao","status":"publish","type":"page","link":"https:\/\/sites.usp.br\/agorasouifusp\/semana-de-recepcao\/","title":{"rendered":"Semana de Recep\u00e7\u00e3o"},"content":{"rendered":"<h5 style=\"text-align: left;\"><span style=\"font-size: 16px;\">Aten\u00e7\u00e3o estudantes! Aguardem as not\u00edcias sobre a Semana de Recep\u00e7\u00e3o 2021!<\/span><\/h5>\n<p><em>Em breve, uma programa\u00e7\u00e3o completa feita com carinho pelo IF e entidades estudantis para a nova turma =)<\/em><\/p>\n","protected":false},"excerpt":{"rendered":"<p>Aten\u00e7\u00e3o estudantes! Aguardem as not\u00edcias sobre a Semana de Recep\u00e7\u00e3o 2021! Em breve, uma programa\u00e7\u00e3o completa feita com carinho pelo IF e entidades estudantis para a nova turma =)<\/p>\n","protected":false},"author":607,"featured_media":0,"parent":0,"menu_order":0,"comment_status":"closed","ping_status":"closed","template":"template-fullwidth.php","meta":{"footnotes":"","_links_to":"","_links_to_target":""},"class_list":["post-322","page","type-page","status-publish","hentry"],"_links":{"self":[{"href":"https:\/\/sites.usp.br\/agorasouifusp\/wp-json\/wp\/v2\/pages\/322","targetHints":{"allow":["GET"]}}],"collection":[{"href":"https:\/\/sites.usp.br\/agorasouifusp\/wp-json\/wp\/v2\/pages"}],"about":[{"href":"https:\/\/sites.usp.br\/agorasouifusp\/wp-json\/wp\/v2\/types\/page"}],"author":[{"embeddable":true,"href":"https:\/\/sites.usp.br\/agorasouifusp\/wp-json\/wp\/v2\/users\/607"}],"replies":[{"embeddable":true,"href":"https:\/\/sites.usp.br\/agorasouifusp\/wp-json\/wp\/v2\/comments?post=322"}],"version-history":[{"count":6,"href":"https:\/\/sites.usp.br\/agorasouifusp\/wp-json\/wp\/v2\/pages\/322\/revisions"}],"predecessor-version":[{"id":1528,"href":"https:\/\/sites.usp.br\/agorasouifusp\/wp-json\/wp\/v2\/pages\/322\/revisions\/1528"}],"wp:attachment":[{"href":"https:\/\/sites.usp.br\/agorasouifusp\/wp-json\/wp\/v2\/media?parent=322"}],"curies":[{"name":"wp","href":"https:\/\/api.w.org\/{rel}","templated":true}]}}