{"id":470,"date":"2018-01-09T11:46:58","date_gmt":"2018-01-09T13:46:58","guid":{"rendered":"http:\/\/sites.usp.br\/agorasouifusp\/?page_id=470"},"modified":"2023-02-13T11:27:29","modified_gmt":"2023-02-13T14:27:29","slug":"primeira-matricula","status":"publish","type":"page","link":"https:\/\/sites.usp.br\/agorasouifusp\/primeira-matricula\/","title":{"rendered":"Primeira matr\u00edcula"},"content":{"rendered":"<p><strong><em>Sua primeira matr\u00edcula em disciplinas \u00e9 feita de forma autom\u00e1tica pela Se\u00e7\u00e3o de Alunos do Instituto de F\u00edsica, antes do in\u00edcio das aulas e N\u00c3O PODE ser alterada pelo aluno<\/em><\/strong>. Caso n\u00e3o consiga cursar todas as disciplinas, ser\u00e1 poss\u00edvel excluir algumas disciplinas no per\u00edodo de Retifica\u00e7\u00e3o de Matr\u00edcula, desde que n\u00e3o permane\u00e7a com menos de 12 cr\u00e9ditos &#8211; <a href=\"http:\/\/portal.if.usp.br\/salunos\/pt-br\/calend%C3%A1rio\">vide data no Calend\u00e1rio<\/a>.<\/p>\n<p>&#8212;<\/p>\n<p>A USP \u00e9 um espa\u00e7o de livre manifesta\u00e7\u00e3o pol\u00edtica, social ou cultural, mas n\u00e3o s\u00e3o toleradas agress\u00f5es f\u00edsicas ou morais de qualquer tipo ou outras formas de constrangimento dentro ou fora do \u00e2mbito da Universidade. Em caso de constrangimentos impostos por veteranos, reclame pelo <strong>Disque Trote da USP: 0800-012-10-90<\/strong>. Lembre-se de que agora voc\u00ea tamb\u00e9m \u00e9 respons\u00e1vel por manter a tradi\u00e7\u00e3o de livre pensamento na USP.<\/p>\n<p>Durante o curso, <strong>voc\u00ea deve seguir todas as datas do <a href=\"https:\/\/prg.usp.br\/calendario-academico\/\">Calend\u00e1rio Escolar<\/a><\/strong>, dispon\u00edvel no Sistema J\u00fapiter. \u00a0Mais\u00a0informa\u00e7\u00f5es acad\u00eamicas podem ser consultadas no <a href=\"http:\/\/www.prg.usp.br\/?p=20741&amp;codmnu=8063\">site da Pr\u00f3-Reitoria de Gradua\u00e7\u00e3o.<\/a><\/p>\n<p>No Bacharelado, Licenciatura e F\u00edsica M\u00e9dica voc\u00ea dever\u00e1 cursar disciplinas obrigat\u00f3rias e optativas. Muitas optativas s\u00e3o oferecidas pelo pr\u00f3prio IF, mas qualquer disciplina de gradua\u00e7\u00e3o da USP pode ser inclu\u00edda em seu hist\u00f3rico como disciplina optativa. Para nossos alunos, destacamos especialmente as disciplinas do <em>Instituto de Astronomia, Geof\u00edsica e Ci\u00eancias Atmosf\u00e9ricas<\/em> (IAG) e do <em>Instituto de Matem\u00e1tica e Estat\u00edstica<\/em> (IME), que podem ser um bom complemento e refor\u00e7o para o curr\u00edculo da F\u00edsica. Procure a Se\u00e7\u00e3o de Alunos para mais informa\u00e7\u00f5es.<\/p>\n","protected":false},"excerpt":{"rendered":"<p>Sua primeira matr\u00edcula em disciplinas \u00e9 feita de forma autom\u00e1tica pela Se\u00e7\u00e3o de Alunos do Instituto de F\u00edsica, antes do in\u00edcio das aulas e N\u00c3O PODE ser alterada pelo aluno. Caso n\u00e3o consiga cursar todas as disciplinas, ser\u00e1 poss\u00edvel excluir algumas disciplinas no per\u00edodo de Retifica\u00e7\u00e3o de Matr\u00edcula, desde que n\u00e3o permane\u00e7a com menos de<a href=\"https:\/\/sites.usp.br\/agorasouifusp\/primeira-matricula\/\">[&#8230;]<\/a><\/p>\n","protected":false},"author":607,"featured_media":0,"parent":0,"menu_order":0,"comment_status":"closed","ping_status":"closed","template":"template-fullwidth.php","meta":{"footnotes":"","_links_to":"","_links_to_target":""},"class_list":["post-470","page","type-page","status-publish","hentry"],"_links":{"self":[{"href":"https:\/\/sites.usp.br\/agorasouifusp\/wp-json\/wp\/v2\/pages\/470","targetHints":{"allow":["GET"]}}],"collection":[{"href":"https:\/\/sites.usp.br\/agorasouifusp\/wp-json\/wp\/v2\/pages"}],"about":[{"href":"https:\/\/sites.usp.br\/agorasouifusp\/wp-json\/wp\/v2\/types\/page"}],"author":[{"embeddable":true,"href":"https:\/\/sites.usp.br\/agorasouifusp\/wp-json\/wp\/v2\/users\/607"}],"replies":[{"embeddable":true,"href":"https:\/\/sites.usp.br\/agorasouifusp\/wp-json\/wp\/v2\/comments?post=470"}],"version-history":[{"count":5,"href":"https:\/\/sites.usp.br\/agorasouifusp\/wp-json\/wp\/v2\/pages\/470\/revisions"}],"predecessor-version":[{"id":1721,"href":"https:\/\/sites.usp.br\/agorasouifusp\/wp-json\/wp\/v2\/pages\/470\/revisions\/1721"}],"wp:attachment":[{"href":"https:\/\/sites.usp.br\/agorasouifusp\/wp-json\/wp\/v2\/media?parent=470"}],"curies":[{"name":"wp","href":"https:\/\/api.w.org\/{rel}","templated":true}]}}