{"id":482,"date":"2018-01-09T11:49:31","date_gmt":"2018-01-09T13:49:31","guid":{"rendered":"http:\/\/sites.usp.br\/agorasouifusp\/?page_id=482"},"modified":"2025-01-29T12:48:28","modified_gmt":"2025-01-29T15:48:28","slug":"bolsas-de-estudo","status":"publish","type":"page","link":"https:\/\/sites.usp.br\/agorasouifusp\/bolsas-de-estudo\/","title":{"rendered":"Bolsas de Estudo"},"content":{"rendered":"<ul>\n<li>\n<h5><em>Conhe\u00e7a pesquisa de ponta j\u00e1 durante a gradua\u00e7\u00e3o! Que tal fazer Inicia\u00e7\u00e3o Cient\u00edfica?<\/em><\/h5>\n<\/li>\n<\/ul>\n<p><span style=\"font-weight: 400;\">A bolsa de estudos \u00e9 uma ajuda de custo mensal formalizada por meio de um contrato de trabalho com o estudante. <\/span>A USP e ag\u00eancias de fomento \u00e0 pesquisa\u00a0oferecem bolsas de Inicia\u00e7\u00e3o Cient\u00edfica para alunos de gradua\u00e7\u00e3o.<\/p>\n<p><strong>Destacamos as Bolsas PUB (Programa Unificado de Bolsas), que podem ser concedidas j\u00e1 a partir do segundo semestre. Acompanhe a divulga\u00e7\u00e3o oficial da universidade, as inscri\u00e7\u00f5es para os projetos ocorrem em JULHO.<\/strong><\/p>\n<ul>\n<li>\n<h5><a style=\"font-size: 16px;\" href=\"https:\/\/prg.usp.br\/programa-unificado-de-bolsas-de-estudo-para-estudantes-de-graduacao-pub\/\">Conhe\u00e7a o PUB | Programa Unificado de Bolsas<\/a><\/h5>\n<\/li>\n<\/ul>\n<p><a href=\"https:\/\/sites.usp.br\/agorasouifusp\/auxilios-e-bolsas-de-estudo-2019\/\">&gt; Confira tamb\u00e9m a p\u00e1gina sobre Aux\u00edlios e Perman\u00eancia, com op\u00e7\u00f5es de aux\u00edlios para estudantes de baixa renda.<\/a><\/p>\n","protected":false},"excerpt":{"rendered":"<p>Conhe\u00e7a pesquisa de ponta j\u00e1 durante a gradua\u00e7\u00e3o! Que tal fazer Inicia\u00e7\u00e3o Cient\u00edfica? A bolsa de estudos \u00e9 uma ajuda de custo mensal formalizada por meio de um contrato de trabalho com o estudante. A USP e ag\u00eancias de fomento \u00e0 pesquisa\u00a0oferecem bolsas de Inicia\u00e7\u00e3o Cient\u00edfica para alunos de gradua\u00e7\u00e3o. Destacamos as Bolsas PUB (Programa<a href=\"https:\/\/sites.usp.br\/agorasouifusp\/bolsas-de-estudo\/\">[&#8230;]<\/a><\/p>\n","protected":false},"author":607,"featured_media":0,"parent":0,"menu_order":0,"comment_status":"closed","ping_status":"closed","template":"template-fullwidth.php","meta":{"footnotes":"","_links_to":"","_links_to_target":""},"class_list":["post-482","page","type-page","status-publish","hentry"],"_links":{"self":[{"href":"https:\/\/sites.usp.br\/agorasouifusp\/wp-json\/wp\/v2\/pages\/482","targetHints":{"allow":["GET"]}}],"collection":[{"href":"https:\/\/sites.usp.br\/agorasouifusp\/wp-json\/wp\/v2\/pages"}],"about":[{"href":"https:\/\/sites.usp.br\/agorasouifusp\/wp-json\/wp\/v2\/types\/page"}],"author":[{"embeddable":true,"href":"https:\/\/sites.usp.br\/agorasouifusp\/wp-json\/wp\/v2\/users\/607"}],"replies":[{"embeddable":true,"href":"https:\/\/sites.usp.br\/agorasouifusp\/wp-json\/wp\/v2\/comments?post=482"}],"version-history":[{"count":4,"href":"https:\/\/sites.usp.br\/agorasouifusp\/wp-json\/wp\/v2\/pages\/482\/revisions"}],"predecessor-version":[{"id":1868,"href":"https:\/\/sites.usp.br\/agorasouifusp\/wp-json\/wp\/v2\/pages\/482\/revisions\/1868"}],"wp:attachment":[{"href":"https:\/\/sites.usp.br\/agorasouifusp\/wp-json\/wp\/v2\/media?parent=482"}],"curies":[{"name":"wp","href":"https:\/\/api.w.org\/{rel}","templated":true}]}}