{"id":565,"date":"2018-01-24T11:33:28","date_gmt":"2018-01-24T13:33:28","guid":{"rendered":"http:\/\/sites.usp.br\/agorasouifusp\/?page_id=565"},"modified":"2024-02-21T12:24:18","modified_gmt":"2024-02-21T15:24:18","slug":"saude","status":"publish","type":"page","link":"https:\/\/sites.usp.br\/agorasouifusp\/saude\/","title":{"rendered":"Sa\u00fade"},"content":{"rendered":"<p>Listamos aqui algumas op\u00e7\u00f5es que voc\u00ea pode buscar, de maneira gratuita, no \u00e2mbito da Universidade ou fora dele, na cidade de S\u00e3o Paulo.<\/p>\n<p><a href=\"https:\/\/bit.ly\/acolheIFUSP\"><img loading=\"lazy\" decoding=\"async\" class=\"alignleft wp-image-1852 size-thumbnail\" src=\"https:\/\/sites.usp.br\/agorasouifusp\/wp-content\/uploads\/sites\/334\/2024\/02\/acolhe-150x150.png\" alt=\"\" width=\"150\" height=\"150\" srcset=\"https:\/\/sites.usp.br\/agorasouifusp\/wp-content\/uploads\/sites\/334\/2024\/02\/acolhe-150x150.png 150w, https:\/\/sites.usp.br\/agorasouifusp\/wp-content\/uploads\/sites\/334\/2024\/02\/acolhe-300x300.png 300w, https:\/\/sites.usp.br\/agorasouifusp\/wp-content\/uploads\/sites\/334\/2024\/02\/acolhe-250x250.png 250w, https:\/\/sites.usp.br\/agorasouifusp\/wp-content\/uploads\/sites\/334\/2024\/02\/acolhe-174x174.png 174w, https:\/\/sites.usp.br\/agorasouifusp\/wp-content\/uploads\/sites\/334\/2024\/02\/acolhe-45x45.png 45w, https:\/\/sites.usp.br\/agorasouifusp\/wp-content\/uploads\/sites\/334\/2024\/02\/acolhe-200x200.png 200w, https:\/\/sites.usp.br\/agorasouifusp\/wp-content\/uploads\/sites\/334\/2024\/02\/acolhe-400x400.png 400w, https:\/\/sites.usp.br\/agorasouifusp\/wp-content\/uploads\/sites\/334\/2024\/02\/acolhe.png 500w\" sizes=\"auto, (max-width: 150px) 100vw, 150px\" \/><\/a><a href=\"https:\/\/bit.ly\/acolheIFUSP\"><strong>Acolhimento <\/strong><strong>IFUSP<\/strong><\/a><\/p>\n<p>O Programa de Acolhimento Integrado do IFUSP conta com a\u00e7\u00f5es de Orienta\u00e7\u00e3o Individual, Mentoria e Eventos de Sa\u00fade Mental e Bem-Estar. Acesse o site e inscreva-se nas a\u00e7\u00f5es dispon\u00edveis.<\/p>\n<p>&nbsp;<\/p>\n<p>&nbsp;<\/p>\n<p><a href=\"https:\/\/prip.usp.br\/programa-ecos\/\"><strong><img loading=\"lazy\" decoding=\"async\" class=\"alignleft wp-image-1850 size-thumbnail\" src=\"https:\/\/sites.usp.br\/agorasouifusp\/wp-content\/uploads\/sites\/334\/2024\/02\/ECOS-150x150.png\" alt=\"\" width=\"150\" height=\"150\" srcset=\"https:\/\/sites.usp.br\/agorasouifusp\/wp-content\/uploads\/sites\/334\/2024\/02\/ECOS-150x150.png 150w, https:\/\/sites.usp.br\/agorasouifusp\/wp-content\/uploads\/sites\/334\/2024\/02\/ECOS-300x300.png 300w, https:\/\/sites.usp.br\/agorasouifusp\/wp-content\/uploads\/sites\/334\/2024\/02\/ECOS-250x250.png 250w, https:\/\/sites.usp.br\/agorasouifusp\/wp-content\/uploads\/sites\/334\/2024\/02\/ECOS-174x174.png 174w, https:\/\/sites.usp.br\/agorasouifusp\/wp-content\/uploads\/sites\/334\/2024\/02\/ECOS-45x45.png 45w, https:\/\/sites.usp.br\/agorasouifusp\/wp-content\/uploads\/sites\/334\/2024\/02\/ECOS-200x200.png 200w, https:\/\/sites.usp.br\/agorasouifusp\/wp-content\/uploads\/sites\/334\/2024\/02\/ECOS-400x400.png 400w, https:\/\/sites.usp.br\/agorasouifusp\/wp-content\/uploads\/sites\/334\/2024\/02\/ECOS.png 500w\" sizes=\"auto, (max-width: 150px) 100vw, 150px\" \/> ECOS &#8211; Escuta, Cuidado e Orienta\u00e7\u00e3o em Sa\u00fade Mental<\/strong><\/a><\/p>\n<p>Programa de sa\u00fade mental direcionado \u00e0 Comunidade USP com m\u00faltiplas frentes de a\u00e7\u00e3o:\u00a0Escuta, acolhimento e orienta\u00e7\u00e3o, Articula\u00e7\u00e3o da rede de cuidados e Apoio institucional. Acesse o site e veja como acessar as a\u00e7\u00f5es.<\/p>\n<p>&nbsp;<\/p>\n<p>&nbsp;<\/p>\n<hr \/>\n<h4><strong>Atendimento\u00a0odontol\u00f3gico<\/strong><\/h4>\n<ul>\n<li><a href=\"http:\/\/sites.usp.br\/sas\/clinica-odontologica\/\">Cl\u00ednica da Superintend\u00eancia de Assist\u00eancia Social<\/a>:\u00a0<a href=\"mailto:atendeodonto.sas@usp.br\">atendeodonto.sas@usp.br<\/a> \/\u00a0(11) 3091 3393<\/li>\n<li><a href=\"http:\/\/www.fo.usp.br\/?page_id=1966\">Cl\u00ednica da Faculdade de Odontologia da USP<\/a>: <a href=\"mailto:apoiopacientefo@usp.br\">apoiopacientefo@usp.br<\/a><strong> \/\u00a0<\/strong>(11) 3091 7418 (para informa\u00e7\u00f5es sobre poss\u00edveis tratamentos\u00a0com disponibilidade de vagas)<\/li>\n<\/ul>\n<h4><strong>Hospital Universit\u00e1rio\u00a0&#8211; HU<\/strong><\/h4>\n<p>O Hospital Universit\u00e1rio atende a comunidade USP e a comunidade dos bairros vizinhos. \u00c9 um hospital-escola que atua em \u00e1reas gerais, como Cl\u00ednica M\u00e9dica, Cirurgia, Obstetr\u00edcia e Ginecologia, Pediatria, com o apoio da Oftalmologia e Otorrinolaringologia. Para ser atendido, \u00e9 necess\u00e1rio um cadastro pr\u00e9vio que poder\u00e1 ser feito no local, com apresenta\u00e7\u00e3o de documento de identifica\u00e7\u00e3o e carteirinha USP. Com a carteirinha, o estudante poder\u00e1 ser atendido no pronto-socorro e agendar consultas pela internet ou telefone. Para conhecer as \u00e1reas de\u00a0 atendimento,<strong>\u00a0<a href=\"http:\/\/www.hu.usp.br\/agendamentos\/\" target=\"_blank\" rel=\"noopener noreferrer\">clique aqui<\/a><\/strong>.<\/p>\n<p>Informa\u00e7\u00f5es e contato:\u00a0<a href=\"http:\/\/www.hu.usp.br\">www.hu.usp.br<\/a>\u00a0\/\u00a0\u00a0sau@hu.usp.br \/\u00a0 (11) 3091-9200<\/p>\n<p>Av. Prof. Lineu Prestes, 2.565<\/p>\n<h4><strong>Hospital das Cl\u00ednicas\u00a0da FMUSP &#8211; HC<\/strong><\/h4>\n<p>O Hospital das Cl\u00ednicas da Faculdade de Medicina da USP \u00e9 o maior centro de refer\u00eancia em medicina no Brasil.\u00a0<a href=\"http:\/\/www5.usp.br\/servicos\/agendamento-de-consultas-hospital-das-clinicas-sp\/\">Saiba aqui<\/a> como agendar uma consulta.<\/p>\n<h4><strong>Unidades de Sa\u00fade\u00a0em S\u00e3o Paulo<\/strong><\/h4>\n<p>Veja\u00a0<a href=\"https:\/\/www.prefeitura.sp.gov.br\/cidade\/secretarias\/saude\/epidemiologia_e_informacao\/producao_e_rede_assistencial\/index.php?p=200209\">AQUI <\/a>uma rela\u00e7\u00e3o de unidades\u00a0de atendimento espalhadas pela cidade.<\/p>\n<h4><strong>Atendimento Psicol\u00f3gico\/Psiqui\u00e1trico\u00a0na cidade de S\u00e3o Paulo<\/strong><\/h4>\n<ul>\n<li><a href=\"https:\/\/www.lefeusp.com.br\/cv\">Plant\u00e3o de atendimento psicol\u00f3gico no IP<\/a>: o Instituto de Psicologia da USP oferece um plant\u00e3o de atendimento psicol\u00f3gico em sua Cl\u00ednica-escola.\u00a0Ele ocorre\u00a0\u00e0s <strong>ter\u00e7as-feiras a partir das 17h<\/strong>. N\u00e3o \u00e9 necess\u00e1rio realizar inscri\u00e7\u00e3o pr\u00e9via: o atendimento \u00e9 realizado por ordem de chegada. Local:\u00a0Av. Professor Mello de Moraes, 1721, Bloco D &#8211; Sala 229\u200b, Cidade Universit\u00e1ria | (11) 3091 4285.<\/li>\n<li><a href=\"http:\/\/www.ip.usp.br\/site\/servicos-a-comunidade\/\">Outros atendimentos do IPUSP<\/a>: o IP oferece ainda diversos outros servi\u00e7os de apoio psicol\u00f3gico. Programas de orienta\u00e7\u00e3o profissional e aconselhamento psicol\u00f3gico s\u00e3o alguns dos atendimentos dispon\u00edveis.<\/li>\n<li><a href=\"http:\/\/www2.unifesp.br\/dpsiq\/novo\/assistencia\/lista\/\">Assist\u00eancia em Sa\u00fade Mental da UNIFESP<\/a><\/li>\n<li><a href=\"https:\/\/www.prefeitura.sp.gov.br\/cidade\/secretarias\/saude\/atencao_basica\/index.php?p=204204\">CAPS (Centros de Aten\u00e7\u00e3o Psicossocial da Prefeitura)<\/a><\/li>\n<\/ul>\n","protected":false},"excerpt":{"rendered":"<p>Listamos aqui algumas op\u00e7\u00f5es que voc\u00ea pode buscar, de maneira gratuita, no \u00e2mbito da Universidade ou fora dele, na cidade de S\u00e3o Paulo. Acolhimento IFUSP O Programa de Acolhimento Integrado do IFUSP conta com a\u00e7\u00f5es de Orienta\u00e7\u00e3o Individual, Mentoria e Eventos de Sa\u00fade Mental e Bem-Estar. Acesse o site e inscreva-se nas a\u00e7\u00f5es dispon\u00edveis. &nbsp;<a href=\"https:\/\/sites.usp.br\/agorasouifusp\/saude\/\">[&#8230;]<\/a><\/p>\n","protected":false},"author":607,"featured_media":0,"parent":0,"menu_order":0,"comment_status":"closed","ping_status":"closed","template":"template-fullwidth.php","meta":{"footnotes":"","_links_to":"","_links_to_target":""},"class_list":["post-565","page","type-page","status-publish","hentry"],"_links":{"self":[{"href":"https:\/\/sites.usp.br\/agorasouifusp\/wp-json\/wp\/v2\/pages\/565","targetHints":{"allow":["GET"]}}],"collection":[{"href":"https:\/\/sites.usp.br\/agorasouifusp\/wp-json\/wp\/v2\/pages"}],"about":[{"href":"https:\/\/sites.usp.br\/agorasouifusp\/wp-json\/wp\/v2\/types\/page"}],"author":[{"embeddable":true,"href":"https:\/\/sites.usp.br\/agorasouifusp\/wp-json\/wp\/v2\/users\/607"}],"replies":[{"embeddable":true,"href":"https:\/\/sites.usp.br\/agorasouifusp\/wp-json\/wp\/v2\/comments?post=565"}],"version-history":[{"count":5,"href":"https:\/\/sites.usp.br\/agorasouifusp\/wp-json\/wp\/v2\/pages\/565\/revisions"}],"predecessor-version":[{"id":1853,"href":"https:\/\/sites.usp.br\/agorasouifusp\/wp-json\/wp\/v2\/pages\/565\/revisions\/1853"}],"wp:attachment":[{"href":"https:\/\/sites.usp.br\/agorasouifusp\/wp-json\/wp\/v2\/media?parent=565"}],"curies":[{"name":"wp","href":"https:\/\/api.w.org\/{rel}","templated":true}]}}