{"id":575,"date":"2018-01-24T11:35:43","date_gmt":"2018-01-24T13:35:43","guid":{"rendered":"http:\/\/sites.usp.br\/agorasouifusp\/?page_id=575"},"modified":"2025-02-07T14:32:51","modified_gmt":"2025-02-07T17:32:51","slug":"internet","status":"publish","type":"page","link":"https:\/\/sites.usp.br\/agorasouifusp\/internet\/","title":{"rendered":"Wi-Fi"},"content":{"rendered":"<p>Oferecemos aos nossos estudantes ampla infraestrutura de rede internet wi-fi.<\/p>\n<ul>\n<li>A EDUROAM \u00e9 um servi\u00e7o de acesso seguro, sem fio, desenvolvido para a comunidade internacional de educa\u00e7\u00e3o e pesquisa. Para se cadastrar voc\u00ea dever\u00e1 usar como login: <strong>[NUMERO_USP]@usp.br<\/strong> e sua <strong>senha \u00fanica do USPDigital<\/strong>. <a href=\"https:\/\/portal.if.usp.br\/ccifusp\/pt-br\/node\/640\">Acesse AQUI<\/a> mais informa\u00e7\u00f5es sobre configura\u00e7\u00f5es da rede Eduroam.<\/li>\n<\/ul>\n<p>O IFUSP monitora:<\/p>\n<ul>\n<li>o tr\u00e1fego de rede para detectar usos impr\u00f3prios, amea\u00e7as de seguran\u00e7a e ataques de rede.<\/li>\n<\/ul>\n<p>O IFUSP n\u00e3o monitora:<\/p>\n<ul>\n<li>o conte\u00fado de sua conex\u00e3o e respeita a privacidade de seus usu\u00e1rios.<\/li>\n<\/ul>\n<p>Todavia, voc\u00ea \u00e9 correspons\u00e1vel pela seguran\u00e7a do sistema de computa\u00e7\u00e3o do IFUSP. Seu <em>username<\/em> e senha s\u00e3o pessoais, intransfer\u00edveis e de sua total responsabilidade. Utilize senhas seguras. N\u00e3o divulgue informa\u00e7\u00f5es ou instale programas (mesmo que acidentalmente) que possam comprometer a seguran\u00e7a da rede no IFUSP. Mantenha seus computadores com sistemas atualizados e prote\u00e7\u00e3o contra v\u00edrus.<\/p>\n<p>&nbsp;<\/p>\n","protected":false},"excerpt":{"rendered":"<p>Oferecemos aos nossos estudantes ampla infraestrutura de rede internet wi-fi. A EDUROAM \u00e9 um servi\u00e7o de acesso seguro, sem fio, desenvolvido para a comunidade internacional de educa\u00e7\u00e3o e pesquisa. Para se cadastrar voc\u00ea dever\u00e1 usar como login: [NUMERO_USP]@usp.br e sua senha \u00fanica do USPDigital. Acesse AQUI mais informa\u00e7\u00f5es sobre configura\u00e7\u00f5es da rede Eduroam. O IFUSP<a href=\"https:\/\/sites.usp.br\/agorasouifusp\/internet\/\">[&#8230;]<\/a><\/p>\n","protected":false},"author":607,"featured_media":0,"parent":0,"menu_order":0,"comment_status":"closed","ping_status":"closed","template":"template-fullwidth.php","meta":{"footnotes":"","_links_to":"","_links_to_target":""},"class_list":["post-575","page","type-page","status-publish","hentry"],"_links":{"self":[{"href":"https:\/\/sites.usp.br\/agorasouifusp\/wp-json\/wp\/v2\/pages\/575","targetHints":{"allow":["GET"]}}],"collection":[{"href":"https:\/\/sites.usp.br\/agorasouifusp\/wp-json\/wp\/v2\/pages"}],"about":[{"href":"https:\/\/sites.usp.br\/agorasouifusp\/wp-json\/wp\/v2\/types\/page"}],"author":[{"embeddable":true,"href":"https:\/\/sites.usp.br\/agorasouifusp\/wp-json\/wp\/v2\/users\/607"}],"replies":[{"embeddable":true,"href":"https:\/\/sites.usp.br\/agorasouifusp\/wp-json\/wp\/v2\/comments?post=575"}],"version-history":[{"count":4,"href":"https:\/\/sites.usp.br\/agorasouifusp\/wp-json\/wp\/v2\/pages\/575\/revisions"}],"predecessor-version":[{"id":1884,"href":"https:\/\/sites.usp.br\/agorasouifusp\/wp-json\/wp\/v2\/pages\/575\/revisions\/1884"}],"wp:attachment":[{"href":"https:\/\/sites.usp.br\/agorasouifusp\/wp-json\/wp\/v2\/media?parent=575"}],"curies":[{"name":"wp","href":"https:\/\/api.w.org\/{rel}","templated":true}]}}