{"id":581,"date":"2018-01-24T11:36:35","date_gmt":"2018-01-24T13:36:35","guid":{"rendered":"http:\/\/sites.usp.br\/agorasouifusp\/?page_id=581"},"modified":"2024-02-20T18:25:43","modified_gmt":"2024-02-20T21:25:43","slug":"sites-e-telefones-uteis","status":"publish","type":"page","link":"https:\/\/sites.usp.br\/agorasouifusp\/sites-e-telefones-uteis\/","title":{"rendered":"Contatos \u00fateis"},"content":{"rendered":"<p>\u00c9 muita coisa, mesmo! Mas n\u00e3o se preocupe, daqui a pouco voc\u00ea estar\u00e1 entendendo todas as siglas e navegando com tranquilidade pelos mares uspianos. Fica aqui uma lista de contatos r\u00e1pidos e \u00fateis pra come\u00e7ar:<\/p>\n<p><strong>&gt; Guias USP:<\/strong><\/p>\n<ul>\n<li>\n<h4><a href=\"http:\/\/www.usp.br\/manualdocalouro\/\">Manual do Calouro USP<\/a> &#8211; Guia complet\u00edssimo e atualizado sobre a Universidade!<\/h4>\n<\/li>\n<li>\n<h4><a href=\"https:\/\/jornal.usp.br\/wp-content\/uploads\/2023\/03\/carta_de_servicos_da_usp_2023.pdf\">Carta de servi\u00e7os USP<\/a> (guia completo de todos os servi\u00e7os dispon\u00edveis)<\/h4>\n<\/li>\n<\/ul>\n<p><strong>&gt; Instituto de F\u00edsica no seu canal preferido:<\/strong><\/p>\n<p><a href=\"https:\/\/www.instagram.com\/fisicausp\/\"><img loading=\"lazy\" decoding=\"async\" class=\"alignnone wp-image-1815\" src=\"https:\/\/sites.usp.br\/agorasouifusp\/wp-content\/uploads\/sites\/334\/2024\/02\/6-300x300.png\" alt=\"\" width=\"100\" height=\"100\" srcset=\"https:\/\/sites.usp.br\/agorasouifusp\/wp-content\/uploads\/sites\/334\/2024\/02\/6-300x300.png 300w, https:\/\/sites.usp.br\/agorasouifusp\/wp-content\/uploads\/sites\/334\/2024\/02\/6-150x150.png 150w, https:\/\/sites.usp.br\/agorasouifusp\/wp-content\/uploads\/sites\/334\/2024\/02\/6-250x250.png 250w, https:\/\/sites.usp.br\/agorasouifusp\/wp-content\/uploads\/sites\/334\/2024\/02\/6-174x174.png 174w, https:\/\/sites.usp.br\/agorasouifusp\/wp-content\/uploads\/sites\/334\/2024\/02\/6-45x45.png 45w, https:\/\/sites.usp.br\/agorasouifusp\/wp-content\/uploads\/sites\/334\/2024\/02\/6-200x200.png 200w, https:\/\/sites.usp.br\/agorasouifusp\/wp-content\/uploads\/sites\/334\/2024\/02\/6-400x400.png 400w, https:\/\/sites.usp.br\/agorasouifusp\/wp-content\/uploads\/sites\/334\/2024\/02\/6.png 500w\" sizes=\"auto, (max-width: 100px) 100vw, 100px\" \/><\/a>\u00a0 <a href=\"https:\/\/twitter.com\/fisicaUSP\"><img loading=\"lazy\" decoding=\"async\" class=\"alignnone wp-image-1816\" src=\"https:\/\/sites.usp.br\/agorasouifusp\/wp-content\/uploads\/sites\/334\/2024\/02\/7-300x300.png\" alt=\"\" width=\"100\" height=\"100\" srcset=\"https:\/\/sites.usp.br\/agorasouifusp\/wp-content\/uploads\/sites\/334\/2024\/02\/7-300x300.png 300w, https:\/\/sites.usp.br\/agorasouifusp\/wp-content\/uploads\/sites\/334\/2024\/02\/7-150x150.png 150w, https:\/\/sites.usp.br\/agorasouifusp\/wp-content\/uploads\/sites\/334\/2024\/02\/7-250x250.png 250w, https:\/\/sites.usp.br\/agorasouifusp\/wp-content\/uploads\/sites\/334\/2024\/02\/7-174x174.png 174w, https:\/\/sites.usp.br\/agorasouifusp\/wp-content\/uploads\/sites\/334\/2024\/02\/7-45x45.png 45w, https:\/\/sites.usp.br\/agorasouifusp\/wp-content\/uploads\/sites\/334\/2024\/02\/7-200x200.png 200w, https:\/\/sites.usp.br\/agorasouifusp\/wp-content\/uploads\/sites\/334\/2024\/02\/7-400x400.png 400w, https:\/\/sites.usp.br\/agorasouifusp\/wp-content\/uploads\/sites\/334\/2024\/02\/7.png 500w\" sizes=\"auto, (max-width: 100px) 100vw, 100px\" \/><\/a> \u00a0<a href=\"https:\/\/www.youtube.com\/c\/InstitutodeF%C3%ADsicaUSP\"><img loading=\"lazy\" decoding=\"async\" class=\"alignnone wp-image-1822\" src=\"https:\/\/sites.usp.br\/agorasouifusp\/wp-content\/uploads\/sites\/334\/2024\/02\/AGORA-SOU-IFUSP-1-300x300.png\" alt=\"\" width=\"100\" height=\"100\" srcset=\"https:\/\/sites.usp.br\/agorasouifusp\/wp-content\/uploads\/sites\/334\/2024\/02\/AGORA-SOU-IFUSP-1-300x300.png 300w, https:\/\/sites.usp.br\/agorasouifusp\/wp-content\/uploads\/sites\/334\/2024\/02\/AGORA-SOU-IFUSP-1-150x150.png 150w, https:\/\/sites.usp.br\/agorasouifusp\/wp-content\/uploads\/sites\/334\/2024\/02\/AGORA-SOU-IFUSP-1-250x250.png 250w, https:\/\/sites.usp.br\/agorasouifusp\/wp-content\/uploads\/sites\/334\/2024\/02\/AGORA-SOU-IFUSP-1-174x174.png 174w, https:\/\/sites.usp.br\/agorasouifusp\/wp-content\/uploads\/sites\/334\/2024\/02\/AGORA-SOU-IFUSP-1-45x45.png 45w, https:\/\/sites.usp.br\/agorasouifusp\/wp-content\/uploads\/sites\/334\/2024\/02\/AGORA-SOU-IFUSP-1-200x200.png 200w, https:\/\/sites.usp.br\/agorasouifusp\/wp-content\/uploads\/sites\/334\/2024\/02\/AGORA-SOU-IFUSP-1-400x400.png 400w, https:\/\/sites.usp.br\/agorasouifusp\/wp-content\/uploads\/sites\/334\/2024\/02\/AGORA-SOU-IFUSP-1.png 500w\" sizes=\"auto, (max-width: 100px) 100vw, 100px\" \/><\/a> \u00a0<a href=\"https:\/\/www.linkedin.com\/company\/ifusp\"><img loading=\"lazy\" decoding=\"async\" class=\"alignnone wp-image-1843\" src=\"https:\/\/sites.usp.br\/agorasouifusp\/wp-content\/uploads\/sites\/334\/2024\/02\/AGORA-SOU-IFUSP-4-300x300.png\" alt=\"\" width=\"100\" height=\"100\" srcset=\"https:\/\/sites.usp.br\/agorasouifusp\/wp-content\/uploads\/sites\/334\/2024\/02\/AGORA-SOU-IFUSP-4-300x300.png 300w, https:\/\/sites.usp.br\/agorasouifusp\/wp-content\/uploads\/sites\/334\/2024\/02\/AGORA-SOU-IFUSP-4-150x150.png 150w, https:\/\/sites.usp.br\/agorasouifusp\/wp-content\/uploads\/sites\/334\/2024\/02\/AGORA-SOU-IFUSP-4-250x250.png 250w, https:\/\/sites.usp.br\/agorasouifusp\/wp-content\/uploads\/sites\/334\/2024\/02\/AGORA-SOU-IFUSP-4-174x174.png 174w, https:\/\/sites.usp.br\/agorasouifusp\/wp-content\/uploads\/sites\/334\/2024\/02\/AGORA-SOU-IFUSP-4-45x45.png 45w, https:\/\/sites.usp.br\/agorasouifusp\/wp-content\/uploads\/sites\/334\/2024\/02\/AGORA-SOU-IFUSP-4-200x200.png 200w, https:\/\/sites.usp.br\/agorasouifusp\/wp-content\/uploads\/sites\/334\/2024\/02\/AGORA-SOU-IFUSP-4-400x400.png 400w, https:\/\/sites.usp.br\/agorasouifusp\/wp-content\/uploads\/sites\/334\/2024\/02\/AGORA-SOU-IFUSP-4.png 500w\" sizes=\"auto, (max-width: 100px) 100vw, 100px\" \/><\/a> \u00a0<a href=\"https:\/\/w.app\/ifusp\"><img loading=\"lazy\" decoding=\"async\" class=\"alignnone wp-image-1844\" src=\"https:\/\/sites.usp.br\/agorasouifusp\/wp-content\/uploads\/sites\/334\/2024\/02\/AGORA-SOU-IFUSP-3-300x300.png\" alt=\"\" width=\"100\" height=\"100\" srcset=\"https:\/\/sites.usp.br\/agorasouifusp\/wp-content\/uploads\/sites\/334\/2024\/02\/AGORA-SOU-IFUSP-3-300x300.png 300w, https:\/\/sites.usp.br\/agorasouifusp\/wp-content\/uploads\/sites\/334\/2024\/02\/AGORA-SOU-IFUSP-3-150x150.png 150w, https:\/\/sites.usp.br\/agorasouifusp\/wp-content\/uploads\/sites\/334\/2024\/02\/AGORA-SOU-IFUSP-3-250x250.png 250w, https:\/\/sites.usp.br\/agorasouifusp\/wp-content\/uploads\/sites\/334\/2024\/02\/AGORA-SOU-IFUSP-3-174x174.png 174w, https:\/\/sites.usp.br\/agorasouifusp\/wp-content\/uploads\/sites\/334\/2024\/02\/AGORA-SOU-IFUSP-3-45x45.png 45w, https:\/\/sites.usp.br\/agorasouifusp\/wp-content\/uploads\/sites\/334\/2024\/02\/AGORA-SOU-IFUSP-3-200x200.png 200w, https:\/\/sites.usp.br\/agorasouifusp\/wp-content\/uploads\/sites\/334\/2024\/02\/AGORA-SOU-IFUSP-3-400x400.png 400w, https:\/\/sites.usp.br\/agorasouifusp\/wp-content\/uploads\/sites\/334\/2024\/02\/AGORA-SOU-IFUSP-3.png 500w\" sizes=\"auto, (max-width: 100px) 100vw, 100px\" \/>\u00a0 <\/a><a href=\"https:\/\/submit.if.usp.br\/edicoes\"><img loading=\"lazy\" decoding=\"async\" class=\"alignnone wp-image-1845\" src=\"https:\/\/sites.usp.br\/agorasouifusp\/wp-content\/uploads\/sites\/334\/2024\/02\/AGORA-SOU-IFUSP-5-300x300.png\" alt=\"\" width=\"100\" height=\"100\" srcset=\"https:\/\/sites.usp.br\/agorasouifusp\/wp-content\/uploads\/sites\/334\/2024\/02\/AGORA-SOU-IFUSP-5-300x300.png 300w, https:\/\/sites.usp.br\/agorasouifusp\/wp-content\/uploads\/sites\/334\/2024\/02\/AGORA-SOU-IFUSP-5-150x150.png 150w, https:\/\/sites.usp.br\/agorasouifusp\/wp-content\/uploads\/sites\/334\/2024\/02\/AGORA-SOU-IFUSP-5-250x250.png 250w, https:\/\/sites.usp.br\/agorasouifusp\/wp-content\/uploads\/sites\/334\/2024\/02\/AGORA-SOU-IFUSP-5-174x174.png 174w, https:\/\/sites.usp.br\/agorasouifusp\/wp-content\/uploads\/sites\/334\/2024\/02\/AGORA-SOU-IFUSP-5-45x45.png 45w, https:\/\/sites.usp.br\/agorasouifusp\/wp-content\/uploads\/sites\/334\/2024\/02\/AGORA-SOU-IFUSP-5-200x200.png 200w, https:\/\/sites.usp.br\/agorasouifusp\/wp-content\/uploads\/sites\/334\/2024\/02\/AGORA-SOU-IFUSP-5-400x400.png 400w, https:\/\/sites.usp.br\/agorasouifusp\/wp-content\/uploads\/sites\/334\/2024\/02\/AGORA-SOU-IFUSP-5.png 500w\" sizes=\"auto, (max-width: 100px) 100vw, 100px\" \/><\/a><\/p>\n<p><strong>&gt; Informa\u00e7\u00f5es sobre disciplinas e aulas:<\/strong><\/p>\n<p><a href=\"https:\/\/uspdigital.usp.br\/jupiterweb\/webLogin.jsp\"><img loading=\"lazy\" decoding=\"async\" class=\"alignnone wp-image-1573\" src=\"https:\/\/sites.usp.br\/agorasouifusp\/wp-content\/uploads\/sites\/334\/2021\/03\/icones-5-300x300.png\" alt=\"\" width=\"75\" height=\"75\" srcset=\"https:\/\/sites.usp.br\/agorasouifusp\/wp-content\/uploads\/sites\/334\/2021\/03\/icones-5-300x300.png 300w, https:\/\/sites.usp.br\/agorasouifusp\/wp-content\/uploads\/sites\/334\/2021\/03\/icones-5-150x150.png 150w, https:\/\/sites.usp.br\/agorasouifusp\/wp-content\/uploads\/sites\/334\/2021\/03\/icones-5-250x250.png 250w, https:\/\/sites.usp.br\/agorasouifusp\/wp-content\/uploads\/sites\/334\/2021\/03\/icones-5-174x174.png 174w, https:\/\/sites.usp.br\/agorasouifusp\/wp-content\/uploads\/sites\/334\/2021\/03\/icones-5-45x45.png 45w, https:\/\/sites.usp.br\/agorasouifusp\/wp-content\/uploads\/sites\/334\/2021\/03\/icones-5-200x200.png 200w, https:\/\/sites.usp.br\/agorasouifusp\/wp-content\/uploads\/sites\/334\/2021\/03\/icones-5-400x400.png 400w, https:\/\/sites.usp.br\/agorasouifusp\/wp-content\/uploads\/sites\/334\/2021\/03\/icones-5.png 500w\" sizes=\"auto, (max-width: 75px) 100vw, 75px\" \/><\/a>\u00a0 <em>Sistema de gest\u00e3o da gradua\u00e7\u00e3o (matr\u00edculas, disciplinas, requerimentos, etc)<\/em><\/p>\n<p><a href=\"https:\/\/edisciplinas.usp.br\/acessar\/\"><img loading=\"lazy\" decoding=\"async\" class=\"alignnone wp-image-1572\" src=\"https:\/\/sites.usp.br\/agorasouifusp\/wp-content\/uploads\/sites\/334\/2021\/03\/icones-6-300x300.png\" alt=\"\" width=\"75\" height=\"75\" srcset=\"https:\/\/sites.usp.br\/agorasouifusp\/wp-content\/uploads\/sites\/334\/2021\/03\/icones-6-300x300.png 300w, https:\/\/sites.usp.br\/agorasouifusp\/wp-content\/uploads\/sites\/334\/2021\/03\/icones-6-150x150.png 150w, https:\/\/sites.usp.br\/agorasouifusp\/wp-content\/uploads\/sites\/334\/2021\/03\/icones-6-250x250.png 250w, https:\/\/sites.usp.br\/agorasouifusp\/wp-content\/uploads\/sites\/334\/2021\/03\/icones-6-174x174.png 174w, https:\/\/sites.usp.br\/agorasouifusp\/wp-content\/uploads\/sites\/334\/2021\/03\/icones-6-45x45.png 45w, https:\/\/sites.usp.br\/agorasouifusp\/wp-content\/uploads\/sites\/334\/2021\/03\/icones-6-200x200.png 200w, https:\/\/sites.usp.br\/agorasouifusp\/wp-content\/uploads\/sites\/334\/2021\/03\/icones-6-400x400.png 400w, https:\/\/sites.usp.br\/agorasouifusp\/wp-content\/uploads\/sites\/334\/2021\/03\/icones-6.png 500w\" sizes=\"auto, (max-width: 75px) 100vw, 75px\" \/><\/a>\u00a0 <em>Ambiente Virtual de Ensino da USP (materiais de aula, listas, provas, etc.)<\/em><\/p>\n<p><a href=\"https:\/\/agenda.if.usp.br\/Web\/view-schedule.php\"><img loading=\"lazy\" decoding=\"async\" class=\"alignnone wp-image-1574\" src=\"https:\/\/sites.usp.br\/agorasouifusp\/wp-content\/uploads\/sites\/334\/2021\/03\/icones-7-300x300.png\" alt=\"\" width=\"75\" height=\"75\" srcset=\"https:\/\/sites.usp.br\/agorasouifusp\/wp-content\/uploads\/sites\/334\/2021\/03\/icones-7-300x300.png 300w, https:\/\/sites.usp.br\/agorasouifusp\/wp-content\/uploads\/sites\/334\/2021\/03\/icones-7-150x150.png 150w, https:\/\/sites.usp.br\/agorasouifusp\/wp-content\/uploads\/sites\/334\/2021\/03\/icones-7-250x250.png 250w, https:\/\/sites.usp.br\/agorasouifusp\/wp-content\/uploads\/sites\/334\/2021\/03\/icones-7-174x174.png 174w, https:\/\/sites.usp.br\/agorasouifusp\/wp-content\/uploads\/sites\/334\/2021\/03\/icones-7-45x45.png 45w, https:\/\/sites.usp.br\/agorasouifusp\/wp-content\/uploads\/sites\/334\/2021\/03\/icones-7-200x200.png 200w, https:\/\/sites.usp.br\/agorasouifusp\/wp-content\/uploads\/sites\/334\/2021\/03\/icones-7-400x400.png 400w, https:\/\/sites.usp.br\/agorasouifusp\/wp-content\/uploads\/sites\/334\/2021\/03\/icones-7.png 500w\" sizes=\"auto, (max-width: 75px) 100vw, 75px\" \/><\/a> \u00a0<em>Informa\u00e7\u00f5es sobre os espa\u00e7os do IFUSP (salas, audit\u00f3rios, etc.)<\/em><\/p>\n<p><strong>&gt; <a href=\"https:\/\/sites.usp.br\/agorasouifusp\/organizacao-estudantil\/\">Entidades<\/a><\/strong><\/p>\n<p><strong>&gt; Se\u00e7\u00f5es e atendimento IFUSP &#8211; Clique para mais informa\u00e7\u00f5es.<\/strong><\/p>\n<ul>\n<li><a href=\"http:\/\/portal.if.usp.br\/ifusp\/usuarios\/docentes\" target=\"_blank\" rel=\"noopener noreferrer\">Professores<\/a><\/li>\n<li><a href=\"http:\/\/portal.if.usp.br\/salunos\/\" target=\"_blank\" rel=\"noopener noreferrer\">Se\u00e7\u00e3o de Alunos<\/a> &#8211; <em>Todo o atendimento sobre sua situa\u00e7\u00e3o na USP\u00a0<\/em><\/li>\n<li><a href=\"http:\/\/portal.if.usp.br\/cg\/\" target=\"_blank\" rel=\"noopener noreferrer\">Comiss\u00e3o de Gradua\u00e7\u00e3o<\/a>\u00a0 &#8211; <em>Carga did\u00e1tica e outras informa\u00e7\u00f5es<\/em><\/li>\n<li><a href=\"http:\/\/portal.if.usp.br\/carreiras\/\" target=\"_blank\" rel=\"noopener noreferrer\">Mural de Vagas IF<\/a> &#8211; O<em>portunidades de bolsas, est\u00e1gios e outras vagas<\/em><\/li>\n<li><a href=\"https:\/\/bit.ly\/acolheIFUSP\">Acolhimento IFUSP<\/a> &#8211; <em>Atividades de apoio \u00e0 sa\u00fade mental e bem-estar da comunidade IF<\/em><\/li>\n<li><a href=\"http:\/\/portal.if.usp.br\/bib\/\" target=\"_blank\" rel=\"noopener noreferrer\">Biblioteca<\/a> &#8211; <em>Informa\u00e7\u00f5es sobre acesso ao acervo<\/em><\/li>\n<li><a href=\"mailto:ouvidoriaif@if.usp.br\">Ouvidoria<\/a> &#8211; <em>Registro de ocorr\u00eancias e outras demandas institucionais<\/em><\/li>\n<\/ul>\n","protected":false},"excerpt":{"rendered":"<p>\u00c9 muita coisa, mesmo! Mas n\u00e3o se preocupe, daqui a pouco voc\u00ea estar\u00e1 entendendo todas as siglas e navegando com tranquilidade pelos mares uspianos. Fica aqui uma lista de contatos r\u00e1pidos e \u00fateis pra come\u00e7ar: &gt; Guias USP: Manual do Calouro USP &#8211; Guia complet\u00edssimo e atualizado sobre a Universidade! Carta de servi\u00e7os USP (guia<a href=\"https:\/\/sites.usp.br\/agorasouifusp\/sites-e-telefones-uteis\/\">[&#8230;]<\/a><\/p>\n","protected":false},"author":607,"featured_media":0,"parent":0,"menu_order":0,"comment_status":"closed","ping_status":"closed","template":"template-fullwidth.php","meta":{"footnotes":"","_links_to":"","_links_to_target":""},"class_list":["post-581","page","type-page","status-publish","hentry"],"_links":{"self":[{"href":"https:\/\/sites.usp.br\/agorasouifusp\/wp-json\/wp\/v2\/pages\/581","targetHints":{"allow":["GET"]}}],"collection":[{"href":"https:\/\/sites.usp.br\/agorasouifusp\/wp-json\/wp\/v2\/pages"}],"about":[{"href":"https:\/\/sites.usp.br\/agorasouifusp\/wp-json\/wp\/v2\/types\/page"}],"author":[{"embeddable":true,"href":"https:\/\/sites.usp.br\/agorasouifusp\/wp-json\/wp\/v2\/users\/607"}],"replies":[{"embeddable":true,"href":"https:\/\/sites.usp.br\/agorasouifusp\/wp-json\/wp\/v2\/comments?post=581"}],"version-history":[{"count":5,"href":"https:\/\/sites.usp.br\/agorasouifusp\/wp-json\/wp\/v2\/pages\/581\/revisions"}],"predecessor-version":[{"id":1847,"href":"https:\/\/sites.usp.br\/agorasouifusp\/wp-json\/wp\/v2\/pages\/581\/revisions\/1847"}],"wp:attachment":[{"href":"https:\/\/sites.usp.br\/agorasouifusp\/wp-json\/wp\/v2\/media?parent=581"}],"curies":[{"name":"wp","href":"https:\/\/api.w.org\/{rel}","templated":true}]}}