{"id":871,"date":"2018-12-07T16:17:57","date_gmt":"2018-12-07T18:17:57","guid":{"rendered":"http:\/\/sites.usp.br\/agorasouifusp\/?page_id=871"},"modified":"2021-03-16T14:18:22","modified_gmt":"2021-03-16T17:18:22","slug":"alimentacao-2019","status":"publish","type":"page","link":"https:\/\/sites.usp.br\/agorasouifusp\/alimentacao-2019\/","title":{"rendered":"Alimenta\u00e7\u00e3o"},"content":{"rendered":"<h5><em>*Com as aulas presenciais suspensas, a maior parte dos bandej\u00f5es e outras op\u00e7\u00f5es de alimenta\u00e7\u00e3o no campus encontra-se fechada. O bandej\u00e3o Central e o da Qu\u00edmica permanecem abertos realizando a distribui\u00e7\u00e3o de refei\u00e7\u00f5es para os moradores do CRUSP. Aguardamos a normaliza\u00e7\u00e3o da situa\u00e7\u00e3o no campus para atualizar a lista dos pontos de venda.<\/em><\/h5>\n<hr \/>\n<p><a href=\"http:\/\/www.usp.br\/manualdocalouro\/?page_id=2721\">Acesse AQUI<\/a> as informa\u00e7\u00f5es sobre atendimento, pre\u00e7os, localiza\u00e7\u00e3o e card\u00e1pios dos bandej\u00f5es.<\/p>\n<p>&nbsp;<\/p>\n<p style=\"text-align: center;\"><em>Baixe o app e consulte o card\u00e1pio dos restaurantes universit\u00e1rios no celular ou tablet.<\/em><\/p>\n<p style=\"text-align: center;\"><em><a href=\"https:\/\/sites.usp.br\/agorasouifusp\/wp-content\/uploads\/sites\/334\/2018\/12\/app_cardapio_150x150.png\"><img loading=\"lazy\" decoding=\"async\" class=\"size-full wp-image-1061 aligncenter\" src=\"https:\/\/sites.usp.br\/agorasouifusp\/wp-content\/uploads\/sites\/334\/2018\/12\/app_cardapio_150x150.png\" alt=\"\" width=\"150\" height=\"150\" srcset=\"https:\/\/sites.usp.br\/agorasouifusp\/wp-content\/uploads\/sites\/334\/2018\/12\/app_cardapio_150x150.png 150w, https:\/\/sites.usp.br\/agorasouifusp\/wp-content\/uploads\/sites\/334\/2018\/12\/app_cardapio_150x150-45x45.png 45w\" sizes=\"auto, (max-width: 150px) 100vw, 150px\" \/><\/a><\/em><\/p>\n<p style=\"text-align: center;\"><a href=\"http:\/\/www.sti.usp.br\/appusp\/cardapio-usp\/\"><span style=\"font-weight: 400;\"><strong>Card\u00e1pio USP<\/strong><\/span><\/a><\/p>\n<p>Al\u00e9m dos bandej\u00f5es (ou Restaurantes Universit\u00e1rios &#8211; RUs), h\u00e1 v\u00e1rios outros pontos de alimenta\u00e7\u00e3o na USP, com op\u00e7\u00f5es para diversos p\u00fablicos, inclusive vegetarianos e veganos.<\/p>\n<ul>\n<li><strong>Lanchonete da F\u00edsica:\u00a0<\/strong>com op\u00e7\u00f5es de lanches, pratos feitos e self-service com churrasco durante o almo\u00e7o.<\/li>\n<li><b>Trailer das &#8220;Tias&#8221;<\/b><span style=\"font-weight: 400;\">: com op\u00e7\u00f5es vegetarianas, veganas e o famoso \u201c<em>cookie<\/em> da F\u00edsica\u201d. Para encontrar o trailer, basta seguir cheiro dos cookies saindo do forno: pr\u00f3ximo \u00e0 portaria da Ala Central do IFUSP.\u00a0<\/span><\/li>\n<li><b>Lanchonete da viv\u00eancia da ECA<\/b><span style=\"font-weight: 400;\">: lanches e buffet de comida por quilo no almo\u00e7o, com op\u00e7\u00f5es para vegetarianos e veganos. <\/span><\/li>\n<li><b>Aqu\u00e1rio da Hist\u00f3ria<\/b><span style=\"font-weight: 400;\">:\u00a0 lanches variados e op\u00e7\u00f5es de\u00a0<\/span>bolos e sandu\u00edches veganos.<\/li>\n<li><b>Lanchonete da Hist\u00f3ria: <\/b><span style=\"font-weight: 400;\">lanches e pratos no almo\u00e7o e jantar, com card\u00e1pio para veganos e vegetarianos. <\/span><\/li>\n<li><b>Lanchonete da Letras<\/b><span style=\"font-weight: 400;\">: op\u00e7\u00f5es para agradar todos os paladares e a qualquer hora, do caf\u00e9 da manh\u00e3 ao jantar. Famosa por seu <\/span><b><em>croissant<\/em> de chocolate<\/b><span style=\"font-weight: 400;\">!<\/span><\/li>\n<li><b>Trucks da Qu\u00edmica:<\/b><span style=\"font-weight: 400;\"> pr\u00f3ximo ao Instituto de Qu\u00edmica (IQ), v\u00e1rios food trucks oferecem desde a\u00e7a\u00ed at\u00e9 op\u00e7\u00f5es para o almo\u00e7o. <\/span><\/li>\n<li><b>Trucks da Brasiliana:<\/b><span style=\"font-weight: 400;\">\u00a0no entorno da Biblioteca Mindlin, os food trucks oferecem cachorro-quente e comida japonesa e fazem a alegria dos estudantes que querem variar a rotina de bandej\u00e3o. <\/span><\/li>\n<li><b>Restaurante da FAU: <\/b><span style=\"font-weight: 400;\">op\u00e7\u00e3o de almo\u00e7o por quilo e lanches\u00a0com \u00f3timo custo-benef\u00edcio na Faculdade de Arquitetura e Urbanismo, bem pr\u00f3xima ao IF. \u00a0<\/span><\/li>\n<li><strong>Restaurante da FEA<\/strong>: local mais arrumadinho pra comer no campus, com buffet a kilo bem variado, e grandes chances de voc\u00ea cruzar com seu professor almo\u00e7ando por l\u00e1 =D<\/li>\n<\/ul>\n<p><span style=\"font-weight: 400;\">As unidades de ensino tamb\u00e9m possuem m\u00e1quinas de\u00a0bebidas quentes\u00a0e <em>snacks<\/em>. \u00a0<\/span><\/p>\n<p><strong>A seguir, verifique o mapa de pontos de alimenta\u00e7\u00e3o da USP.<\/strong><\/p>\n<p><a href=\"http:\/\/sites.usp.br\/agorasouifusp\/wp-content\/uploads\/sites\/334\/2018\/01\/Pontos-alimenta\u00e7\u00e3o-site.jpg\"><img loading=\"lazy\" decoding=\"async\" class=\"alignnone wp-image-598 size-full\" src=\"http:\/\/sites.usp.br\/agorasouifusp\/wp-content\/uploads\/sites\/334\/2018\/01\/Pontos-alimenta\u00e7\u00e3o-site.jpg\" alt=\"\" width=\"949\" height=\"615\" srcset=\"https:\/\/sites.usp.br\/agorasouifusp\/wp-content\/uploads\/sites\/334\/2018\/01\/Pontos-alimenta\u00e7\u00e3o-site.jpg 949w, https:\/\/sites.usp.br\/agorasouifusp\/wp-content\/uploads\/sites\/334\/2018\/01\/Pontos-alimenta\u00e7\u00e3o-site-300x194.jpg 300w, https:\/\/sites.usp.br\/agorasouifusp\/wp-content\/uploads\/sites\/334\/2018\/01\/Pontos-alimenta\u00e7\u00e3o-site-768x498.jpg 768w, https:\/\/sites.usp.br\/agorasouifusp\/wp-content\/uploads\/sites\/334\/2018\/01\/Pontos-alimenta\u00e7\u00e3o-site-400x259.jpg 400w\" sizes=\"auto, (max-width: 949px) 100vw, 949px\" \/><\/a><\/p>\n","protected":false},"excerpt":{"rendered":"<p>*Com as aulas presenciais suspensas, a maior parte dos bandej\u00f5es e outras op\u00e7\u00f5es de alimenta\u00e7\u00e3o no campus encontra-se fechada. O bandej\u00e3o Central e o da Qu\u00edmica permanecem abertos realizando a distribui\u00e7\u00e3o de refei\u00e7\u00f5es para os moradores do CRUSP. Aguardamos a normaliza\u00e7\u00e3o da situa\u00e7\u00e3o no campus para atualizar a lista dos pontos de venda. Acesse AQUI<a href=\"https:\/\/sites.usp.br\/agorasouifusp\/alimentacao-2019\/\">[&#8230;]<\/a><\/p>\n","protected":false},"author":778,"featured_media":0,"parent":0,"menu_order":0,"comment_status":"closed","ping_status":"closed","template":"","meta":{"footnotes":"","_links_to":"","_links_to_target":""},"class_list":["post-871","page","type-page","status-publish","hentry"],"_links":{"self":[{"href":"https:\/\/sites.usp.br\/agorasouifusp\/wp-json\/wp\/v2\/pages\/871","targetHints":{"allow":["GET"]}}],"collection":[{"href":"https:\/\/sites.usp.br\/agorasouifusp\/wp-json\/wp\/v2\/pages"}],"about":[{"href":"https:\/\/sites.usp.br\/agorasouifusp\/wp-json\/wp\/v2\/types\/page"}],"author":[{"embeddable":true,"href":"https:\/\/sites.usp.br\/agorasouifusp\/wp-json\/wp\/v2\/users\/778"}],"replies":[{"embeddable":true,"href":"https:\/\/sites.usp.br\/agorasouifusp\/wp-json\/wp\/v2\/comments?post=871"}],"version-history":[{"count":5,"href":"https:\/\/sites.usp.br\/agorasouifusp\/wp-json\/wp\/v2\/pages\/871\/revisions"}],"predecessor-version":[{"id":1601,"href":"https:\/\/sites.usp.br\/agorasouifusp\/wp-json\/wp\/v2\/pages\/871\/revisions\/1601"}],"wp:attachment":[{"href":"https:\/\/sites.usp.br\/agorasouifusp\/wp-json\/wp\/v2\/media?parent=871"}],"curies":[{"name":"wp","href":"https:\/\/api.w.org\/{rel}","templated":true}]}}