{"id":884,"date":"2019-01-09T14:24:22","date_gmt":"2019-01-09T16:24:22","guid":{"rendered":"http:\/\/sites.usp.br\/agorasouifusp\/?page_id=884"},"modified":"2025-01-29T15:34:18","modified_gmt":"2025-01-29T18:34:18","slug":"identidade-usp-2019","status":"publish","type":"page","link":"https:\/\/sites.usp.br\/agorasouifusp\/identidade-usp-2019\/","title":{"rendered":"Identidade USP"},"content":{"rendered":"<h4 style=\"text-align: center;\"><strong>*N\u00famero USP + E-mail Institucional + Senha \u00danica =&gt; Identidade USP<\/strong><\/h4>\n<p><strong><br \/>\nEm sua matr\u00edcula online voc\u00ea j\u00e1 deve ter recebido o seu n\u00famero USP, certo?! <\/strong>Parab\u00e9ns: esse n\u00famero \u00e9 seu\u00a0<em>para SEMPRE<\/em>! Mesmo ao sair da Universidade, ou resolver fazer outro curso, P\u00f3s-gradua\u00e7\u00e3o,\u00a0e\u00a0at\u00e9 mesmo trabalhar aqui =)<\/p>\n<p><strong>Al\u00e9m do N\u00famero USP, as informa\u00e7\u00f5es referentes a senha \u00fanica, e-mail institucional, cart\u00e3o identidade USP e cart\u00e3o BUSP tamb\u00e9m foram enviadas no e-mail registrado no seu cadastro.\u00a0<\/strong>Caso tenha alguma d\u00favida ou n\u00e3o tenha recebido o e-mail com as informa\u00e7\u00f5es acima, entre em contato com a<\/p>\n<p><strong>Se\u00e7\u00e3o de Alunos do IFUSP<\/strong>:<\/p>\n<p>Fone: (11) 3091-6924<br \/>\nE-mail <a href=\"mailto:salunosif@usp.br\">salunosif@usp.br<\/a> ou mais informa\u00e7\u00f5es no <a href=\"http:\/\/portal.if.usp.br\/salunos\/pt-br\/se%C3%A7%C3%A3o-de-alunos-de-gradua%C3%A7%C3%A3o\">SITE DA SE\u00c7\u00c3O<\/a><\/p>\n<h3><b>O que \u00e9 BUSP e como solicit\u00e1-lo?<\/b><\/h3>\n<p><b>O Bilhete USP (BUSP)<\/b><span style=\"font-weight: 400;\"> d\u00e1 acesso gratuito \u00e0s <a href=\"https:\/\/puspcb.usp.br\/destaques\/onibus-busp\/\">linhas de \u00f4nibus que fazem a liga\u00e7\u00e3o entre o campus e a Esta\u00e7\u00e3o Butant\u00e3 do Metr\u00f4<\/a>. A Se\u00e7\u00e3o de Alunos \u00e9 respons\u00e1vel por receber o BUSPdos\u00a0 ingressantes e organizar a entrega. Aguarde orienta\u00e7\u00f5es da Se\u00e7\u00e3o de Alunos por e-mail.<\/span><\/p>\n<h3><b>Aplicativo e-card USP<\/b><\/h3>\n<p>O e-card deve ser usado para libera\u00e7\u00e3o de ingresso pelas catracas do Edif\u00edcio Principal no IF.<\/p>\n<p style=\"text-align: center;\"><em>Baixe o aplicativo e acesse sua carteirinha digital pelo celular.<\/em><\/p>\n<h3 style=\"text-align: center;\"><a href=\"http:\/\/www.sti.usp.br\/appusp\/e-card-usp\/\"><img loading=\"lazy\" decoding=\"async\" class=\"wp-image-516 aligncenter\" src=\"http:\/\/sites.usp.br\/agorasouifusp\/wp-content\/uploads\/sites\/334\/2018\/01\/E-card.jpg\" alt=\"\" width=\"192\" height=\"192\" srcset=\"https:\/\/sites.usp.br\/agorasouifusp\/wp-content\/uploads\/sites\/334\/2018\/01\/E-card.jpg 216w, https:\/\/sites.usp.br\/agorasouifusp\/wp-content\/uploads\/sites\/334\/2018\/01\/E-card-150x150.jpg 150w, https:\/\/sites.usp.br\/agorasouifusp\/wp-content\/uploads\/sites\/334\/2018\/01\/E-card-174x174.jpg 174w, https:\/\/sites.usp.br\/agorasouifusp\/wp-content\/uploads\/sites\/334\/2018\/01\/E-card-45x45.jpg 45w, https:\/\/sites.usp.br\/agorasouifusp\/wp-content\/uploads\/sites\/334\/2018\/01\/E-card-200x200.jpg 200w\" sizes=\"auto, (max-width: 192px) 100vw, 192px\" \/><\/a><\/h3>\n<p style=\"text-align: center;\"><strong><a href=\"http:\/\/www.sti.usp.br\/appusp\/e-card-usp\/\">e-card USP<\/a><\/strong><\/p>\n<h3><\/h3>\n<h3><b>Aqui na USP, identidade social \u00e9 respeitada!<\/b><\/h3>\n<p><span style=\"font-weight: 400;\">A USP est\u00e1 preparada para respeitar o tratamento nominal de pessoas transg\u00eanero nos documentos oficiais (como Diploma e Hist\u00f3ricos Escolares) e tamb\u00e9m no sistema J\u00fapiter e nos documentos internos da Gradua\u00e7\u00e3o (Cart\u00e3o USP, Resumo Escolar, Listas, Declara\u00e7\u00f5es, Atestados e Hist\u00f3ricos Escolares sem conclus\u00e3o). <strong>Para isso, voc\u00ea dever\u00e1 solicitar o registro com a op\u00e7\u00e3o \u201cnome social\u201d. O padr\u00e3o adotado nos documentos \u00e9 descrito abaixo:<\/strong><\/span><\/p>\n<p><strong>Cart\u00e3o USP \/ BUSP<\/strong><\/p>\n<ul>\n<li><span style=\"font-weight: 400;\">Frente: Nome social escolhido + sobrenome civil<\/span><\/li>\n<li><span style=\"font-weight: 400;\">Verso: Nome social \u00a0+ civilmente registrado como + Nome civil<\/span><\/li>\n<\/ul>\n<p style=\"text-align: left;\"><span style=\"font-weight: 400;\">*Lembre-se: <\/span><b>Voc\u00ea \u00e9 respons\u00e1vel pelo uso adequado de seu n\u00famero USP, do BUSP, do e-Card USP e de sua carteirinha USP. Esses documentos s\u00e3o pessoais e <\/b><b>intransfer\u00edveis<\/b><b>.<\/b><\/p>\n","protected":false},"excerpt":{"rendered":"<p>*N\u00famero USP + E-mail Institucional + Senha \u00danica =&gt; Identidade USP Em sua matr\u00edcula online voc\u00ea j\u00e1 deve ter recebido o seu n\u00famero USP, certo?! Parab\u00e9ns: esse n\u00famero \u00e9 seu\u00a0para SEMPRE! Mesmo ao sair da Universidade, ou resolver fazer outro curso, P\u00f3s-gradua\u00e7\u00e3o,\u00a0e\u00a0at\u00e9 mesmo trabalhar aqui =) Al\u00e9m do N\u00famero USP, as informa\u00e7\u00f5es referentes a senha<a href=\"https:\/\/sites.usp.br\/agorasouifusp\/identidade-usp-2019\/\">[&#8230;]<\/a><\/p>\n","protected":false},"author":778,"featured_media":0,"parent":0,"menu_order":0,"comment_status":"closed","ping_status":"closed","template":"","meta":{"footnotes":"","_links_to":"","_links_to_target":""},"class_list":["post-884","page","type-page","status-publish","hentry"],"_links":{"self":[{"href":"https:\/\/sites.usp.br\/agorasouifusp\/wp-json\/wp\/v2\/pages\/884","targetHints":{"allow":["GET"]}}],"collection":[{"href":"https:\/\/sites.usp.br\/agorasouifusp\/wp-json\/wp\/v2\/pages"}],"about":[{"href":"https:\/\/sites.usp.br\/agorasouifusp\/wp-json\/wp\/v2\/types\/page"}],"author":[{"embeddable":true,"href":"https:\/\/sites.usp.br\/agorasouifusp\/wp-json\/wp\/v2\/users\/778"}],"replies":[{"embeddable":true,"href":"https:\/\/sites.usp.br\/agorasouifusp\/wp-json\/wp\/v2\/comments?post=884"}],"version-history":[{"count":6,"href":"https:\/\/sites.usp.br\/agorasouifusp\/wp-json\/wp\/v2\/pages\/884\/revisions"}],"predecessor-version":[{"id":1876,"href":"https:\/\/sites.usp.br\/agorasouifusp\/wp-json\/wp\/v2\/pages\/884\/revisions\/1876"}],"wp:attachment":[{"href":"https:\/\/sites.usp.br\/agorasouifusp\/wp-json\/wp\/v2\/media?parent=884"}],"curies":[{"name":"wp","href":"https:\/\/api.w.org\/{rel}","templated":true}]}}