{"id":893,"date":"2019-01-03T17:05:34","date_gmt":"2019-01-03T19:05:34","guid":{"rendered":"http:\/\/sites.usp.br\/agorasouifusp\/?page_id=893"},"modified":"2026-01-29T18:03:34","modified_gmt":"2026-01-29T21:03:34","slug":"salas-de-estudos-2019","status":"publish","type":"page","link":"https:\/\/sites.usp.br\/agorasouifusp\/salas-de-estudos-2019\/","title":{"rendered":"Salas de Estudos"},"content":{"rendered":"<h3><b>Sala de Estudos<\/b><\/h3>\n<p><span style=\"font-weight: 400;\">Os alunos do IF contam com uma<strong> sala de estudo no <\/strong><\/span><em>Piso T\u00e9rreo, pr\u00f3xima \u00e0s catracas de entrada da Rua do Mat\u00e3o.<\/em><\/p>\n<h3><b>Pr\u00f3-aluno<\/b><\/h3>\n<p><span style=\"font-weight: 400;\">A sala <strong>Pr\u00f3-aluno disp\u00f5e de computadores com acesso \u00e0 internet para reda\u00e7\u00e3o de trabalhos, relat\u00f3rios, entre outros.<\/strong>\u00a0<\/span><\/p>\n<p><span style=\"font-weight: 400;\">Todos os alunos da gradua\u00e7\u00e3o possuem <\/span><b>uma cota de impress\u00f5es<\/b><span style=\"font-weight: 400;\"> para impress\u00e3o de listas de exerc\u00edcios, artigos e textos indicados para leitura.<\/span><\/p>\n<p><span style=\"font-weight: 400;\"><em>*A Sala Pr\u00f3-Aluno fica no piso t\u00e9rreo (Rua do Mat\u00e3o).<\/em><br \/>\n<\/span><\/p>\n","protected":false},"excerpt":{"rendered":"<p>Sala de Estudos Os alunos do IF contam com uma sala de estudo no Piso T\u00e9rreo, pr\u00f3xima \u00e0s catracas de entrada da Rua do Mat\u00e3o. Pr\u00f3-aluno A sala Pr\u00f3-aluno disp\u00f5e de computadores com acesso \u00e0 internet para reda\u00e7\u00e3o de trabalhos, relat\u00f3rios, entre outros.\u00a0 Todos os alunos da gradua\u00e7\u00e3o possuem uma cota de impress\u00f5es para impress\u00e3o<a href=\"https:\/\/sites.usp.br\/agorasouifusp\/salas-de-estudos-2019\/\">[&#8230;]<\/a><\/p>\n","protected":false},"author":778,"featured_media":0,"parent":0,"menu_order":0,"comment_status":"closed","ping_status":"closed","template":"","meta":{"footnotes":"","_links_to":"","_links_to_target":""},"class_list":["post-893","page","type-page","status-publish","hentry"],"_links":{"self":[{"href":"https:\/\/sites.usp.br\/agorasouifusp\/wp-json\/wp\/v2\/pages\/893","targetHints":{"allow":["GET"]}}],"collection":[{"href":"https:\/\/sites.usp.br\/agorasouifusp\/wp-json\/wp\/v2\/pages"}],"about":[{"href":"https:\/\/sites.usp.br\/agorasouifusp\/wp-json\/wp\/v2\/types\/page"}],"author":[{"embeddable":true,"href":"https:\/\/sites.usp.br\/agorasouifusp\/wp-json\/wp\/v2\/users\/778"}],"replies":[{"embeddable":true,"href":"https:\/\/sites.usp.br\/agorasouifusp\/wp-json\/wp\/v2\/comments?post=893"}],"version-history":[{"count":4,"href":"https:\/\/sites.usp.br\/agorasouifusp\/wp-json\/wp\/v2\/pages\/893\/revisions"}],"predecessor-version":[{"id":1913,"href":"https:\/\/sites.usp.br\/agorasouifusp\/wp-json\/wp\/v2\/pages\/893\/revisions\/1913"}],"wp:attachment":[{"href":"https:\/\/sites.usp.br\/agorasouifusp\/wp-json\/wp\/v2\/media?parent=893"}],"curies":[{"name":"wp","href":"https:\/\/api.w.org\/{rel}","templated":true}]}}