{"id":389,"date":"2024-01-12T18:58:31","date_gmt":"2024-01-12T20:58:31","guid":{"rendered":"https:\/\/sites.usp.br\/alimentos\/?page_id=389"},"modified":"2024-01-15T22:57:24","modified_gmt":"2024-01-16T00:57:24","slug":"pontos-fortes","status":"publish","type":"page","link":"https:\/\/sites.usp.br\/alimentos\/pontos-fortes\/","title":{"rendered":"Pontos fortes"},"content":{"rendered":"\t\t<div data-elementor-type=\"wp-page\" data-elementor-id=\"389\" class=\"elementor elementor-389\" data-elementor-post-type=\"page\">\n\t\t\t\t\t\t<section class=\"elementor-section elementor-top-section elementor-element elementor-element-de85cc3 elementor-section-boxed elementor-section-height-default elementor-section-height-default\" data-id=\"de85cc3\" data-element_type=\"section\">\n\t\t\t\t\t\t<div class=\"elementor-container elementor-column-gap-default\">\n\t\t\t\t\t<div class=\"elementor-column elementor-col-100 elementor-top-column elementor-element elementor-element-40c5e1b\" data-id=\"40c5e1b\" data-element_type=\"column\">\n\t\t\t<div class=\"elementor-widget-wrap elementor-element-populated\">\n\t\t\t\t\t\t<div class=\"elementor-element elementor-element-2f2a56f elementor-widget elementor-widget-spacer\" data-id=\"2f2a56f\" data-element_type=\"widget\" data-widget_type=\"spacer.default\">\n\t\t\t\t<div class=\"elementor-widget-container\">\n\t\t\t\t\t<div class=\"elementor-spacer\">\n\t\t\t<div class=\"elementor-spacer-inner\"><\/div>\n\t\t<\/div>\n\t\t\t\t<\/div>\n\t\t\t\t<\/div>\n\t\t\t\t\t<\/div>\n\t\t<\/div>\n\t\t\t\t\t<\/div>\n\t\t<\/section>\n\t\t\t\t<section class=\"elementor-section elementor-top-section elementor-element elementor-element-eca47ac elementor-section-boxed elementor-section-height-default elementor-section-height-default\" data-id=\"eca47ac\" data-element_type=\"section\">\n\t\t\t\t\t\t<div class=\"elementor-container elementor-column-gap-default\">\n\t\t\t\t\t<div class=\"elementor-column elementor-col-100 elementor-top-column elementor-element elementor-element-1573637\" data-id=\"1573637\" data-element_type=\"column\">\n\t\t\t<div class=\"elementor-widget-wrap elementor-element-populated\">\n\t\t\t\t\t\t<div class=\"elementor-element elementor-element-d1d7dac elementor-widget elementor-widget-text-editor\" data-id=\"d1d7dac\" data-element_type=\"widget\" data-widget_type=\"text-editor.default\">\n\t\t\t\t<div class=\"elementor-widget-container\">\n\t\t\t\t\t\t\t<p>Pontos fortes<\/p>\t\t\t\t\t\t<\/div>\n\t\t\t\t<\/div>\n\t\t\t\t\t<\/div>\n\t\t<\/div>\n\t\t\t\t\t<\/div>\n\t\t<\/section>\n\t\t\t\t<section class=\"elementor-section elementor-top-section elementor-element elementor-element-9e295f6 elementor-section-boxed elementor-section-height-default elementor-section-height-default\" data-id=\"9e295f6\" data-element_type=\"section\">\n\t\t\t\t\t\t<div class=\"elementor-container elementor-column-gap-default\">\n\t\t\t\t\t<div class=\"elementor-column elementor-col-100 elementor-top-column elementor-element elementor-element-ce0eb6a\" data-id=\"ce0eb6a\" data-element_type=\"column\">\n\t\t\t<div class=\"elementor-widget-wrap elementor-element-populated\">\n\t\t\t\t\t\t<div class=\"elementor-element elementor-element-81db1ba elementor-widget elementor-widget-text-editor\" data-id=\"81db1ba\" data-element_type=\"widget\" data-widget_type=\"text-editor.default\">\n\t\t\t\t<div class=\"elementor-widget-container\">\n\t\t\t\t\t\t\t<p>Benef\u00edcios acad\u00eamicos e administrativos do PPG<\/p>\t\t\t\t\t\t<\/div>\n\t\t\t\t<\/div>\n\t\t\t\t\t<\/div>\n\t\t<\/div>\n\t\t\t\t\t<\/div>\n\t\t<\/section>\n\t\t\t\t<section class=\"elementor-section elementor-top-section elementor-element elementor-element-66205a2 elementor-section-boxed elementor-section-height-default elementor-section-height-default\" data-id=\"66205a2\" data-element_type=\"section\">\n\t\t\t\t\t\t<div class=\"elementor-container elementor-column-gap-default\">\n\t\t\t\t\t<div class=\"elementor-column elementor-col-100 elementor-top-column elementor-element elementor-element-1c73d59\" data-id=\"1c73d59\" data-element_type=\"column\">\n\t\t\t<div class=\"elementor-widget-wrap elementor-element-populated\">\n\t\t\t\t\t\t<div class=\"elementor-element elementor-element-7ca0c2f elementor-widget elementor-widget-text-editor\" data-id=\"7ca0c2f\" data-element_type=\"widget\" data-widget_type=\"text-editor.default\">\n\t\t\t\t<div class=\"elementor-widget-container\">\n\t\t\t\t\t\t\t<ul><li><span style=\"font-weight: 400;\">Complementaridade de \u00e1reas de atua\u00e7\u00e3o e grande potencial de sinergia, sendo um PPG in\u00e9dito na USP que atua em todos os elos da cadeia de alimentos (da obten\u00e7\u00e3o da mat\u00e9ria-prima at\u00e9 a intera\u00e7\u00e3o do produto final com o organismo humano);<\/span><\/li><li><span style=\"font-weight: 400;\">Maior intera\u00e7\u00e3o entre Discentes e Docentes de diferentes especialidades no \u00e2mbito da USP, com refor\u00e7o das potencialidades locais e melhor aproveitamento da infraestrutura de ensino e pesquisa, tendo em vista a complementa\u00e7\u00e3o dos demais campi;<\/span><\/li><li><span style=\"font-weight: 400;\">Forma\u00e7\u00e3o de recursos humanos com maior transversalidade e multidisciplinaridade e, portanto, mais aptos a inser\u00e7\u00e3o bem-sucedida em mercado de trabalho com demandas cada mais diversificadas e complexas;<\/span><\/li><li><span style=\"font-weight: 400;\">Pleno alinhamento com a pretendida reconfigura\u00e7\u00e3o do Sistema Nacional de P\u00f3s- Gradua\u00e7\u00e3o de atua\u00e7\u00e3o dos PPGs, voltada para a\u00e7\u00f5es de maior impacto e inser\u00e7\u00e3o social, bem como com a Avalia\u00e7\u00e3o CAPES mais centrada em aspectos qualitativos;<\/span><\/li><li><span style=\"font-weight: 400;\">Otimiza\u00e7\u00e3o de recursos financeiros e humanos, com melhor aproveitamento de Docentes e Funcion\u00e1rios n\u00e3o Docentes (tanto atuais como em novas contrata\u00e7\u00f5es);<\/span><\/li><li><span style=\"font-weight: 400;\">Estrutura organizacional menos suscet\u00edvel a oscila\u00e7\u00f5es no corpo docente ou \u00e0 sazonalidade da produ\u00e7\u00e3o intelectual, podendo fazer frente a amea\u00e7a ao crescimento ou manuten\u00e7\u00e3o dos PPGs devido \u00e0 n\u00e3o reposi\u00e7\u00e3o e n\u00famero limitado de Docentes.<\/span><\/li><\/ul>\t\t\t\t\t\t<\/div>\n\t\t\t\t<\/div>\n\t\t\t\t\t<\/div>\n\t\t<\/div>\n\t\t\t\t\t<\/div>\n\t\t<\/section>\n\t\t\t\t<section class=\"elementor-section elementor-top-section elementor-element elementor-element-9072ba2 elementor-section-boxed elementor-section-height-default elementor-section-height-default\" data-id=\"9072ba2\" data-element_type=\"section\">\n\t\t\t\t\t\t<div class=\"elementor-container elementor-column-gap-default\">\n\t\t\t\t\t<div class=\"elementor-column elementor-col-100 elementor-top-column elementor-element elementor-element-b6a235e\" data-id=\"b6a235e\" data-element_type=\"column\">\n\t\t\t<div class=\"elementor-widget-wrap elementor-element-populated\">\n\t\t\t\t\t\t<div class=\"elementor-element elementor-element-b669770 elementor-skin-carousel elementor-arrows-yes elementor-pagination-type-bullets elementor-pagination-position-outside elementor-widget elementor-widget-media-carousel\" data-id=\"b669770\" data-element_type=\"widget\" data-settings=\"{&quot;skin&quot;:&quot;carousel&quot;,&quot;effect&quot;:&quot;slide&quot;,&quot;show_arrows&quot;:&quot;yes&quot;,&quot;pagination&quot;:&quot;bullets&quot;,&quot;speed&quot;:500,&quot;autoplay&quot;:&quot;yes&quot;,&quot;autoplay_speed&quot;:5000,&quot;loop&quot;:&quot;yes&quot;,&quot;pause_on_hover&quot;:&quot;yes&quot;,&quot;pause_on_interaction&quot;:&quot;yes&quot;,&quot;space_between&quot;:{&quot;unit&quot;:&quot;px&quot;,&quot;size&quot;:10,&quot;sizes&quot;:[]},&quot;space_between_tablet&quot;:{&quot;unit&quot;:&quot;px&quot;,&quot;size&quot;:10,&quot;sizes&quot;:[]},&quot;space_between_mobile&quot;:{&quot;unit&quot;:&quot;px&quot;,&quot;size&quot;:10,&quot;sizes&quot;:[]}}\" data-widget_type=\"media-carousel.default\">\n\t\t\t\t<div class=\"elementor-widget-container\">\n\t\t\t\t\t<div class=\"elementor-swiper\">\n\t\t\t<div class=\"elementor-main-swiper swiper\">\n\t\t\t\t<div class=\"swiper-wrapper\">\n\t\t\t\t\t\t\t\t\t\t\t<div class=\"swiper-slide\">\n\t\t\t\t\t\t\t\t\t<div class=\"elementor-carousel-image\" role=\"img\" aria-label=\"02 LAB. MULTIUSU\u00c1RIO DE BIOQUIMICA E AN\u00c1LISE INSTRUMENTAL\" style=\"background-image: url(&#039;https:\/\/sites.usp.br\/alimentos\/wp-content\/uploads\/sites\/1392\/2024\/01\/02-LAB.-MULTIUSUARIO-DE-BIOQUIMICA-E-ANALISE-INSTRUMENTAL-2-scaled.jpg&#039;)\">\n\n\t\t\t\n\t\t\t\t\t<\/div>\n\t\t\t\t\t\t\t\t<\/div>\n\t\t\t\t\t\t\t\t\t\t\t<div class=\"swiper-slide\">\n\t\t\t\t\t\t\t\t\t<div class=\"elementor-carousel-image\" role=\"img\" aria-label=\"02 LAB. DE CARNES\" style=\"background-image: url(&#039;https:\/\/sites.usp.br\/alimentos\/wp-content\/uploads\/sites\/1392\/2024\/01\/02-LAB.-DE-CARNES-1.jpg&#039;)\">\n\n\t\t\t\n\t\t\t\t\t<\/div>\n\t\t\t\t\t\t\t\t<\/div>\n\t\t\t\t\t\t\t\t\t\t\t<div class=\"swiper-slide\">\n\t\t\t\t\t\t\t\t\t<div class=\"elementor-carousel-image\" role=\"img\" aria-label=\"02 PLANTA PILOTO ALIMENTOS\" style=\"background-image: url(&#039;https:\/\/sites.usp.br\/alimentos\/wp-content\/uploads\/sites\/1392\/2024\/01\/02-PLANTA-PILOTO-ALIMENTOS-scaled.jpg&#039;)\">\n\n\t\t\t\n\t\t\t\t\t<\/div>\n\t\t\t\t\t\t\t\t<\/div>\n\t\t\t\t\t\t\t\t\t\t\t<div class=\"swiper-slide\">\n\t\t\t\t\t\t\t\t\t<div class=\"elementor-carousel-image\" role=\"img\" aria-label=\"02 TECNOLOGIA E QUALIDADE DE BEBIDAS\" style=\"background-image: url(&#039;https:\/\/sites.usp.br\/alimentos\/wp-content\/uploads\/sites\/1392\/2024\/01\/02-TECNOLOGIA-E-QUALIDADE-DE-BEBIDAS-1.jpg&#039;)\">\n\n\t\t\t\n\t\t\t\t\t<\/div>\n\t\t\t\t\t\t\t\t<\/div>\n\t\t\t\t\t\t\t\t\t<\/div>\n\t\t\t\t\t\t\t\t\t\t\t\t\t\t\t<div class=\"swiper-pagination\"><\/div>\n\t\t\t\t\t\t\t\t\t\t\t\t\t\t\t\t<div class=\"elementor-swiper-button elementor-swiper-button-prev\" role=\"button\" tabindex=\"0\">\n\t\t\t\t\t\t\t<i aria-hidden=\"true\" class=\"eicon-chevron-left\"><\/i>\t\t\t\t\t\t\t<span class=\"elementor-screen-only\">Anterior<\/span>\n\t\t\t\t\t\t<\/div>\n\t\t\t\t\t\t<div class=\"elementor-swiper-button elementor-swiper-button-next\" role=\"button\" tabindex=\"0\">\n\t\t\t\t\t\t\t<i aria-hidden=\"true\" class=\"eicon-chevron-right\"><\/i>\t\t\t\t\t\t\t<span class=\"elementor-screen-only\">Pr\u00f3ximo<\/span>\n\t\t\t\t\t\t<\/div>\n\t\t\t\t\t\t\t\t\t\t\t\t<\/div>\n\t\t<\/div>\n\t\t\t\t<\/div>\n\t\t\t\t<\/div>\n\t\t\t\t\t<\/div>\n\t\t<\/div>\n\t\t\t\t\t<\/div>\n\t\t<\/section>\n\t\t\t\t<section class=\"elementor-section elementor-top-section elementor-element elementor-element-8848aa4 elementor-section-boxed elementor-section-height-default elementor-section-height-default\" data-id=\"8848aa4\" data-element_type=\"section\">\n\t\t\t\t\t\t<div class=\"elementor-container elementor-column-gap-default\">\n\t\t\t\t\t<div class=\"elementor-column elementor-col-100 elementor-top-column elementor-element elementor-element-e043405\" data-id=\"e043405\" data-element_type=\"column\">\n\t\t\t<div class=\"elementor-widget-wrap elementor-element-populated\">\n\t\t\t\t\t\t<div class=\"elementor-element elementor-element-712ee85 elementor-widget elementor-widget-spacer\" data-id=\"712ee85\" data-element_type=\"widget\" data-widget_type=\"spacer.default\">\n\t\t\t\t<div class=\"elementor-widget-container\">\n\t\t\t\t\t<div class=\"elementor-spacer\">\n\t\t\t<div class=\"elementor-spacer-inner\"><\/div>\n\t\t<\/div>\n\t\t\t\t<\/div>\n\t\t\t\t<\/div>\n\t\t\t\t\t<\/div>\n\t\t<\/div>\n\t\t\t\t\t<\/div>\n\t\t<\/section>\n\t\t\t\t<\/div>\n\t\t","protected":false},"excerpt":{"rendered":"<p>Pontos fortes Benef\u00edcios acad\u00eamicos e administrativos do PPG Complementaridade de \u00e1reas de atua\u00e7\u00e3o e grande potencial de sinergia, sendo um PPG in\u00e9dito na USP que atua em todos os elos da cadeia de alimentos (da obten\u00e7\u00e3o da mat\u00e9ria-prima at\u00e9 a intera\u00e7\u00e3o do produto final com o organismo humano); Maior intera\u00e7\u00e3o entre Discentes e Docentes de<a href=\"https:\/\/sites.usp.br\/alimentos\/pontos-fortes\/\">[&#8230;]<\/a><\/p>\n","protected":false},"author":1200,"featured_media":0,"parent":0,"menu_order":0,"comment_status":"closed","ping_status":"closed","template":"elementor_header_footer","meta":{"footnotes":"","_links_to":"","_links_to_target":""},"class_list":["post-389","page","type-page","status-publish","hentry"],"_links":{"self":[{"href":"https:\/\/sites.usp.br\/alimentos\/wp-json\/wp\/v2\/pages\/389","targetHints":{"allow":["GET"]}}],"collection":[{"href":"https:\/\/sites.usp.br\/alimentos\/wp-json\/wp\/v2\/pages"}],"about":[{"href":"https:\/\/sites.usp.br\/alimentos\/wp-json\/wp\/v2\/types\/page"}],"author":[{"embeddable":true,"href":"https:\/\/sites.usp.br\/alimentos\/wp-json\/wp\/v2\/users\/1200"}],"replies":[{"embeddable":true,"href":"https:\/\/sites.usp.br\/alimentos\/wp-json\/wp\/v2\/comments?post=389"}],"version-history":[{"count":4,"href":"https:\/\/sites.usp.br\/alimentos\/wp-json\/wp\/v2\/pages\/389\/revisions"}],"predecessor-version":[{"id":686,"href":"https:\/\/sites.usp.br\/alimentos\/wp-json\/wp\/v2\/pages\/389\/revisions\/686"}],"wp:attachment":[{"href":"https:\/\/sites.usp.br\/alimentos\/wp-json\/wp\/v2\/media?parent=389"}],"curies":[{"name":"wp","href":"https:\/\/api.w.org\/{rel}","templated":true}]}}