{"id":449,"date":"2024-01-12T21:14:15","date_gmt":"2024-01-12T23:14:15","guid":{"rendered":"https:\/\/sites.usp.br\/alimentos\/?page_id=449"},"modified":"2026-03-09T10:19:34","modified_gmt":"2026-03-09T12:19:34","slug":"ingresso","status":"publish","type":"page","link":"https:\/\/sites.usp.br\/alimentos\/ingresso\/","title":{"rendered":"Ingresso"},"content":{"rendered":"\t\t<div data-elementor-type=\"wp-page\" data-elementor-id=\"449\" class=\"elementor elementor-449\" data-elementor-post-type=\"page\">\n\t\t\t\t\t\t<section class=\"elementor-section elementor-top-section elementor-element elementor-element-6b82629 elementor-section-boxed elementor-section-height-default elementor-section-height-default\" data-id=\"6b82629\" data-element_type=\"section\">\n\t\t\t\t\t\t<div class=\"elementor-container elementor-column-gap-default\">\n\t\t\t\t\t<div class=\"elementor-column elementor-col-100 elementor-top-column elementor-element elementor-element-33f9188\" data-id=\"33f9188\" data-element_type=\"column\">\n\t\t\t<div class=\"elementor-widget-wrap elementor-element-populated\">\n\t\t\t\t\t\t<div class=\"elementor-element elementor-element-3b90ca6 elementor-widget elementor-widget-spacer\" data-id=\"3b90ca6\" data-element_type=\"widget\" data-widget_type=\"spacer.default\">\n\t\t\t\t<div class=\"elementor-widget-container\">\n\t\t\t\t\t<div class=\"elementor-spacer\">\n\t\t\t<div class=\"elementor-spacer-inner\"><\/div>\n\t\t<\/div>\n\t\t\t\t<\/div>\n\t\t\t\t<\/div>\n\t\t\t\t\t<\/div>\n\t\t<\/div>\n\t\t\t\t\t<\/div>\n\t\t<\/section>\n\t\t\t\t<section class=\"elementor-section elementor-top-section elementor-element elementor-element-d7c6bda elementor-section-boxed elementor-section-height-default elementor-section-height-default\" data-id=\"d7c6bda\" data-element_type=\"section\">\n\t\t\t\t\t\t<div class=\"elementor-container elementor-column-gap-default\">\n\t\t\t\t\t<div class=\"elementor-column elementor-col-100 elementor-top-column elementor-element elementor-element-854202d\" data-id=\"854202d\" data-element_type=\"column\">\n\t\t\t<div class=\"elementor-widget-wrap elementor-element-populated\">\n\t\t\t\t\t\t<div class=\"elementor-element elementor-element-a8c86f1 elementor-widget elementor-widget-heading\" data-id=\"a8c86f1\" data-element_type=\"widget\" data-widget_type=\"heading.default\">\n\t\t\t\t<div class=\"elementor-widget-container\">\n\t\t\t<h2 class=\"elementor-heading-title elementor-size-default\">Ingresso - 2026<\/h2>\t\t<\/div>\n\t\t\t\t<\/div>\n\t\t\t\t\t<\/div>\n\t\t<\/div>\n\t\t\t\t\t<\/div>\n\t\t<\/section>\n\t\t\t\t<section class=\"elementor-section elementor-top-section elementor-element elementor-element-96d795b elementor-section-boxed elementor-section-height-default elementor-section-height-default\" data-id=\"96d795b\" data-element_type=\"section\">\n\t\t\t\t\t\t<div class=\"elementor-container elementor-column-gap-default\">\n\t\t\t\t\t<div class=\"elementor-column elementor-col-100 elementor-top-column elementor-element elementor-element-6941b78\" data-id=\"6941b78\" data-element_type=\"column\">\n\t\t\t<div class=\"elementor-widget-wrap elementor-element-populated\">\n\t\t\t\t\t\t<div class=\"elementor-element elementor-element-7eaffa4 elementor-widget elementor-widget-text-editor\" data-id=\"7eaffa4\" data-element_type=\"widget\" data-widget_type=\"text-editor.default\">\n\t\t\t\t<div class=\"elementor-widget-container\">\n\t\t\t\t\t\t\t<p>O processo de inscri\u00e7\u00e3o no processo seletivo seguir\u00e1 o cronograma publicado (link abaixo) e dever\u00e1 ser realizado atrav\u00e9s do preenchimento dos FORMS abaixo:<\/p><p><a href=\"https:\/\/forms.gle\/9ouT655JUnZv1h8MA\"><strong><em><span style=\"color: var( --e-global-color-text );\">LINK DO FORMUL\u00c1RIO DE INSCRI\u00c7\u00c3O PARA O EXAME DE INGRESSO<\/span><\/em><\/strong><\/a><\/p><p><a href=\"https:\/\/forms.gle\/d4A3QmDQLiqJnzvW6\"><strong><em><span style=\"color: var( --e-global-color-text );\">LINK DO FORMUL\u00c1RIO DO RESUMO DO PROJETO DE PESQUISA<\/span><\/em><\/strong><\/a><\/p><ul><li><strong>O REQUERIMENTO DE INSCRI\u00c7\u00c3O NO PROCESSO SELETIVO PARA INGRESSO NA P\u00d3S-GRADUA\u00c7\u00c3O deve ser baixado aqui e inclu\u00eddo no FORMS acima: <a  data-e-Disable-Page-Transition=\"true\" class=\"download-link\" title=\"\" href=\"https:\/\/sites.usp.br\/alimentos\/download\/1537\/?tmstv=1778123345\" rel=\"nofollow\" id=\"download-link-1537\" data-redirect=\"false\" >\n\tRequerimento de Inscri\u00e7\u00e3o Processo Seletivo 2026<\/a>\n<\/strong><\/li><li>O candidato deve preencher a Planilha da Ficha Barema: <a  data-e-Disable-Page-Transition=\"true\" class=\"download-link\" title=\"\" href=\"https:\/\/sites.usp.br\/alimentos\/download\/1525\/?tmstv=1778123345\" rel=\"nofollow\" id=\"download-link-1525\" data-redirect=\"false\" >\n\tFicha Barema 2026<\/a>\n<\/li><\/ul><p><strong><span style=\"color: var( --e-global-color-text );\">EDITAL DE INGRESSO: <a  data-e-Disable-Page-Transition=\"true\" class=\"download-link\" title=\"\" href=\"https:\/\/sites.usp.br\/alimentos\/download\/1528\/?tmstv=1778123345\" rel=\"nofollow\" id=\"download-link-1528\" data-redirect=\"false\" >\n\tEdital de Ingresso 2026<\/a>\n<\/span><\/strong><\/p><p><strong>PUBLICA\u00c7\u00c3O DOE: <a  data-e-Disable-Page-Transition=\"true\" class=\"download-link\" title=\"\" href=\"https:\/\/sites.usp.br\/alimentos\/download\/1531\/?tmstv=1778123345\" rel=\"nofollow\" id=\"download-link-1531\" data-redirect=\"false\" >\n\tEdital de Ingresso 2026 \u2013 DI\u00c1RIO OFICIAL DO ESTADO DE S\u00c3O PAULO<\/a>\n<\/strong><\/p>\t\t\t\t\t\t<\/div>\n\t\t\t\t<\/div>\n\t\t\t\t\t<\/div>\n\t\t<\/div>\n\t\t\t\t\t<\/div>\n\t\t<\/section>\n\t\t\t\t<section class=\"elementor-section elementor-top-section elementor-element elementor-element-6d724f3 elementor-section-boxed elementor-section-height-default elementor-section-height-default\" data-id=\"6d724f3\" data-element_type=\"section\">\n\t\t\t\t\t\t<div class=\"elementor-container elementor-column-gap-default\">\n\t\t\t\t\t<div class=\"elementor-column elementor-col-100 elementor-top-column elementor-element elementor-element-249e6df\" data-id=\"249e6df\" data-element_type=\"column\">\n\t\t\t<div class=\"elementor-widget-wrap elementor-element-populated\">\n\t\t\t\t\t\t<div class=\"elementor-element elementor-element-daa9346 elementor-widget elementor-widget-heading\" data-id=\"daa9346\" data-element_type=\"widget\" data-widget_type=\"heading.default\">\n\t\t\t\t<div class=\"elementor-widget-container\">\n\t\t\t<h2 class=\"elementor-heading-title elementor-size-default\">------------------------------------------------------------------------------------------------------------<\/h2>\t\t<\/div>\n\t\t\t\t<\/div>\n\t\t\t\t\t<\/div>\n\t\t<\/div>\n\t\t\t\t\t<\/div>\n\t\t<\/section>\n\t\t\t\t<section class=\"elementor-section elementor-top-section elementor-element elementor-element-f35fb43 elementor-section-boxed elementor-section-height-default elementor-section-height-default\" data-id=\"f35fb43\" data-element_type=\"section\">\n\t\t\t\t\t\t<div class=\"elementor-container elementor-column-gap-default\">\n\t\t\t\t\t<div class=\"elementor-column elementor-col-100 elementor-top-column elementor-element elementor-element-8865925\" data-id=\"8865925\" data-element_type=\"column\">\n\t\t\t<div class=\"elementor-widget-wrap elementor-element-populated\">\n\t\t\t\t\t\t<div class=\"elementor-element elementor-element-175dff1 elementor-widget elementor-widget-heading\" data-id=\"175dff1\" data-element_type=\"widget\" data-widget_type=\"heading.default\">\n\t\t\t\t<div class=\"elementor-widget-container\">\n\t\t\t<h2 class=\"elementor-heading-title elementor-size-default\">Matr\u00edcula<\/h2>\t\t<\/div>\n\t\t\t\t<\/div>\n\t\t\t\t\t<\/div>\n\t\t<\/div>\n\t\t\t\t\t<\/div>\n\t\t<\/section>\n\t\t\t\t<section class=\"elementor-section elementor-top-section elementor-element elementor-element-aad943f elementor-section-boxed elementor-section-height-default elementor-section-height-default\" data-id=\"aad943f\" data-element_type=\"section\">\n\t\t\t\t\t\t<div class=\"elementor-container elementor-column-gap-default\">\n\t\t\t\t\t<div class=\"elementor-column elementor-col-100 elementor-top-column elementor-element elementor-element-0edcab5\" data-id=\"0edcab5\" data-element_type=\"column\">\n\t\t\t<div class=\"elementor-widget-wrap\">\n\t\t\t\t\t\t\t<\/div>\n\t\t<\/div>\n\t\t\t\t\t<\/div>\n\t\t<\/section>\n\t\t\t\t<section class=\"elementor-section elementor-top-section elementor-element elementor-element-90a5175 elementor-section-boxed elementor-section-height-default elementor-section-height-default\" data-id=\"90a5175\" data-element_type=\"section\">\n\t\t\t\t\t\t<div class=\"elementor-container elementor-column-gap-default\">\n\t\t\t\t\t<div class=\"elementor-column elementor-col-100 elementor-top-column elementor-element elementor-element-0acc718\" data-id=\"0acc718\" data-element_type=\"column\">\n\t\t\t<div class=\"elementor-widget-wrap elementor-element-populated\">\n\t\t\t\t\t\t<div class=\"elementor-element elementor-element-4e5cbcf elementor-widget elementor-widget-text-editor\" data-id=\"4e5cbcf\" data-element_type=\"widget\" data-widget_type=\"text-editor.default\">\n\t\t\t\t<div class=\"elementor-widget-container\">\n\t\t\t\t\t\t\t<p>Para a matr\u00edcula, o candidato deve baixar o REQUERIMENTO DE PRIMEIRA MATR\u00cdCULA abaixo e preench\u00ea-lo. Ap\u00f3s, anexar no FORMS, pelo link abaixo, junto com os demais documentos necess\u00e1rios.<\/p><p><strong>REQUERIMENTO DE PRIMEIRA MATR\u00cdCULA: <a  data-e-Disable-Page-Transition=\"true\" class=\"download-link\" title=\"\" href=\"https:\/\/sites.usp.br\/alimentos\/download\/1546\/?tmstv=1778123345\" rel=\"nofollow\" id=\"download-link-1546\" data-redirect=\"false\" >\n\tRequerimento matr\u00edcula 2026<\/a>\n<\/strong><\/p><p><em><strong><a href=\"https:\/\/forms.gle\/CEWbf23DwXtUV7At5\">LINK DO FORMUL\u00c1RIO PARA PRIMEIRA MATR\u00cdCULA<\/a><\/strong><\/em><\/p><div class=\"ui-resizable-handle ui-resizable-e\">\u00a0<\/div>\t\t\t\t\t\t<\/div>\n\t\t\t\t<\/div>\n\t\t\t\t\t<\/div>\n\t\t<\/div>\n\t\t\t\t\t<\/div>\n\t\t<\/section>\n\t\t\t\t<\/div>\n\t\t","protected":false},"excerpt":{"rendered":"<p>Ingresso &#8211; 2026 O processo de inscri\u00e7\u00e3o no processo seletivo seguir\u00e1 o cronograma publicado (link abaixo) e dever\u00e1 ser realizado atrav\u00e9s do preenchimento dos FORMS abaixo: LINK DO FORMUL\u00c1RIO DE INSCRI\u00c7\u00c3O PARA O EXAME DE INGRESSO LINK DO FORMUL\u00c1RIO DO RESUMO DO PROJETO DE PESQUISA O REQUERIMENTO DE INSCRI\u00c7\u00c3O NO PROCESSO SELETIVO PARA INGRESSO NA<a href=\"https:\/\/sites.usp.br\/alimentos\/ingresso\/\">[&#8230;]<\/a><\/p>\n","protected":false},"author":1200,"featured_media":0,"parent":0,"menu_order":0,"comment_status":"closed","ping_status":"closed","template":"elementor_header_footer","meta":{"footnotes":"","_links_to":"","_links_to_target":""},"class_list":["post-449","page","type-page","status-publish","hentry"],"_links":{"self":[{"href":"https:\/\/sites.usp.br\/alimentos\/wp-json\/wp\/v2\/pages\/449","targetHints":{"allow":["GET"]}}],"collection":[{"href":"https:\/\/sites.usp.br\/alimentos\/wp-json\/wp\/v2\/pages"}],"about":[{"href":"https:\/\/sites.usp.br\/alimentos\/wp-json\/wp\/v2\/types\/page"}],"author":[{"embeddable":true,"href":"https:\/\/sites.usp.br\/alimentos\/wp-json\/wp\/v2\/users\/1200"}],"replies":[{"embeddable":true,"href":"https:\/\/sites.usp.br\/alimentos\/wp-json\/wp\/v2\/comments?post=449"}],"version-history":[{"count":4,"href":"https:\/\/sites.usp.br\/alimentos\/wp-json\/wp\/v2\/pages\/449\/revisions"}],"predecessor-version":[{"id":1553,"href":"https:\/\/sites.usp.br\/alimentos\/wp-json\/wp\/v2\/pages\/449\/revisions\/1553"}],"wp:attachment":[{"href":"https:\/\/sites.usp.br\/alimentos\/wp-json\/wp\/v2\/media?parent=449"}],"curies":[{"name":"wp","href":"https:\/\/api.w.org\/{rel}","templated":true}]}}