{"id":68,"date":"2014-02-12T11:30:24","date_gmt":"2014-02-12T13:30:24","guid":{"rendered":"http:\/\/sites.usp.br\/alimentos\/?page_id=68"},"modified":"2026-03-23T09:57:39","modified_gmt":"2026-03-23T11:57:39","slug":"documentos","status":"publish","type":"page","link":"https:\/\/sites.usp.br\/alimentos\/documentos\/","title":{"rendered":"DOCUMENTOS PPG-SIA"},"content":{"rendered":"\t\t<div data-elementor-type=\"wp-page\" data-elementor-id=\"68\" class=\"elementor elementor-68\" data-elementor-post-type=\"page\">\n\t\t\t\t\t\t<section class=\"elementor-section elementor-top-section elementor-element elementor-element-b86d41c elementor-section-boxed elementor-section-height-default elementor-section-height-default\" data-id=\"b86d41c\" data-element_type=\"section\">\n\t\t\t\t\t\t<div class=\"elementor-container elementor-column-gap-default\">\n\t\t\t\t\t<div class=\"elementor-column elementor-col-100 elementor-top-column elementor-element elementor-element-7a4bbbe\" data-id=\"7a4bbbe\" data-element_type=\"column\">\n\t\t\t<div class=\"elementor-widget-wrap\">\n\t\t\t\t\t\t\t<\/div>\n\t\t<\/div>\n\t\t\t\t\t<\/div>\n\t\t<\/section>\n\t\t\t\t<section class=\"elementor-section elementor-top-section elementor-element elementor-element-5156bdeb elementor-section-boxed elementor-section-height-default elementor-section-height-default\" data-id=\"5156bdeb\" data-element_type=\"section\">\n\t\t\t\t\t\t<div class=\"elementor-container elementor-column-gap-default\">\n\t\t\t\t\t<div class=\"elementor-column elementor-col-100 elementor-top-column elementor-element elementor-element-7a799a89\" data-id=\"7a799a89\" data-element_type=\"column\">\n\t\t\t<div class=\"elementor-widget-wrap elementor-element-populated\">\n\t\t\t\t\t\t<div class=\"elementor-element elementor-element-362a7ba9 elementor-widget elementor-widget-text-editor\" data-id=\"362a7ba9\" data-element_type=\"widget\" data-widget_type=\"text-editor.default\">\n\t\t\t\t<div class=\"elementor-widget-container\">\n\t\t\t\t\t\t\t<p><span style=\"text-decoration: underline;\"><em><strong>GERAL:<\/strong><\/em><\/span><\/p><p>REGIMENTO DO PPG-SIA \u2013 <a  data-e-Disable-Page-Transition=\"true\" class=\"download-link\" title=\"\" href=\"https:\/\/sites.usp.br\/alimentos\/download\/950\/?tmstv=1776099462\" rel=\"nofollow\" id=\"download-link-950\" data-redirect=\"false\" >\n\tREGIMENTO PPG-SIA 2024<\/a>\n<\/p><p>REGULAMENTO DO PPG SIA \u2013 <a  data-e-Disable-Page-Transition=\"true\" class=\"download-link\" title=\"\" href=\"https:\/\/sites.usp.br\/alimentos\/download\/953\/?tmstv=1776099462\" rel=\"nofollow\" id=\"download-link-953\" data-redirect=\"false\" >\n\tREGULAMENTO PPG-SIA 2024<\/a>\n<\/p><p><span style=\"text-decoration: underline;\"><em><strong>DOCENTES:<\/strong><\/em><\/span><\/p><p>CREDENCIAMENTO E RECREDENCIAMENTO DE DISCIPLINAS \u2013 <a  data-e-Disable-Page-Transition=\"true\" class=\"download-link\" title=\"\" href=\"https:\/\/sites.usp.br\/alimentos\/download\/987\/?tmstv=1776099462\" rel=\"nofollow\" id=\"download-link-987\" data-redirect=\"false\" >\n\tCredenciamento e Recredenciamento de Disciplinas<\/a>\n<\/p><p><strong><em><span style=\"text-decoration: underline;\">ALUNOS:<\/span><\/em><\/strong><\/p><p>FORMUL\u00c1RIO DE BANCA DE QUALIFICA\u00c7\u00c3O REGULAMENTO NOVO PPG-SIA \u2013 <a  data-e-Disable-Page-Transition=\"true\" class=\"download-link\" title=\"\" href=\"https:\/\/sites.usp.br\/alimentos\/download\/1410\/?tmstv=1776099462\" rel=\"nofollow\" id=\"download-link-1410\" data-redirect=\"false\" >\n\tFormul\u00e1rio de Banca de Qualificacao<\/a>\n<\/p><p>FORMUL\u00c1RIO DE BANCA DE QUALIFICA\u00c7\u00c3O REGULAMENTO ANTIGO PPG-EA \u2013 <a  data-e-Disable-Page-Transition=\"true\" class=\"download-link\" title=\"\" href=\"https:\/\/sites.usp.br\/alimentos\/download\/1226\/?tmstv=1776099462\" rel=\"nofollow\" id=\"download-link-1226\" data-redirect=\"false\" >\n\tQUALIFICA\u00c7\u00c3O REGULAMENTO ANTIGO PPG-EA<\/a>\n<\/p><p>Formula\u0301rio Solicitac\u0327a\u0303o PROAP SIA 2025 \u2013 <a  data-e-Disable-Page-Transition=\"true\" class=\"download-link\" title=\"\" href=\"https:\/\/sites.usp.br\/alimentos\/download\/1506\/?tmstv=1776099462\" rel=\"nofollow\" id=\"download-link-1506\" data-redirect=\"false\" >\n\tFormulario-Solicitacao-PROAP-SIA-2026.docx<\/a>\n<\/p><p>Recibo PROAP Modelo A \u2013 <a  data-e-Disable-Page-Transition=\"true\" class=\"download-link\" title=\"\" href=\"https:\/\/sites.usp.br\/alimentos\/download\/1509\/?tmstv=1776099462\" rel=\"nofollow\" id=\"download-link-1509\" data-redirect=\"false\" >\n\tRecibo-PROAP-Modelo-A<\/a>\n<\/p><p>Relato\u0301rio de atividades PROAP \u2013 <a  data-e-Disable-Page-Transition=\"true\" class=\"download-link\" title=\"\" href=\"https:\/\/sites.usp.br\/alimentos\/download\/999\/?tmstv=1776099462\" rel=\"nofollow\" id=\"download-link-999\" data-redirect=\"false\" >\n\tRelato\u0301rio de atividades PROAP<\/a>\n<\/p><p>Crit\u00e9rios de distribui\u00e7\u00e3o de bolsas CAPES \u2013 <a  data-e-Disable-Page-Transition=\"true\" class=\"download-link\" title=\"\" href=\"https:\/\/sites.usp.br\/alimentos\/download\/1556\/?tmstv=1776099462\" rel=\"nofollow\" id=\"download-link-1556\" data-redirect=\"false\" >\n\tCriterios para distribui\u00e7\u00e3o de Bolsas PPG-SIA_2026.pdf<\/a>\n<\/p><p>Grade Hor\u00e1ria 1\u00ba semestre 2026: <a  data-e-Disable-Page-Transition=\"true\" class=\"download-link\" title=\"\" href=\"https:\/\/sites.usp.br\/alimentos\/download\/1480\/?tmstv=1776099462\" rel=\"nofollow\" id=\"download-link-1480\" data-redirect=\"false\" >\n\tGrade hor\u00e1ria 1o semestre 2026<\/a>\n<\/p><p>Requerimento prorroga\u00e7\u00e3o de prazo: <a  data-e-Disable-Page-Transition=\"true\" class=\"download-link\" title=\"\" href=\"https:\/\/sites.usp.br\/alimentos\/download\/1087\/?tmstv=1776099462\" rel=\"nofollow\" id=\"download-link-1087\" data-redirect=\"false\" >\n\tRequerimento prorroga\u00e7\u00e3o de prazo<\/a>\n<\/p><p>Formul\u00e1rio de matr\u00edcula de aluno especial: <a  data-e-Disable-Page-Transition=\"true\" class=\"download-link\" title=\"\" href=\"https:\/\/sites.usp.br\/alimentos\/download\/1093\/?tmstv=1776099462\" rel=\"nofollow\" id=\"download-link-1093\" data-redirect=\"false\" >\n\tMatr\u00edcula de aluno especial<\/a>\n<\/p><p>Requerimento matr\u00edcula em disciplina fora do prazo: <a  data-e-Disable-Page-Transition=\"true\" class=\"download-link\" title=\"\" href=\"https:\/\/sites.usp.br\/alimentos\/download\/1416\/?tmstv=1776099462\" rel=\"nofollow\" id=\"download-link-1416\" data-redirect=\"false\" >\n\tRequerimento de matr\u00edcula fora do prazo<\/a>\n<\/p><p>Requerimento de cr\u00e9ditos especiais: enviar a solicita\u00e7\u00e3o anexando os documentos comprobat\u00f3rios no &#8220;Janus&#8221; \u2013 via requerimento.<\/p><p>Resultado processo seletivo 2024: <a  data-e-Disable-Page-Transition=\"true\" class=\"download-link\" title=\"\" href=\"https:\/\/sites.usp.br\/alimentos\/download\/1114\/?tmstv=1776099462\" rel=\"nofollow\" id=\"download-link-1114\" data-redirect=\"false\" >\n\tResultado Final Processo Seletivo 2024_PPG-SIA<\/a>\n<\/p><p>Resultado Processo Seletivo 2025: <a  data-e-Disable-Page-Transition=\"true\" class=\"download-link\" title=\"\" href=\"https:\/\/sites.usp.br\/alimentos\/download\/1486\/?tmstv=1776099462\" rel=\"nofollow\" id=\"download-link-1486\" data-redirect=\"false\" >\n\tResultado Final Processo Seletivo Final 2025_PPG-SIA<\/a>\n<\/p><p>Datas das reuni\u00f5es da CPG PPG-SIA: <a  data-e-Disable-Page-Transition=\"true\" class=\"download-link\" title=\"\" href=\"https:\/\/sites.usp.br\/alimentos\/download\/1373\/?tmstv=1776099462\" rel=\"nofollow\" id=\"download-link-1373\" data-redirect=\"false\" >\n\tCalendario 2025: reuni\u00f5es CPG PPG-SIA<\/a>\n<\/p><p>Resultado PDSE 2025\/2026: <a  data-e-Disable-Page-Transition=\"true\" class=\"download-link\" title=\"\" href=\"https:\/\/sites.usp.br\/alimentos\/download\/1499\/?tmstv=1776099462\" rel=\"nofollow\" id=\"download-link-1499\" data-redirect=\"false\" >\n\tResultado PDSE 2025\/2026<\/a>\n<\/p>\t\t\t\t\t\t<\/div>\n\t\t\t\t<\/div>\n\t\t\t\t\t<\/div>\n\t\t<\/div>\n\t\t\t\t\t<\/div>\n\t\t<\/section>\n\t\t\t\t<section class=\"elementor-section elementor-top-section elementor-element elementor-element-59ea8a8 elementor-section-boxed elementor-section-height-default elementor-section-height-default\" data-id=\"59ea8a8\" data-element_type=\"section\">\n\t\t\t\t\t\t<div class=\"elementor-container elementor-column-gap-default\">\n\t\t\t\t\t<div class=\"elementor-column elementor-col-100 elementor-top-column elementor-element elementor-element-9499fd6\" data-id=\"9499fd6\" data-element_type=\"column\">\n\t\t\t<div class=\"elementor-widget-wrap elementor-element-populated\">\n\t\t\t\t\t\t<section class=\"elementor-section elementor-inner-section elementor-element elementor-element-c554bd3 elementor-section-boxed elementor-section-height-default elementor-section-height-default\" data-id=\"c554bd3\" data-element_type=\"section\">\n\t\t\t\t\t\t<div class=\"elementor-container elementor-column-gap-default\">\n\t\t\t\t\t<div class=\"elementor-column elementor-col-50 elementor-inner-column elementor-element elementor-element-d646e5b\" data-id=\"d646e5b\" data-element_type=\"column\">\n\t\t\t<div class=\"elementor-widget-wrap\">\n\t\t\t\t\t\t\t<\/div>\n\t\t<\/div>\n\t\t\t\t<div class=\"elementor-column elementor-col-50 elementor-inner-column elementor-element elementor-element-d604b7d\" data-id=\"d604b7d\" data-element_type=\"column\">\n\t\t\t<div class=\"elementor-widget-wrap\">\n\t\t\t\t\t\t\t<\/div>\n\t\t<\/div>\n\t\t\t\t\t<\/div>\n\t\t<\/section>\n\t\t\t\t\t<\/div>\n\t\t<\/div>\n\t\t\t\t\t<\/div>\n\t\t<\/section>\n\t\t\t\t<\/div>\n\t\t","protected":false},"excerpt":{"rendered":"<p>GERAL: REGIMENTO DO PPG-SIA \u2013 REGULAMENTO DO PPG SIA \u2013 DOCENTES: CREDENCIAMENTO E RECREDENCIAMENTO DE DISCIPLINAS \u2013 ALUNOS: FORMUL\u00c1RIO DE BANCA DE QUALIFICA\u00c7\u00c3O REGULAMENTO NOVO PPG-SIA \u2013 FORMUL\u00c1RIO DE BANCA DE QUALIFICA\u00c7\u00c3O REGULAMENTO ANTIGO PPG-EA \u2013 Formula\u0301rio Solicitac\u0327a\u0303o PROAP SIA 2025 \u2013 Recibo PROAP Modelo A \u2013 Relato\u0301rio de atividades PROAP \u2013 Crit\u00e9rios de distribui\u00e7\u00e3o<a href=\"https:\/\/sites.usp.br\/alimentos\/documentos\/\">[&#8230;]<\/a><\/p>\n","protected":false},"author":1,"featured_media":0,"parent":0,"menu_order":0,"comment_status":"closed","ping_status":"closed","template":"elementor_header_footer","meta":{"footnotes":"","_links_to":"","_links_to_target":""},"class_list":["post-68","page","type-page","status-publish","hentry"],"_links":{"self":[{"href":"https:\/\/sites.usp.br\/alimentos\/wp-json\/wp\/v2\/pages\/68","targetHints":{"allow":["GET"]}}],"collection":[{"href":"https:\/\/sites.usp.br\/alimentos\/wp-json\/wp\/v2\/pages"}],"about":[{"href":"https:\/\/sites.usp.br\/alimentos\/wp-json\/wp\/v2\/types\/page"}],"author":[{"embeddable":true,"href":"https:\/\/sites.usp.br\/alimentos\/wp-json\/wp\/v2\/users\/1"}],"replies":[{"embeddable":true,"href":"https:\/\/sites.usp.br\/alimentos\/wp-json\/wp\/v2\/comments?post=68"}],"version-history":[{"count":4,"href":"https:\/\/sites.usp.br\/alimentos\/wp-json\/wp\/v2\/pages\/68\/revisions"}],"predecessor-version":[{"id":1560,"href":"https:\/\/sites.usp.br\/alimentos\/wp-json\/wp\/v2\/pages\/68\/revisions\/1560"}],"wp:attachment":[{"href":"https:\/\/sites.usp.br\/alimentos\/wp-json\/wp\/v2\/media?parent=68"}],"curies":[{"name":"wp","href":"https:\/\/api.w.org\/{rel}","templated":true}]}}