{"id":114,"date":"2017-03-27T00:01:58","date_gmt":"2017-03-27T02:01:58","guid":{"rendered":"http:\/\/sites.usp.br\/ame4s\/?page_id=114"},"modified":"2021-11-25T11:08:14","modified_gmt":"2021-11-25T13:08:14","slug":"equipe","status":"publish","type":"page","link":"https:\/\/sites.usp.br\/ame4s\/equipe\/","title":{"rendered":"Curr\u00edculos"},"content":{"rendered":"<p>&nbsp;<\/p>\n<ul>\n<li style=\"list-style-type: none;\">\n<ul>\n<li style=\"list-style-type: none;\">\n<ul style=\"list-style: none; margin: 0px;\">\n<li style=\"list-style-type: none;\">\n<ul style=\"list-style: none; margin: 0px;\">\n<li id=\"curriculo_solange\" class=\"member\">\n&nbsp;<\/p>\n<h3>Solange Garcia<\/h3>\n<p class=\"member__text\">Gradua\u00e7\u00e3o em Matem\u00e1tica pela Universidade Estadual Paulista J\u00falio de Mesquita Filho (UNESP), Mestrado em Matem\u00e1tica pela Universidade de Bras\u00edlia (UNB), Doutorado em Controladoria e Contabilidade pela Faculdade de Economia, Administra\u00e7\u00e3o e Contabilidade da Universidade de S\u00e3o Paulo (FEA-USP). P\u00f3s-doutorado na Heriot-Watt University na Esc\u00f3cia (Bolsa FAPESP). Atualmente \u00e9 professora do Departamento de Contabilidade da FEARP-USP. Pesquisa na \u00e1rea de Contabilidade Social e Ambiental, com \u00eanfase na integra\u00e7\u00e3o de indicadores financeiros, sociais e ambientais nos sistemas de controle gerenciais e na divulga\u00e7\u00e3o de empresas (Relato Integrado, Global Reporting Initiative GRI, Objetivos do Desenvolvimento Sustent\u00e1vel ODS). Trabalha com metodologias ativas e simula\u00e7\u00e3o para ensino com modelos multicrit\u00e9rio de apoio a decis\u00e3o (MCDA). \u00c9 l\u00edder dos Grupos de Pesquisa Tecnologias Educacionais para o Desenvolvimento Sustent\u00e1vel aplicadas \u00e0 Contabilidade e Administra\u00e7\u00e3o (AME4S) e M\u00e9tricas para Sustentabilidade Corporativa (MP4S).<\/p>\n<p><a href=\"http:\/\/lattes.cnpq.br\/7916694153088223\" target=\"_blank\" rel=\"noopener noreferrer\">Lattes<\/a>, <a href=\"http:\/\/dgp.cnpq.br\/dgp\/espelhogrupo\/6776305049388088\" target=\"_blank\" rel=\"noopener noreferrer\">AME4S<\/a>, <a href=\"http:\/\/dgp.cnpq.br\/dgp\/espelhogrupo\/7458045610894337\" target=\"_blank\" rel=\"noopener noreferrer\">MP4S<\/a>, <a href=\"https:\/\/www.researchgate.net\/profile\/Solange_Garcia5\" target=\"_blank\" rel=\"noopener noreferrer\">Research Gate<\/a>, <a href=\"http:\/\/orcid.org\/0000-0001-9865-2856\" target=\"_blank\" rel=\"noopener noreferrer\">ORCID<\/a><\/li>\n<\/ul>\n<\/li>\n<\/ul>\n<\/li>\n<\/ul>\n<\/li>\n<\/ul>\n<p>&nbsp;<\/p>\n<ul>\n<li style=\"list-style-type: none;\">\n<ul>\n<li style=\"list-style-type: none;\">\n<ul>\n<li style=\"list-style-type: none;\">\n<ul style=\"list-style: none; margin: 0px;\">\n<li style=\"list-style-type: none;\">\n<ul style=\"list-style: none; margin: 0px;\">\n<li id=\"curriculo_adriana\" class=\"member\">\n&nbsp;<\/p>\n<h3>Adriana Maria Proc\u00f3pio de Araujo<\/h3>\n<p class=\"member__text\">Gradua\u00e7\u00e3o em Administra\u00e7\u00e3o de Empresas; Gradua\u00e7\u00e3o em Ci\u00eancias Cont\u00e1beis; Mestrado em Contabilidade e Controladoria pela Faculdade de Economia Administra\u00e7\u00e3o e Contabilidade da Universidade de S\u00e3o Paulo (FEA-USP) e Doutorado em Controladoria e Contabilidade pela Faculdade de Economia Administra\u00e7\u00e3o e Contabilidade da Universidade de S\u00e3o Paulo (FEA-USP). Livre Docente pela Universidade de S\u00e3o Paulo (USP). P\u00f3s-doutorada em Educa\u00e7\u00e3o pela UFSCar, Departamento de Teorias e Pr\u00e1ticas Pedag\u00f3gicas. P\u00f3s-doutorada no College of Law, University of Illinois (Bolsa FAPESP). Pesquisadora na University of Illinois em 2016-2017, Law School. Atualmente \u00e9 Professora Titular da Universidade de S\u00e3o Paulo, Departamento de Contabilidade.<\/p>\n<p><a href=\"http:\/\/buscatextual.cnpq.br\/buscatextual\/visualizacv.do?id=K4705407H5&amp;tokenCaptchar=03AGdBq26EFaHb7TY6CIDlYtkGQMFmySxmOWNnzklIM_mzBi0qCVPHjwvyizxyh_KPE8LCTuc5E5ZwTloXS4_FWb-cTVt549V0DxDBMa-bP9YOpB9eHvac5SpB7tMhVFR1-blfE4BAExKWHXgYXLUxarZ6wt4hHjiDah0DykmIazSbONfMMHkpNW2MaSDAoFwt9wdaoeoDcPrK3sdQNGFE_Ru0lPz7Pk-3p3o0fyfGuXoiqygsNGyZt4OEjW6DTyhlirlirqlBV5bn4u6WG5SEVATBiG9fsTlzMZjmrW1LLhzmnrbJDaIrMAuA50GKBgGcyJ5g3gWjzlOJkwdTn5vUbjL2oW4vcyZrwkvql-_MPF6xWSwTikCw2WNPDSmdfBdS1ixmWlyV6cvXXmzKD7K-Uey_rQocWXZZ5iRcuQIskrbsSKsVrCW21L_GQI_b4pWS5VyXR5MQ6PGensFwl5mpo2dvHVBHjuH5Sg\" target=\"_blank\" rel=\"noopener noreferrer\">Lattes<\/a><\/li>\n<\/ul>\n<\/li>\n<\/ul>\n<\/li>\n<\/ul>\n<\/li>\n<\/ul>\n<\/li>\n<\/ul>\n<p>&nbsp;<\/p>\n<ul>\n<li style=\"list-style-type: none;\">\n<ul>\n<li style=\"list-style-type: none;\">\n<ul>\n<li style=\"list-style-type: none;\">\n<ul style=\"list-style: none; margin: 0px;\">\n<li style=\"list-style-type: none;\">\n<ul style=\"list-style: none; margin: 0px;\">\n<li id=\"curriculo_ian\" class=\"member\">\n<h3>Ian Thomson<\/h3>\n<p>&nbsp;<\/p>\n<p class=\"member__text\">Professor de Contabilidade e Sustentabilidade na Escola de Neg\u00f3cios da University of Birmingham (UK). Bacharel em Contabilidade e Finan\u00e7as pela Heriot-Watt University (UK) e Contador Gerencial Certificado (ACMA). \u00c9 diretor do centro de pesquisas Lloyds Banking Group Centre for Responsible Business (LBGC) e presidente do Centre for Social and Environmental Accounting Research (CSEAR). Sua pesquisa \u00e9 direcionada \u00e0 an\u00e1lise de pr\u00e1ticas cont\u00e1beis existentes e o design de novas pr\u00e1ticas h\u00edbridas de contabilidade e sustentabilidade alinhadas com os conceitos de desenvolvimento sustent\u00e1vel. Possui vasta pesquisa multidisciplinar incluindo estudos sobre implementa\u00e7\u00e3o de tecnologias limpas, engajamento de stakeholders, ensino, contabilidade cidad\u00e3 e m\u00eddias sociais, presta\u00e7\u00e3o de contas de programas de desenvolvimento social, presta\u00e7\u00e3o de contas de emiss\u00f5es de carbono e benchmarking de neg\u00f3cios respons\u00e1veis.<\/p>\n<p><a href=\"https:\/\/www.birmingham.ac.uk\/staff\/profiles\/business\/thomson-ian.aspx\" target=\"_blank\" rel=\"noopener noreferrer\">P\u00e1gina<\/a>, <a href=\"https:\/\/www.birmingham.ac.uk\/research\/responsible-business\/index.aspx\" target=\"_blank\" rel=\"noopener noreferrer\">LBGC<\/a>, <a href=\"https:\/\/www.st-andrews.ac.uk\/csear\/\" target=\"_blank\" rel=\"noopener noreferrer\">CSEAR<\/a><\/li>\n<\/ul>\n<\/li>\n<\/ul>\n<\/li>\n<\/ul>\n<\/li>\n<\/ul>\n<\/li>\n<\/ul>\n<p>&nbsp;<\/p>\n<ul>\n<li style=\"list-style-type: none;\">\n<ul>\n<li style=\"list-style-type: none;\">\n<ul>\n<li style=\"list-style-type: none;\">\n<ul style=\"list-style: none; margin: 0px;\">\n<li style=\"list-style-type: none;\">\n<ul style=\"list-style: none; margin: 0px;\">\n<li id=\"curriculo_luiz\" class=\"member\">\n&nbsp;<\/p>\n<h3>Luiz Antonio Titton<\/h3>\n<p class=\"member__text\">Gradua\u00e7\u00e3o e Doutorado em Administra\u00e7\u00e3o pela Faculdade de Economia, Administra\u00e7\u00e3o e Contabilidade da Universidade de S\u00e3o Paulo (FEA-USP), Mestrado em Administra\u00e7\u00e3o de Organiza\u00e7\u00f5es e P\u00f3s-Doutorado em Contabilidade pela Faculdade de Economia, Administra\u00e7\u00e3o e Contabilidade de Ribeir\u00e3o Preto da Universidade de S\u00e3o Paulo (FEARP-USP). Atualmente \u00e9 s\u00f3cio-fundador da startup News Cool Tecnologia Educacional, incubada no Polo Tecnol\u00f3gico SUPERA, no campus da USP de Ribeir\u00e3o Preto SP. Foi membro do conselho consultivo da International Simulation and Gaming Association (ISAGA), Holanda. Pesquisa Metodologias Ativas e desenvolveu ao longo de sua carreira diversos simuladores que foram adotados por Institui\u00e7\u00f5es Financeiras e Universidades. Tem atuado como facilitador de jogos de empresas e outras atividades educacionais com uso de simuladores e atualmente produz EAD com enfoque no ensino de empreendedorismo e gest\u00e3o de startups.<\/p>\n<p><a href=\"http:\/\/buscatextual.cnpq.br\/buscatextual\/visualizacv.do?id=K4755972H4&amp;tokenCaptchar=03AGdBq26-WOGN7vSQgA_Ts4uh3MbOXpqQcuv2_gZfLLxX4NhK0ZXHCZR5z61o0hoa6sGptb6JRkJtrWsYZsrtbahi7firFqeCCVRgyEGUNAOI5jNjZxPkgb-i3BTE_aGqo1ts51Zyjt-DYcLlWLRDQxCCQKLJNUgtYOBtUBmV5SiSuyRyYOyzna4NbbHpotVzfbpjqe6lQy5MuC3IlPgHYhEOEOlAVwnmcM3dbcJOKvWhAaOk6c97K21gO3knPsXojcbECqHFccCuBhqAkAKn0eeFL3USncqHuWGZ-C480c1bvQoUGsqm_noP89Z3jCIxLTQu07tnJZ0KSS1DpuT7Biz6TiwlGJGr07LKUHtKyettMIIeywi-fc-t__Y1qH4fiz1HGREoESgDQaiOaM6h_3iDiBMtMKjxPatBJSODQSuQkyyXYF_hHRyQVjRVrbb_1NpIKlV4XbFBGfIKygbdwUEMdhyNr9mbXw\" target=\"_blank\" rel=\"noopener noreferrer\">Lattes<\/a><\/li>\n<\/ul>\n<\/li>\n<\/ul>\n<\/li>\n<\/ul>\n<\/li>\n<\/ul>\n<\/li>\n<\/ul>\n<p>&nbsp;<\/p>\n<ul>\n<li style=\"list-style-type: none;\">\n<ul>\n<li style=\"list-style-type: none;\">\n<ul>\n<li style=\"list-style-type: none;\">\n<ul style=\"list-style: none; margin: 0px;\">\n<li style=\"list-style-type: none;\">\n<ul style=\"list-style: none; margin: 0px;\">\n<li id=\"curriculo_maria\" class=\"member\">\n&nbsp;<\/p>\n<h3>Maria L\u00facia Bahia Lopes<\/h3>\n<p class=\"member__text\">Possui gradua\u00e7\u00e3o em Ci\u00eancias Econ\u00f4micas pela Universidade Federal do Par\u00e1 ? UFPA (1989), mestrado em Economia pela Universidade da Amaz\u00f4nia ? UNAMA (2001) e doutorado em Economia Aplicada pela Universidade Federal de Vi\u00e7osa ? UFV (2008). Atualmente atua como T\u00e9cnica Cient\u00edfica VI, Economista da Coordenadoria de Sustentabilidade, Meio Ambiente e Estudos Econ\u00f4micos, do Banco da Amaz\u00f4nia, e Editora T\u00e9cnica da Revista Amaz\u00f4nia: Ci\u00eancia &amp; Desenvolvimento. Docente do Mestrado em Desenvolvimento e Meio Ambiente Urbano da UNAMA. Atuou como avaliadora dos Pr\u00eamios Professor Samuel Benchimol e Banco da Amaz\u00f4nia de Empreendedorismo Consciente, edi\u00e7\u00f5es 2015, 2017 e 2018; Avaliadora dos projetos submetidos ao Edital P\u00fablico de Pesquisa 2018, do Banco da Amaz\u00f4nia; Avaliadora dos projetos submetidos ao chamamento p\u00fablico para sele\u00e7\u00e3o de organiza\u00e7\u00f5es da sociedade civil e\/ou institui\u00e7\u00f5es de ensino, pesquisa e extens\u00e3o para executar projetos de Tecnologias Sociais, dentro do Programa TecSocial, da Secretaria de Ci\u00eancia, Tecnologia e Educa\u00e7\u00e3o Profissional e Tecnol\u00f3gica ? SECTET, em 2018. Avaliadora de artigos submetidos aos Congressos da Sociedade Brasileira de Economia, Administra\u00e7\u00e3o e Sociologia Rural ? SOBER, Edi\u00e7\u00f5es 2009-2019.<\/p>\n<p><a href=\"http:\/\/buscatextual.cnpq.br\/buscatextual\/visualizacv.do?id=K4211894D7\" target=\"_blank\" rel=\"noopener noreferrer\">Lattes<\/a><\/li>\n<\/ul>\n<\/li>\n<\/ul>\n<\/li>\n<\/ul>\n<\/li>\n<\/ul>\n<\/li>\n<\/ul>\n<p>&nbsp;<\/p>\n<ul>\n<li style=\"list-style-type: none;\">\n<ul>\n<li style=\"list-style-type: none;\">\n<ul>\n<li style=\"list-style-type: none;\">\n<ul style=\"list-style: none; margin: 0px;\">\n<li style=\"list-style-type: none;\">\n<ul style=\"list-style: none; margin: 0px;\">\n<li id=\"curriculo_claudio\" class=\"member\">\n&nbsp;<\/p>\n<h3>Claudio de Souza Miranda<\/h3>\n<p>Graduado em Ci\u00eancias Cont\u00e1beis pela Universidade de S\u00e3o Paulo (1998) e mestrado em Engenharia (Engenharia de Produ\u00e7\u00e3o) pela EESC-USP (2002) e Doutor em Ci\u00eancias Cont\u00e1beis pela FEA\/USP (2011). Professor do Departamento de Contabilidade da FEARP\/USP. As pesquisas desenvolvidas focam principalmente os seguintes temas: a) Educa\u00e7\u00e3o nas \u00e1reas de Administra\u00e7\u00e3o e Contabilidade &#8211; atuando como membro do grupo de pesquisa NPT (N\u00facleo de Pesquisa em Tecnologia e Ambiente Educacional &#8211; <a href=\"http:\/\/www.npt.com.br\/\">http:\/\/www.npt.com.br\/<\/a>); e b) Transpar\u00eancia no setor p\u00fablico &#8211; atuando como membro do grupo de pesquisa PSAG (Public Sector Accounting &amp; Governance in Brazil &#8211; <a href=\"https:\/\/sites.usp.br\/psag\/\">https:\/\/sites.usp.br\/psag\/<\/a>). E-mail: csmiranda@usp.br<\/p>\n<p><a href=\"http:\/\/lattes.cnpq.br\/2122102098432475\" target=\"_blank\" rel=\"noopener noreferrer\">Lattes<\/a><\/li>\n<\/ul>\n<\/li>\n<\/ul>\n<\/li>\n<\/ul>\n<\/li>\n<\/ul>\n<\/li>\n<\/ul>\n<p>&nbsp;<\/p>\n<ul>\n<li style=\"list-style-type: none;\">\n<ul>\n<li style=\"list-style-type: none;\">\n<ul>\n<li style=\"list-style-type: none;\">\n<ul style=\"list-style: none; margin: 0px;\">\n<li style=\"list-style-type: none;\">\n<ul style=\"list-style: none; margin: 0px;\">\n<li id=\"curriculo_marcia\" class=\"member\">\n&nbsp;<\/p>\n<h3>Marcia Athayde Moreira<\/h3>\n<p class=\"member__text\">Doutora em Ci\u00eancias Cont\u00e1beis pela Universidade de S\u00e3o Paulo, mestre em Ci\u00eancias Cont\u00e1beis pela Universidade de Bras\u00edlia, especialista em Magist\u00e9rio Superior pela Universidade Ceuma e graduada em Ci\u00eancias Cont\u00e1beis pela Universidade Federal do Par\u00e1. Atua como professora e pesquisadora em duas institui\u00e7\u00f5es de ensino: Universidade Federal do Par\u00e1 e Universidade da Amaz\u00f4nia, sendo que suas pesquisas est\u00e3o concentradas em duas \u00e1reas: contabilidade de gest\u00e3o e empreendedorismo, e, sustentabilidade empresarial, com forte vi\u00e9s para a educa\u00e7\u00e3o. Atualmente encontra-se vinculada \u00e0 tr\u00eas Grupos de Pesquisa, ao Grupo de Pesquisa NEGOA (UNAMA), ao Grupo de Pesquisa CGET (UFPA) e ao Grupo de Pesquisa AME4S (USP). \u00c9 editora-chefe da Revista Paraense de Contabilidade, vinculada ao Conselho Regional de Contabilidade do Par\u00e1 desde o ano de 2016. Al\u00e9m das atividades acad\u00eamicas, realiza atividades de consultoria para o desenvolvimento e fortalecimento do empreendedorismo e em contabilidade gerencial, com \u00eanfase em an\u00e1lise de investimentos, planejamento estrat\u00e9gico, implanta\u00e7\u00e3o de sistemas de custos e controles.<\/p>\n<p><a href=\"http:\/\/buscatextual.cnpq.br\/buscatextual\/visualizacv.do?id=K4137548U7\" target=\"_blank\" rel=\"noopener noreferrer\">Lattes<\/a>, <a href=\"https:\/\/orcid.org\/0000-0003-1859-6394\" target=\"_blank\" rel=\"noopener noreferrer\">Orcid<\/a><\/li>\n<li><\/li>\n<\/ul>\n<\/li>\n<\/ul>\n<\/li>\n<\/ul>\n<\/li>\n<\/ul>\n<\/li>\n<\/ul>\n<p>&nbsp;<\/p>\n<ul>\n<li style=\"list-style-type: none;\">\n<ul>\n<li style=\"list-style-type: none;\">\n<ul>\n<li style=\"list-style-type: none;\">\n<ul style=\"list-style: none; margin: 0px;\">\n<li style=\"list-style-type: none;\">\n<ul style=\"list-style: none; margin: 0px;\">\n<li id=\"curriculo_fernando\" class=\"member\">\n&nbsp;<\/p>\n<h3>Fernando Fonseca<\/h3>\n<p class=\"member__text\">Economista com MBA em Finan\u00e7as e certificado pelo IIRC no Programa de Treinamento de Relato Integrado. Mais de cinco anos atuando como empreendedor em projetos relacionados \u00e0s quest\u00f5es econ\u00f4micas, ambientais, sociais e de governan\u00e7a (EESG, na sigla em ingl\u00eas) por meio da consultoria <a href=\"http:\/\/www.multicapitalsolutions.com.br\" target=\"_blank\" rel=\"noopener noreferrer\">Multi Capital Solutions<\/a>, da qual \u00e9 CEO e fundador. Experi\u00eancia de mais de 20 anos no segmento financeiro atuando como consultor nas \u00e1reas de comunica\u00e7\u00e3o corporativa e rela\u00e7\u00f5es institucionais e como auditor na \u00e1rea de auditoria interna, per\u00edodo em que desenvolveu habilidades no processo de elabora\u00e7\u00e3o de relat\u00f3rios corporativos n\u00e3o financeiros que seguem as melhores pr\u00e1ticas internacionais como a <a href=\"http:\/\/www.globalreportinginitiative.org\/\" target=\"_blank\" rel=\"noopener noreferrer\">Global Reporting Initiative (GRI)<\/a> e o <a href=\"http:\/\/www.integratedreporting.org\/\" target=\"_blank\" rel=\"noopener noreferrer\">International Integrated Reporting Council (IIRC)<\/a>. \u00c9 um dos coordenadores da <a href=\"http:\/\/www.relatointegradobrasil.com.br\" target=\"_blank\" rel=\"noopener noreferrer\">Comiss\u00e3o Brasileira de Acompanhamento do Relato Integrado (CBARI)<\/a>, ex-diretor executivo de sustentabilidade e relato integrado na <a href=\"http:\/\/www.anefac.org\" target=\"_blank\" rel=\"noopener noreferrer\">Associa\u00e7\u00e3o Nacional dos Executivos de Finan\u00e7as, Administra\u00e7\u00e3o e Cont\u00e1beis (ANEFAC)<\/a>, membro da <a href=\"https:\/\/abraps.org.br\/\" target=\"_blank\" rel=\"noopener noreferrer\">Associa\u00e7\u00e3o Brasileira dos Profissionais pelo Desenvolvimento sustent\u00e1vel (ABRAPS)<\/a>, professor das disciplinas Governan\u00e7a Corporativa, Sustentabilidade e Responsabilidade Social Empresarial (RSE) e instrutor do m\u00f3dulo adicional do Programa de Treinamento de Relato Integrado do IIRC.<\/p>\n<p><a href=\"https:\/\/www.linkedin.com\/in\/ffonsec\/\" target=\"_blank\" rel=\"noopener noreferrer\">LinkedIn<\/a><\/li>\n<\/ul>\n<\/li>\n<\/ul>\n<\/li>\n<\/ul>\n<\/li>\n<\/ul>\n<\/li>\n<\/ul>\n<p>&nbsp;<\/p>\n<ul>\n<li style=\"list-style-type: none;\">\n<ul>\n<li style=\"list-style-type: none;\">\n<ul>\n<li style=\"list-style-type: none;\">\n<ul style=\"list-style: none; margin: 0px;\">\n<li style=\"list-style-type: none;\">\n<ul style=\"list-style: none; margin: 0px;\">\n<li id=\"curriculo_idalberto\" class=\"member\">\n&nbsp;<\/p>\n<h3>Idalberto Jos\u00e9 das Neves J\u00fanior<\/h3>\n<p class=\"member__text\">Doutorado em Educa\u00e7\u00e3o pela Universidade Cat\u00f3lica de Bras\u00edlia (UCB), Mestrado em Gest\u00e3o do Conhecimento e Tecnologia da Informa\u00e7\u00e3o pela UCB. Gradua\u00e7\u00f5es em Ci\u00eancias Cont\u00e1beis e em Tecnologia em Processamento de Dados pela Associa\u00e7\u00e3o Cultural e Educacional de Barretos. Professor da Universidade Cat\u00f3lica de Bras\u00edlia &#8211; UCB. Gerente de Solu\u00e7\u00f5es da Diretoria de Controladoria do Banco do Brasil S.A. Pesquisador do Grupo de Pesquisa Comunidade Escolar: Encontros e Di\u00e1logos Educativos &#8211; CEEDE. Tem experi\u00eancia na \u00e1rea de Educa\u00e7\u00e3o, Ensino Superior, Ci\u00eancias Cont\u00e1beis e Administra\u00e7\u00e3o. Temas de estudo: Educa\u00e7\u00e3o: ensino e aprendizagem, teoria da complexidade e pensamento ecossist\u00eamico; Administra\u00e7\u00e3o: gest\u00e3o estrat\u00e9gica, gest\u00e3o do conhecimento, arqu\u00e9tipos, modelos mentais e aprendizagem organizacional; Ci\u00eancias Cont\u00e1beis: ensino e pesquisa em contabilidade, controladoria, contabilidade de custos e per\u00edcia cont\u00e1bil.<\/p>\n<p><a href=\"http:\/\/lattes.cnpq.br\/1719721445601505\" target=\"_blank\" rel=\"noopener noreferrer\">Lattes<\/a>, <a href=\"https:\/\/www.linkedin.com\/in\/idalbertoneves\/\" target=\"_blank\" rel=\"noopener noreferrer\">LinkedIn<\/a><\/li>\n<\/ul>\n<\/li>\n<\/ul>\n<\/li>\n<\/ul>\n<\/li>\n<\/ul>\n<\/li>\n<\/ul>\n<p>&nbsp;<\/p>\n<ul>\n<li style=\"list-style-type: none;\">\n<ul>\n<li style=\"list-style-type: none;\">\n<ul style=\"list-style: none; margin: 0px;\">\n<li style=\"list-style-type: none;\">\n<ul style=\"list-style: none; margin: 0px;\">\n<li id=\"curriculo_fernando\" class=\"member\">\n<ul style=\"list-style: none; margin: 0px;\">\n<li style=\"list-style-type: none;\">\n<ul style=\"list-style: none; margin: 0px;\">\n<li id=\"curriculo_vinicius\" class=\"member\">\n&nbsp;<\/p>\n<h3>Jos\u00e9 Vin\u00edcius Bendasoli da Silva<\/h3>\n<p class=\"member__text\">Graduando em Ci\u00eancias Cont\u00e1beis pela Faculdade de Economia, Administra\u00e7\u00e3o e Contabilidade de Ribeir\u00e3o Preto da Universidade de S\u00e3o Paulo (FEARP\/USP). Durante o primeiro semestre de 2021, foi monitor da disciplina RCC0217 \u2013 Matem\u00e1tica Financeira da FEARP\/USP, sob a orienta\u00e7\u00e3o da Prof. Dra. Solange Garcia dos Reis. Pesquisa na \u00e1rea de Contabilidade e Responsabilidade Social, com \u00eanfase na aplica\u00e7\u00e3o dos princ\u00edpios do Relato Integrado nas informa\u00e7\u00f5es divulgadas pelas universidades p\u00fablicas. Durante a gradua\u00e7\u00e3o, teve contato com a \u00e1rea financeira ao trabalhar em uma empresa de factoring. Antes do ingresso na Universidade de S\u00e3o Paulo, teve sua forma\u00e7\u00e3o de ensino fundamental e m\u00e9dio feita exclusivamente em escolas p\u00fablicas, sendo este \u00faltimo na ETEC Ant\u00f4nio de P\u00e1dua Cardoso(Batatais).<\/p>\n<p><a href=\"http:\/\/lattes.cnpq.br\/1385662198052497\" target=\"_blank\" rel=\"noopener noreferrer\">Lattes<\/a><\/li>\n<\/ul>\n<\/li>\n<\/ul>\n<p>&nbsp;<\/p>\n<ul style=\"list-style: none; margin: 0px;\">\n<li id=\"curriculo_rafael\" class=\"member\">\n&nbsp;<\/p>\n<h3>Rafael Arantes<\/h3>\n<p class=\"member__text\">Desenvolvedor de sistemas computacionais. Graduado em Inform\u00e1tica Biom\u00e9dica pela Universidade de S\u00e3o Paulo (USP) com mestrado e doutorado na \u00e1rea de F\u00edsica Aplicada \u00e0 Medicina e Biologia pela mesma institui\u00e7\u00e3o. A enfase do mestrado e doutorado se deu na \u00e1rea de f\u00edsica computacional, que envolve modelagem matem\u00e1tica e simula\u00e7\u00e3o computacional de fen\u00f4menos f\u00edsico, no caso envolvendo seres vivos. Ap\u00f3s a forma\u00e7\u00e3o passou por um treinamento t\u00e9cnico onde colaborou com o desenvolvimento do OpenDataBio. Entrou para a equipe para implementar parte do sistema computacional utilizado nas atividades do grupo.<\/p>\n<p><a href=\"http:\/\/lattes.cnpq.br\/4418203497429474\" target=\"_blank\" rel=\"noopener noreferrer\">Lattes<\/a>, <a href=\"https:\/\/www.linkedin.com\/in\/rafael-arantes-46a76812\/\" target=\"_blank\" rel=\"noopener noreferrer\">LinkedIn<\/a>, <a href=\"https:\/\/github.com\/birutaibm\" target=\"_blank\" rel=\"noopener noreferrer\">Github<\/a><\/li>\n<\/ul>\n<\/li>\n<\/ul>\n<\/li>\n<\/ul>\n<\/li>\n<\/ul>\n<\/li>\n<\/ul>\n","protected":false},"excerpt":{"rendered":"<p>&nbsp; &nbsp; Solange Garcia Gradua\u00e7\u00e3o em Matem\u00e1tica pela Universidade Estadual Paulista J\u00falio de Mesquita Filho (UNESP), Mestrado em Matem\u00e1tica pela Universidade de Bras\u00edlia (UNB), Doutorado em Controladoria e Contabilidade pela Faculdade de Economia, Administra\u00e7\u00e3o e Contabilidade da Universidade de S\u00e3o Paulo (FEA-USP). P\u00f3s-doutorado na Heriot-Watt University na Esc\u00f3cia (Bolsa FAPESP). Atualmente \u00e9 professora do Departamento<a href=\"https:\/\/sites.usp.br\/ame4s\/equipe\/\">[&#8230;]<\/a><\/p>\n","protected":false},"author":309,"featured_media":0,"parent":0,"menu_order":0,"comment_status":"closed","ping_status":"closed","template":"","meta":{"footnotes":"","_links_to":"","_links_to_target":""},"class_list":["post-114","page","type-page","status-publish","hentry"],"_links":{"self":[{"href":"https:\/\/sites.usp.br\/ame4s\/wp-json\/wp\/v2\/pages\/114","targetHints":{"allow":["GET"]}}],"collection":[{"href":"https:\/\/sites.usp.br\/ame4s\/wp-json\/wp\/v2\/pages"}],"about":[{"href":"https:\/\/sites.usp.br\/ame4s\/wp-json\/wp\/v2\/types\/page"}],"author":[{"embeddable":true,"href":"https:\/\/sites.usp.br\/ame4s\/wp-json\/wp\/v2\/users\/309"}],"replies":[{"embeddable":true,"href":"https:\/\/sites.usp.br\/ame4s\/wp-json\/wp\/v2\/comments?post=114"}],"version-history":[{"count":7,"href":"https:\/\/sites.usp.br\/ame4s\/wp-json\/wp\/v2\/pages\/114\/revisions"}],"predecessor-version":[{"id":659,"href":"https:\/\/sites.usp.br\/ame4s\/wp-json\/wp\/v2\/pages\/114\/revisions\/659"}],"wp:attachment":[{"href":"https:\/\/sites.usp.br\/ame4s\/wp-json\/wp\/v2\/media?parent=114"}],"curies":[{"name":"wp","href":"https:\/\/api.w.org\/{rel}","templated":true}]}}