{"id":64,"date":"2014-02-12T11:28:54","date_gmt":"2014-02-12T13:28:54","guid":{"rendered":"http:\/\/sites.usp.br\/ame4s\/?page_id=64"},"modified":"2021-11-25T11:02:23","modified_gmt":"2021-11-25T13:02:23","slug":"pagina-2","status":"publish","type":"page","link":"https:\/\/sites.usp.br\/ame4s\/pagina-2\/","title":{"rendered":"Cadastre-se para ficar por dentro de todas as atividades e not\u00edcias do nosso grupo de pesquisa!"},"content":{"rendered":"<div class=\"wpforms-container wpforms-container-full\" id=\"wpforms-588\"><form id=\"wpforms-form-588\" class=\"wpforms-validate wpforms-form\" data-formid=\"588\" method=\"post\" enctype=\"multipart\/form-data\" action=\"\/ame4s\/wp-json\/wp\/v2\/pages\/64\" data-token=\"bf0288a752986755264a6befa44db10f\"><noscript class=\"wpforms-error-noscript\">Ative o JavaScript no seu navegador para preencher este formul\u00e1rio.<\/noscript><div class=\"wpforms-field-container\"><div id=\"wpforms-588-field_0-container\" class=\"wpforms-field wpforms-field-name\" data-field-id=\"0\"><label class=\"wpforms-field-label\" for=\"wpforms-588-field_0\">Nome <span class=\"wpforms-required-label\">*<\/span><\/label><div class=\"wpforms-field-row wpforms-field-medium\"><div class=\"wpforms-field-row-block wpforms-first wpforms-one-half\"><input type=\"text\" id=\"wpforms-588-field_0\" class=\"wpforms-field-name-first wpforms-field-required\" name=\"wpforms[fields][0][first]\" required><label for=\"wpforms-588-field_0\" class=\"wpforms-field-sublabel after \">Nome<\/label><\/div><div class=\"wpforms-field-row-block wpforms-one-half\"><input type=\"text\" id=\"wpforms-588-field_0-last\" class=\"wpforms-field-name-last wpforms-field-required\" name=\"wpforms[fields][0][last]\" required><label for=\"wpforms-588-field_0-last\" class=\"wpforms-field-sublabel after \">Sobrenome<\/label><\/div><\/div><\/div><div id=\"wpforms-588-field_1-container\" class=\"wpforms-field wpforms-field-email\" data-field-id=\"1\"><label class=\"wpforms-field-label\" for=\"wpforms-588-field_1\">Email <span class=\"wpforms-required-label\">*<\/span><\/label><input type=\"email\" id=\"wpforms-588-field_1\" class=\"wpforms-field-medium wpforms-field-required\" name=\"wpforms[fields][1]\" required><\/div><div id=\"wpforms-588-field_5-container\" class=\"wpforms-field wpforms-field-textarea\" data-field-id=\"5\"><label class=\"wpforms-field-label\" for=\"wpforms-588-field_5\">Institui\u00e7\u00e3o (universidade, empresa...) <span class=\"wpforms-required-label\">*<\/span><\/label><textarea id=\"wpforms-588-field_5\" class=\"wpforms-field-medium wpforms-field-required\" name=\"wpforms[fields][5]\" required><\/textarea><\/div><div id=\"wpforms-588-field_4-container\" class=\"wpforms-field wpforms-field-checkbox\" data-field-id=\"4\"><label class=\"wpforms-field-label\" for=\"wpforms-588-field_4\">Todas as informa\u00e7\u00f5es apresentadas acima ser\u00e3o tratadas de acordo com o estabelecido na Lei Geral de Prote\u00e7\u00e3o de Dados, a Lei n\u00ba13.709 de 14 de agosto de 2018 . Dispon\u00edvel em: http:\/\/www.planalto.gov.br\/ccivil_03\/_ato2015-2018\/2018\/lei\/l13709.htm<\/label><ul id=\"wpforms-588-field_4\"><li class=\"choice-1 depth-1\"><input type=\"checkbox\" id=\"wpforms-588-field_4_1\" name=\"wpforms[fields][4][]\" value=\"Declaro que estou de acordo e quero continuar\"  ><label class=\"wpforms-field-label-inline\" for=\"wpforms-588-field_4_1\">Declaro que estou de acordo e quero continuar<\/label><\/li><\/ul><\/div><\/div><div class=\"wpforms-submit-container\" ><input type=\"hidden\" name=\"wpforms[id]\" value=\"588\"><input type=\"hidden\" name=\"wpforms[author]\" value=\"1\"><button type=\"submit\" name=\"wpforms[submit]\" class=\"wpforms-submit \" id=\"wpforms-submit-588\" value=\"wpforms-submit\" aria-live=\"assertive\" data-alt-text=\"Enviando....\" data-submit-text=\"Enviar\">Enviar<\/button><\/div><\/form><\/div>  <!-- .wpforms-container -->\n","protected":false},"excerpt":{"rendered":"","protected":false},"author":1,"featured_media":0,"parent":0,"menu_order":0,"comment_status":"closed","ping_status":"closed","template":"","meta":{"footnotes":"","_links_to":"","_links_to_target":""},"class_list":["post-64","page","type-page","status-publish","hentry"],"_links":{"self":[{"href":"https:\/\/sites.usp.br\/ame4s\/wp-json\/wp\/v2\/pages\/64","targetHints":{"allow":["GET"]}}],"collection":[{"href":"https:\/\/sites.usp.br\/ame4s\/wp-json\/wp\/v2\/pages"}],"about":[{"href":"https:\/\/sites.usp.br\/ame4s\/wp-json\/wp\/v2\/types\/page"}],"author":[{"embeddable":true,"href":"https:\/\/sites.usp.br\/ame4s\/wp-json\/wp\/v2\/users\/1"}],"replies":[{"embeddable":true,"href":"https:\/\/sites.usp.br\/ame4s\/wp-json\/wp\/v2\/comments?post=64"}],"version-history":[{"count":5,"href":"https:\/\/sites.usp.br\/ame4s\/wp-json\/wp\/v2\/pages\/64\/revisions"}],"predecessor-version":[{"id":653,"href":"https:\/\/sites.usp.br\/ame4s\/wp-json\/wp\/v2\/pages\/64\/revisions\/653"}],"wp:attachment":[{"href":"https:\/\/sites.usp.br\/ame4s\/wp-json\/wp\/v2\/media?parent=64"}],"curies":[{"name":"wp","href":"https:\/\/api.w.org\/{rel}","templated":true}]}}