{"id":413,"date":"2021-01-02T23:32:40","date_gmt":"2021-01-03T01:32:40","guid":{"rendered":"http:\/\/sites.usp.br\/arqueotrop\/?page_id=413"},"modified":"2021-07-21T15:12:38","modified_gmt":"2021-07-21T17:12:38","slug":"projetos","status":"publish","type":"page","link":"https:\/\/sites.usp.br\/arqueotrop\/projetos\/","title":{"rendered":"Projetos"},"content":{"rendered":"<h3 style=\"text-align: center;\"><a href=\"https:\/\/sites.usp.br\/arqueotrop\/wp-content\/uploads\/sites\/792\/2021\/05\/LinhadoTempo3.0.png\"><img fetchpriority=\"high\" decoding=\"async\" class=\" wp-image-1197 aligncenter\" src=\"https:\/\/sites.usp.br\/arqueotrop\/wp-content\/uploads\/sites\/792\/2021\/05\/LinhadoTempo3.0-300x227.png\" alt=\"\" width=\"1161\" height=\"879\" srcset=\"https:\/\/sites.usp.br\/arqueotrop\/wp-content\/uploads\/sites\/792\/2021\/05\/LinhadoTempo3.0-300x227.png 300w, https:\/\/sites.usp.br\/arqueotrop\/wp-content\/uploads\/sites\/792\/2021\/05\/LinhadoTempo3.0-1024x775.png 1024w, https:\/\/sites.usp.br\/arqueotrop\/wp-content\/uploads\/sites\/792\/2021\/05\/LinhadoTempo3.0-768x581.png 768w, https:\/\/sites.usp.br\/arqueotrop\/wp-content\/uploads\/sites\/792\/2021\/05\/LinhadoTempo3.0-1536x1163.png 1536w, https:\/\/sites.usp.br\/arqueotrop\/wp-content\/uploads\/sites\/792\/2021\/05\/LinhadoTempo3.0-205x155.png 205w, https:\/\/sites.usp.br\/arqueotrop\/wp-content\/uploads\/sites\/792\/2021\/05\/LinhadoTempo3.0-80x60.png 80w, https:\/\/sites.usp.br\/arqueotrop\/wp-content\/uploads\/sites\/792\/2021\/05\/LinhadoTempo3.0-400x303.png 400w\" sizes=\"(max-width: 1161px) 100vw, 1161px\" \/><\/a><\/h3>\n<p style=\"text-align: center;\"><em>A Longa Dura\u00e7\u00e3o do ARQUEOTROP, suas gentes e seus projetos.<\/em><\/p>\n<p>&nbsp;<\/p>\n<h3><strong>PIMA &#8211; Povos Ind\u00edgenas e Meio Ambiente na Amaz\u00f4nia<\/strong><\/h3>\n<p><img decoding=\"async\" class=\"alignleft\" src=\"https:\/\/sites.usp.br\/arqueotrop\/wp-content\/uploads\/sites\/792\/2021\/03\/logo-herca.png\" alt=\"\" width=\"228\" height=\"228\" \/>PIMA re\u00fane um grupo interdisciplinar de pesquisadores de diversos pa\u00edses que buscam compreender as rela\u00e7\u00f5es entre a emerg\u00eancia e decl\u00ednio de sociedades estratificadas, estrat\u00e9gias de aquisi\u00e7\u00e3o e produ\u00e7\u00e3o de alimentos e condi\u00e7\u00f5es ambientais na Amaz\u00f4nia Pr\u00e9-Colonial. O projeto \u00e9 coordenado pelos professores Eduardo Neves (MAE-USP) e Frank Mayle (University of Reading, UK) e financiado pela Funda\u00e7\u00e3o de Amparo \u00e0 Pesquisa do Estado de S\u00e3o Paulo (FAPESP) e pela Arts and Humanities Resource Council (ARCH, UK). As pesquisas concentram-se na bacia do Alto Rio Madeira e Guapor\u00e9-It\u00e9nez (sudoeste amaz\u00f4nico), onde a presen\u00e7a humana \u00e9 datada em mais de 10.000 anos atr\u00e1s. O objetivo \u00e9 cruzar as pesquisas arqueol\u00f3gicas e paleoecol\u00f3gicas de tr\u00eas regi\u00f5es chaves, abrangendo o estado de Rond\u00f4nia (Brasil) e os Llanos de Mojos (Bol\u00edvia), para estabelecer cronologias cont\u00ednuas de ocupa\u00e7\u00e3o humana e uso da terra, necess\u00e1rias para abordar as perguntas de pesquisa. <a href=\"https:\/\/research.reading.ac.uk\/herca\/\">Visite o site<\/a>.<\/p>\n<figure id=\"attachment_1513\" aria-describedby=\"caption-attachment-1513\" style=\"width: 240px\" class=\"wp-caption alignleft\"><a href=\"https:\/\/sites.usp.br\/arqueotrop\/wp-content\/uploads\/sites\/792\/2021\/06\/Techni-768x511-1.jpg\"><img decoding=\"async\" class=\"wp-image-1513\" src=\"https:\/\/sites.usp.br\/arqueotrop\/wp-content\/uploads\/sites\/792\/2021\/06\/Techni-768x511-1-300x200.jpg\" alt=\"\" width=\"240\" height=\"160\" srcset=\"https:\/\/sites.usp.br\/arqueotrop\/wp-content\/uploads\/sites\/792\/2021\/06\/Techni-768x511-1-300x200.jpg 300w, https:\/\/sites.usp.br\/arqueotrop\/wp-content\/uploads\/sites\/792\/2021\/06\/Techni-768x511-1-205x136.jpg 205w, https:\/\/sites.usp.br\/arqueotrop\/wp-content\/uploads\/sites\/792\/2021\/06\/Techni-768x511-1-272x182.jpg 272w, https:\/\/sites.usp.br\/arqueotrop\/wp-content\/uploads\/sites\/792\/2021\/06\/Techni-768x511-1-400x266.jpg 400w, https:\/\/sites.usp.br\/arqueotrop\/wp-content\/uploads\/sites\/792\/2021\/06\/Techni-768x511-1.jpg 768w\" sizes=\"(max-width: 240px) 100vw, 240px\" \/><\/a><figcaption id=\"caption-attachment-1513\" class=\"wp-caption-text\">Coleta de sedimento lacustre nos Lanos de Mojos.<\/figcaption><\/figure>\n<figure id=\"attachment_1512\" aria-describedby=\"caption-attachment-1512\" style=\"width: 214px\" class=\"wp-caption alignleft\"><a href=\"https:\/\/sites.usp.br\/arqueotrop\/wp-content\/uploads\/sites\/792\/2021\/06\/P1220549-768x576-1.jpg\"><img loading=\"lazy\" decoding=\"async\" class=\"wp-image-1512\" src=\"https:\/\/sites.usp.br\/arqueotrop\/wp-content\/uploads\/sites\/792\/2021\/06\/P1220549-768x576-1-300x225.jpg\" alt=\"\" width=\"214\" height=\"160\" srcset=\"https:\/\/sites.usp.br\/arqueotrop\/wp-content\/uploads\/sites\/792\/2021\/06\/P1220549-768x576-1-300x225.jpg 300w, https:\/\/sites.usp.br\/arqueotrop\/wp-content\/uploads\/sites\/792\/2021\/06\/P1220549-768x576-1-205x154.jpg 205w, https:\/\/sites.usp.br\/arqueotrop\/wp-content\/uploads\/sites\/792\/2021\/06\/P1220549-768x576-1-80x60.jpg 80w, https:\/\/sites.usp.br\/arqueotrop\/wp-content\/uploads\/sites\/792\/2021\/06\/P1220549-768x576-1-400x300.jpg 400w, https:\/\/sites.usp.br\/arqueotrop\/wp-content\/uploads\/sites\/792\/2021\/06\/P1220549-768x576-1.jpg 768w\" sizes=\"(max-width: 214px) 100vw, 214px\" \/><\/a><figcaption id=\"caption-attachment-1512\" class=\"wp-caption-text\">Escava\u00e7\u00e3o no s\u00edtio Loma La Punta, Llanos de Mojos.<\/figcaption><\/figure>\n<figure id=\"attachment_1608\" aria-describedby=\"caption-attachment-1608\" style=\"width: 240px\" class=\"wp-caption alignleft\"><a href=\"https:\/\/sites.usp.br\/arqueotrop\/wp-content\/uploads\/sites\/792\/2021\/07\/tijolo.jpg\"><img loading=\"lazy\" decoding=\"async\" class=\"wp-image-1608\" src=\"https:\/\/sites.usp.br\/arqueotrop\/wp-content\/uploads\/sites\/792\/2021\/07\/tijolo-300x200.jpg\" alt=\"\" width=\"240\" height=\"160\" srcset=\"https:\/\/sites.usp.br\/arqueotrop\/wp-content\/uploads\/sites\/792\/2021\/07\/tijolo-300x200.jpg 300w, https:\/\/sites.usp.br\/arqueotrop\/wp-content\/uploads\/sites\/792\/2021\/07\/tijolo-1024x683.jpg 1024w, https:\/\/sites.usp.br\/arqueotrop\/wp-content\/uploads\/sites\/792\/2021\/07\/tijolo-768x512.jpg 768w, https:\/\/sites.usp.br\/arqueotrop\/wp-content\/uploads\/sites\/792\/2021\/07\/tijolo-1536x1024.jpg 1536w, https:\/\/sites.usp.br\/arqueotrop\/wp-content\/uploads\/sites\/792\/2021\/07\/tijolo-2048x1366.jpg 2048w, https:\/\/sites.usp.br\/arqueotrop\/wp-content\/uploads\/sites\/792\/2021\/07\/tijolo-205x137.jpg 205w, https:\/\/sites.usp.br\/arqueotrop\/wp-content\/uploads\/sites\/792\/2021\/07\/tijolo-272x182.jpg 272w, https:\/\/sites.usp.br\/arqueotrop\/wp-content\/uploads\/sites\/792\/2021\/07\/tijolo-400x267.jpg 400w\" sizes=\"(max-width: 240px) 100vw, 240px\" \/><\/a><figcaption id=\"caption-attachment-1608\" class=\"wp-caption-text\">Peneira molhada no sambaqui Monte Castelo<\/figcaption><\/figure>\n<p>&nbsp;<\/p>\n<p>&nbsp;<\/p>\n<h3><\/h3>\n<h3><\/h3>\n<h3><\/h3>\n<h3><\/h3>\n<h3><\/h3>\n<h3><\/h3>\n<h3><\/h3>\n<h3><\/h3>\n<p>&nbsp;<\/p>\n<p>&nbsp;<\/p>\n<p>&nbsp;<\/p>\n<p>&nbsp;<\/p>\n<h3><strong>PALMA &#8211; Projeto Alto Madeira<\/strong><\/h3>\n<p style=\"text-align: left;\"><strong><a href=\"https:\/\/sites.usp.br\/arqueotrop\/wp-content\/uploads\/sites\/792\/2021\/05\/logo-palma.jpeg\"><img loading=\"lazy\" decoding=\"async\" class=\" wp-image-1220 alignleft\" src=\"https:\/\/sites.usp.br\/arqueotrop\/wp-content\/uploads\/sites\/792\/2021\/05\/logo-palma-271x300.jpeg\" alt=\"\" width=\"255\" height=\"282\" srcset=\"https:\/\/sites.usp.br\/arqueotrop\/wp-content\/uploads\/sites\/792\/2021\/05\/logo-palma-271x300.jpeg 271w, https:\/\/sites.usp.br\/arqueotrop\/wp-content\/uploads\/sites\/792\/2021\/05\/logo-palma-205x227.jpeg 205w, https:\/\/sites.usp.br\/arqueotrop\/wp-content\/uploads\/sites\/792\/2021\/05\/logo-palma.jpeg 304w\" sizes=\"(max-width: 255px) 100vw, 255px\" \/><\/a><\/strong>O Projeto Alto Madeira (PALMA) foi concebido por Eduardo Neves de maneira a complementar o conhecimento que vinha sendo gerado pelo PAC (vide acima). Ambos os contextos de pesquisa estavam pertencentes ao Projeto Tem\u00e1tico FAPESP aprovado no ano de 2005. Dentre os m\u00faltiplos temas de interesse dentro da proposta inicial do PALMA, pode-se destacar: a domestica\u00e7\u00e3o de plantas, a sedentarizar\u00e3o das popula\u00e7\u00f5es humanas dentro do bioma amaz\u00f4nico e o surgimentos das primeiras terras pretas antropog\u00eanicas, a dispers\u00e3o das popula\u00e7\u00f5es pertencentes ao Tronco lingu\u00edstico Tupi e a rela\u00e7\u00e3o dessas popula\u00e7\u00f5es com as cer\u00e2micas policr\u00f4mias encontradas no alto rio Madeira. As pesquisas foram iniciadas no ano de 2008 nos rios Jamari e Madeira. O PALMA vem desde ent\u00e3o permitindo a forma\u00e7\u00e3o de pesquisadores de mestrado, doutorado, e tem contado tamb\u00e9m com a presen\u00e7a de p\u00f3s-doutorados(as) e pesquisadores de outras institui\u00e7\u00f5es, com destaque para a parceria entre o projeto com o Departamento de Arqueologia da Universidade Federal de Rond\u00f4nia (UNIR). Al\u00e9m das monografias o PALMA tem gerado uma produ\u00e7\u00e3o significativa de publica\u00e7\u00f5es na forma de artigos e cap\u00edtulos de livro. Atualmente o projeto encontra-se incorporado ao HERCA.<u><\/u><\/p>\n<figure id=\"attachment_1428\" aria-describedby=\"caption-attachment-1428\" style=\"width: 225px\" class=\"wp-caption alignleft\"><a href=\"https:\/\/sites.usp.br\/arqueotrop\/wp-content\/uploads\/sites\/792\/2021\/06\/Cachoeira-do-Teotonio-Luiz-Claudio-Marigo.jpg\"><img loading=\"lazy\" decoding=\"async\" class=\"wp-image-1428\" src=\"https:\/\/sites.usp.br\/arqueotrop\/wp-content\/uploads\/sites\/792\/2021\/06\/Cachoeira-do-Teotonio-Luiz-Claudio-Marigo-300x199.jpg\" alt=\"\" width=\"225\" height=\"150\" srcset=\"https:\/\/sites.usp.br\/arqueotrop\/wp-content\/uploads\/sites\/792\/2021\/06\/Cachoeira-do-Teotonio-Luiz-Claudio-Marigo-300x199.jpg 300w, https:\/\/sites.usp.br\/arqueotrop\/wp-content\/uploads\/sites\/792\/2021\/06\/Cachoeira-do-Teotonio-Luiz-Claudio-Marigo-1024x680.jpg 1024w, https:\/\/sites.usp.br\/arqueotrop\/wp-content\/uploads\/sites\/792\/2021\/06\/Cachoeira-do-Teotonio-Luiz-Claudio-Marigo-768x510.jpg 768w, https:\/\/sites.usp.br\/arqueotrop\/wp-content\/uploads\/sites\/792\/2021\/06\/Cachoeira-do-Teotonio-Luiz-Claudio-Marigo-205x136.jpg 205w, https:\/\/sites.usp.br\/arqueotrop\/wp-content\/uploads\/sites\/792\/2021\/06\/Cachoeira-do-Teotonio-Luiz-Claudio-Marigo-272x182.jpg 272w, https:\/\/sites.usp.br\/arqueotrop\/wp-content\/uploads\/sites\/792\/2021\/06\/Cachoeira-do-Teotonio-Luiz-Claudio-Marigo-400x266.jpg 400w, https:\/\/sites.usp.br\/arqueotrop\/wp-content\/uploads\/sites\/792\/2021\/06\/Cachoeira-do-Teotonio-Luiz-Claudio-Marigo.jpg 1200w\" sizes=\"(max-width: 225px) 100vw, 225px\" \/><\/a><figcaption id=\"caption-attachment-1428\" class=\"wp-caption-text\">Cachoeira do Teot\u00f4nio (antes da UHE Sto Ant\u00f4nio)<\/figcaption><\/figure>\n<figure id=\"attachment_1511\" aria-describedby=\"caption-attachment-1511\" style=\"width: 224px\" class=\"wp-caption alignleft\"><a href=\"https:\/\/sites.usp.br\/arqueotrop\/wp-content\/uploads\/sites\/792\/2021\/06\/DSC_0677-1-768x512-1.jpg\"><img loading=\"lazy\" decoding=\"async\" class=\"wp-image-1511\" src=\"https:\/\/sites.usp.br\/arqueotrop\/wp-content\/uploads\/sites\/792\/2021\/06\/DSC_0677-1-768x512-1-300x200.jpg\" alt=\"\" width=\"224\" height=\"150\" srcset=\"https:\/\/sites.usp.br\/arqueotrop\/wp-content\/uploads\/sites\/792\/2021\/06\/DSC_0677-1-768x512-1-300x200.jpg 300w, https:\/\/sites.usp.br\/arqueotrop\/wp-content\/uploads\/sites\/792\/2021\/06\/DSC_0677-1-768x512-1-205x137.jpg 205w, https:\/\/sites.usp.br\/arqueotrop\/wp-content\/uploads\/sites\/792\/2021\/06\/DSC_0677-1-768x512-1-272x182.jpg 272w, https:\/\/sites.usp.br\/arqueotrop\/wp-content\/uploads\/sites\/792\/2021\/06\/DSC_0677-1-768x512-1-400x267.jpg 400w, https:\/\/sites.usp.br\/arqueotrop\/wp-content\/uploads\/sites\/792\/2021\/06\/DSC_0677-1-768x512-1.jpg 768w\" sizes=\"(max-width: 224px) 100vw, 224px\" \/><\/a><figcaption id=\"caption-attachment-1511\" class=\"wp-caption-text\">Escava\u00e7\u00e3 no s\u00edtio Teot\u00f4nio.<\/figcaption><\/figure>\n<figure id=\"attachment_1532\" aria-describedby=\"caption-attachment-1532\" style=\"width: 242px\" class=\"wp-caption alignleft\"><a href=\"https:\/\/sites.usp.br\/arqueotrop\/wp-content\/uploads\/sites\/792\/2021\/06\/DSC_0202-2.jpg\"><img loading=\"lazy\" decoding=\"async\" class=\"wp-image-1532\" src=\"https:\/\/sites.usp.br\/arqueotrop\/wp-content\/uploads\/sites\/792\/2021\/06\/DSC_0202-2-300x186.jpg\" alt=\"\" width=\"242\" height=\"150\" \/><\/a><figcaption id=\"caption-attachment-1532\" class=\"wp-caption-text\">S\u00edtio Teot\u00f4nio, unidade com 4m de Terra Preta.<\/figcaption><\/figure>\n<p>&nbsp;<\/p>\n<p>&nbsp;<\/p>\n<p>&nbsp;<\/p>\n<p>&nbsp;<\/p>\n<p>&nbsp;<\/p>\n<p>&nbsp;<\/p>\n<h3><\/h3>\n<h3><strong>PMG &#8211; Projeto M\u00e9dio Guapor\u00e9<\/strong><\/h3>\n<p><a href=\"https:\/\/sites.usp.br\/arqueotrop\/wp-content\/uploads\/sites\/792\/2021\/07\/Monte-Castelo.png\"><img loading=\"lazy\" decoding=\"async\" class=\"wp-image-1601 alignleft\" src=\"https:\/\/sites.usp.br\/arqueotrop\/wp-content\/uploads\/sites\/792\/2021\/07\/Monte-Castelo-300x300.png\" alt=\"\" width=\"250\" height=\"250\" srcset=\"https:\/\/sites.usp.br\/arqueotrop\/wp-content\/uploads\/sites\/792\/2021\/07\/Monte-Castelo-300x300.png 300w, https:\/\/sites.usp.br\/arqueotrop\/wp-content\/uploads\/sites\/792\/2021\/07\/Monte-Castelo-1024x1024.png 1024w, https:\/\/sites.usp.br\/arqueotrop\/wp-content\/uploads\/sites\/792\/2021\/07\/Monte-Castelo-150x150.png 150w, https:\/\/sites.usp.br\/arqueotrop\/wp-content\/uploads\/sites\/792\/2021\/07\/Monte-Castelo-768x767.png 768w, https:\/\/sites.usp.br\/arqueotrop\/wp-content\/uploads\/sites\/792\/2021\/07\/Monte-Castelo-1536x1534.png 1536w, https:\/\/sites.usp.br\/arqueotrop\/wp-content\/uploads\/sites\/792\/2021\/07\/Monte-Castelo-2048x2046.png 2048w, https:\/\/sites.usp.br\/arqueotrop\/wp-content\/uploads\/sites\/792\/2021\/07\/Monte-Castelo-40x40.png 40w, https:\/\/sites.usp.br\/arqueotrop\/wp-content\/uploads\/sites\/792\/2021\/07\/Monte-Castelo-275x275.png 275w, https:\/\/sites.usp.br\/arqueotrop\/wp-content\/uploads\/sites\/792\/2021\/07\/Monte-Castelo-205x205.png 205w, https:\/\/sites.usp.br\/arqueotrop\/wp-content\/uploads\/sites\/792\/2021\/07\/Monte-Castelo-45x45.png 45w, https:\/\/sites.usp.br\/arqueotrop\/wp-content\/uploads\/sites\/792\/2021\/07\/Monte-Castelo-200x200.png 200w, https:\/\/sites.usp.br\/arqueotrop\/wp-content\/uploads\/sites\/792\/2021\/07\/Monte-Castelo-400x400.png 400w\" sizes=\"(max-width: 250px) 100vw, 250px\" \/><\/a><\/p>\n<p><span style=\"font-weight: 400;\">O PMG tem como foco principal o s\u00edtio Monte Castelo, um sambaqui fluvial localizado no Pantanal do Rio Guapor\u00e9, Rond\u00f4nia. Sua cronologia se estende desde 6.000 A.P. e ainda hoje o s\u00edtio \u00e9 um lugar significativo para as ocupa\u00e7\u00f5es ind\u00edgenas que ali persistem. Ao longo da \u00faltima d\u00e9cada, o Projeto M\u00e9dio Guapor\u00e9 retomou as pesquisas iniciadas por Eurico Miller no final dos anos 1970, realizando 10 etapas de campo, das quais 4 contemplaram escava\u00e7\u00f5es em Monte Castelo. Estes trabalhos t\u00eam resultado em uma s\u00e9rie de publica\u00e7\u00f5es sobre o s\u00edtio a partir de novos m\u00e9todos envolvendo protocolos transdisciplinares e as bases de dados constru\u00eddas come\u00e7am agora a ser disponibilizadas, ampliando a atua\u00e7\u00e3o social e pol\u00edtica do PMG e contribuindo para a constru\u00e7\u00e3o de uma realidade territorial mais justa para as comunidades ind\u00edgenas da regi\u00e3o.\u00a0<\/span><\/p>\n<p><span style=\"font-weight: 400;\">Palavras-chave: Sambaquis Amaz\u00f4nicos, Pantanal do Guapor\u00e9, Hist\u00f3ria Ind\u00edgena de Longa Dura\u00e7\u00e3o<\/span><\/p>\n<figure id=\"attachment_1604\" aria-describedby=\"caption-attachment-1604\" style=\"width: 159px\" class=\"wp-caption alignleft\"><a href=\"https:\/\/sites.usp.br\/arqueotrop\/wp-content\/uploads\/sites\/792\/2021\/07\/MC-2020-scaled.jpg\"><img loading=\"lazy\" decoding=\"async\" class=\"wp-image-1604\" src=\"https:\/\/sites.usp.br\/arqueotrop\/wp-content\/uploads\/sites\/792\/2021\/07\/MC-2020-300x300.jpg\" alt=\"\" width=\"159\" height=\"160\" srcset=\"https:\/\/sites.usp.br\/arqueotrop\/wp-content\/uploads\/sites\/792\/2021\/07\/MC-2020-300x300.jpg 300w, https:\/\/sites.usp.br\/arqueotrop\/wp-content\/uploads\/sites\/792\/2021\/07\/MC-2020-1020x1024.jpg 1020w, https:\/\/sites.usp.br\/arqueotrop\/wp-content\/uploads\/sites\/792\/2021\/07\/MC-2020-150x150.jpg 150w, https:\/\/sites.usp.br\/arqueotrop\/wp-content\/uploads\/sites\/792\/2021\/07\/MC-2020-768x771.jpg 768w, https:\/\/sites.usp.br\/arqueotrop\/wp-content\/uploads\/sites\/792\/2021\/07\/MC-2020-1530x1536.jpg 1530w, https:\/\/sites.usp.br\/arqueotrop\/wp-content\/uploads\/sites\/792\/2021\/07\/MC-2020-2039x2048.jpg 2039w, https:\/\/sites.usp.br\/arqueotrop\/wp-content\/uploads\/sites\/792\/2021\/07\/MC-2020-40x40.jpg 40w, https:\/\/sites.usp.br\/arqueotrop\/wp-content\/uploads\/sites\/792\/2021\/07\/MC-2020-275x275.jpg 275w, https:\/\/sites.usp.br\/arqueotrop\/wp-content\/uploads\/sites\/792\/2021\/07\/MC-2020-205x206.jpg 205w, https:\/\/sites.usp.br\/arqueotrop\/wp-content\/uploads\/sites\/792\/2021\/07\/MC-2020-45x45.jpg 45w, https:\/\/sites.usp.br\/arqueotrop\/wp-content\/uploads\/sites\/792\/2021\/07\/MC-2020-200x200.jpg 200w, https:\/\/sites.usp.br\/arqueotrop\/wp-content\/uploads\/sites\/792\/2021\/07\/MC-2020-400x402.jpg 400w\" sizes=\"(max-width: 159px) 100vw, 159px\" \/><\/a><figcaption id=\"caption-attachment-1604\" class=\"wp-caption-text\">Escava\u00e7\u00e3o no sambaqui Monte Castelo<\/figcaption><\/figure>\n<figure id=\"attachment_1605\" aria-describedby=\"caption-attachment-1605\" style=\"width: 213px\" class=\"wp-caption alignleft\"><a href=\"https:\/\/sites.usp.br\/arqueotrop\/wp-content\/uploads\/sites\/792\/2021\/07\/MC-Valdino-e-Conta-scaled.jpg\"><img loading=\"lazy\" decoding=\"async\" class=\"wp-image-1605\" src=\"https:\/\/sites.usp.br\/arqueotrop\/wp-content\/uploads\/sites\/792\/2021\/07\/MC-Valdino-e-Conta-300x225.jpg\" alt=\"\" width=\"213\" height=\"160\" srcset=\"https:\/\/sites.usp.br\/arqueotrop\/wp-content\/uploads\/sites\/792\/2021\/07\/MC-Valdino-e-Conta-300x225.jpg 300w, https:\/\/sites.usp.br\/arqueotrop\/wp-content\/uploads\/sites\/792\/2021\/07\/MC-Valdino-e-Conta-1024x768.jpg 1024w, https:\/\/sites.usp.br\/arqueotrop\/wp-content\/uploads\/sites\/792\/2021\/07\/MC-Valdino-e-Conta-768x576.jpg 768w, https:\/\/sites.usp.br\/arqueotrop\/wp-content\/uploads\/sites\/792\/2021\/07\/MC-Valdino-e-Conta-1536x1152.jpg 1536w, https:\/\/sites.usp.br\/arqueotrop\/wp-content\/uploads\/sites\/792\/2021\/07\/MC-Valdino-e-Conta-2048x1536.jpg 2048w, https:\/\/sites.usp.br\/arqueotrop\/wp-content\/uploads\/sites\/792\/2021\/07\/MC-Valdino-e-Conta-205x154.jpg 205w, https:\/\/sites.usp.br\/arqueotrop\/wp-content\/uploads\/sites\/792\/2021\/07\/MC-Valdino-e-Conta-80x60.jpg 80w, https:\/\/sites.usp.br\/arqueotrop\/wp-content\/uploads\/sites\/792\/2021\/07\/MC-Valdino-e-Conta-400x300.jpg 400w\" sizes=\"(max-width: 213px) 100vw, 213px\" \/><\/a><figcaption id=\"caption-attachment-1605\" class=\"wp-caption-text\">Conta de colar (Monte Castelo)<\/figcaption><\/figure>\n<figure id=\"attachment_1606\" aria-describedby=\"caption-attachment-1606\" style=\"width: 240px\" class=\"wp-caption alignleft\"><a href=\"https:\/\/sites.usp.br\/arqueotrop\/wp-content\/uploads\/sites\/792\/2021\/07\/Esc-2020_2-scaled.jpg\"><img loading=\"lazy\" decoding=\"async\" class=\"wp-image-1606\" src=\"https:\/\/sites.usp.br\/arqueotrop\/wp-content\/uploads\/sites\/792\/2021\/07\/Esc-2020_2-300x200.jpg\" alt=\"\" width=\"240\" height=\"160\" srcset=\"https:\/\/sites.usp.br\/arqueotrop\/wp-content\/uploads\/sites\/792\/2021\/07\/Esc-2020_2-300x200.jpg 300w, https:\/\/sites.usp.br\/arqueotrop\/wp-content\/uploads\/sites\/792\/2021\/07\/Esc-2020_2-1024x683.jpg 1024w, https:\/\/sites.usp.br\/arqueotrop\/wp-content\/uploads\/sites\/792\/2021\/07\/Esc-2020_2-768x512.jpg 768w, https:\/\/sites.usp.br\/arqueotrop\/wp-content\/uploads\/sites\/792\/2021\/07\/Esc-2020_2-1536x1024.jpg 1536w, https:\/\/sites.usp.br\/arqueotrop\/wp-content\/uploads\/sites\/792\/2021\/07\/Esc-2020_2-2048x1365.jpg 2048w, https:\/\/sites.usp.br\/arqueotrop\/wp-content\/uploads\/sites\/792\/2021\/07\/Esc-2020_2-205x137.jpg 205w, https:\/\/sites.usp.br\/arqueotrop\/wp-content\/uploads\/sites\/792\/2021\/07\/Esc-2020_2-272x182.jpg 272w, https:\/\/sites.usp.br\/arqueotrop\/wp-content\/uploads\/sites\/792\/2021\/07\/Esc-2020_2-400x267.jpg 400w\" sizes=\"(max-width: 240px) 100vw, 240px\" \/><\/a><figcaption id=\"caption-attachment-1606\" class=\"wp-caption-text\">Escava\u00e7\u00e3o no sambaqui Monte Castelo<\/figcaption><\/figure>\n<p>&nbsp;<\/p>\n","protected":false},"excerpt":{"rendered":"<p>A Longa Dura\u00e7\u00e3o do ARQUEOTROP, suas gentes e seus projetos. &nbsp; PIMA &#8211; Povos Ind\u00edgenas e Meio Ambiente na Amaz\u00f4nia PIMA re\u00fane um grupo interdisciplinar de pesquisadores de diversos pa\u00edses que buscam compreender as rela\u00e7\u00f5es entre a emerg\u00eancia e decl\u00ednio de sociedades estratificadas, estrat\u00e9gias de aquisi\u00e7\u00e3o e produ\u00e7\u00e3o de alimentos e condi\u00e7\u00f5es ambientais na Amaz\u00f4nia [&hellip;]<\/p>\n","protected":false},"author":822,"featured_media":0,"parent":0,"menu_order":0,"comment_status":"closed","ping_status":"closed","template":"","meta":{"footnotes":"","_links_to":"","_links_to_target":""},"class_list":["post-413","page","type-page","status-publish","hentry","entry"],"_links":{"self":[{"href":"https:\/\/sites.usp.br\/arqueotrop\/wp-json\/wp\/v2\/pages\/413","targetHints":{"allow":["GET"]}}],"collection":[{"href":"https:\/\/sites.usp.br\/arqueotrop\/wp-json\/wp\/v2\/pages"}],"about":[{"href":"https:\/\/sites.usp.br\/arqueotrop\/wp-json\/wp\/v2\/types\/page"}],"author":[{"embeddable":true,"href":"https:\/\/sites.usp.br\/arqueotrop\/wp-json\/wp\/v2\/users\/822"}],"replies":[{"embeddable":true,"href":"https:\/\/sites.usp.br\/arqueotrop\/wp-json\/wp\/v2\/comments?post=413"}],"version-history":[{"count":3,"href":"https:\/\/sites.usp.br\/arqueotrop\/wp-json\/wp\/v2\/pages\/413\/revisions"}],"predecessor-version":[{"id":1626,"href":"https:\/\/sites.usp.br\/arqueotrop\/wp-json\/wp\/v2\/pages\/413\/revisions\/1626"}],"wp:attachment":[{"href":"https:\/\/sites.usp.br\/arqueotrop\/wp-json\/wp\/v2\/media?parent=413"}],"curies":[{"name":"wp","href":"https:\/\/api.w.org\/{rel}","templated":true}]}}