{"id":421,"date":"2021-01-02T23:34:05","date_gmt":"2021-01-03T01:34:05","guid":{"rendered":"http:\/\/sites.usp.br\/arqueotrop\/?page_id=421"},"modified":"2021-06-02T23:52:31","modified_gmt":"2021-06-03T01:52:31","slug":"teses-e-dissertacoes","status":"publish","type":"page","link":"https:\/\/sites.usp.br\/arqueotrop\/teses-e-dissertacoes\/","title":{"rendered":"Teses e Disserta\u00e7\u00f5es"},"content":{"rendered":"\t\t<div data-elementor-type=\"wp-page\" data-elementor-id=\"421\" class=\"elementor elementor-421\" data-elementor-post-type=\"page\">\n\t\t\t\t\t\t<section class=\"elementor-section elementor-top-section elementor-element elementor-element-72e34cb elementor-section-boxed elementor-section-height-default elementor-section-height-default\" data-id=\"72e34cb\" data-element_type=\"section\">\n\t\t\t\t\t\t<div class=\"elementor-container elementor-column-gap-no\">\n\t\t\t\t\t<div class=\"elementor-column elementor-col-100 elementor-top-column elementor-element elementor-element-848963d\" data-id=\"848963d\" data-element_type=\"column\">\n\t\t\t<div class=\"elementor-widget-wrap elementor-element-populated\">\n\t\t\t\t\t\t<div class=\"elementor-element elementor-element-5dd6426 elementor-widget-divider--view-line elementor-widget elementor-widget-divider\" data-id=\"5dd6426\" data-element_type=\"widget\" data-widget_type=\"divider.default\">\n\t\t\t\t<div class=\"elementor-widget-container\">\n\t\t\t\t\t<div class=\"elementor-divider\">\n\t\t\t<span class=\"elementor-divider-separator\">\n\t\t\t\t\t\t<\/span>\n\t\t<\/div>\n\t\t\t\t<\/div>\n\t\t\t\t<\/div>\n\t\t\t\t\t<\/div>\n\t\t<\/div>\n\t\t\t\t\t<\/div>\n\t\t<\/section>\n\t\t\t\t<section class=\"elementor-section elementor-top-section elementor-element elementor-element-4c57a47 elementor-section-boxed elementor-section-height-default elementor-section-height-default\" data-id=\"4c57a47\" data-element_type=\"section\">\n\t\t\t\t\t\t<div class=\"elementor-container elementor-column-gap-no\">\n\t\t\t\t\t<div class=\"elementor-column elementor-col-100 elementor-top-column elementor-element elementor-element-cfd954d\" data-id=\"cfd954d\" data-element_type=\"column\">\n\t\t\t<div class=\"elementor-widget-wrap elementor-element-populated\">\n\t\t\t\t\t\t<div class=\"elementor-element elementor-element-d053fca elementor-grid-1 elementor-posts--thumbnail-none elementor-grid-tablet-2 elementor-grid-mobile-1 elementor-card-shadow-yes elementor-posts__hover-gradient elementor-widget elementor-widget-posts\" data-id=\"d053fca\" data-element_type=\"widget\" data-settings=\"{&quot;pagination_type&quot;:&quot;numbers_and_prev_next&quot;,&quot;cards_columns&quot;:&quot;1&quot;,&quot;cards_row_gap&quot;:{&quot;unit&quot;:&quot;px&quot;,&quot;size&quot;:20,&quot;sizes&quot;:[]},&quot;cards_columns_tablet&quot;:&quot;2&quot;,&quot;cards_columns_mobile&quot;:&quot;1&quot;,&quot;cards_row_gap_tablet&quot;:{&quot;unit&quot;:&quot;px&quot;,&quot;size&quot;:&quot;&quot;,&quot;sizes&quot;:[]},&quot;cards_row_gap_mobile&quot;:{&quot;unit&quot;:&quot;px&quot;,&quot;size&quot;:&quot;&quot;,&quot;sizes&quot;:[]}}\" data-widget_type=\"posts.cards\">\n\t\t\t\t<div class=\"elementor-widget-container\">\n\t\t\t\t\t<div class=\"elementor-posts-container elementor-posts elementor-posts--skin-cards elementor-grid\">\n\t\t\t\t<article class=\"elementor-post elementor-grid-item post-1425 post type-post status-publish format-standard hentry category-teses-e-dissertacoes entry\">\n\t\t\t<div class=\"elementor-post__card\">\n\t\t\t\t<div class=\"elementor-post__text\">\n\t\t\t\t<h3 class=\"elementor-post__title\">\n\t\t\t<a href=\"https:\/\/sites.usp.br\/arqueotrop\/barreto-bruno-2015-diacronia-e-cultura-material-no-sitio-laranjal-do-jari-01-um-assentamento-associado-as-ceramicas-jari-e-koriabo-baixo-rio-jari-sul-do-amapa-670-1450-ad\/\" >\n\t\t\t\tBARRETO, Bruno (2015). Diacronia e cultura material no s\u00edtio Laranjal do Jari 01: um assentamento associado \u00e0s cer\u00e2micas Jari e Koriabo, baixo rio Jari, sul do Amap\u00e1 (670-1450 AD)\t\t\t<\/a>\n\t\t<\/h3>\n\t\t\t\t<div class=\"elementor-post__excerpt\">\n\t\t\t<p>Resumo Na hist\u00f3ria pr\u00e9-colonial das Guianas, a cer\u00e2mica conhecida como Koriabo fornece diversas lacunas \u00e0 arqueologia da regi\u00e3o e suscita um debate relacionado \u00e0 sua<\/p>\n\t\t<\/div>\n\t\t\n\t\t<a class=\"elementor-post__read-more\" href=\"https:\/\/sites.usp.br\/arqueotrop\/barreto-bruno-2015-diacronia-e-cultura-material-no-sitio-laranjal-do-jari-01-um-assentamento-associado-as-ceramicas-jari-e-koriabo-baixo-rio-jari-sul-do-amapa-670-1450-ad\/\" aria-label=\"Read more about BARRETO, Bruno (2015). Diacronia e cultura material no s\u00edtio Laranjal do Jari 01: um assentamento associado \u00e0s cer\u00e2micas Jari e Koriabo, baixo rio Jari, sul do Amap\u00e1 (670-1450 AD)\" tabindex=\"-1\" >\n\t\t\tLeia mais \u00bb\t\t<\/a>\n\n\t\t\t\t<\/div>\n\t\t\t\t<div class=\"elementor-post__meta-data\">\n\t\t\t\t\t<span class=\"elementor-post-date\">\n\t\t\t07\/06\/2021\t\t<\/span>\n\t\t\t\t<\/div>\n\t\t\t\t\t<\/div>\n\t\t<\/article>\n\t\t\t\t<article class=\"elementor-post elementor-grid-item post-1411 post type-post status-publish format-standard hentry category-teses-e-dissertacoes entry\">\n\t\t\t<div class=\"elementor-post__card\">\n\t\t\t\t<div class=\"elementor-post__text\">\n\t\t\t\t<h3 class=\"elementor-post__title\">\n\t\t\t<a href=\"https:\/\/sites.usp.br\/arqueotrop\/pessoa-cliverson-2015-os-contextos-arqueologicos-e-a-variabilidade-artefatual-da-ocupacao-jatuarana-no-alto-rio-madeira\/\" >\n\t\t\t\tPESSOA, Cliverson (2015). Os contextos arqueol\u00f3gicos e a variabilidade artefatual da ocupa\u00e7\u00e3o Jatuarana no alto rio Madeira\t\t\t<\/a>\n\t\t<\/h3>\n\t\t\t\t<div class=\"elementor-post__excerpt\">\n\t\t\t<p>Resumo Nesta pesquisa, demonstra-se um panorama da ocupa\u00e7\u00e3o ind\u00edgena por povos ceramistas no alto rio Madeira e que tem por objetivo compreender os modos de<\/p>\n\t\t<\/div>\n\t\t\n\t\t<a class=\"elementor-post__read-more\" href=\"https:\/\/sites.usp.br\/arqueotrop\/pessoa-cliverson-2015-os-contextos-arqueologicos-e-a-variabilidade-artefatual-da-ocupacao-jatuarana-no-alto-rio-madeira\/\" aria-label=\"Read more about PESSOA, Cliverson (2015). Os contextos arqueol\u00f3gicos e a variabilidade artefatual da ocupa\u00e7\u00e3o Jatuarana no alto rio Madeira\" tabindex=\"-1\" >\n\t\t\tLeia mais \u00bb\t\t<\/a>\n\n\t\t\t\t<\/div>\n\t\t\t\t<div class=\"elementor-post__meta-data\">\n\t\t\t\t\t<span class=\"elementor-post-date\">\n\t\t\t03\/06\/2021\t\t<\/span>\n\t\t\t\t<\/div>\n\t\t\t\t\t<\/div>\n\t\t<\/article>\n\t\t\t\t<article class=\"elementor-post elementor-grid-item post-1407 post type-post status-publish format-standard hentry category-teses-e-dissertacoes entry\">\n\t\t\t<div class=\"elementor-post__card\">\n\t\t\t\t<div class=\"elementor-post__text\">\n\t\t\t\t<h3 class=\"elementor-post__title\">\n\t\t\t<a href=\"https:\/\/sites.usp.br\/arqueotrop\/rocha-bruna-2017-ipi-ocemumuge-a-regional-archaeology-of-the-upper-tapajos-river\/\" >\n\t\t\t\tROCHA, Bruna (2017). Ipi Ocemumuge: A Regional Archaeology of the Upper Tapaj\u00f3s River\t\t\t<\/a>\n\t\t<\/h3>\n\t\t\t\t<div class=\"elementor-post__excerpt\">\n\t\t\t<p>Resumo The aim of this thesis is to offer an initial construction of the long term past of the Upper Tapaj\u00f3s River, considering processes of<\/p>\n\t\t<\/div>\n\t\t\n\t\t<a class=\"elementor-post__read-more\" href=\"https:\/\/sites.usp.br\/arqueotrop\/rocha-bruna-2017-ipi-ocemumuge-a-regional-archaeology-of-the-upper-tapajos-river\/\" aria-label=\"Read more about ROCHA, Bruna (2017). Ipi Ocemumuge: A Regional Archaeology of the Upper Tapaj\u00f3s River\" tabindex=\"-1\" >\n\t\t\tLeia mais \u00bb\t\t<\/a>\n\n\t\t\t\t<\/div>\n\t\t\t\t<div class=\"elementor-post__meta-data\">\n\t\t\t\t\t<span class=\"elementor-post-date\">\n\t\t\t03\/06\/2021\t\t<\/span>\n\t\t\t\t<\/div>\n\t\t\t\t\t<\/div>\n\t\t<\/article>\n\t\t\t\t<article class=\"elementor-post elementor-grid-item post-1404 post type-post status-publish format-standard hentry category-teses-e-dissertacoes entry\">\n\t\t\t<div class=\"elementor-post__card\">\n\t\t\t\t<div class=\"elementor-post__text\">\n\t\t\t\t<h3 class=\"elementor-post__title\">\n\t\t\t<a href=\"https:\/\/sites.usp.br\/arqueotrop\/lopes-rafael-2018-a-tradicao-policroma-da-amazonia-no-contexto-do-medio-rio-solimoes-am\/\" >\n\t\t\t\tLOPES, Rafael (2018). A tradi\u00e7\u00e3o pol\u00edcroma da Amaz\u00f4nia no contexto do M\u00e9dio Rio Solim\u00f5es (AM)\t\t\t<\/a>\n\t\t<\/h3>\n\t\t\t\t<div class=\"elementor-post__excerpt\">\n\t\t\t<p>Resumo A presente disserta\u00e7\u00e3o tem como prop\u00f3sito produzir uma hist\u00f3ria regional das ocupa\u00e7\u00f5es de produtores das cer\u00e2micas associadas a Tradi\u00e7\u00e3o Pol\u00edcroma da Amaz\u00f4nia (TPA) na<\/p>\n\t\t<\/div>\n\t\t\n\t\t<a class=\"elementor-post__read-more\" href=\"https:\/\/sites.usp.br\/arqueotrop\/lopes-rafael-2018-a-tradicao-policroma-da-amazonia-no-contexto-do-medio-rio-solimoes-am\/\" aria-label=\"Read more about LOPES, Rafael (2018). A tradi\u00e7\u00e3o pol\u00edcroma da Amaz\u00f4nia no contexto do M\u00e9dio Rio Solim\u00f5es (AM)\" tabindex=\"-1\" >\n\t\t\tLeia mais \u00bb\t\t<\/a>\n\n\t\t\t\t<\/div>\n\t\t\t\t<div class=\"elementor-post__meta-data\">\n\t\t\t\t\t<span class=\"elementor-post-date\">\n\t\t\t03\/06\/2021\t\t<\/span>\n\t\t\t\t<\/div>\n\t\t\t\t\t<\/div>\n\t\t<\/article>\n\t\t\t\t<article class=\"elementor-post elementor-grid-item post-1402 post type-post status-publish format-standard hentry category-teses-e-dissertacoes entry\">\n\t\t\t<div class=\"elementor-post__card\">\n\t\t\t\t<div class=\"elementor-post__text\">\n\t\t\t\t<h3 class=\"elementor-post__title\">\n\t\t\t<a href=\"https:\/\/sites.usp.br\/arqueotrop\/kater-2018-o-sitio-teotonio-e-as-reminiscencias-de-uma-longa-historia-indigena-no-alto-rio-madeira\/\" >\n\t\t\t\tKATER, Thiago (2018). O s\u00edtio Teot\u00f4nio e as reminisc\u00eancias de uma longa hist\u00f3ria ind\u00edgena no Alto Rio Madeira\t\t\t<\/a>\n\t\t<\/h3>\n\t\t\t\t<div class=\"elementor-post__excerpt\">\n\t\t\t<p>Resumo O s\u00edtio arqueol\u00f3gico Teot\u00f4nio, localizado no alto rio Madeira, junto \u00e0 antiga cachoeira hom\u00f4nima, submersa por conta da constru\u00e7\u00e3o da barragem de uma usina<\/p>\n\t\t<\/div>\n\t\t\n\t\t<a class=\"elementor-post__read-more\" href=\"https:\/\/sites.usp.br\/arqueotrop\/kater-2018-o-sitio-teotonio-e-as-reminiscencias-de-uma-longa-historia-indigena-no-alto-rio-madeira\/\" aria-label=\"Read more about KATER, Thiago (2018). O s\u00edtio Teot\u00f4nio e as reminisc\u00eancias de uma longa hist\u00f3ria ind\u00edgena no Alto Rio Madeira\" tabindex=\"-1\" >\n\t\t\tLeia mais \u00bb\t\t<\/a>\n\n\t\t\t\t<\/div>\n\t\t\t\t<div class=\"elementor-post__meta-data\">\n\t\t\t\t\t<span class=\"elementor-post-date\">\n\t\t\t03\/06\/2021\t\t<\/span>\n\t\t\t\t<\/div>\n\t\t\t\t\t<\/div>\n\t\t<\/article>\n\t\t\t\t<article class=\"elementor-post elementor-grid-item post-1340 post type-post status-publish format-standard hentry category-teses-e-dissertacoes entry\">\n\t\t\t<div class=\"elementor-post__card\">\n\t\t\t\t<div class=\"elementor-post__text\">\n\t\t\t\t<h3 class=\"elementor-post__title\">\n\t\t\t<a href=\"https:\/\/sites.usp.br\/arqueotrop\/almeida-fernando-2013-a-tradicao-policroma-no-alto-rio-madeira\/\" >\n\t\t\t\tALMEIDA, Fernando (2013). A Tradi\u00e7\u00e3o Pol\u00edcroma no alto rio Madeira\t\t\t<\/a>\n\t\t<\/h3>\n\t\t\t\t<div class=\"elementor-post__excerpt\">\n\t\t\t<p>Resumo Nesta tese, buscou-se realizar interpreta\u00e7\u00f5es contextualizadas visando \u00e0 compreens\u00e3o da hist\u00f3ria de longa dura\u00e7\u00e3o das antigas popula\u00e7\u00f5es ceramistas do alto rio Madeira, sob a<\/p>\n\t\t<\/div>\n\t\t\n\t\t<a class=\"elementor-post__read-more\" href=\"https:\/\/sites.usp.br\/arqueotrop\/almeida-fernando-2013-a-tradicao-policroma-no-alto-rio-madeira\/\" aria-label=\"Read more about ALMEIDA, Fernando (2013). A Tradi\u00e7\u00e3o Pol\u00edcroma no alto rio Madeira\" tabindex=\"-1\" >\n\t\t\tLeia mais \u00bb\t\t<\/a>\n\n\t\t\t\t<\/div>\n\t\t\t\t<div class=\"elementor-post__meta-data\">\n\t\t\t\t\t<span class=\"elementor-post-date\">\n\t\t\t02\/06\/2021\t\t<\/span>\n\t\t\t\t<\/div>\n\t\t\t\t\t<\/div>\n\t\t<\/article>\n\t\t\t\t<\/div>\n\t\t\n\t\t\t\t<div class=\"e-load-more-anchor\" data-page=\"1\" data-max-page=\"7\" data-next-page=\"https:\/\/sites.usp.br\/arqueotrop\/wp-json\/wp\/v2\/pages\/421\/page\/2\/\"><\/div>\n\t\t\t\t<nav class=\"elementor-pagination\" aria-label=\"Pagina\u00e7\u00e3o\">\n\t\t\t<span class=\"page-numbers prev\">&laquo; Anterior<\/span>\n<span aria-current=\"page\" class=\"page-numbers current\"><span class=\"elementor-screen-only\">P\u00e1gina<\/span>1<\/span>\n<a class=\"page-numbers\" href=\"https:\/\/sites.usp.br\/arqueotrop\/wp-json\/wp\/v2\/pages\/421\/page\/2\/\"><span class=\"elementor-screen-only\">P\u00e1gina<\/span>2<\/a>\n<a class=\"page-numbers\" href=\"https:\/\/sites.usp.br\/arqueotrop\/wp-json\/wp\/v2\/pages\/421\/page\/3\/\"><span class=\"elementor-screen-only\">P\u00e1gina<\/span>3<\/a>\n<span class=\"page-numbers dots\">&hellip;<\/span>\n<a class=\"page-numbers\" href=\"https:\/\/sites.usp.br\/arqueotrop\/wp-json\/wp\/v2\/pages\/421\/page\/7\/\"><span class=\"elementor-screen-only\">P\u00e1gina<\/span>7<\/a>\n<a class=\"page-numbers next\" href=\"https:\/\/sites.usp.br\/arqueotrop\/wp-json\/wp\/v2\/pages\/421\/page\/2\/\">Pr\u00f3xima &raquo;<\/a>\t\t<\/nav>\n\t\t\t\t<\/div>\n\t\t\t\t<\/div>\n\t\t\t\t\t<\/div>\n\t\t<\/div>\n\t\t\t\t\t<\/div>\n\t\t<\/section>\n\t\t\t\t<section class=\"elementor-section elementor-top-section elementor-element elementor-element-28b8f08 elementor-section-boxed elementor-section-height-default elementor-section-height-default\" data-id=\"28b8f08\" data-element_type=\"section\">\n\t\t\t\t\t\t<div class=\"elementor-container elementor-column-gap-default\">\n\t\t\t\t\t<div class=\"elementor-column elementor-col-100 elementor-top-column elementor-element elementor-element-ae95d1f\" data-id=\"ae95d1f\" data-element_type=\"column\">\n\t\t\t<div class=\"elementor-widget-wrap elementor-element-populated\">\n\t\t\t\t\t\t<div class=\"elementor-element elementor-element-2d3c4e5 elementor-widget elementor-widget-text-editor\" data-id=\"2d3c4e5\" data-element_type=\"widget\" data-widget_type=\"text-editor.default\">\n\t\t\t\t<div class=\"elementor-widget-container\">\n\t\t\t\t\t\t\t<?php\r\nfunction fix_pagination() { \r\n?> \r\n<script> \r\n\r\n\tjQuery('.elementor-pagination').find('a').each(function() { \r\n  let url=jQuery(this).attr('href');\r\n  let pieces = url.split(\"\/\"); \r\n\r\n  \/\/ Check if the url ends in a number. This will be the second to last element in pieces.\r\n  let possibleNum = pieces[pieces.length-2];\r\n  if (Number(isNaN(possibleNum) === false)) { \r\n    \/\/ Insert 'page' before the number, then turn back into a string.\r\n    let newPieces = pieces.slice();\r\n    newPieces.splice(pieces.length-2, 0, 'page')\r\n    let newHref = newPieces.join('\/');\r\n    jQuery(this).attr('href', newHref)\r\n  }\r\n});\r\n\r\n<\/script> \r\n<?php \r\n} \r\nadd_action('wp_footer', 'fix_pagination');\r\n\r\n\t\t\t\t\t\t<\/div>\n\t\t\t\t<\/div>\n\t\t\t\t\t<\/div>\n\t\t<\/div>\n\t\t\t\t\t<\/div>\n\t\t<\/section>\n\t\t\t\t<\/div>\n\t\t","protected":false},"excerpt":{"rendered":"","protected":false},"author":822,"featured_media":0,"parent":0,"menu_order":0,"comment_status":"closed","ping_status":"closed","template":"","meta":{"footnotes":"","_links_to":"","_links_to_target":""},"class_list":["post-421","page","type-page","status-publish","hentry","entry"],"_links":{"self":[{"href":"https:\/\/sites.usp.br\/arqueotrop\/wp-json\/wp\/v2\/pages\/421","targetHints":{"allow":["GET"]}}],"collection":[{"href":"https:\/\/sites.usp.br\/arqueotrop\/wp-json\/wp\/v2\/pages"}],"about":[{"href":"https:\/\/sites.usp.br\/arqueotrop\/wp-json\/wp\/v2\/types\/page"}],"author":[{"embeddable":true,"href":"https:\/\/sites.usp.br\/arqueotrop\/wp-json\/wp\/v2\/users\/822"}],"replies":[{"embeddable":true,"href":"https:\/\/sites.usp.br\/arqueotrop\/wp-json\/wp\/v2\/comments?post=421"}],"version-history":[{"count":4,"href":"https:\/\/sites.usp.br\/arqueotrop\/wp-json\/wp\/v2\/pages\/421\/revisions"}],"predecessor-version":[{"id":1377,"href":"https:\/\/sites.usp.br\/arqueotrop\/wp-json\/wp\/v2\/pages\/421\/revisions\/1377"}],"wp:attachment":[{"href":"https:\/\/sites.usp.br\/arqueotrop\/wp-json\/wp\/v2\/media?parent=421"}],"curies":[{"name":"wp","href":"https:\/\/api.w.org\/{rel}","templated":true}]}}